{"id":985,"date":"2023-10-20T14:30:51","date_gmt":"2023-10-20T11:30:51","guid":{"rendered":"https:\/\/cidsr.md\/?page_id=985"},"modified":"2023-11-09T15:21:56","modified_gmt":"2023-11-09T12:21:56","slug":"avort","status":"publish","type":"page","link":"https:\/\/cidsr.md\/ru\/%d1%80%d0%b5%d1%81%d1%83%d1%80%d1%81%d1%8b\/avort\/","title":{"rendered":"\u0410\u0431\u043e\u0440\u0442","raw":"\u0410\u0431\u043e\u0440\u0442"},"content":{"rendered":"<ul>\n<li><a href=\"https:\/\/cidsr.md\/ru\/resurses\/avort\/sarcina-nedorita-resurse\/\">\u041d\u0435\u0436\u0435\u043b\u0430\u0442\u0435\u043b\u044c\u043d\u0430\u044f \u0431\u0435\u0440\u0435\u043c\u0435\u043d\u043d\u043e\u0441\u0442\u044c<\/a><\/li>\n<li><a href=\"https:\/\/cidsr.md\/ru\/resurses\/avort\/sarcina-nedorita-resurse\/\">\u0410\u0431\u043e\u0440\u0442, \u043f\u0443\u0431\u043b\u0438\u043a\u0430\u0446\u0438\u0438<\/a><\/li>\n<li><a href=\"https:\/\/cidsr.md\/ru\/resurses\/avort\/materiale-informative-si-educationale-elaborate-de-cidsr\/\">\u0418\u043d\u0444\u043e\u0440\u043c\u0430\u0446\u0438\u043e\u043d\u043d\u044b\u0435 \u0438 \u043e\u0431\u0440\u0430\u0437\u043e\u0432\u0430\u0442\u0435\u043b\u044c\u043d\u044b\u0435 \u0440\u0435\u0441\u0443\u0440\u0441\u044b, \u0440\u0430\u0437\u0440\u0430\u0431\u043e\u0442\u0430\u043d\u043d\u044b\u0435 CIDSR<\/a><\/li>\n<li><a href=\"https:\/\/cidsr.md\/ru\/resurses\/avort\/rapoarte\/\">\u0420\u0430\u043f\u043e\u0440\u0442\u044b<\/a><\/li>\n<li><a href=\"https:\/\/cidsr.md\/ru\/portofolio\/studii-clinice\/\">\u041a\u043b\u0438\u043d\u0438\u0447\u0435\u0441\u043a\u0438\u0435 \u0438\u0441\u0441\u043b\u0435\u0434\u043e\u0432\u0430\u043d\u0438\u044f \u0440\u0435\u0430\u043b\u0438\u0437\u043e\u0432\u0430\u043d\u043d\u044b\u0435 CIDSR<\/a><\/li>\n<li><a href=\"https:\/\/cidsr.md\/ru\/resurses\/avort\/centrele-model\/\">\u0426\u0435\u043d\u0442\u0440\u044b \u043f\u0435\u0440\u0435\u0434\u043e\u0432\u043e\u0433\u043e \u043e\u043f\u044b\u0442\u0430 \u0432 \u0443\u0441\u043b\u0443\u0433\u0430\u0445 \u0430\u0431\u043e\u0440\u0442\u0430<\/a><\/li>\n<li><a href=\"https:\/\/www.howtouseabortionpill.org\/\">\u041e\u043d\u043b\u0430\u0439\u043d \u043a\u0443\u0440\u0441 \u00ab\u041c\u0435\u0434\u0438\u043a\u0430\u043c\u0435\u043d\u0442\u043e\u0437\u043d\u044b\u0439 \u0430\u0431\u043e\u0440\u0442\u00bb<\/a><\/li>\n<li><a href=\"http:\/\/srhr.org\/abortion-policies\/\">\u0411\u0430\u0437\u0430 \u0434\u0430\u043d\u043d\u044b\u0445 \u201c\u0413\u043b\u043e\u0431\u0430\u043b\u044c\u043d\u044b\u0435 \u043f\u043e\u043b\u0438\u0442\u0438\u043a\u0438 \u0430\u0431\u043e\u0440\u0442\u0430\u201d<\/a><\/li>\n<li><a href=\"https:\/\/cidsr.md\/ru\/resurses\/avort\/acte-normative-si-cadrul-legal\/\">\u041d\u043e\u0440\u043c\u0430\u0442\u0438\u0432\u043d\u044b\u0435 \u0430\u043a\u0442\u044b \u0438 \u0437\u0430\u043a\u043e\u043d\u043e\u0434\u0430\u0442\u0435\u043b\u044c\u0441\u0442\u0432\u043e<\/a><\/li>\n<li><a href=\"https:\/\/cidsr.md\/ru\/resurses\/avort\/buletine-informationale-ale-campaniei-internationale-pentru-dreptul-femeilor-la-un-avort-sigur\/\">\u0418\u043d\u0444\u043e\u0440\u043c\u0430\u0446\u0438\u043e\u043d\u043d\u044b\u0435 \u0431\u044e\u043b\u043b\u0435\u0442\u0435\u043d\u0438 \u041c\u0435\u0436\u0434\u0443\u043d\u0430\u0440\u043e\u0434\u043d\u043e\u0439 \u041a\u0430\u043c\u043f\u0430\u043d\u0438\u0438 \u0437\u0430 \u041f\u0440\u0430\u0432\u043e \u0416\u0435\u043d\u0449\u0438\u043d \u043d\u0430 \u0411\u0435\u0437\u043e\u043f\u0430\u0441\u043d\u044b\u0439 \u0410\u0431\u043e\u0440\u0442<\/a><\/li>\n<li><a href=\"https:\/\/cidsr.md\/ru\/resurses\/avort\/articole-stiintifice\/\">\u041d\u0430\u0443\u0447\u043d\u044b\u0435 \u0441\u0442\u0430\u0442\u044c\u0438<\/a><\/li>\n<\/ul>\n","protected":false,"raw":"<ul>\r\n \t<li><a href=\"https:\/\/cidsr.md\/ru\/resurses\/avort\/sarcina-nedorita-resurse\/\">\u041d\u0435\u0436\u0435\u043b\u0430\u0442\u0435\u043b\u044c\u043d\u0430\u044f \u0431\u0435\u0440\u0435\u043c\u0435\u043d\u043d\u043e\u0441\u0442\u044c<\/a><\/li>\r\n \t<li><a href=\"https:\/\/cidsr.md\/ru\/resurses\/avort\/sarcina-nedorita-resurse\/\">\u0410\u0431\u043e\u0440\u0442, \u043f\u0443\u0431\u043b\u0438\u043a\u0430\u0446\u0438\u0438<\/a><\/li>\r\n \t<li><a href=\"https:\/\/cidsr.md\/ru\/resurses\/avort\/materiale-informative-si-educationale-elaborate-de-cidsr\/\">\u0418\u043d\u0444\u043e\u0440\u043c\u0430\u0446\u0438\u043e\u043d\u043d\u044b\u0435 \u0438 \u043e\u0431\u0440\u0430\u0437\u043e\u0432\u0430\u0442\u0435\u043b\u044c\u043d\u044b\u0435 \u0440\u0435\u0441\u0443\u0440\u0441\u044b, \u0440\u0430\u0437\u0440\u0430\u0431\u043e\u0442\u0430\u043d\u043d\u044b\u0435 CIDSR<\/a><\/li>\r\n \t<li><a href=\"https:\/\/cidsr.md\/ru\/resurses\/avort\/rapoarte\/\">\u0420\u0430\u043f\u043e\u0440\u0442\u044b<\/a><\/li>\r\n \t<li><a href=\"https:\/\/cidsr.md\/ru\/portofolio\/studii-clinice\/\">\u041a\u043b\u0438\u043d\u0438\u0447\u0435\u0441\u043a\u0438\u0435 \u0438\u0441\u0441\u043b\u0435\u0434\u043e\u0432\u0430\u043d\u0438\u044f \u0440\u0435\u0430\u043b\u0438\u0437\u043e\u0432\u0430\u043d\u043d\u044b\u0435 CIDSR<\/a><\/li>\r\n \t<li><a href=\"https:\/\/cidsr.md\/ru\/resurses\/avort\/centrele-model\/\">\u0426\u0435\u043d\u0442\u0440\u044b \u043f\u0435\u0440\u0435\u0434\u043e\u0432\u043e\u0433\u043e \u043e\u043f\u044b\u0442\u0430 \u0432 \u0443\u0441\u043b\u0443\u0433\u0430\u0445 \u0430\u0431\u043e\u0440\u0442\u0430<\/a><\/li>\r\n \t<li><a href=\"https:\/\/www.howtouseabortionpill.org\/\">\u041e\u043d\u043b\u0430\u0439\u043d \u043a\u0443\u0440\u0441 \u00ab\u041c\u0435\u0434\u0438\u043a\u0430\u043c\u0435\u043d\u0442\u043e\u0437\u043d\u044b\u0439 \u0430\u0431\u043e\u0440\u0442\u00bb<\/a><\/li>\r\n \t<li><a href=\"http:\/\/srhr.org\/abortion-policies\/\">\u0411\u0430\u0437\u0430 \u0434\u0430\u043d\u043d\u044b\u0445 \u201c\u0413\u043b\u043e\u0431\u0430\u043b\u044c\u043d\u044b\u0435 \u043f\u043e\u043b\u0438\u0442\u0438\u043a\u0438 \u0430\u0431\u043e\u0440\u0442\u0430\u201d<\/a><\/li>\r\n \t<li><a href=\"https:\/\/cidsr.md\/ru\/resurses\/avort\/acte-normative-si-cadrul-legal\/\">\u041d\u043e\u0440\u043c\u0430\u0442\u0438\u0432\u043d\u044b\u0435 \u0430\u043a\u0442\u044b \u0438 \u0437\u0430\u043a\u043e\u043d\u043e\u0434\u0430\u0442\u0435\u043b\u044c\u0441\u0442\u0432\u043e<\/a><\/li>\r\n \t<li><a href=\"https:\/\/cidsr.md\/ru\/resurses\/avort\/buletine-informationale-ale-campaniei-internationale-pentru-dreptul-femeilor-la-un-avort-sigur\/\">\u0418\u043d\u0444\u043e\u0440\u043c\u0430\u0446\u0438\u043e\u043d\u043d\u044b\u0435 \u0431\u044e\u043b\u043b\u0435\u0442\u0435\u043d\u0438 \u041c\u0435\u0436\u0434\u0443\u043d\u0430\u0440\u043e\u0434\u043d\u043e\u0439 \u041a\u0430\u043c\u043f\u0430\u043d\u0438\u0438 \u0437\u0430 \u041f\u0440\u0430\u0432\u043e \u0416\u0435\u043d\u0449\u0438\u043d \u043d\u0430 \u0411\u0435\u0437\u043e\u043f\u0430\u0441\u043d\u044b\u0439 \u0410\u0431\u043e\u0440\u0442<\/a><\/li>\r\n \t<li><a href=\"https:\/\/cidsr.md\/ru\/resurses\/avort\/articole-stiintifice\/\">\u041d\u0430\u0443\u0447\u043d\u044b\u0435 \u0441\u0442\u0430\u0442\u044c\u0438<\/a><\/li>\r\n<\/ul>"},"excerpt":{"rendered":"","protected":false,"raw":""},"author":2,"featured_media":0,"parent":893,"menu_order":0,"comment_status":"closed","ping_status":"closed","template":"page-text.php","meta":{"_acf_changed":false,"_ru_post_content":"<ul>\r\n \t<li><a href=\"https:\/\/cidsr.md\/ru\/resurses\/avort\/sarcina-nedorita-resurse\/\">\u041d\u0435\u0436\u0435\u043b\u0430\u0442\u0435\u043b\u044c\u043d\u0430\u044f \u0431\u0435\u0440\u0435\u043c\u0435\u043d\u043d\u043e\u0441\u0442\u044c<\/a><\/li>\r\n \t<li><a href=\"https:\/\/cidsr.md\/ru\/resurses\/avort\/sarcina-nedorita-resurse\/\">\u0410\u0431\u043e\u0440\u0442, \u043f\u0443\u0431\u043b\u0438\u043a\u0430\u0446\u0438\u0438<\/a><\/li>\r\n \t<li><a href=\"https:\/\/cidsr.md\/ru\/resurses\/avort\/materiale-informative-si-educationale-elaborate-de-cidsr\/\">\u0418\u043d\u0444\u043e\u0440\u043c\u0430\u0446\u0438\u043e\u043d\u043d\u044b\u0435 \u0438 \u043e\u0431\u0440\u0430\u0437\u043e\u0432\u0430\u0442\u0435\u043b\u044c\u043d\u044b\u0435 \u0440\u0435\u0441\u0443\u0440\u0441\u044b, \u0440\u0430\u0437\u0440\u0430\u0431\u043e\u0442\u0430\u043d\u043d\u044b\u0435 CIDSR<\/a><\/li>\r\n \t<li><a href=\"https:\/\/cidsr.md\/ru\/resurses\/avort\/rapoarte\/\">\u0420\u0430\u043f\u043e\u0440\u0442\u044b<\/a><\/li>\r\n \t<li><a href=\"https:\/\/cidsr.md\/ru\/portofolio\/studii-clinice\/\">\u041a\u043b\u0438\u043d\u0438\u0447\u0435\u0441\u043a\u0438\u0435 \u0438\u0441\u0441\u043b\u0435\u0434\u043e\u0432\u0430\u043d\u0438\u044f \u0440\u0435\u0430\u043b\u0438\u0437\u043e\u0432\u0430\u043d\u043d\u044b\u0435 CIDSR<\/a><\/li>\r\n \t<li><a href=\"https:\/\/cidsr.md\/ru\/resurses\/avort\/centrele-model\/\">\u0426\u0435\u043d\u0442\u0440\u044b \u043f\u0435\u0440\u0435\u0434\u043e\u0432\u043e\u0433\u043e \u043e\u043f\u044b\u0442\u0430 \u0432 \u0443\u0441\u043b\u0443\u0433\u0430\u0445 \u0430\u0431\u043e\u0440\u0442\u0430<\/a><\/li>\r\n \t<li><a href=\"https:\/\/www.howtouseabortionpill.org\/\">\u041e\u043d\u043b\u0430\u0439\u043d \u043a\u0443\u0440\u0441 \u00ab\u041c\u0435\u0434\u0438\u043a\u0430\u043c\u0435\u043d\u0442\u043e\u0437\u043d\u044b\u0439 \u0430\u0431\u043e\u0440\u0442\u00bb<\/a><\/li>\r\n \t<li><a href=\"http:\/\/srhr.org\/abortion-policies\/\">\u0411\u0430\u0437\u0430 \u0434\u0430\u043d\u043d\u044b\u0445 \u201c\u0413\u043b\u043e\u0431\u0430\u043b\u044c\u043d\u044b\u0435 \u043f\u043e\u043b\u0438\u0442\u0438\u043a\u0438 \u0430\u0431\u043e\u0440\u0442\u0430\u201d<\/a><\/li>\r\n \t<li><a href=\"https:\/\/cidsr.md\/ru\/resurses\/avort\/acte-normative-si-cadrul-legal\/\">\u041d\u043e\u0440\u043c\u0430\u0442\u0438\u0432\u043d\u044b\u0435 \u0430\u043a\u0442\u044b \u0438 \u0437\u0430\u043a\u043e\u043d\u043e\u0434\u0430\u0442\u0435\u043b\u044c\u0441\u0442\u0432\u043e<\/a><\/li>\r\n \t<li><a href=\"https:\/\/cidsr.md\/ru\/resurses\/avort\/buletine-informationale-ale-campaniei-internationale-pentru-dreptul-femeilor-la-un-avort-sigur\/\">\u0418\u043d\u0444\u043e\u0440\u043c\u0430\u0446\u0438\u043e\u043d\u043d\u044b\u0435 \u0431\u044e\u043b\u043b\u0435\u0442\u0435\u043d\u0438 \u041c\u0435\u0436\u0434\u0443\u043d\u0430\u0440\u043e\u0434\u043d\u043e\u0439 \u041a\u0430\u043c\u043f\u0430\u043d\u0438\u0438 \u0437\u0430 \u041f\u0440\u0430\u0432\u043e \u0416\u0435\u043d\u0449\u0438\u043d \u043d\u0430 \u0411\u0435\u0437\u043e\u043f\u0430\u0441\u043d\u044b\u0439 \u0410\u0431\u043e\u0440\u0442<\/a><\/li>\r\n \t<li><a href=\"https:\/\/cidsr.md\/ru\/resurses\/avort\/articole-stiintifice\/\">\u041d\u0430\u0443\u0447\u043d\u044b\u0435 \u0441\u0442\u0430\u0442\u044c\u0438<\/a><\/li>\r\n<\/ul>","_ru_post_name":"avort","_ru_post_excerpt":"","_ru_post_title":"\u0410\u0431\u043e\u0440\u0442","_en_post_content":"<ul>\r\n \t<li><a href=\"https:\/\/cidsr.md\/en\/resurses\/avort\/sarcina-nedorita-resurse\/\">Abortion, resources<\/a><\/li>\r\n \t<li><a href=\"https:\/\/cidsr.md\/en\/resurses\/avort\/materiale-informative-si-educationale-elaborate-de-cidsr\/\">Informational and educational materials elaborated by RHTC<\/a><\/li>\r\n \t<li><a href=\"https:\/\/cidsr.md\/en\/resurses\/avort\/rapoarte\/\">Reports<\/a><\/li>\r\n \t<li><a href=\"https:\/\/cidsr.md\/en\/portofolio\/studii-clinice\/\">Clinical studies realised by RHTC<\/a><\/li>\r\n \t<li><a href=\"https:\/\/cidsr.md\/en\/resurses\/avort\/centrele-model\/\">Centers of excellence in abortion services<\/a><\/li>\r\n \t<li><a href=\"https:\/\/www.howtouseabortionpill.org\/\">Medical Abortion online course<\/a><\/li>\r\n \t<li><a href=\"http:\/\/srhr.org\/abortion-policies\/\">Global Abortion Policies Database<\/a><\/li>\r\n \t<li><a href=\"https:\/\/cidsr.md\/en\/resurses\/avort\/acte-normative-si-cadrul-legal\/\">Legal and normative acts<\/a><\/li>\r\n \t<li><a href=\"https:\/\/cidsr.md\/en\/resurses\/avort\/buletine-informationale-ale-campaniei-internationale-pentru-dreptul-femeilor-la-un-avort-sigur\/\">International Campaign for Women\u2019s Right to Safe Abortion Informative Bulletins<\/a><\/li>\r\n \t<li><a href=\"https:\/\/cidsr.md\/en\/resurses\/avort\/articole-stiintifice\/\">Research Article<\/a><\/li>\r\n<\/ul>","_en_post_name":"avort","_en_post_excerpt":"","_en_post_title":"Abortion","_ro_post_content":"<ul>\r\n \t<li><a href=\"https:\/\/cidsr.md\/resurses\/avort\/sarcina-nedorita-resurse\/\">Avortul, resurse<\/a><\/li>\r\n \t<li><a href=\"https:\/\/cidsr.md\/resurses\/avort\/materiale-informative-si-educationale-elaborate-de-cidsr\/\">Materiale informative \u0219i educa\u021bionale elaborate de CIDSR<\/a><\/li>\r\n \t<li><a href=\"https:\/\/cidsr.md\/resurses\/avort\/rapoarte\/\">Rapoarte<\/a><\/li>\r\n \t<li><a href=\"https:\/\/cidsr.md\/portofolio\/studii-clinice\/\">Studii clinice realizate de CIDSR<\/a><\/li>\r\n \t<li><a href=\"https:\/\/cidsr.md\/resurses\/avort\/centrele-model\/\">Centrele de excelen\u021b\u0103 \u00een servicii de avort<\/a><\/li>\r\n \t<li><a href=\"https:\/\/www.howtouseabortionpill.org\/\">Curs on-line \u201eAvortul medicamentos\u201d<\/a><\/li>\r\n \t<li><a href=\"http:\/\/srhr.org\/abortion-policies\/\">Baza de date \u201cPolitici globale privind avortul\u201d<\/a><\/li>\r\n \t<li><a href=\"https:\/\/cidsr.md\/resurses\/avort\/acte-normative-si-cadrul-legal\/\">Acte normative \u0219i cadrul legal<\/a><\/li>\r\n \t<li><a href=\"https:\/\/cidsr.md\/resurses\/avort\/buletine-informationale-ale-campaniei-internationale-pentru-dreptul-femeilor-la-un-avort-sigur\/\">Buletine Informa\u021bionale ale Campaniei Interna\u021bionale pentru Dreptul Femeilor la un Avort Sigur<\/a><\/li>\r\n \t<li><a href=\"https:\/\/cidsr.md\/resurses\/avort\/articole-stiintifice\/\">Articole \u0219tiin\u021bifice<\/a><\/li>\r\n<\/ul>","_ro_post_name":"avort","_ro_post_excerpt":"","_ro_post_title":"Avortul","edit_language":"ru","footnotes":""},"class_list":["post-985","page","type-page","status-publish","hentry"],"acf":[],"yoast_head":"<!-- This site is optimized with the Yoast SEO plugin v22.0 - https:\/\/yoast.com\/wordpress\/plugins\/seo\/ -->\n<title>Avortul - Centrul de Instruire \u00een Domeniul S\u0103n\u0103t\u0103\u0163ii Reproductive<\/title>\n<meta name=\"robots\" content=\"index, follow, max-snippet:-1, max-image-preview:large, max-video-preview:-1\" \/>\n<link rel=\"canonical\" href=\"https:\/\/cidsr.md\/resurses\/avort\/\" \/>\n<meta property=\"og:locale\" content=\"ru_RU\" \/>\n<meta property=\"og:type\" content=\"article\" \/>\n<meta property=\"og:title\" content=\"Avortul - Centrul de Instruire \u00een Domeniul S\u0103n\u0103t\u0103\u0163ii Reproductive\" \/>\n<meta property=\"og:description\" content=\"\u041d\u0435\u0436\u0435\u043b\u0430\u0442\u0435\u043b\u044c\u043d\u0430\u044f \u0431\u0435\u0440\u0435\u043c\u0435\u043d\u043d\u043e\u0441\u0442\u044c \u0410\u0431\u043e\u0440\u0442, \u043f\u0443\u0431\u043b\u0438\u043a\u0430\u0446\u0438\u0438 \u0418\u043d\u0444\u043e\u0440\u043c\u0430\u0446\u0438\u043e\u043d\u043d\u044b\u0435 \u0438 \u043e\u0431\u0440\u0430\u0437\u043e\u0432\u0430\u0442\u0435\u043b\u044c\u043d\u044b\u0435 \u0440\u0435\u0441\u0443\u0440\u0441\u044b, \u0440\u0430\u0437\u0440\u0430\u0431\u043e\u0442\u0430\u043d\u043d\u044b\u0435 CIDSR \u0420\u0430\u043f\u043e\u0440\u0442\u044b \u041a\u043b\u0438\u043d\u0438\u0447\u0435\u0441\u043a\u0438\u0435 \u0438\u0441\u0441\u043b\u0435\u0434\u043e\u0432\u0430\u043d\u0438\u044f \u0440\u0435\u0430\u043b\u0438\u0437\u043e\u0432\u0430\u043d\u043d\u044b\u0435 CIDSR \u0426\u0435\u043d\u0442\u0440\u044b \u043f\u0435\u0440\u0435\u0434\u043e\u0432\u043e\u0433\u043e \u043e\u043f\u044b\u0442\u0430 \u0432 \u0443\u0441\u043b\u0443\u0433\u0430\u0445 \u0430\u0431\u043e\u0440\u0442\u0430 \u041e\u043d\u043b\u0430\u0439\u043d \u043a\u0443\u0440\u0441 \u00ab\u041c\u0435\u0434\u0438\u043a\u0430\u043c\u0435\u043d\u0442\u043e\u0437\u043d\u044b\u0439 \u0430\u0431\u043e\u0440\u0442\u00bb \u0411\u0430\u0437\u0430 \u0434\u0430\u043d\u043d\u044b\u0445 \u201c\u0413\u043b\u043e\u0431\u0430\u043b\u044c\u043d\u044b\u0435 \u043f\u043e\u043b\u0438\u0442\u0438\u043a\u0438 \u0430\u0431\u043e\u0440\u0442\u0430\u201d \u041d\u043e\u0440\u043c\u0430\u0442\u0438\u0432\u043d\u044b\u0435 \u0430\u043a\u0442\u044b \u0438 \u0437\u0430\u043a\u043e\u043d\u043e\u0434\u0430\u0442\u0435\u043b\u044c\u0441\u0442\u0432\u043e \u0418\u043d\u0444\u043e\u0440\u043c\u0430\u0446\u0438\u043e\u043d\u043d\u044b\u0435 \u0431\u044e\u043b\u043b\u0435\u0442\u0435\u043d\u0438 \u041c\u0435\u0436\u0434\u0443\u043d\u0430\u0440\u043e\u0434\u043d\u043e\u0439 \u041a\u0430\u043c\u043f\u0430\u043d\u0438\u0438 \u0437\u0430 \u041f\u0440\u0430\u0432\u043e \u0416\u0435\u043d\u0449\u0438\u043d \u043d\u0430 \u0411\u0435\u0437\u043e\u043f\u0430\u0441\u043d\u044b\u0439 \u0410\u0431\u043e\u0440\u0442 \u041d\u0430\u0443\u0447\u043d\u044b\u0435 \u0441\u0442\u0430\u0442\u044c\u0438\" \/>\n<meta property=\"og:url\" content=\"https:\/\/cidsr.md\/resurses\/avort\/\" \/>\n<meta property=\"og:site_name\" content=\"Centrul de Instruire \u00een Domeniul S\u0103n\u0103t\u0103\u0163ii Reproductive\" \/>\n<meta property=\"article:modified_time\" content=\"2023-11-09T12:21:56+00:00\" \/>\n<meta name=\"twitter:card\" content=\"summary_large_image\" \/>\n<meta name=\"twitter:label1\" content=\"\u041f\u0440\u0438\u043c\u0435\u0440\u043d\u043e\u0435 \u0432\u0440\u0435\u043c\u044f \u0434\u043b\u044f \u0447\u0442\u0435\u043d\u0438\u044f\" \/>\n\t<meta name=\"twitter:data1\" content=\"1 \u043c\u0438\u043d\u0443\u0442\u0430\" \/>\n<script type=\"application\/ld+json\" class=\"yoast-schema-graph\">{\"@context\":\"https:\/\/schema.org\",\"@graph\":[{\"@type\":\"WebPage\",\"@id\":\"https:\/\/cidsr.md\/resurses\/avort\/\",\"url\":\"https:\/\/cidsr.md\/resurses\/avort\/\",\"name\":\"Avortul - Centrul de Instruire \u00een Domeniul S\u0103n\u0103t\u0103\u0163ii Reproductive\",\"isPartOf\":{\"@id\":\"https:\/\/cidsr.md\/#website\"},\"datePublished\":\"2023-10-20T11:30:51+00:00\",\"dateModified\":\"2023-11-09T12:21:56+00:00\",\"breadcrumb\":{\"@id\":\"https:\/\/cidsr.md\/resurses\/avort\/#breadcrumb\"},\"inLanguage\":\"ru-RU\",\"potentialAction\":[{\"@type\":\"ReadAction\",\"target\":[\"https:\/\/cidsr.md\/resurses\/avort\/\"]}]},{\"@type\":\"BreadcrumbList\",\"@id\":\"https:\/\/cidsr.md\/resurses\/avort\/#breadcrumb\",\"itemListElement\":[{\"@type\":\"ListItem\",\"position\":1,\"name\":\"\u0413\u043b\u0430\u0432\u043d\u0430\u044f \u0441\u0442\u0440\u0430\u043d\u0438\u0446\u0430\",\"item\":\"https:\/\/new.cidsr.md\/\"},{\"@type\":\"ListItem\",\"position\":2,\"name\":\"Resurse\",\"item\":\"https:\/\/cidsr.md\/resurses\/\"},{\"@type\":\"ListItem\",\"position\":3,\"name\":\"Avortul\"}]},{\"@type\":\"WebSite\",\"@id\":\"https:\/\/cidsr.md\/#website\",\"url\":\"https:\/\/cidsr.md\/\",\"name\":\"Centrul de Instruire \u00een Domeniul S\u0103n\u0103t\u0103\u0163ii Reproductive\",\"description\":\"Promov\u0103m s\u0103n\u0103tatea \u0219i drepturile sexuale \u0219i reproductive!\",\"potentialAction\":[{\"@type\":\"SearchAction\",\"target\":{\"@type\":\"EntryPoint\",\"urlTemplate\":\"https:\/\/cidsr.md\/?s={search_term_string}\"},\"query-input\":\"required name=search_term_string\"}],\"inLanguage\":\"ru-RU\"}]}<\/script>\n<!-- \/ Yoast SEO plugin. -->","yoast_head_json":{"title":"Avortul - Centrul de Instruire \u00een Domeniul S\u0103n\u0103t\u0103\u0163ii Reproductive","robots":{"index":"index","follow":"follow","max-snippet":"max-snippet:-1","max-image-preview":"max-image-preview:large","max-video-preview":"max-video-preview:-1"},"canonical":"https:\/\/cidsr.md\/resurses\/avort\/","og_locale":"ru_RU","og_type":"article","og_title":"Avortul - Centrul de Instruire \u00een Domeniul S\u0103n\u0103t\u0103\u0163ii Reproductive","og_description":"\u041d\u0435\u0436\u0435\u043b\u0430\u0442\u0435\u043b\u044c\u043d\u0430\u044f \u0431\u0435\u0440\u0435\u043c\u0435\u043d\u043d\u043e\u0441\u0442\u044c \u0410\u0431\u043e\u0440\u0442, \u043f\u0443\u0431\u043b\u0438\u043a\u0430\u0446\u0438\u0438 \u0418\u043d\u0444\u043e\u0440\u043c\u0430\u0446\u0438\u043e\u043d\u043d\u044b\u0435 \u0438 \u043e\u0431\u0440\u0430\u0437\u043e\u0432\u0430\u0442\u0435\u043b\u044c\u043d\u044b\u0435 \u0440\u0435\u0441\u0443\u0440\u0441\u044b, \u0440\u0430\u0437\u0440\u0430\u0431\u043e\u0442\u0430\u043d\u043d\u044b\u0435 CIDSR \u0420\u0430\u043f\u043e\u0440\u0442\u044b \u041a\u043b\u0438\u043d\u0438\u0447\u0435\u0441\u043a\u0438\u0435 \u0438\u0441\u0441\u043b\u0435\u0434\u043e\u0432\u0430\u043d\u0438\u044f \u0440\u0435\u0430\u043b\u0438\u0437\u043e\u0432\u0430\u043d\u043d\u044b\u0435 CIDSR \u0426\u0435\u043d\u0442\u0440\u044b \u043f\u0435\u0440\u0435\u0434\u043e\u0432\u043e\u0433\u043e \u043e\u043f\u044b\u0442\u0430 \u0432 \u0443\u0441\u043b\u0443\u0433\u0430\u0445 \u0430\u0431\u043e\u0440\u0442\u0430 \u041e\u043d\u043b\u0430\u0439\u043d \u043a\u0443\u0440\u0441 \u00ab\u041c\u0435\u0434\u0438\u043a\u0430\u043c\u0435\u043d\u0442\u043e\u0437\u043d\u044b\u0439 \u0430\u0431\u043e\u0440\u0442\u00bb \u0411\u0430\u0437\u0430 \u0434\u0430\u043d\u043d\u044b\u0445 \u201c\u0413\u043b\u043e\u0431\u0430\u043b\u044c\u043d\u044b\u0435 \u043f\u043e\u043b\u0438\u0442\u0438\u043a\u0438 \u0430\u0431\u043e\u0440\u0442\u0430\u201d \u041d\u043e\u0440\u043c\u0430\u0442\u0438\u0432\u043d\u044b\u0435 \u0430\u043a\u0442\u044b \u0438 \u0437\u0430\u043a\u043e\u043d\u043e\u0434\u0430\u0442\u0435\u043b\u044c\u0441\u0442\u0432\u043e \u0418\u043d\u0444\u043e\u0440\u043c\u0430\u0446\u0438\u043e\u043d\u043d\u044b\u0435 \u0431\u044e\u043b\u043b\u0435\u0442\u0435\u043d\u0438 \u041c\u0435\u0436\u0434\u0443\u043d\u0430\u0440\u043e\u0434\u043d\u043e\u0439 \u041a\u0430\u043c\u043f\u0430\u043d\u0438\u0438 \u0437\u0430 \u041f\u0440\u0430\u0432\u043e \u0416\u0435\u043d\u0449\u0438\u043d \u043d\u0430 \u0411\u0435\u0437\u043e\u043f\u0430\u0441\u043d\u044b\u0439 \u0410\u0431\u043e\u0440\u0442 \u041d\u0430\u0443\u0447\u043d\u044b\u0435 \u0441\u0442\u0430\u0442\u044c\u0438","og_url":"https:\/\/cidsr.md\/resurses\/avort\/","og_site_name":"Centrul de Instruire \u00een Domeniul S\u0103n\u0103t\u0103\u0163ii Reproductive","article_modified_time":"2023-11-09T12:21:56+00:00","twitter_card":"summary_large_image","twitter_misc":{"\u041f\u0440\u0438\u043c\u0435\u0440\u043d\u043e\u0435 \u0432\u0440\u0435\u043c\u044f \u0434\u043b\u044f \u0447\u0442\u0435\u043d\u0438\u044f":"1 \u043c\u0438\u043d\u0443\u0442\u0430"},"schema":{"@context":"https:\/\/schema.org","@graph":[{"@type":"WebPage","@id":"https:\/\/cidsr.md\/resurses\/avort\/","url":"https:\/\/cidsr.md\/resurses\/avort\/","name":"Avortul - Centrul de Instruire \u00een Domeniul S\u0103n\u0103t\u0103\u0163ii Reproductive","isPartOf":{"@id":"https:\/\/cidsr.md\/#website"},"datePublished":"2023-10-20T11:30:51+00:00","dateModified":"2023-11-09T12:21:56+00:00","breadcrumb":{"@id":"https:\/\/cidsr.md\/resurses\/avort\/#breadcrumb"},"inLanguage":"ru-RU","potentialAction":[{"@type":"ReadAction","target":["https:\/\/cidsr.md\/resurses\/avort\/"]}]},{"@type":"BreadcrumbList","@id":"https:\/\/cidsr.md\/resurses\/avort\/#breadcrumb","itemListElement":[{"@type":"ListItem","position":1,"name":"\u0413\u043b\u0430\u0432\u043d\u0430\u044f \u0441\u0442\u0440\u0430\u043d\u0438\u0446\u0430","item":"https:\/\/new.cidsr.md\/"},{"@type":"ListItem","position":2,"name":"Resurse","item":"https:\/\/cidsr.md\/resurses\/"},{"@type":"ListItem","position":3,"name":"Avortul"}]},{"@type":"WebSite","@id":"https:\/\/cidsr.md\/#website","url":"https:\/\/cidsr.md\/","name":"Centrul de Instruire \u00een Domeniul S\u0103n\u0103t\u0103\u0163ii Reproductive","description":"Promov\u0103m s\u0103n\u0103tatea \u0219i drepturile sexuale \u0219i reproductive!","potentialAction":[{"@type":"SearchAction","target":{"@type":"EntryPoint","urlTemplate":"https:\/\/cidsr.md\/?s={search_term_string}"},"query-input":"required name=search_term_string"}],"inLanguage":"ru-RU"}]}},"_links":{"self":[{"href":"https:\/\/cidsr.md\/ru\/wp-json\/wp\/v2\/pages\/985","targetHints":{"allow":["GET"]}}],"collection":[{"href":"https:\/\/cidsr.md\/ru\/wp-json\/wp\/v2\/pages"}],"about":[{"href":"https:\/\/cidsr.md\/ru\/wp-json\/wp\/v2\/types\/page"}],"author":[{"embeddable":true,"href":"https:\/\/cidsr.md\/ru\/wp-json\/wp\/v2\/users\/2"}],"replies":[{"embeddable":true,"href":"https:\/\/cidsr.md\/ru\/wp-json\/wp\/v2\/comments?post=985"}],"version-history":[{"count":10,"href":"https:\/\/cidsr.md\/ru\/wp-json\/wp\/v2\/pages\/985\/revisions"}],"predecessor-version":[{"id":11306,"href":"https:\/\/cidsr.md\/ru\/wp-json\/wp\/v2\/pages\/985\/revisions\/11306"}],"up":[{"embeddable":true,"href":"https:\/\/cidsr.md\/ru\/wp-json\/wp\/v2\/pages\/893"}],"wp:attachment":[{"href":"https:\/\/cidsr.md\/ru\/wp-json\/wp\/v2\/media?parent=985"}],"curies":[{"name":"wp","href":"https:\/\/api.w.org\/{rel}","templated":true}]}}