{"id":977,"date":"2023-10-20T14:21:34","date_gmt":"2023-10-20T11:21:34","guid":{"rendered":"https:\/\/cidsr.md\/?page_id=977"},"modified":"2023-11-08T18:29:32","modified_gmt":"2023-11-08T15:29:32","slug":"analize-situationale","status":"publish","type":"page","link":"https:\/\/cidsr.md\/ru\/portofolio\/analize-situationale\/","title":{"rendered":"\u0421\u0438\u0442\u0443\u0430\u0446\u0438\u043e\u043d\u043d\u044b\u0435 \u0430\u043d\u0430\u043b\u0438\u0437\u044b","raw":"\u0421\u0438\u0442\u0443\u0430\u0446\u0438\u043e\u043d\u043d\u044b\u0435 \u0430\u043d\u0430\u043b\u0438\u0437\u044b"},"content":{"rendered":"<ul>\n<li>Raport \u201eAnaliza cadrului legal, normativ \u0219i institu\u021bional privind drepturile sexuale \u0219i reproductive ale persoanelor cu dizabilit\u0103\u021bi din Republica Moldova\u201d,\u00a0\u00a0<strong><a href=\"https:\/\/cidsr.md\/wp-content\/uploads\/2018\/03\/RAPORT-Analiza-cadrului-legal-DSR.pdf\" target=\"_blank\" rel=\"noopener noreferrer\">Rom\u00e2n\u0103<\/a><\/strong>, <strong><a href=\"https:\/\/cidsr.md\/wp-content\/uploads\/2018\/03\/REPORT-short-V.-VIERU-EN.pdf\" target=\"_blank\" rel=\"noopener noreferrer\">English<\/a><\/strong><\/li>\n<li>Raport \u201eAnaliza situa\u021bional\u0103 a problemelor cu care se confrunt\u0103 femeile \u0219i fetele cu dizabilit\u0103\u021bi ale aparatului locomotor din Moldova \u00een exercitarea drepturilor sexuale \u0219i reproductive\u201d, <strong><a href=\"https:\/\/cidsr.md\/wp-content\/uploads\/2018\/03\/Raport_Evaluare-DSR-persoane-cu-dizabilitati_FINAL_27.02.17.pdf\" target=\"_blank\" rel=\"noopener noreferrer\">Rom\u00e2n\u0103<\/a><\/strong>, <strong><a href=\"https:\/\/cidsr.md\/wp-content\/uploads\/2018\/03\/Report_Evaluation-SRR-persons-with-disabilities_EN.pdf\" target=\"_blank\" rel=\"noopener noreferrer\">English<\/a><\/strong><\/li>\n<li><a href=\"https:\/\/cidsr.md\/wp-content\/uploads\/2018\/03\/RAPORT_evaluarea-serv-de-PF_FINAL-august-2915.pdf\" target=\"_blank\" rel=\"noopener noreferrer\">Raport \u201eEvaluarea barierelor \u0219i a factorilor, care faciliteaz\u0103 prestarea \u0219i accesul la serviciile de planificare familial\u0103 \u00een cadrul asisten\u021bei medicale primare din Republica Moldova \u0219i a programelor de studii universitare \u0219i postuniversitare, profesionale tehnice \u0219i postsecundare non-ter\u021biare, cu privire la reflectarea subiectului de planificare familial\u0103\u201d<\/a><\/li>\n<li>Raport privind evaluarea calit\u0103\u021bii serviciilor de \u00eentrerupere a sarcinii \u0219i implement\u0103rii Standardelor pentru efectuarea \u00eentreruperii sarcinii \u00een condi\u021bii de siguran\u021b\u0103 \u00een Republica Moldova,\u00a0 \u00a0<strong><a href=\"https:\/\/cidsr.md\/wp-content\/uploads\/2018\/03\/Raport-Evaluare-Avort-_final-27-martie-2015.pdf\" target=\"_blank\" rel=\"noopener noreferrer\">Rom\u00e2n\u0103<\/a><\/strong>, <strong><a href=\"https:\/\/cidsr.md\/wp-content\/uploads\/2018\/03\/REPORT-Assessing-the-quality-of-pregnancy-termination.pdf\" target=\"_blank\" rel=\"noopener noreferrer\">English<\/a><\/strong><\/li>\n<\/ul>\n","protected":false,"raw":"<ul>\r\n \t<li>Raport \u201eAnaliza cadrului legal, normativ \u0219i institu\u021bional privind drepturile sexuale \u0219i reproductive ale persoanelor cu dizabilit\u0103\u021bi din Republica Moldova\u201d,\u00a0\u00a0<strong><a href=\"https:\/\/cidsr.md\/wp-content\/uploads\/2018\/03\/RAPORT-Analiza-cadrului-legal-DSR.pdf\" target=\"_blank\" rel=\"noopener noreferrer\">Rom\u00e2n\u0103<\/a><\/strong>, <strong><a href=\"https:\/\/cidsr.md\/wp-content\/uploads\/2018\/03\/REPORT-short-V.-VIERU-EN.pdf\" target=\"_blank\" rel=\"noopener noreferrer\">English<\/a><\/strong><\/li>\r\n \t<li>Raport \u201eAnaliza situa\u021bional\u0103 a problemelor cu care se confrunt\u0103 femeile \u0219i fetele cu dizabilit\u0103\u021bi ale aparatului locomotor din Moldova \u00een exercitarea drepturilor sexuale \u0219i reproductive\u201d, <strong><a href=\"https:\/\/cidsr.md\/wp-content\/uploads\/2018\/03\/Raport_Evaluare-DSR-persoane-cu-dizabilitati_FINAL_27.02.17.pdf\" target=\"_blank\" rel=\"noopener noreferrer\">Rom\u00e2n\u0103<\/a><\/strong>, <strong><a href=\"https:\/\/cidsr.md\/wp-content\/uploads\/2018\/03\/Report_Evaluation-SRR-persons-with-disabilities_EN.pdf\" target=\"_blank\" rel=\"noopener noreferrer\">English<\/a><\/strong><\/li>\r\n \t<li><a href=\"https:\/\/cidsr.md\/wp-content\/uploads\/2018\/03\/RAPORT_evaluarea-serv-de-PF_FINAL-august-2915.pdf\" target=\"_blank\" rel=\"noopener noreferrer\">Raport \u201eEvaluarea barierelor \u0219i a factorilor, care faciliteaz\u0103 prestarea \u0219i accesul la serviciile de planificare familial\u0103 \u00een cadrul asisten\u021bei medicale primare din Republica Moldova \u0219i a programelor de studii universitare \u0219i postuniversitare, profesionale tehnice \u0219i postsecundare non-ter\u021biare, cu privire la reflectarea subiectului de planificare familial\u0103\u201d<\/a><\/li>\r\n \t<li>Raport privind evaluarea calit\u0103\u021bii serviciilor de \u00eentrerupere a sarcinii \u0219i implement\u0103rii Standardelor pentru efectuarea \u00eentreruperii sarcinii \u00een condi\u021bii de siguran\u021b\u0103 \u00een Republica Moldova,\u00a0 \u00a0<strong><a href=\"https:\/\/cidsr.md\/wp-content\/uploads\/2018\/03\/Raport-Evaluare-Avort-_final-27-martie-2015.pdf\" target=\"_blank\" rel=\"noopener noreferrer\">Rom\u00e2n\u0103<\/a><\/strong>, <strong><a href=\"https:\/\/cidsr.md\/wp-content\/uploads\/2018\/03\/REPORT-Assessing-the-quality-of-pregnancy-termination.pdf\" target=\"_blank\" rel=\"noopener noreferrer\">English<\/a><\/strong><\/li>\r\n<\/ul>"},"excerpt":{"rendered":"","protected":false,"raw":""},"author":2,"featured_media":0,"parent":883,"menu_order":0,"comment_status":"closed","ping_status":"closed","template":"page-text.php","meta":{"_acf_changed":false,"_ru_post_content":"<ul>\r\n \t<li>Raport \u201eAnaliza cadrului legal, normativ \u0219i institu\u021bional privind drepturile sexuale \u0219i reproductive ale persoanelor cu dizabilit\u0103\u021bi din Republica Moldova\u201d,\u00a0\u00a0<strong><a href=\"https:\/\/cidsr.md\/wp-content\/uploads\/2018\/03\/RAPORT-Analiza-cadrului-legal-DSR.pdf\" target=\"_blank\" rel=\"noopener noreferrer\">Rom\u00e2n\u0103<\/a><\/strong>, <strong><a href=\"https:\/\/cidsr.md\/wp-content\/uploads\/2018\/03\/REPORT-short-V.-VIERU-EN.pdf\" target=\"_blank\" rel=\"noopener noreferrer\">English<\/a><\/strong><\/li>\r\n \t<li>Raport \u201eAnaliza situa\u021bional\u0103 a problemelor cu care se confrunt\u0103 femeile \u0219i fetele cu dizabilit\u0103\u021bi ale aparatului locomotor din Moldova \u00een exercitarea drepturilor sexuale \u0219i reproductive\u201d, <strong><a href=\"https:\/\/cidsr.md\/wp-content\/uploads\/2018\/03\/Raport_Evaluare-DSR-persoane-cu-dizabilitati_FINAL_27.02.17.pdf\" target=\"_blank\" rel=\"noopener noreferrer\">Rom\u00e2n\u0103<\/a><\/strong>, <strong><a href=\"https:\/\/cidsr.md\/wp-content\/uploads\/2018\/03\/Report_Evaluation-SRR-persons-with-disabilities_EN.pdf\" target=\"_blank\" rel=\"noopener noreferrer\">English<\/a><\/strong><\/li>\r\n \t<li><a href=\"https:\/\/cidsr.md\/wp-content\/uploads\/2018\/03\/RAPORT_evaluarea-serv-de-PF_FINAL-august-2915.pdf\" target=\"_blank\" rel=\"noopener noreferrer\">Raport \u201eEvaluarea barierelor \u0219i a factorilor, care faciliteaz\u0103 prestarea \u0219i accesul la serviciile de planificare familial\u0103 \u00een cadrul asisten\u021bei medicale primare din Republica Moldova \u0219i a programelor de studii universitare \u0219i postuniversitare, profesionale tehnice \u0219i postsecundare non-ter\u021biare, cu privire la reflectarea subiectului de planificare familial\u0103\u201d<\/a><\/li>\r\n \t<li>Raport privind evaluarea calit\u0103\u021bii serviciilor de \u00eentrerupere a sarcinii \u0219i implement\u0103rii Standardelor pentru efectuarea \u00eentreruperii sarcinii \u00een condi\u021bii de siguran\u021b\u0103 \u00een Republica Moldova,\u00a0 \u00a0<strong><a href=\"https:\/\/cidsr.md\/wp-content\/uploads\/2018\/03\/Raport-Evaluare-Avort-_final-27-martie-2015.pdf\" target=\"_blank\" rel=\"noopener noreferrer\">Rom\u00e2n\u0103<\/a><\/strong>, <strong><a href=\"https:\/\/cidsr.md\/wp-content\/uploads\/2018\/03\/REPORT-Assessing-the-quality-of-pregnancy-termination.pdf\" target=\"_blank\" rel=\"noopener noreferrer\">English<\/a><\/strong><\/li>\r\n<\/ul>","_ru_post_name":"analize-situationale","_ru_post_excerpt":"","_ru_post_title":"\u0421\u0438\u0442\u0443\u0430\u0446\u0438\u043e\u043d\u043d\u044b\u0435 \u0430\u043d\u0430\u043b\u0438\u0437\u044b","_en_post_content":"<ul>\r\n \t<li>Report (short version) \u201cAnalysis of the legal, normative and institutional framework on sexual and reproductive rights of persons with disabilities in the Republic of Moldova\u201d\u00a0<strong><a href=\"https:\/\/cidsr.md\/wp-content\/uploads\/2018\/03\/RAPORT-Analiza-cadrului-legal-DSR.pdf\" target=\"_blank\" rel=\"noopener noreferrer\">Rom\u00e2n\u0103<\/a><\/strong>, <strong><a href=\"https:\/\/cidsr.md\/wp-content\/uploads\/2018\/03\/REPORT-short-V.-VIERU-EN.pdf\" target=\"_blank\" rel=\"noopener noreferrer\">English<\/a><\/strong><\/li>\r\n \t<li>Report \u201cSituation analysis of the issues confronting women and girls with locomotor disability in Moldova in exercising their sexual and reproductive rights\u201d, <strong><a href=\"https:\/\/cidsr.md\/wp-content\/uploads\/2018\/03\/Raport_Evaluare-DSR-persoane-cu-dizabilitati_FINAL_27.02.17.pdf\" target=\"_blank\" rel=\"noopener noreferrer\">Rom\u00e2n\u0103<\/a><\/strong>, <strong><a href=\"https:\/\/cidsr.md\/wp-content\/uploads\/2018\/03\/Report_Evaluation-SRR-persons-with-disabilities_EN.pdf\" target=\"_blank\" rel=\"noopener noreferrer\">English<\/a><\/strong><\/li>\r\n \t<li><a href=\"http:\/\/www.sanatateafemeii.md\/wp-content\/uploads\/2015\/04\/RAPORT_evaluarea-serv-de-PF_FINAL-august-2915.pdf\" target=\"_blank\" rel=\"noopener noreferrer\">Raport \u201eEvaluarea barierelor \u0219i a factorilor, care faciliteaz\u0103 prestarea \u0219i accesul la serviciile de planificare familial\u0103 \u00een cadrul asisten\u021bei medicale primare din Republica Moldova \u0219i a programelor de studii universitare \u0219i postuniversitare, profesionale tehnice \u0219i postsecundare non-ter\u021biare, cu privire la reflectarea subiectului de planificare familial\u0103\u201d<\/a><\/li>\r\n \t<li>Report \u201cAssessing the Quality of Pregnancy Termination Services and Compliance with Safe Abortion Standards Republic of Moldova\u201d \u00a0<strong><a href=\"https:\/\/cidsr.md\/wp-content\/uploads\/2018\/03\/Raport-Evaluare-Avort-_final-27-martie-2015.pdf\" target=\"_blank\" rel=\"noopener noreferrer\">Rom\u00e2n\u0103<\/a><\/strong>, <a href=\"https:\/\/cidsr.md\/wp-content\/uploads\/2018\/03\/REPORT-Assessing-the-quality-of-pregnancy-termination.pdf\" target=\"_blank\" rel=\"noopener noreferrer\">E<strong>nglish<\/strong><\/a><\/li>\r\n<\/ul>","_en_post_name":"analize-situationale","_en_post_excerpt":"","_en_post_title":"Situation analysis","_ro_post_content":"<ul>\r\n \t<li>Raport \u201eAnaliza cadrului legal, normativ \u0219i institu\u021bional privind drepturile sexuale \u0219i reproductive ale persoanelor cu dizabilit\u0103\u021bi din Republica Moldova\u201d,\u00a0\u00a0<strong><a href=\"https:\/\/cidsr.md\/wp-content\/uploads\/2018\/03\/RAPORT-Analiza-cadrului-legal-DSR.pdf\" target=\"_blank\" rel=\"noopener noreferrer\">Rom\u00e2n\u0103<\/a><\/strong>, <strong><a href=\"https:\/\/cidsr.md\/wp-content\/uploads\/2018\/03\/REPORT-short-V.-VIERU-EN.pdf\" target=\"_blank\" rel=\"noopener noreferrer\">English<\/a><\/strong><\/li>\r\n \t<li>Raport \u201eAnaliza situa\u021bional\u0103 a problemelor cu care se confrunt\u0103 femeile \u0219i fetele cu dizabilit\u0103\u021bi ale aparatului locomotor din Moldova \u00een exercitarea drepturilor sexuale \u0219i reproductive\u201d, <strong><a href=\"https:\/\/cidsr.md\/wp-content\/uploads\/2018\/03\/Raport_Evaluare-DSR-persoane-cu-dizabilitati_FINAL_27.02.17.pdf\" target=\"_blank\" rel=\"noopener noreferrer\">Rom\u00e2n\u0103<\/a><\/strong>, <strong><a href=\"https:\/\/cidsr.md\/wp-content\/uploads\/2018\/03\/Report_Evaluation-SRR-persons-with-disabilities_EN.pdf\" target=\"_blank\" rel=\"noopener noreferrer\">English<\/a><\/strong><\/li>\r\n \t<li><a href=\"https:\/\/cidsr.md\/wp-content\/uploads\/2018\/03\/RAPORT_evaluarea-serv-de-PF_FINAL-august-2915.pdf\" target=\"_blank\" rel=\"noopener noreferrer\">Raport \u201eEvaluarea barierelor \u0219i a factorilor, care faciliteaz\u0103 prestarea \u0219i accesul la serviciile de planificare familial\u0103 \u00een cadrul asisten\u021bei medicale primare din Republica Moldova \u0219i a programelor de studii universitare \u0219i postuniversitare, profesionale tehnice \u0219i postsecundare non-ter\u021biare, cu privire la reflectarea subiectului de planificare familial\u0103\u201d<\/a><\/li>\r\n \t<li>Raport privind evaluarea calit\u0103\u021bii serviciilor de \u00eentrerupere a sarcinii \u0219i implement\u0103rii Standardelor pentru efectuarea \u00eentreruperii sarcinii \u00een condi\u021bii de siguran\u021b\u0103 \u00een Republica Moldova,\u00a0 \u00a0<strong><a href=\"https:\/\/cidsr.md\/wp-content\/uploads\/2018\/03\/Raport-Evaluare-Avort-_final-27-martie-2015.pdf\" target=\"_blank\" rel=\"noopener noreferrer\">Rom\u00e2n\u0103<\/a><\/strong>, <strong><a href=\"https:\/\/cidsr.md\/wp-content\/uploads\/2018\/03\/REPORT-Assessing-the-quality-of-pregnancy-termination.pdf\" target=\"_blank\" rel=\"noopener noreferrer\">English<\/a><\/strong><\/li>\r\n<\/ul>","_ro_post_name":"analize-situationale","_ro_post_excerpt":"","_ro_post_title":"Analize situa\u021bionale","edit_language":"ru","footnotes":""},"class_list":["post-977","page","type-page","status-publish","hentry"],"acf":[],"yoast_head":"<!-- This site is optimized with the Yoast SEO plugin v22.0 - https:\/\/yoast.com\/wordpress\/plugins\/seo\/ -->\n<title>Analize situa\u021bionale - Centrul de Instruire \u00een Domeniul S\u0103n\u0103t\u0103\u0163ii Reproductive<\/title>\n<meta name=\"robots\" content=\"index, follow, max-snippet:-1, max-image-preview:large, max-video-preview:-1\" \/>\n<link rel=\"canonical\" href=\"https:\/\/cidsr.md\/portofolio\/analize-situationale\/\" \/>\n<meta property=\"og:locale\" content=\"ru_RU\" \/>\n<meta property=\"og:type\" content=\"article\" \/>\n<meta property=\"og:title\" content=\"Analize situa\u021bionale - Centrul de Instruire \u00een Domeniul S\u0103n\u0103t\u0103\u0163ii Reproductive\" \/>\n<meta property=\"og:description\" content=\"Raport \u201eAnaliza cadrului legal, normativ \u0219i institu\u021bional privind drepturile sexuale \u0219i reproductive ale persoanelor cu dizabilit\u0103\u021bi din Republica Moldova\u201d,\u00a0\u00a0Rom\u00e2n\u0103, English Raport \u201eAnaliza situa\u021bional\u0103 a problemelor cu care se confrunt\u0103 femeile \u0219i fetele cu dizabilit\u0103\u021bi ale aparatului locomotor din Moldova \u00een exercitarea drepturilor sexuale \u0219i reproductive\u201d, Rom\u00e2n\u0103, English Raport \u201eEvaluarea barierelor \u0219i a factorilor, care faciliteaz\u0103 [&hellip;]\" \/>\n<meta property=\"og:url\" content=\"https:\/\/cidsr.md\/portofolio\/analize-situationale\/\" \/>\n<meta property=\"og:site_name\" content=\"Centrul de Instruire \u00een Domeniul S\u0103n\u0103t\u0103\u0163ii Reproductive\" \/>\n<meta property=\"article:modified_time\" content=\"2023-11-08T15:29:32+00:00\" \/>\n<meta name=\"twitter:card\" content=\"summary_large_image\" \/>\n<meta name=\"twitter:label1\" content=\"\u041f\u0440\u0438\u043c\u0435\u0440\u043d\u043e\u0435 \u0432\u0440\u0435\u043c\u044f \u0434\u043b\u044f \u0447\u0442\u0435\u043d\u0438\u044f\" \/>\n\t<meta name=\"twitter:data1\" content=\"1 \u043c\u0438\u043d\u0443\u0442\u0430\" \/>\n<script type=\"application\/ld+json\" class=\"yoast-schema-graph\">{\"@context\":\"https:\/\/schema.org\",\"@graph\":[{\"@type\":\"WebPage\",\"@id\":\"https:\/\/cidsr.md\/portofolio\/analize-situationale\/\",\"url\":\"https:\/\/cidsr.md\/portofolio\/analize-situationale\/\",\"name\":\"Analize situa\u021bionale - Centrul de Instruire \u00een Domeniul S\u0103n\u0103t\u0103\u0163ii Reproductive\",\"isPartOf\":{\"@id\":\"https:\/\/cidsr.md\/#website\"},\"datePublished\":\"2023-10-20T11:21:34+00:00\",\"dateModified\":\"2023-11-08T15:29:32+00:00\",\"breadcrumb\":{\"@id\":\"https:\/\/cidsr.md\/portofolio\/analize-situationale\/#breadcrumb\"},\"inLanguage\":\"ru-RU\",\"potentialAction\":[{\"@type\":\"ReadAction\",\"target\":[\"https:\/\/cidsr.md\/portofolio\/analize-situationale\/\"]}]},{\"@type\":\"BreadcrumbList\",\"@id\":\"https:\/\/cidsr.md\/portofolio\/analize-situationale\/#breadcrumb\",\"itemListElement\":[{\"@type\":\"ListItem\",\"position\":1,\"name\":\"\u0413\u043b\u0430\u0432\u043d\u0430\u044f \u0441\u0442\u0440\u0430\u043d\u0438\u0446\u0430\",\"item\":\"https:\/\/new.cidsr.md\/\"},{\"@type\":\"ListItem\",\"position\":2,\"name\":\"Portofoliu\",\"item\":\"https:\/\/cidsr.md\/portofolio\/\"},{\"@type\":\"ListItem\",\"position\":3,\"name\":\"Analize situa\u021bionale\"}]},{\"@type\":\"WebSite\",\"@id\":\"https:\/\/cidsr.md\/#website\",\"url\":\"https:\/\/cidsr.md\/\",\"name\":\"Centrul de Instruire \u00een Domeniul S\u0103n\u0103t\u0103\u0163ii Reproductive\",\"description\":\"Promov\u0103m s\u0103n\u0103tatea \u0219i drepturile sexuale \u0219i reproductive!\",\"potentialAction\":[{\"@type\":\"SearchAction\",\"target\":{\"@type\":\"EntryPoint\",\"urlTemplate\":\"https:\/\/cidsr.md\/?s={search_term_string}\"},\"query-input\":\"required name=search_term_string\"}],\"inLanguage\":\"ru-RU\"}]}<\/script>\n<!-- \/ Yoast SEO plugin. -->","yoast_head_json":{"title":"Analize situa\u021bionale - Centrul de Instruire \u00een Domeniul S\u0103n\u0103t\u0103\u0163ii Reproductive","robots":{"index":"index","follow":"follow","max-snippet":"max-snippet:-1","max-image-preview":"max-image-preview:large","max-video-preview":"max-video-preview:-1"},"canonical":"https:\/\/cidsr.md\/portofolio\/analize-situationale\/","og_locale":"ru_RU","og_type":"article","og_title":"Analize situa\u021bionale - Centrul de Instruire \u00een Domeniul S\u0103n\u0103t\u0103\u0163ii Reproductive","og_description":"Raport \u201eAnaliza cadrului legal, normativ \u0219i institu\u021bional privind drepturile sexuale \u0219i reproductive ale persoanelor cu dizabilit\u0103\u021bi din Republica Moldova\u201d,\u00a0\u00a0Rom\u00e2n\u0103, English Raport \u201eAnaliza situa\u021bional\u0103 a problemelor cu care se confrunt\u0103 femeile \u0219i fetele cu dizabilit\u0103\u021bi ale aparatului locomotor din Moldova \u00een exercitarea drepturilor sexuale \u0219i reproductive\u201d, Rom\u00e2n\u0103, English Raport \u201eEvaluarea barierelor \u0219i a factorilor, care faciliteaz\u0103 [&hellip;]","og_url":"https:\/\/cidsr.md\/portofolio\/analize-situationale\/","og_site_name":"Centrul de Instruire \u00een Domeniul S\u0103n\u0103t\u0103\u0163ii Reproductive","article_modified_time":"2023-11-08T15:29:32+00:00","twitter_card":"summary_large_image","twitter_misc":{"\u041f\u0440\u0438\u043c\u0435\u0440\u043d\u043e\u0435 \u0432\u0440\u0435\u043c\u044f \u0434\u043b\u044f \u0447\u0442\u0435\u043d\u0438\u044f":"1 \u043c\u0438\u043d\u0443\u0442\u0430"},"schema":{"@context":"https:\/\/schema.org","@graph":[{"@type":"WebPage","@id":"https:\/\/cidsr.md\/portofolio\/analize-situationale\/","url":"https:\/\/cidsr.md\/portofolio\/analize-situationale\/","name":"Analize situa\u021bionale - Centrul de Instruire \u00een Domeniul S\u0103n\u0103t\u0103\u0163ii Reproductive","isPartOf":{"@id":"https:\/\/cidsr.md\/#website"},"datePublished":"2023-10-20T11:21:34+00:00","dateModified":"2023-11-08T15:29:32+00:00","breadcrumb":{"@id":"https:\/\/cidsr.md\/portofolio\/analize-situationale\/#breadcrumb"},"inLanguage":"ru-RU","potentialAction":[{"@type":"ReadAction","target":["https:\/\/cidsr.md\/portofolio\/analize-situationale\/"]}]},{"@type":"BreadcrumbList","@id":"https:\/\/cidsr.md\/portofolio\/analize-situationale\/#breadcrumb","itemListElement":[{"@type":"ListItem","position":1,"name":"\u0413\u043b\u0430\u0432\u043d\u0430\u044f \u0441\u0442\u0440\u0430\u043d\u0438\u0446\u0430","item":"https:\/\/new.cidsr.md\/"},{"@type":"ListItem","position":2,"name":"Portofoliu","item":"https:\/\/cidsr.md\/portofolio\/"},{"@type":"ListItem","position":3,"name":"Analize situa\u021bionale"}]},{"@type":"WebSite","@id":"https:\/\/cidsr.md\/#website","url":"https:\/\/cidsr.md\/","name":"Centrul de Instruire \u00een Domeniul S\u0103n\u0103t\u0103\u0163ii Reproductive","description":"Promov\u0103m s\u0103n\u0103tatea \u0219i drepturile sexuale \u0219i reproductive!","potentialAction":[{"@type":"SearchAction","target":{"@type":"EntryPoint","urlTemplate":"https:\/\/cidsr.md\/?s={search_term_string}"},"query-input":"required name=search_term_string"}],"inLanguage":"ru-RU"}]}},"_links":{"self":[{"href":"https:\/\/cidsr.md\/ru\/wp-json\/wp\/v2\/pages\/977","targetHints":{"allow":["GET"]}}],"collection":[{"href":"https:\/\/cidsr.md\/ru\/wp-json\/wp\/v2\/pages"}],"about":[{"href":"https:\/\/cidsr.md\/ru\/wp-json\/wp\/v2\/types\/page"}],"author":[{"embeddable":true,"href":"https:\/\/cidsr.md\/ru\/wp-json\/wp\/v2\/users\/2"}],"replies":[{"embeddable":true,"href":"https:\/\/cidsr.md\/ru\/wp-json\/wp\/v2\/comments?post=977"}],"version-history":[{"count":5,"href":"https:\/\/cidsr.md\/ru\/wp-json\/wp\/v2\/pages\/977\/revisions"}],"predecessor-version":[{"id":11163,"href":"https:\/\/cidsr.md\/ru\/wp-json\/wp\/v2\/pages\/977\/revisions\/11163"}],"up":[{"embeddable":true,"href":"https:\/\/cidsr.md\/ru\/wp-json\/wp\/v2\/pages\/883"}],"wp:attachment":[{"href":"https:\/\/cidsr.md\/ru\/wp-json\/wp\/v2\/media?parent=977"}],"curies":[{"name":"wp","href":"https:\/\/api.w.org\/{rel}","templated":true}]}}