{"id":969,"date":"2023-10-20T14:10:42","date_gmt":"2023-10-20T11:10:42","guid":{"rendered":"https:\/\/cidsr.md\/?page_id=969"},"modified":"2023-11-29T16:24:04","modified_gmt":"2023-11-29T13:24:04","slug":"%d0%bf%d0%b0%d1%80%d1%82%d0%bd%d0%b5%d1%80%d1%8b","status":"publish","type":"page","link":"https:\/\/cidsr.md\/ru\/o-nas\/%d0%bf%d0%b0%d1%80%d1%82%d0%bd%d0%b5%d1%80%d1%8b\/","title":{"rendered":"\u041f\u0430\u0440\u0442\u043d\u0435\u0440\u044b","raw":"\u041f\u0430\u0440\u0442\u043d\u0435\u0440\u044b"},"content":{"rendered":"","protected":false,"raw":""},"excerpt":{"rendered":"","protected":false,"raw":""},"author":2,"featured_media":0,"parent":880,"menu_order":0,"comment_status":"closed","ping_status":"closed","template":"page-text.php","meta":{"_acf_changed":false,"_ru_post_content":"","_ru_post_name":"%d0%bf%d0%b0%d1%80%d1%82%d0%bd%d0%b5%d1%80%d1%8b","_ru_post_excerpt":"","_ru_post_title":"\u041f\u0430\u0440\u0442\u043d\u0435\u0440\u044b","_en_post_content":"","_en_post_name":"partners","_en_post_excerpt":"","_en_post_title":"Partners","_ro_post_content":"","_ro_post_name":"partners","_ro_post_excerpt":"","_ro_post_title":"Partenerii","edit_language":"ru","footnotes":""},"class_list":["post-969","page","type-page","status-publish","hentry"],"acf":[],"yoast_head":"<!-- This site is optimized with the Yoast SEO plugin v22.0 - https:\/\/yoast.com\/wordpress\/plugins\/seo\/ -->\n<title>Partenerii - Centrul de Instruire \u00een Domeniul S\u0103n\u0103t\u0103\u0163ii Reproductive<\/title>\n<meta name=\"robots\" content=\"index, follow, max-snippet:-1, max-image-preview:large, max-video-preview:-1\" \/>\n<link rel=\"canonical\" href=\"https:\/\/cidsr.md\/o-nas\/partners\/\" \/>\n<meta property=\"og:locale\" content=\"ru_RU\" \/>\n<meta property=\"og:type\" content=\"article\" \/>\n<meta property=\"og:title\" content=\"Partenerii - Centrul de Instruire \u00een Domeniul S\u0103n\u0103t\u0103\u0163ii Reproductive\" \/>\n<meta property=\"og:url\" content=\"https:\/\/cidsr.md\/o-nas\/partners\/\" \/>\n<meta property=\"og:site_name\" content=\"Centrul de Instruire \u00een Domeniul S\u0103n\u0103t\u0103\u0163ii Reproductive\" \/>\n<meta property=\"article:modified_time\" content=\"2023-11-29T13:24:04+00:00\" \/>\n<meta name=\"twitter:card\" content=\"summary_large_image\" \/>\n<script type=\"application\/ld+json\" class=\"yoast-schema-graph\">{\"@context\":\"https:\/\/schema.org\",\"@graph\":[{\"@type\":\"WebPage\",\"@id\":\"https:\/\/cidsr.md\/o-nas\/partners\/\",\"url\":\"https:\/\/cidsr.md\/o-nas\/partners\/\",\"name\":\"Partenerii - Centrul de Instruire \u00een Domeniul S\u0103n\u0103t\u0103\u0163ii Reproductive\",\"isPartOf\":{\"@id\":\"https:\/\/cidsr.md\/#website\"},\"datePublished\":\"2023-10-20T11:10:42+00:00\",\"dateModified\":\"2023-11-29T13:24:04+00:00\",\"breadcrumb\":{\"@id\":\"https:\/\/cidsr.md\/o-nas\/partners\/#breadcrumb\"},\"inLanguage\":\"ru-RU\",\"potentialAction\":[{\"@type\":\"ReadAction\",\"target\":[\"https:\/\/cidsr.md\/o-nas\/partners\/\"]}]},{\"@type\":\"BreadcrumbList\",\"@id\":\"https:\/\/cidsr.md\/o-nas\/partners\/#breadcrumb\",\"itemListElement\":[{\"@type\":\"ListItem\",\"position\":1,\"name\":\"\u0413\u043b\u0430\u0432\u043d\u0430\u044f \u0441\u0442\u0440\u0430\u043d\u0438\u0446\u0430\",\"item\":\"https:\/\/new.cidsr.md\/\"},{\"@type\":\"ListItem\",\"position\":2,\"name\":\"Despre noi\",\"item\":\"https:\/\/cidsr.md\/o-nas\/\"},{\"@type\":\"ListItem\",\"position\":3,\"name\":\"\u041f\u0430\u0440\u0442\u043d\u0435\u0440\u044b\"}]},{\"@type\":\"WebSite\",\"@id\":\"https:\/\/cidsr.md\/#website\",\"url\":\"https:\/\/cidsr.md\/\",\"name\":\"Centrul de Instruire \u00een Domeniul S\u0103n\u0103t\u0103\u0163ii Reproductive\",\"description\":\"Promov\u0103m s\u0103n\u0103tatea \u0219i drepturile sexuale \u0219i reproductive!\",\"potentialAction\":[{\"@type\":\"SearchAction\",\"target\":{\"@type\":\"EntryPoint\",\"urlTemplate\":\"https:\/\/cidsr.md\/?s={search_term_string}\"},\"query-input\":\"required name=search_term_string\"}],\"inLanguage\":\"ru-RU\"}]}<\/script>\n<!-- \/ Yoast SEO plugin. -->","yoast_head_json":{"title":"Partenerii - Centrul de Instruire \u00een Domeniul S\u0103n\u0103t\u0103\u0163ii Reproductive","robots":{"index":"index","follow":"follow","max-snippet":"max-snippet:-1","max-image-preview":"max-image-preview:large","max-video-preview":"max-video-preview:-1"},"canonical":"https:\/\/cidsr.md\/o-nas\/partners\/","og_locale":"ru_RU","og_type":"article","og_title":"Partenerii - Centrul de Instruire \u00een Domeniul S\u0103n\u0103t\u0103\u0163ii Reproductive","og_url":"https:\/\/cidsr.md\/o-nas\/partners\/","og_site_name":"Centrul de Instruire \u00een Domeniul S\u0103n\u0103t\u0103\u0163ii Reproductive","article_modified_time":"2023-11-29T13:24:04+00:00","twitter_card":"summary_large_image","schema":{"@context":"https:\/\/schema.org","@graph":[{"@type":"WebPage","@id":"https:\/\/cidsr.md\/o-nas\/partners\/","url":"https:\/\/cidsr.md\/o-nas\/partners\/","name":"Partenerii - Centrul de Instruire \u00een Domeniul S\u0103n\u0103t\u0103\u0163ii Reproductive","isPartOf":{"@id":"https:\/\/cidsr.md\/#website"},"datePublished":"2023-10-20T11:10:42+00:00","dateModified":"2023-11-29T13:24:04+00:00","breadcrumb":{"@id":"https:\/\/cidsr.md\/o-nas\/partners\/#breadcrumb"},"inLanguage":"ru-RU","potentialAction":[{"@type":"ReadAction","target":["https:\/\/cidsr.md\/o-nas\/partners\/"]}]},{"@type":"BreadcrumbList","@id":"https:\/\/cidsr.md\/o-nas\/partners\/#breadcrumb","itemListElement":[{"@type":"ListItem","position":1,"name":"\u0413\u043b\u0430\u0432\u043d\u0430\u044f \u0441\u0442\u0440\u0430\u043d\u0438\u0446\u0430","item":"https:\/\/new.cidsr.md\/"},{"@type":"ListItem","position":2,"name":"Despre noi","item":"https:\/\/cidsr.md\/o-nas\/"},{"@type":"ListItem","position":3,"name":"\u041f\u0430\u0440\u0442\u043d\u0435\u0440\u044b"}]},{"@type":"WebSite","@id":"https:\/\/cidsr.md\/#website","url":"https:\/\/cidsr.md\/","name":"Centrul de Instruire \u00een Domeniul S\u0103n\u0103t\u0103\u0163ii Reproductive","description":"Promov\u0103m s\u0103n\u0103tatea \u0219i drepturile sexuale \u0219i reproductive!","potentialAction":[{"@type":"SearchAction","target":{"@type":"EntryPoint","urlTemplate":"https:\/\/cidsr.md\/?s={search_term_string}"},"query-input":"required name=search_term_string"}],"inLanguage":"ru-RU"}]}},"_links":{"self":[{"href":"https:\/\/cidsr.md\/ru\/wp-json\/wp\/v2\/pages\/969","targetHints":{"allow":["GET"]}}],"collection":[{"href":"https:\/\/cidsr.md\/ru\/wp-json\/wp\/v2\/pages"}],"about":[{"href":"https:\/\/cidsr.md\/ru\/wp-json\/wp\/v2\/types\/page"}],"author":[{"embeddable":true,"href":"https:\/\/cidsr.md\/ru\/wp-json\/wp\/v2\/users\/2"}],"replies":[{"embeddable":true,"href":"https:\/\/cidsr.md\/ru\/wp-json\/wp\/v2\/comments?post=969"}],"version-history":[{"count":3,"href":"https:\/\/cidsr.md\/ru\/wp-json\/wp\/v2\/pages\/969\/revisions"}],"predecessor-version":[{"id":11373,"href":"https:\/\/cidsr.md\/ru\/wp-json\/wp\/v2\/pages\/969\/revisions\/11373"}],"up":[{"embeddable":true,"href":"https:\/\/cidsr.md\/ru\/wp-json\/wp\/v2\/pages\/880"}],"wp:attachment":[{"href":"https:\/\/cidsr.md\/ru\/wp-json\/wp\/v2\/media?parent=969"}],"curies":[{"name":"wp","href":"https:\/\/api.w.org\/{rel}","templated":true}]}}