{"id":967,"date":"2023-10-20T13:01:09","date_gmt":"2023-10-20T10:01:09","guid":{"rendered":"https:\/\/cidsr.md\/?page_id=967"},"modified":"2023-11-29T16:21:14","modified_gmt":"2023-11-29T13:21:14","slug":"structure","status":"publish","type":"page","link":"https:\/\/cidsr.md\/ru\/o-nas\/structure\/","title":{"rendered":"\u041e\u0440\u0433\u0430\u043d\u0438\u0437\u0430\u0446\u0438\u043e\u043d\u043d\u0430\u044f \u0441\u0442\u0440\u0443\u0442\u0443\u0440\u0430","raw":"\u041e\u0440\u0433\u0430\u043d\u0438\u0437\u0430\u0446\u0438\u043e\u043d\u043d\u0430\u044f \u0441\u0442\u0440\u0443\u0442\u0443\u0440\u0430"},"content":{"rendered":"<p><img loading=\"lazy\" decoding=\"async\" class=\"aligncenter wp-image-11046 size-full\" src=\"https:\/\/cidsr.md\/wp-content\/uploads\/2023\/11\/Organigrama-CIDSR_ru.jpg\" alt=\"\" width=\"860\" height=\"730\" srcset=\"https:\/\/cidsr.md\/wp-content\/uploads\/2023\/11\/Organigrama-CIDSR_ru.jpg 860w, https:\/\/cidsr.md\/wp-content\/uploads\/2023\/11\/Organigrama-CIDSR_ru-300x255.jpg 300w, https:\/\/cidsr.md\/wp-content\/uploads\/2023\/11\/Organigrama-CIDSR_ru-768x652.jpg 768w\" sizes=\"auto, (max-width: 860px) 100vw, 860px\" \/><\/p>\n","protected":false,"raw":"<img class=\"aligncenter wp-image-11046 size-full\" src=\"https:\/\/cidsr.md\/wp-content\/uploads\/2023\/11\/Organigrama-CIDSR_ru.jpg\" alt=\"\" width=\"860\" height=\"730\" \/>"},"excerpt":{"rendered":"","protected":false,"raw":""},"author":2,"featured_media":0,"parent":880,"menu_order":0,"comment_status":"closed","ping_status":"closed","template":"page-text.php","meta":{"_acf_changed":false,"_ru_post_content":"<img class=\"aligncenter wp-image-11046 size-full\" src=\"https:\/\/cidsr.md\/wp-content\/uploads\/2023\/11\/Organigrama-CIDSR_ru.jpg\" alt=\"\" width=\"860\" height=\"730\" \/>","_ru_post_name":"structure","_ru_post_excerpt":"","_ru_post_title":"\u041e\u0440\u0433\u0430\u043d\u0438\u0437\u0430\u0446\u0438\u043e\u043d\u043d\u0430\u044f \u0441\u0442\u0440\u0443\u0442\u0443\u0440\u0430","_en_post_content":"<img class=\"aligncenter wp-image-11047 size-full\" src=\"https:\/\/cidsr.md\/wp-content\/uploads\/2023\/11\/Organigrama-CIDSR_en.jpg\" alt=\"\" width=\"917\" height=\"781\" \/>","_en_post_name":"structure","_en_post_excerpt":"","_en_post_title":"Organization chart","_ro_post_content":"<img class=\"wp-image-11043 size-full aligncenter\" src=\"https:\/\/cidsr.md\/wp-content\/uploads\/2023\/11\/Organigrama-CIDSR-_ro.jpg\" alt=\"\" width=\"910\" height=\"770\" \/>","_ro_post_name":"structure","_ro_post_excerpt":"","_ro_post_title":"Organigrama","edit_language":"ru","footnotes":""},"class_list":["post-967","page","type-page","status-publish","hentry"],"acf":[],"yoast_head":"<!-- This site is optimized with the Yoast SEO plugin v22.0 - https:\/\/yoast.com\/wordpress\/plugins\/seo\/ -->\n<title>Organigrama - Centrul de Instruire \u00een Domeniul S\u0103n\u0103t\u0103\u0163ii Reproductive<\/title>\n<meta name=\"robots\" content=\"index, follow, max-snippet:-1, max-image-preview:large, max-video-preview:-1\" \/>\n<link rel=\"canonical\" href=\"https:\/\/cidsr.md\/o-nas\/structure\/\" \/>\n<meta property=\"og:locale\" content=\"ru_RU\" \/>\n<meta property=\"og:type\" content=\"article\" \/>\n<meta property=\"og:title\" content=\"Organigrama - Centrul de Instruire \u00een Domeniul S\u0103n\u0103t\u0103\u0163ii Reproductive\" \/>\n<meta property=\"og:url\" content=\"https:\/\/cidsr.md\/o-nas\/structure\/\" \/>\n<meta property=\"og:site_name\" content=\"Centrul de Instruire \u00een Domeniul S\u0103n\u0103t\u0103\u0163ii Reproductive\" \/>\n<meta property=\"article:modified_time\" content=\"2023-11-29T13:21:14+00:00\" \/>\n<meta property=\"og:image\" content=\"https:\/\/cidsr.md\/wp-content\/uploads\/2023\/11\/Organigrama-CIDSR-_ro.jpg\" \/>\n<meta name=\"twitter:card\" content=\"summary_large_image\" \/>\n<meta name=\"twitter:label1\" content=\"\u041f\u0440\u0438\u043c\u0435\u0440\u043d\u043e\u0435 \u0432\u0440\u0435\u043c\u044f \u0434\u043b\u044f \u0447\u0442\u0435\u043d\u0438\u044f\" \/>\n\t<meta name=\"twitter:data1\" content=\"1 \u043c\u0438\u043d\u0443\u0442\u0430\" \/>\n<script type=\"application\/ld+json\" class=\"yoast-schema-graph\">{\"@context\":\"https:\/\/schema.org\",\"@graph\":[{\"@type\":\"WebPage\",\"@id\":\"https:\/\/cidsr.md\/o-nas\/structure\/\",\"url\":\"https:\/\/cidsr.md\/o-nas\/structure\/\",\"name\":\"Organigrama - Centrul de Instruire \u00een Domeniul S\u0103n\u0103t\u0103\u0163ii Reproductive\",\"isPartOf\":{\"@id\":\"https:\/\/cidsr.md\/#website\"},\"datePublished\":\"2023-10-20T10:01:09+00:00\",\"dateModified\":\"2023-11-29T13:21:14+00:00\",\"breadcrumb\":{\"@id\":\"https:\/\/cidsr.md\/o-nas\/structure\/#breadcrumb\"},\"inLanguage\":\"ru-RU\",\"potentialAction\":[{\"@type\":\"ReadAction\",\"target\":[\"https:\/\/cidsr.md\/o-nas\/structure\/\"]}]},{\"@type\":\"BreadcrumbList\",\"@id\":\"https:\/\/cidsr.md\/o-nas\/structure\/#breadcrumb\",\"itemListElement\":[{\"@type\":\"ListItem\",\"position\":1,\"name\":\"\u0413\u043b\u0430\u0432\u043d\u0430\u044f \u0441\u0442\u0440\u0430\u043d\u0438\u0446\u0430\",\"item\":\"https:\/\/new.cidsr.md\/\"},{\"@type\":\"ListItem\",\"position\":2,\"name\":\"Despre noi\",\"item\":\"https:\/\/cidsr.md\/o-nas\/\"},{\"@type\":\"ListItem\",\"position\":3,\"name\":\"Organigrama\"}]},{\"@type\":\"WebSite\",\"@id\":\"https:\/\/cidsr.md\/#website\",\"url\":\"https:\/\/cidsr.md\/\",\"name\":\"Centrul de Instruire \u00een Domeniul S\u0103n\u0103t\u0103\u0163ii Reproductive\",\"description\":\"Promov\u0103m s\u0103n\u0103tatea \u0219i drepturile sexuale \u0219i reproductive!\",\"potentialAction\":[{\"@type\":\"SearchAction\",\"target\":{\"@type\":\"EntryPoint\",\"urlTemplate\":\"https:\/\/cidsr.md\/?s={search_term_string}\"},\"query-input\":\"required name=search_term_string\"}],\"inLanguage\":\"ru-RU\"}]}<\/script>\n<!-- \/ Yoast SEO plugin. -->","yoast_head_json":{"title":"Organigrama - Centrul de Instruire \u00een Domeniul S\u0103n\u0103t\u0103\u0163ii Reproductive","robots":{"index":"index","follow":"follow","max-snippet":"max-snippet:-1","max-image-preview":"max-image-preview:large","max-video-preview":"max-video-preview:-1"},"canonical":"https:\/\/cidsr.md\/o-nas\/structure\/","og_locale":"ru_RU","og_type":"article","og_title":"Organigrama - Centrul de Instruire \u00een Domeniul S\u0103n\u0103t\u0103\u0163ii Reproductive","og_url":"https:\/\/cidsr.md\/o-nas\/structure\/","og_site_name":"Centrul de Instruire \u00een Domeniul S\u0103n\u0103t\u0103\u0163ii Reproductive","article_modified_time":"2023-11-29T13:21:14+00:00","og_image":[{"url":"https:\/\/cidsr.md\/wp-content\/uploads\/2023\/11\/Organigrama-CIDSR-_ro.jpg"}],"twitter_card":"summary_large_image","twitter_misc":{"\u041f\u0440\u0438\u043c\u0435\u0440\u043d\u043e\u0435 \u0432\u0440\u0435\u043c\u044f \u0434\u043b\u044f \u0447\u0442\u0435\u043d\u0438\u044f":"1 \u043c\u0438\u043d\u0443\u0442\u0430"},"schema":{"@context":"https:\/\/schema.org","@graph":[{"@type":"WebPage","@id":"https:\/\/cidsr.md\/o-nas\/structure\/","url":"https:\/\/cidsr.md\/o-nas\/structure\/","name":"Organigrama - Centrul de Instruire \u00een Domeniul S\u0103n\u0103t\u0103\u0163ii Reproductive","isPartOf":{"@id":"https:\/\/cidsr.md\/#website"},"datePublished":"2023-10-20T10:01:09+00:00","dateModified":"2023-11-29T13:21:14+00:00","breadcrumb":{"@id":"https:\/\/cidsr.md\/o-nas\/structure\/#breadcrumb"},"inLanguage":"ru-RU","potentialAction":[{"@type":"ReadAction","target":["https:\/\/cidsr.md\/o-nas\/structure\/"]}]},{"@type":"BreadcrumbList","@id":"https:\/\/cidsr.md\/o-nas\/structure\/#breadcrumb","itemListElement":[{"@type":"ListItem","position":1,"name":"\u0413\u043b\u0430\u0432\u043d\u0430\u044f \u0441\u0442\u0440\u0430\u043d\u0438\u0446\u0430","item":"https:\/\/new.cidsr.md\/"},{"@type":"ListItem","position":2,"name":"Despre noi","item":"https:\/\/cidsr.md\/o-nas\/"},{"@type":"ListItem","position":3,"name":"Organigrama"}]},{"@type":"WebSite","@id":"https:\/\/cidsr.md\/#website","url":"https:\/\/cidsr.md\/","name":"Centrul de Instruire \u00een Domeniul S\u0103n\u0103t\u0103\u0163ii Reproductive","description":"Promov\u0103m s\u0103n\u0103tatea \u0219i drepturile sexuale \u0219i reproductive!","potentialAction":[{"@type":"SearchAction","target":{"@type":"EntryPoint","urlTemplate":"https:\/\/cidsr.md\/?s={search_term_string}"},"query-input":"required name=search_term_string"}],"inLanguage":"ru-RU"}]}},"_links":{"self":[{"href":"https:\/\/cidsr.md\/ru\/wp-json\/wp\/v2\/pages\/967","targetHints":{"allow":["GET"]}}],"collection":[{"href":"https:\/\/cidsr.md\/ru\/wp-json\/wp\/v2\/pages"}],"about":[{"href":"https:\/\/cidsr.md\/ru\/wp-json\/wp\/v2\/types\/page"}],"author":[{"embeddable":true,"href":"https:\/\/cidsr.md\/ru\/wp-json\/wp\/v2\/users\/2"}],"replies":[{"embeddable":true,"href":"https:\/\/cidsr.md\/ru\/wp-json\/wp\/v2\/comments?post=967"}],"version-history":[{"count":14,"href":"https:\/\/cidsr.md\/ru\/wp-json\/wp\/v2\/pages\/967\/revisions"}],"predecessor-version":[{"id":11055,"href":"https:\/\/cidsr.md\/ru\/wp-json\/wp\/v2\/pages\/967\/revisions\/11055"}],"up":[{"embeddable":true,"href":"https:\/\/cidsr.md\/ru\/wp-json\/wp\/v2\/pages\/880"}],"wp:attachment":[{"href":"https:\/\/cidsr.md\/ru\/wp-json\/wp\/v2\/media?parent=967"}],"curies":[{"name":"wp","href":"https:\/\/api.w.org\/{rel}","templated":true}]}}