{"id":11383,"date":"2023-11-29T18:39:02","date_gmt":"2023-11-29T15:39:02","guid":{"rendered":"https:\/\/cidsr.md\/?page_id=11383"},"modified":"2023-11-30T16:36:58","modified_gmt":"2023-11-30T13:36:58","slug":"%d0%b0%d0%ba%d0%ba%d1%80%d0%b5%d0%b4%d0%b8%d1%82%d0%b0%d1%86%d0%b8%d1%8f","status":"publish","type":"page","link":"https:\/\/cidsr.md\/ru\/%d0%b3%d0%b8%d0%bd%d0%b5%d0%ba%d0%be%d0%bb%d0%be%d0%b3%d0%b8%d1%87%d0%b5%d1%81%d0%ba%d0%b0%d1%8f-%d0%ba%d0%bb%d0%b8%d0%bd%d0%b8%d0%ba%d0%b0\/%d0%b0%d0%ba%d0%ba%d1%80%d0%b5%d0%b4%d0%b8%d1%82%d0%b0%d1%86%d0%b8%d1%8f\/","title":{"rendered":"\u0410\u043a\u043a\u0440\u0435\u0434\u0438\u0442\u0430\u0446\u0438\u044f","raw":"\u0410\u043a\u043a\u0440\u0435\u0434\u0438\u0442\u0430\u0446\u0438\u044f"},"content":{"rendered":"<p>\u0410\u043a\u043a\u0440\u0435\u0434\u0438\u0442\u0430\u0446\u0438\u044f<\/p>\n","protected":false,"raw":"\u0410\u043a\u043a\u0440\u0435\u0434\u0438\u0442\u0430\u0446\u0438\u044f"},"excerpt":{"rendered":"","protected":false,"raw":""},"author":6,"featured_media":0,"parent":864,"menu_order":1,"comment_status":"closed","ping_status":"closed","template":"","meta":{"_acf_changed":false,"_ru_post_content":"\u0410\u043a\u043a\u0440\u0435\u0434\u0438\u0442\u0430\u0446\u0438\u044f","_ru_post_name":"%d0%b0%d0%ba%d0%ba%d1%80%d0%b5%d0%b4%d0%b8%d1%82%d0%b0%d1%86%d0%b8%d1%8f","_ru_post_excerpt":"","_ru_post_title":"\u0410\u043a\u043a\u0440\u0435\u0434\u0438\u0442\u0430\u0446\u0438\u044f","_en_post_content":"Accreditation","_en_post_name":"accreditation","_en_post_excerpt":"","_en_post_title":"Accreditation","_ro_post_content":"Acreditare","_ro_post_name":"acreditare","_ro_post_excerpt":"","_ro_post_title":"Acreditare","edit_language":"ru","footnotes":""},"class_list":["post-11383","page","type-page","status-publish","hentry"],"acf":[],"yoast_head":"<!-- This site is optimized with the Yoast SEO plugin v22.0 - https:\/\/yoast.com\/wordpress\/plugins\/seo\/ -->\n<title>Acreditare - Centrul de Instruire \u00een Domeniul S\u0103n\u0103t\u0103\u0163ii Reproductive<\/title>\n<meta name=\"robots\" content=\"index, follow, max-snippet:-1, max-image-preview:large, max-video-preview:-1\" \/>\n<link rel=\"canonical\" href=\"https:\/\/cidsr.md\/services\/acreditare\/\" \/>\n<meta property=\"og:locale\" content=\"ru_RU\" \/>\n<meta property=\"og:type\" content=\"article\" \/>\n<meta property=\"og:title\" content=\"Acreditare - Centrul de Instruire \u00een Domeniul S\u0103n\u0103t\u0103\u0163ii Reproductive\" \/>\n<meta property=\"og:description\" content=\"\u0410\u043a\u043a\u0440\u0435\u0434\u0438\u0442\u0430\u0446\u0438\u044f\" \/>\n<meta property=\"og:url\" content=\"https:\/\/cidsr.md\/services\/acreditare\/\" \/>\n<meta property=\"og:site_name\" content=\"Centrul de Instruire \u00een Domeniul S\u0103n\u0103t\u0103\u0163ii Reproductive\" \/>\n<meta property=\"article:modified_time\" content=\"2023-11-30T13:36:58+00:00\" \/>\n<meta name=\"twitter:card\" content=\"summary_large_image\" \/>\n<meta name=\"twitter:label1\" content=\"\u041f\u0440\u0438\u043c\u0435\u0440\u043d\u043e\u0435 \u0432\u0440\u0435\u043c\u044f \u0434\u043b\u044f \u0447\u0442\u0435\u043d\u0438\u044f\" \/>\n\t<meta name=\"twitter:data1\" content=\"1 \u043c\u0438\u043d\u0443\u0442\u0430\" \/>\n<script type=\"application\/ld+json\" class=\"yoast-schema-graph\">{\"@context\":\"https:\/\/schema.org\",\"@graph\":[{\"@type\":\"WebPage\",\"@id\":\"https:\/\/cidsr.md\/services\/acreditare\/\",\"url\":\"https:\/\/cidsr.md\/services\/acreditare\/\",\"name\":\"Acreditare - Centrul de Instruire \u00een Domeniul S\u0103n\u0103t\u0103\u0163ii Reproductive\",\"isPartOf\":{\"@id\":\"https:\/\/cidsr.md\/#website\"},\"datePublished\":\"2023-11-29T15:39:02+00:00\",\"dateModified\":\"2023-11-30T13:36:58+00:00\",\"breadcrumb\":{\"@id\":\"https:\/\/cidsr.md\/services\/acreditare\/#breadcrumb\"},\"inLanguage\":\"ru-RU\",\"potentialAction\":[{\"@type\":\"ReadAction\",\"target\":[\"https:\/\/cidsr.md\/services\/acreditare\/\"]}]},{\"@type\":\"BreadcrumbList\",\"@id\":\"https:\/\/cidsr.md\/services\/acreditare\/#breadcrumb\",\"itemListElement\":[{\"@type\":\"ListItem\",\"position\":1,\"name\":\"\u0413\u043b\u0430\u0432\u043d\u0430\u044f \u0441\u0442\u0440\u0430\u043d\u0438\u0446\u0430\",\"item\":\"https:\/\/new.cidsr.md\/\"},{\"@type\":\"ListItem\",\"position\":2,\"name\":\"Clinica ginecologic\u0103\",\"item\":\"https:\/\/cidsr.md\/services\/\"},{\"@type\":\"ListItem\",\"position\":3,\"name\":\"Acreditare\"}]},{\"@type\":\"WebSite\",\"@id\":\"https:\/\/cidsr.md\/#website\",\"url\":\"https:\/\/cidsr.md\/\",\"name\":\"Centrul de Instruire \u00een Domeniul S\u0103n\u0103t\u0103\u0163ii Reproductive\",\"description\":\"Promov\u0103m s\u0103n\u0103tatea \u0219i drepturile sexuale \u0219i reproductive!\",\"potentialAction\":[{\"@type\":\"SearchAction\",\"target\":{\"@type\":\"EntryPoint\",\"urlTemplate\":\"https:\/\/cidsr.md\/?s={search_term_string}\"},\"query-input\":\"required name=search_term_string\"}],\"inLanguage\":\"ru-RU\"}]}<\/script>\n<!-- \/ Yoast SEO plugin. -->","yoast_head_json":{"title":"Acreditare - Centrul de Instruire \u00een Domeniul S\u0103n\u0103t\u0103\u0163ii Reproductive","robots":{"index":"index","follow":"follow","max-snippet":"max-snippet:-1","max-image-preview":"max-image-preview:large","max-video-preview":"max-video-preview:-1"},"canonical":"https:\/\/cidsr.md\/services\/acreditare\/","og_locale":"ru_RU","og_type":"article","og_title":"Acreditare - Centrul de Instruire \u00een Domeniul S\u0103n\u0103t\u0103\u0163ii Reproductive","og_description":"\u0410\u043a\u043a\u0440\u0435\u0434\u0438\u0442\u0430\u0446\u0438\u044f","og_url":"https:\/\/cidsr.md\/services\/acreditare\/","og_site_name":"Centrul de Instruire \u00een Domeniul S\u0103n\u0103t\u0103\u0163ii Reproductive","article_modified_time":"2023-11-30T13:36:58+00:00","twitter_card":"summary_large_image","twitter_misc":{"\u041f\u0440\u0438\u043c\u0435\u0440\u043d\u043e\u0435 \u0432\u0440\u0435\u043c\u044f \u0434\u043b\u044f \u0447\u0442\u0435\u043d\u0438\u044f":"1 \u043c\u0438\u043d\u0443\u0442\u0430"},"schema":{"@context":"https:\/\/schema.org","@graph":[{"@type":"WebPage","@id":"https:\/\/cidsr.md\/services\/acreditare\/","url":"https:\/\/cidsr.md\/services\/acreditare\/","name":"Acreditare - Centrul de Instruire \u00een Domeniul S\u0103n\u0103t\u0103\u0163ii Reproductive","isPartOf":{"@id":"https:\/\/cidsr.md\/#website"},"datePublished":"2023-11-29T15:39:02+00:00","dateModified":"2023-11-30T13:36:58+00:00","breadcrumb":{"@id":"https:\/\/cidsr.md\/services\/acreditare\/#breadcrumb"},"inLanguage":"ru-RU","potentialAction":[{"@type":"ReadAction","target":["https:\/\/cidsr.md\/services\/acreditare\/"]}]},{"@type":"BreadcrumbList","@id":"https:\/\/cidsr.md\/services\/acreditare\/#breadcrumb","itemListElement":[{"@type":"ListItem","position":1,"name":"\u0413\u043b\u0430\u0432\u043d\u0430\u044f \u0441\u0442\u0440\u0430\u043d\u0438\u0446\u0430","item":"https:\/\/new.cidsr.md\/"},{"@type":"ListItem","position":2,"name":"Clinica ginecologic\u0103","item":"https:\/\/cidsr.md\/services\/"},{"@type":"ListItem","position":3,"name":"Acreditare"}]},{"@type":"WebSite","@id":"https:\/\/cidsr.md\/#website","url":"https:\/\/cidsr.md\/","name":"Centrul de Instruire \u00een Domeniul S\u0103n\u0103t\u0103\u0163ii Reproductive","description":"Promov\u0103m s\u0103n\u0103tatea \u0219i drepturile sexuale \u0219i reproductive!","potentialAction":[{"@type":"SearchAction","target":{"@type":"EntryPoint","urlTemplate":"https:\/\/cidsr.md\/?s={search_term_string}"},"query-input":"required name=search_term_string"}],"inLanguage":"ru-RU"}]}},"_links":{"self":[{"href":"https:\/\/cidsr.md\/ru\/wp-json\/wp\/v2\/pages\/11383","targetHints":{"allow":["GET"]}}],"collection":[{"href":"https:\/\/cidsr.md\/ru\/wp-json\/wp\/v2\/pages"}],"about":[{"href":"https:\/\/cidsr.md\/ru\/wp-json\/wp\/v2\/types\/page"}],"author":[{"embeddable":true,"href":"https:\/\/cidsr.md\/ru\/wp-json\/wp\/v2\/users\/6"}],"replies":[{"embeddable":true,"href":"https:\/\/cidsr.md\/ru\/wp-json\/wp\/v2\/comments?post=11383"}],"version-history":[{"count":3,"href":"https:\/\/cidsr.md\/ru\/wp-json\/wp\/v2\/pages\/11383\/revisions"}],"predecessor-version":[{"id":11406,"href":"https:\/\/cidsr.md\/ru\/wp-json\/wp\/v2\/pages\/11383\/revisions\/11406"}],"up":[{"embeddable":true,"href":"https:\/\/cidsr.md\/ru\/wp-json\/wp\/v2\/pages\/864"}],"wp:attachment":[{"href":"https:\/\/cidsr.md\/ru\/wp-json\/wp\/v2\/media?parent=11383"}],"curies":[{"name":"wp","href":"https:\/\/api.w.org\/{rel}","templated":true}]}}