{"id":11024,"date":"2023-11-03T16:15:45","date_gmt":"2023-11-03T16:15:45","guid":{"rendered":"https:\/\/www.cidsr.md\/?page_id=5547"},"modified":"2023-11-09T17:58:17","modified_gmt":"2023-11-09T14:58:17","slug":"articole-stiintifice","status":"publish","type":"page","link":"https:\/\/cidsr.md\/ru\/%d1%80%d0%b5%d1%81%d1%83%d1%80%d1%81%d1%8b\/avort\/articole-stiintifice\/","title":{"rendered":"\u041d\u0430\u0443\u0447\u043d\u044b\u0435 \u0441\u0442\u0430\u0442\u044c\u0438","raw":"\u041d\u0430\u0443\u0447\u043d\u044b\u0435 \u0441\u0442\u0430\u0442\u044c\u0438"},"content":{"rendered":"<p><img loading=\"lazy\" decoding=\"async\" class=\"size-full wp-image-5550 alignleft\" src=\"https:\/\/cidsr.md\/wp-content\/uploads\/2018\/06\/Research.jpg\" alt=\"Research\" width=\"236\" height=\"236\" \/><\/p>\n<ul>\n<li><a href=\"https:\/\/www.contraceptionjournal.org\/article\/S0010-7824(17)30438-9\/fulltext?utm_source=International+Campaign+for+Women%27s+Right+to+Safe+Abortion+membership+list&amp;utm_campaign=c2050fa1b2-&amp;utm_medium=email&amp;utm_term=0_c9f67cdfa6-c2050fa1b2-64321153\" target=\"_blank\" rel=\"noopener\">Efficacy of medical abortion prior to 6 gestational weeks: a systematic review<\/a><\/li>\n<\/ul>\n","protected":false,"raw":"<img class=\"size-full wp-image-5550 alignleft\" src=\"https:\/\/cidsr.md\/wp-content\/uploads\/2018\/06\/Research.jpg\" alt=\"Research\" width=\"236\" height=\"236\" \/>\r\n<ul>\r\n \t<li><a href=\"https:\/\/www.contraceptionjournal.org\/article\/S0010-7824(17)30438-9\/fulltext?utm_source=International+Campaign+for+Women%27s+Right+to+Safe+Abortion+membership+list&amp;utm_campaign=c2050fa1b2-&amp;utm_medium=email&amp;utm_term=0_c9f67cdfa6-c2050fa1b2-64321153\" target=\"_blank\" rel=\"noopener\">Efficacy of medical abortion prior to 6 gestational weeks: a systematic review<\/a><\/li>\r\n<\/ul>"},"excerpt":{"rendered":"","protected":false,"raw":""},"author":4,"featured_media":0,"parent":985,"menu_order":999,"comment_status":"closed","ping_status":"closed","template":"page-text.php","meta":{"_acf_changed":false,"_ru_post_content":"<img class=\"size-full wp-image-5550 alignleft\" src=\"https:\/\/cidsr.md\/wp-content\/uploads\/2018\/06\/Research.jpg\" alt=\"Research\" width=\"236\" height=\"236\" \/>\r\n<ul>\r\n \t<li><a href=\"https:\/\/www.contraceptionjournal.org\/article\/S0010-7824(17)30438-9\/fulltext?utm_source=International+Campaign+for+Women%27s+Right+to+Safe+Abortion+membership+list&amp;utm_campaign=c2050fa1b2-&amp;utm_medium=email&amp;utm_term=0_c9f67cdfa6-c2050fa1b2-64321153\" target=\"_blank\" rel=\"noopener\">Efficacy of medical abortion prior to 6 gestational weeks: a systematic review<\/a><\/li>\r\n<\/ul>","_ru_post_name":"articole-stiintifice","_ru_post_excerpt":"","_ru_post_title":"\u041d\u0430\u0443\u0447\u043d\u044b\u0435 \u0441\u0442\u0430\u0442\u044c\u0438","_en_post_content":"<img class=\"size-full wp-image-5550 alignleft\" src=\"https:\/\/cidsr.md\/wp-content\/uploads\/2018\/06\/Research.jpg\" alt=\"Research\" width=\"236\" height=\"236\" \/>\r\n<ul>\r\n \t<li><a href=\"https:\/\/www.contraceptionjournal.org\/article\/S0010-7824(17)30438-9\/fulltext?utm_source=International+Campaign+for+Women%27s+Right+to+Safe+Abortion+membership+list&amp;utm_campaign=c2050fa1b2-&amp;utm_medium=email&amp;utm_term=0_c9f67cdfa6-c2050fa1b2-64321153\" target=\"_blank\" rel=\"noopener\">Efficacy of medical abortion prior to 6 gestational weeks: a systematic review<\/a><\/li>\r\n<\/ul>","_en_post_name":"articole-stiintifice","_en_post_excerpt":"","_en_post_title":"Research Article","_ro_post_content":"<img class=\"size-full wp-image-5550 alignleft\" src=\"https:\/\/cidsr.md\/wp-content\/uploads\/2018\/06\/Research.jpg\" alt=\"Research\" width=\"236\" height=\"236\" \/>\r\n<ul>\r\n \t<li style=\"list-style-type: none;\">\r\n<ul>\r\n \t<li><a href=\"https:\/\/www.contraceptionjournal.org\/article\/S0010-7824(17)30438-9\/fulltext?utm_source=International+Campaign+for+Women%27s+Right+to+Safe+Abortion+membership+list&amp;utm_campaign=c2050fa1b2-&amp;utm_medium=email&amp;utm_term=0_c9f67cdfa6-c2050fa1b2-64321153\" target=\"_blank\" rel=\"noopener\">Efficacy of medical abortion prior to 6 gestational weeks: a systematic review<\/a><\/li>\r\n<\/ul>\r\n<\/li>\r\n<\/ul>","_ro_post_name":"articole-stiintifice","_ro_post_excerpt":"","_ro_post_title":"Articole \u0219tiin\u021bifice","edit_language":"ru","footnotes":""},"class_list":["post-11024","page","type-page","status-publish","hentry"],"acf":[],"yoast_head":"<!-- This site is optimized with the Yoast SEO plugin v22.0 - https:\/\/yoast.com\/wordpress\/plugins\/seo\/ -->\n<title>Articole \u0219tiin\u021bifice - Centrul de Instruire \u00een Domeniul S\u0103n\u0103t\u0103\u0163ii Reproductive<\/title>\n<meta name=\"robots\" content=\"index, follow, max-snippet:-1, max-image-preview:large, max-video-preview:-1\" \/>\n<link rel=\"canonical\" href=\"https:\/\/cidsr.md\/resurses\/avort\/articole-stiintifice\/\" \/>\n<meta property=\"og:locale\" content=\"ru_RU\" \/>\n<meta property=\"og:type\" content=\"article\" \/>\n<meta property=\"og:title\" content=\"Articole \u0219tiin\u021bifice - Centrul de Instruire \u00een Domeniul S\u0103n\u0103t\u0103\u0163ii Reproductive\" \/>\n<meta property=\"og:description\" content=\"Efficacy of medical abortion prior to 6 gestational weeks: a systematic review\" \/>\n<meta property=\"og:url\" content=\"https:\/\/cidsr.md\/resurses\/avort\/articole-stiintifice\/\" \/>\n<meta property=\"og:site_name\" content=\"Centrul de Instruire \u00een Domeniul S\u0103n\u0103t\u0103\u0163ii Reproductive\" \/>\n<meta property=\"article:modified_time\" content=\"2023-11-09T14:58:17+00:00\" \/>\n<meta property=\"og:image\" content=\"https:\/\/cidsr.md\/wp-content\/uploads\/2018\/06\/Research.jpg\" \/>\n<meta name=\"twitter:card\" content=\"summary_large_image\" \/>\n<meta name=\"twitter:label1\" content=\"\u041f\u0440\u0438\u043c\u0435\u0440\u043d\u043e\u0435 \u0432\u0440\u0435\u043c\u044f \u0434\u043b\u044f \u0447\u0442\u0435\u043d\u0438\u044f\" \/>\n\t<meta name=\"twitter:data1\" content=\"1 \u043c\u0438\u043d\u0443\u0442\u0430\" \/>\n<script type=\"application\/ld+json\" class=\"yoast-schema-graph\">{\"@context\":\"https:\/\/schema.org\",\"@graph\":[{\"@type\":\"WebPage\",\"@id\":\"https:\/\/cidsr.md\/resurses\/avort\/articole-stiintifice\/\",\"url\":\"https:\/\/cidsr.md\/resurses\/avort\/articole-stiintifice\/\",\"name\":\"Articole \u0219tiin\u021bifice - Centrul de Instruire \u00een Domeniul S\u0103n\u0103t\u0103\u0163ii Reproductive\",\"isPartOf\":{\"@id\":\"https:\/\/cidsr.md\/#website\"},\"datePublished\":\"2023-11-03T16:15:45+00:00\",\"dateModified\":\"2023-11-09T14:58:17+00:00\",\"breadcrumb\":{\"@id\":\"https:\/\/cidsr.md\/resurses\/avort\/articole-stiintifice\/#breadcrumb\"},\"inLanguage\":\"ru-RU\",\"potentialAction\":[{\"@type\":\"ReadAction\",\"target\":[\"https:\/\/cidsr.md\/resurses\/avort\/articole-stiintifice\/\"]}]},{\"@type\":\"BreadcrumbList\",\"@id\":\"https:\/\/cidsr.md\/resurses\/avort\/articole-stiintifice\/#breadcrumb\",\"itemListElement\":[{\"@type\":\"ListItem\",\"position\":1,\"name\":\"\u0413\u043b\u0430\u0432\u043d\u0430\u044f \u0441\u0442\u0440\u0430\u043d\u0438\u0446\u0430\",\"item\":\"https:\/\/new.cidsr.md\/\"},{\"@type\":\"ListItem\",\"position\":2,\"name\":\"Resurse\",\"item\":\"https:\/\/cidsr.md\/resurses\/\"},{\"@type\":\"ListItem\",\"position\":3,\"name\":\"Avortul\",\"item\":\"https:\/\/cidsr.md\/resurses\/avort\/\"},{\"@type\":\"ListItem\",\"position\":4,\"name\":\"Articole \u0219tiin\u021bifice\"}]},{\"@type\":\"WebSite\",\"@id\":\"https:\/\/cidsr.md\/#website\",\"url\":\"https:\/\/cidsr.md\/\",\"name\":\"Centrul de Instruire \u00een Domeniul S\u0103n\u0103t\u0103\u0163ii Reproductive\",\"description\":\"Promov\u0103m s\u0103n\u0103tatea \u0219i drepturile sexuale \u0219i reproductive!\",\"potentialAction\":[{\"@type\":\"SearchAction\",\"target\":{\"@type\":\"EntryPoint\",\"urlTemplate\":\"https:\/\/cidsr.md\/?s={search_term_string}\"},\"query-input\":\"required name=search_term_string\"}],\"inLanguage\":\"ru-RU\"}]}<\/script>\n<!-- \/ Yoast SEO plugin. -->","yoast_head_json":{"title":"Articole \u0219tiin\u021bifice - Centrul de Instruire \u00een Domeniul S\u0103n\u0103t\u0103\u0163ii Reproductive","robots":{"index":"index","follow":"follow","max-snippet":"max-snippet:-1","max-image-preview":"max-image-preview:large","max-video-preview":"max-video-preview:-1"},"canonical":"https:\/\/cidsr.md\/resurses\/avort\/articole-stiintifice\/","og_locale":"ru_RU","og_type":"article","og_title":"Articole \u0219tiin\u021bifice - Centrul de Instruire \u00een Domeniul S\u0103n\u0103t\u0103\u0163ii Reproductive","og_description":"Efficacy of medical abortion prior to 6 gestational weeks: a systematic review","og_url":"https:\/\/cidsr.md\/resurses\/avort\/articole-stiintifice\/","og_site_name":"Centrul de Instruire \u00een Domeniul S\u0103n\u0103t\u0103\u0163ii Reproductive","article_modified_time":"2023-11-09T14:58:17+00:00","og_image":[{"url":"https:\/\/cidsr.md\/wp-content\/uploads\/2018\/06\/Research.jpg"}],"twitter_card":"summary_large_image","twitter_misc":{"\u041f\u0440\u0438\u043c\u0435\u0440\u043d\u043e\u0435 \u0432\u0440\u0435\u043c\u044f \u0434\u043b\u044f \u0447\u0442\u0435\u043d\u0438\u044f":"1 \u043c\u0438\u043d\u0443\u0442\u0430"},"schema":{"@context":"https:\/\/schema.org","@graph":[{"@type":"WebPage","@id":"https:\/\/cidsr.md\/resurses\/avort\/articole-stiintifice\/","url":"https:\/\/cidsr.md\/resurses\/avort\/articole-stiintifice\/","name":"Articole \u0219tiin\u021bifice - Centrul de Instruire \u00een Domeniul S\u0103n\u0103t\u0103\u0163ii Reproductive","isPartOf":{"@id":"https:\/\/cidsr.md\/#website"},"datePublished":"2023-11-03T16:15:45+00:00","dateModified":"2023-11-09T14:58:17+00:00","breadcrumb":{"@id":"https:\/\/cidsr.md\/resurses\/avort\/articole-stiintifice\/#breadcrumb"},"inLanguage":"ru-RU","potentialAction":[{"@type":"ReadAction","target":["https:\/\/cidsr.md\/resurses\/avort\/articole-stiintifice\/"]}]},{"@type":"BreadcrumbList","@id":"https:\/\/cidsr.md\/resurses\/avort\/articole-stiintifice\/#breadcrumb","itemListElement":[{"@type":"ListItem","position":1,"name":"\u0413\u043b\u0430\u0432\u043d\u0430\u044f \u0441\u0442\u0440\u0430\u043d\u0438\u0446\u0430","item":"https:\/\/new.cidsr.md\/"},{"@type":"ListItem","position":2,"name":"Resurse","item":"https:\/\/cidsr.md\/resurses\/"},{"@type":"ListItem","position":3,"name":"Avortul","item":"https:\/\/cidsr.md\/resurses\/avort\/"},{"@type":"ListItem","position":4,"name":"Articole \u0219tiin\u021bifice"}]},{"@type":"WebSite","@id":"https:\/\/cidsr.md\/#website","url":"https:\/\/cidsr.md\/","name":"Centrul de Instruire \u00een Domeniul S\u0103n\u0103t\u0103\u0163ii Reproductive","description":"Promov\u0103m s\u0103n\u0103tatea \u0219i drepturile sexuale \u0219i reproductive!","potentialAction":[{"@type":"SearchAction","target":{"@type":"EntryPoint","urlTemplate":"https:\/\/cidsr.md\/?s={search_term_string}"},"query-input":"required name=search_term_string"}],"inLanguage":"ru-RU"}]}},"_links":{"self":[{"href":"https:\/\/cidsr.md\/ru\/wp-json\/wp\/v2\/pages\/11024","targetHints":{"allow":["GET"]}}],"collection":[{"href":"https:\/\/cidsr.md\/ru\/wp-json\/wp\/v2\/pages"}],"about":[{"href":"https:\/\/cidsr.md\/ru\/wp-json\/wp\/v2\/types\/page"}],"author":[{"embeddable":true,"href":"https:\/\/cidsr.md\/ru\/wp-json\/wp\/v2\/users\/4"}],"replies":[{"embeddable":true,"href":"https:\/\/cidsr.md\/ru\/wp-json\/wp\/v2\/comments?post=11024"}],"version-history":[{"count":3,"href":"https:\/\/cidsr.md\/ru\/wp-json\/wp\/v2\/pages\/11024\/revisions"}],"predecessor-version":[{"id":11106,"href":"https:\/\/cidsr.md\/ru\/wp-json\/wp\/v2\/pages\/11024\/revisions\/11106"}],"up":[{"embeddable":true,"href":"https:\/\/cidsr.md\/ru\/wp-json\/wp\/v2\/pages\/985"}],"wp:attachment":[{"href":"https:\/\/cidsr.md\/ru\/wp-json\/wp\/v2\/media?parent=11024"}],"curies":[{"name":"wp","href":"https:\/\/api.w.org\/{rel}","templated":true}]}}