{"id":11020,"date":"2023-11-03T16:15:45","date_gmt":"2023-11-03T16:15:45","guid":{"rendered":"https:\/\/www.cidsr.md\/?page_id=5381"},"modified":"2023-11-08T15:51:15","modified_gmt":"2023-11-08T12:51:15","slug":"materiale-informative-si-educationale-elaborate-de-cidsr","status":"publish","type":"page","link":"https:\/\/cidsr.md\/ru\/%d1%80%d0%b5%d1%81%d1%83%d1%80%d1%81%d1%8b\/avort\/materiale-informative-si-educationale-elaborate-de-cidsr\/","title":{"rendered":"\u0418\u043d\u0444\u043e\u0440\u043c\u0430\u0446\u0438\u043e\u043d\u043d\u044b\u0435 \u0438 \u043e\u0431\u0440\u0430\u0437\u043e\u0432\u0430\u0442\u0435\u043b\u044c\u043d\u044b\u0435 \u0440\u0435\u0441\u0443\u0440\u0441\u044b, \u0440\u0430\u0437\u0440\u0430\u0431\u043e\u0442\u0430\u043d\u043d\u044b\u0435 CIDSR","raw":"\u0418\u043d\u0444\u043e\u0440\u043c\u0430\u0446\u0438\u043e\u043d\u043d\u044b\u0435 \u0438 \u043e\u0431\u0440\u0430\u0437\u043e\u0432\u0430\u0442\u0435\u043b\u044c\u043d\u044b\u0435 \u0440\u0435\u0441\u0443\u0440\u0441\u044b, \u0440\u0430\u0437\u0440\u0430\u0431\u043e\u0442\u0430\u043d\u043d\u044b\u0435 CIDSR"},"content":{"rendered":"<table>\n<tbody>\n<tr>\n<td style=\"text-align: center;\"><a href=\"https:\/\/cidsr.md\/wp-content\/uploads\/2018\/04\/Curricul_Avortul-in-siguranta-pentru-lucratorii-din-asistenta-medicala-primara.pdf\" target=\"_blank\" rel=\"noopener\"><img loading=\"lazy\" decoding=\"async\" class=\"wp-image-5090 aligncenter\" src=\"https:\/\/cidsr.md\/wp-content\/uploads\/2018\/04\/COVER-CURR-AVORT-JPG.jpg\" alt=\"\" width=\"247\" height=\"347\" \/><\/a><strong><a href=\"https:\/\/cidsr.md\/wp-content\/uploads\/2018\/04\/Curricul_Avortul-in-siguranta-pentru-lucratorii-din-asistenta-medicala-primara.pdf\" target=\"_blank\" rel=\"noopener\">PDF<\/a><\/strong>, 608 \u041ab<\/p>\n<p>&nbsp;<\/td>\n<td style=\"text-align: center;\"><a href=\"https:\/\/cidsr.md\/wp-content\/uploads\/2018\/04\/Curricul_Efectuarea-intreruperii-sarcinii-in-conditii-de-siguranta.pdf\" target=\"_blank\" rel=\"noopener\"><img loading=\"lazy\" decoding=\"async\" class=\"wp-image-5098 aligncenter\" src=\"https:\/\/cidsr.md\/wp-content\/uploads\/2018\/04\/COVER-CURR-EFECT-JPG.jpg\" alt=\"\" width=\"247\" height=\"349\" \/><\/a><a href=\"https:\/\/cidsr.md\/wp-content\/uploads\/2018\/04\/Curricul_Efectuarea-intreruperii-sarcinii-in-conditii-de-siguranta.pdf\" target=\"_blank\" rel=\"noopener\"><strong>PDF<\/strong><\/a>, 613 Kb<\/p>\n<p>&nbsp;<\/td>\n<td style=\"text-align: center;\"><strong><a href=\"https:\/\/cidsr.md\/wp-content\/uploads\/2018\/04\/Ghid-ingormativ-explicativ-AVORTUL-IN-SIGURANTA.pdf\" target=\"_blank\" rel=\"noopener\"><img loading=\"lazy\" decoding=\"async\" class=\"wp-image-5387 aligncenter\" src=\"https:\/\/cidsr.md\/wp-content\/uploads\/2018\/04\/Ghid-ingormativ-1-1-e1524818883170.jpg\" alt=\"\" width=\"247\" height=\"349\" \/><\/a><a href=\"https:\/\/cidsr.md\/wp-content\/uploads\/2018\/04\/Ghid-ingormativ-explicativ-AVORTUL-IN-SIGURANTA.pdf\" target=\"_blank\" rel=\"noopener\">PDF<\/a><\/strong>, 3,44 Mb<\/p>\n<p>&nbsp;<\/td>\n<td style=\"text-align: center;\"><strong><a href=\"https:\/\/cidsr.md\/wp-content\/uploads\/2018\/04\/AVORT-IN-SIGURANTA-INF-UTILE.pdf\" target=\"_blank\" rel=\"noopener\"><img loading=\"lazy\" decoding=\"async\" class=\"wp-image-5393 aligncenter\" src=\"https:\/\/cidsr.md\/wp-content\/uploads\/2018\/04\/AVORT-IN-SIGURANTA-COVER-1.jpg\" alt=\"\" width=\"262\" height=\"345\" \/><\/a><a href=\"https:\/\/cidsr.md\/wp-content\/uploads\/2018\/04\/AVORT-IN-SIGURANTA-INF-UTILE.pdf\" target=\"_blank\" rel=\"noopener\">PDF (ROMANA)<\/a><\/strong>, 2,65 Mb<\/p>\n<p><a href=\"https:\/\/cidsr.md\/wp-content\/uploads\/2018\/05\/ABORTI_brosura.pdf\" target=\"_blank\" rel=\"noopener\"><strong>PDF (RUSA)<\/strong><\/a>, 465 Kb<\/td>\n<\/tr>\n<\/tbody>\n<\/table>\n<ul>\n<li><a href=\"https:\/\/cidsr.md\/wp-content\/uploads\/2018\/05\/MODUL-ED-AVORTUL-IN-SIGURANTA.pdf\" target=\"_blank\" rel=\"noopener\"><strong>Modulul educa\u021bional pentru lucr\u0103torii din asisten\u021ba medical\u0103 primar\u0103 \u201cAvortul \u00een siguran\u021b\u0103\u201d<\/strong><\/a>, 1,12Mb<\/li>\n<li><strong><a href=\"https:\/\/cidsr.md\/wp-content\/uploads\/2018\/05\/GHID-CLINIC-IN-AVM.pdf\" target=\"_blank\" rel=\"noopener\">Ghid clinic \u00een aspira\u0163ia vacuum manual\u0103<\/a><\/strong>, 1,41Kb<\/li>\n<\/ul>\n","protected":false,"raw":"<table>\n<tbody>\n<tr>\n<td style=\"text-align: center;\"><a href=\"https:\/\/cidsr.md\/wp-content\/uploads\/2018\/04\/Curricul_Avortul-in-siguranta-pentru-lucratorii-din-asistenta-medicala-primara.pdf\" target=\"_blank\" rel=\"noopener\"><img class=\"wp-image-5090 aligncenter\" src=\"https:\/\/cidsr.md\/wp-content\/uploads\/2018\/04\/COVER-CURR-AVORT-JPG.jpg\" alt=\"\" width=\"247\" height=\"347\" \/><\/a><strong><a href=\"https:\/\/cidsr.md\/wp-content\/uploads\/2018\/04\/Curricul_Avortul-in-siguranta-pentru-lucratorii-din-asistenta-medicala-primara.pdf\" target=\"_blank\" rel=\"noopener\">PDF<\/a><\/strong>, 608 \u041ab\n\n&nbsp;<\/td>\n<td style=\"text-align: center;\"><a href=\"https:\/\/cidsr.md\/wp-content\/uploads\/2018\/04\/Curricul_Efectuarea-intreruperii-sarcinii-in-conditii-de-siguranta.pdf\" target=\"_blank\" rel=\"noopener\"><img class=\"wp-image-5098 aligncenter\" src=\"https:\/\/cidsr.md\/wp-content\/uploads\/2018\/04\/COVER-CURR-EFECT-JPG.jpg\" alt=\"\" width=\"247\" height=\"349\" \/><\/a><a href=\"https:\/\/cidsr.md\/wp-content\/uploads\/2018\/04\/Curricul_Efectuarea-intreruperii-sarcinii-in-conditii-de-siguranta.pdf\" target=\"_blank\" rel=\"noopener\"><strong>PDF<\/strong><\/a>, 613 Kb\n\n&nbsp;<\/td>\n<td style=\"text-align: center;\"><strong><a href=\"https:\/\/cidsr.md\/wp-content\/uploads\/2018\/04\/Ghid-ingormativ-explicativ-AVORTUL-IN-SIGURANTA.pdf\" target=\"_blank\" rel=\"noopener\"><img class=\"wp-image-5387 aligncenter\" src=\"https:\/\/cidsr.md\/wp-content\/uploads\/2018\/04\/Ghid-ingormativ-1-1-e1524818883170.jpg\" alt=\"\" width=\"247\" height=\"349\" \/><\/a><a href=\"https:\/\/cidsr.md\/wp-content\/uploads\/2018\/04\/Ghid-ingormativ-explicativ-AVORTUL-IN-SIGURANTA.pdf\" target=\"_blank\" rel=\"noopener\">PDF<\/a><\/strong>, 3,44 Mb\n\n&nbsp;<\/td>\n<td style=\"text-align: center;\"><strong><a href=\"https:\/\/cidsr.md\/wp-content\/uploads\/2018\/04\/AVORT-IN-SIGURANTA-INF-UTILE.pdf\" target=\"_blank\" rel=\"noopener\"><img class=\"wp-image-5393 aligncenter\" src=\"https:\/\/cidsr.md\/wp-content\/uploads\/2018\/04\/AVORT-IN-SIGURANTA-COVER-1.jpg\" alt=\"\" width=\"262\" height=\"345\" \/><\/a><a href=\"https:\/\/cidsr.md\/wp-content\/uploads\/2018\/04\/AVORT-IN-SIGURANTA-INF-UTILE.pdf\" target=\"_blank\" rel=\"noopener\">PDF (ROMANA)<\/a><\/strong>, 2,65 Mb\n\n<a href=\"https:\/\/cidsr.md\/wp-content\/uploads\/2018\/05\/ABORTI_brosura.pdf\" target=\"_blank\" rel=\"noopener\"><strong>PDF (RUSA)<\/strong><\/a>, 465 Kb<\/td>\n<\/tr>\n<\/tbody>\n<\/table>\n\n<ul>\n \t<li><a href=\"https:\/\/cidsr.md\/wp-content\/uploads\/2018\/05\/MODUL-ED-AVORTUL-IN-SIGURANTA.pdf\" target=\"_blank\" rel=\"noopener\"><strong>Modulul educa\u021bional pentru lucr\u0103torii din asisten\u021ba medical\u0103 primar\u0103 \u201cAvortul \u00een siguran\u021b\u0103\u201d<\/strong><\/a>, 1,12Mb<\/li>\n \t<li><strong><a href=\"https:\/\/cidsr.md\/wp-content\/uploads\/2018\/05\/GHID-CLINIC-IN-AVM.pdf\" target=\"_blank\" rel=\"noopener\">Ghid clinic \u00een aspira\u0163ia vacuum manual\u0103<\/a><\/strong>, 1,41Kb<\/li>\n<\/ul>"},"excerpt":{"rendered":"","protected":false,"raw":""},"author":4,"featured_media":0,"parent":985,"menu_order":999,"comment_status":"closed","ping_status":"closed","template":"page-text.php","meta":{"_acf_changed":false,"_ru_post_content":"<table>\n<tbody>\n<tr>\n<td style=\"text-align: center;\"><a href=\"https:\/\/cidsr.md\/wp-content\/uploads\/2018\/04\/Curricul_Avortul-in-siguranta-pentru-lucratorii-din-asistenta-medicala-primara.pdf\" target=\"_blank\" rel=\"noopener\"><img class=\"wp-image-5090 aligncenter\" src=\"https:\/\/cidsr.md\/wp-content\/uploads\/2018\/04\/COVER-CURR-AVORT-JPG.jpg\" alt=\"\" width=\"247\" height=\"347\" \/><\/a><strong><a href=\"https:\/\/cidsr.md\/wp-content\/uploads\/2018\/04\/Curricul_Avortul-in-siguranta-pentru-lucratorii-din-asistenta-medicala-primara.pdf\" target=\"_blank\" rel=\"noopener\">PDF<\/a><\/strong>, 608 \u041ab\n\n&nbsp;<\/td>\n<td style=\"text-align: center;\"><a href=\"https:\/\/cidsr.md\/wp-content\/uploads\/2018\/04\/Curricul_Efectuarea-intreruperii-sarcinii-in-conditii-de-siguranta.pdf\" target=\"_blank\" rel=\"noopener\"><img class=\"wp-image-5098 aligncenter\" src=\"https:\/\/cidsr.md\/wp-content\/uploads\/2018\/04\/COVER-CURR-EFECT-JPG.jpg\" alt=\"\" width=\"247\" height=\"349\" \/><\/a><a href=\"https:\/\/cidsr.md\/wp-content\/uploads\/2018\/04\/Curricul_Efectuarea-intreruperii-sarcinii-in-conditii-de-siguranta.pdf\" target=\"_blank\" rel=\"noopener\"><strong>PDF<\/strong><\/a>, 613 Kb\n\n&nbsp;<\/td>\n<td style=\"text-align: center;\"><strong><a href=\"https:\/\/cidsr.md\/wp-content\/uploads\/2018\/04\/Ghid-ingormativ-explicativ-AVORTUL-IN-SIGURANTA.pdf\" target=\"_blank\" rel=\"noopener\"><img class=\"wp-image-5387 aligncenter\" src=\"https:\/\/cidsr.md\/wp-content\/uploads\/2018\/04\/Ghid-ingormativ-1-1-e1524818883170.jpg\" alt=\"\" width=\"247\" height=\"349\" \/><\/a><a href=\"https:\/\/cidsr.md\/wp-content\/uploads\/2018\/04\/Ghid-ingormativ-explicativ-AVORTUL-IN-SIGURANTA.pdf\" target=\"_blank\" rel=\"noopener\">PDF<\/a><\/strong>, 3,44 Mb\n\n&nbsp;<\/td>\n<td style=\"text-align: center;\"><strong><a href=\"https:\/\/cidsr.md\/wp-content\/uploads\/2018\/04\/AVORT-IN-SIGURANTA-INF-UTILE.pdf\" target=\"_blank\" rel=\"noopener\"><img class=\"wp-image-5393 aligncenter\" src=\"https:\/\/cidsr.md\/wp-content\/uploads\/2018\/04\/AVORT-IN-SIGURANTA-COVER-1.jpg\" alt=\"\" width=\"262\" height=\"345\" \/><\/a><a href=\"https:\/\/cidsr.md\/wp-content\/uploads\/2018\/04\/AVORT-IN-SIGURANTA-INF-UTILE.pdf\" target=\"_blank\" rel=\"noopener\">PDF (ROMANA)<\/a><\/strong>, 2,65 Mb\n\n<a href=\"https:\/\/cidsr.md\/wp-content\/uploads\/2018\/05\/ABORTI_brosura.pdf\" target=\"_blank\" rel=\"noopener\"><strong>PDF (RUSA)<\/strong><\/a>, 465 Kb<\/td>\n<\/tr>\n<\/tbody>\n<\/table>\n\n<ul>\n \t<li><a href=\"https:\/\/cidsr.md\/wp-content\/uploads\/2018\/05\/MODUL-ED-AVORTUL-IN-SIGURANTA.pdf\" target=\"_blank\" rel=\"noopener\"><strong>Modulul educa\u021bional pentru lucr\u0103torii din asisten\u021ba medical\u0103 primar\u0103 \u201cAvortul \u00een siguran\u021b\u0103\u201d<\/strong><\/a>, 1,12Mb<\/li>\n \t<li><strong><a href=\"https:\/\/cidsr.md\/wp-content\/uploads\/2018\/05\/GHID-CLINIC-IN-AVM.pdf\" target=\"_blank\" rel=\"noopener\">Ghid clinic \u00een aspira\u0163ia vacuum manual\u0103<\/a><\/strong>, 1,41Kb<\/li>\n<\/ul>","_ru_post_name":"materiale-informative-si-educationale-elaborate-de-cidsr","_ru_post_excerpt":"","_ru_post_title":"\u0418\u043d\u0444\u043e\u0440\u043c\u0430\u0446\u0438\u043e\u043d\u043d\u044b\u0435 \u0438 \u043e\u0431\u0440\u0430\u0437\u043e\u0432\u0430\u0442\u0435\u043b\u044c\u043d\u044b\u0435 \u0440\u0435\u0441\u0443\u0440\u0441\u044b, \u0440\u0430\u0437\u0440\u0430\u0431\u043e\u0442\u0430\u043d\u043d\u044b\u0435 CIDSR","_en_post_content":"<table>\n<tbody>\n<tr>\n<td style=\"text-align: center;\"><a href=\"https:\/\/cidsr.md\/wp-content\/uploads\/2018\/04\/Curricul_Avortul-in-siguranta-pentru-lucratorii-din-asistenta-medicala-primara.pdf\" target=\"_blank\" rel=\"noopener\"><img class=\"wp-image-5090 aligncenter\" src=\"https:\/\/cidsr.md\/wp-content\/uploads\/2018\/04\/COVER-CURR-AVORT-JPG.jpg\" alt=\"\" width=\"247\" height=\"347\" \/><\/a><strong><a href=\"https:\/\/cidsr.md\/wp-content\/uploads\/2018\/04\/Curricul_Avortul-in-siguranta-pentru-lucratorii-din-asistenta-medicala-primara.pdf\" target=\"_blank\" rel=\"noopener\">PDF<\/a><\/strong>, 608 \u041ab\n\n&nbsp;<\/td>\n<td style=\"text-align: center;\"><a href=\"https:\/\/cidsr.md\/wp-content\/uploads\/2018\/04\/Curricul_Efectuarea-intreruperii-sarcinii-in-conditii-de-siguranta.pdf\" target=\"_blank\" rel=\"noopener\"><img class=\"wp-image-5098 aligncenter\" src=\"https:\/\/cidsr.md\/wp-content\/uploads\/2018\/04\/COVER-CURR-EFECT-JPG.jpg\" alt=\"\" width=\"247\" height=\"349\" \/><\/a><a href=\"https:\/\/cidsr.md\/wp-content\/uploads\/2018\/04\/Curricul_Efectuarea-intreruperii-sarcinii-in-conditii-de-siguranta.pdf\" target=\"_blank\" rel=\"noopener\"><strong>PDF<\/strong><\/a>, 613 Kb\n\n&nbsp;<\/td>\n<td style=\"text-align: center;\"><strong><a href=\"https:\/\/cidsr.md\/wp-content\/uploads\/2018\/04\/Ghid-ingormativ-explicativ-AVORTUL-IN-SIGURANTA.pdf\" target=\"_blank\" rel=\"noopener\"><img class=\"wp-image-5387 aligncenter\" src=\"https:\/\/cidsr.md\/wp-content\/uploads\/2018\/04\/Ghid-ingormativ-1-1-e1524818883170.jpg\" alt=\"\" width=\"247\" height=\"349\" \/><\/a><a href=\"https:\/\/cidsr.md\/wp-content\/uploads\/2018\/04\/Ghid-ingormativ-explicativ-AVORTUL-IN-SIGURANTA.pdf\" target=\"_blank\" rel=\"noopener\">PDF<\/a><\/strong>, 3,44 Mb\n\n&nbsp;<\/td>\n<td style=\"text-align: center;\"><strong><a href=\"https:\/\/cidsr.md\/wp-content\/uploads\/2018\/04\/AVORT-IN-SIGURANTA-INF-UTILE.pdf\" target=\"_blank\" rel=\"noopener\"><img class=\"wp-image-5393 aligncenter\" src=\"https:\/\/cidsr.md\/wp-content\/uploads\/2018\/04\/AVORT-IN-SIGURANTA-COVER-1.jpg\" alt=\"\" width=\"262\" height=\"345\" \/><\/a><a href=\"https:\/\/cidsr.md\/wp-content\/uploads\/2018\/04\/AVORT-IN-SIGURANTA-INF-UTILE.pdf\" target=\"_blank\" rel=\"noopener\">PDF (ROMANA)<\/a><\/strong>, 2,65 Mb\n\n<a href=\"https:\/\/cidsr.md\/wp-content\/uploads\/2018\/05\/ABORTI_brosura.pdf\" target=\"_blank\" rel=\"noopener\"><strong>PDF (RUSA)<\/strong><\/a>, 465 Kb<\/td>\n<\/tr>\n<\/tbody>\n<\/table>\n<ul>\n \t<li><a href=\"https:\/\/cidsr.md\/wp-content\/uploads\/2018\/05\/MODUL-ED-AVORTUL-IN-SIGURANTA.pdf\" target=\"_blank\" rel=\"noopener\"><strong>Modulul educa\u021bional pentru lucr\u0103torii din asisten\u021ba medical\u0103 primar\u0103 \u201cAvortul \u00een siguran\u021b\u0103\u201d<\/strong><\/a>, 1,12Mb<\/li>\n \t<li><strong><a href=\"https:\/\/cidsr.md\/wp-content\/uploads\/2018\/05\/GHID-CLINIC-IN-AVM.pdf\" target=\"_blank\" rel=\"noopener\">Ghid clinic \u00een aspira\u0163ia vacuum manual\u0103<\/a><\/strong>, 1,41Kb<\/li>\n<\/ul>","_en_post_name":"materiale-informative-si-educationale-elaborate-de-cidsr","_en_post_excerpt":"","_en_post_title":"Informational and educational materials elaborated by RHTC","_ro_post_content":"<table>\r\n<tbody>\r\n<tr>\r\n<td style=\"text-align: center;\"><a href=\"https:\/\/cidsr.md\/wp-content\/uploads\/2018\/04\/Curricul_Avortul-in-siguranta-pentru-lucratorii-din-asistenta-medicala-primara.pdf\" target=\"_blank\" rel=\"noopener\"><img class=\"wp-image-5090 aligncenter\" src=\"https:\/\/cidsr.md\/wp-content\/uploads\/2018\/04\/COVER-CURR-AVORT-JPG.jpg\" alt=\"\" width=\"247\" height=\"347\" \/><\/a><strong><a href=\"https:\/\/cidsr.md\/wp-content\/uploads\/2018\/04\/Curricul_Avortul-in-siguranta-pentru-lucratorii-din-asistenta-medicala-primara.pdf\" target=\"_blank\" rel=\"noopener\">PDF<\/a><\/strong>, 608 \u041ab\r\n\r\n&nbsp;<\/td>\r\n<td style=\"text-align: center;\"><a href=\"https:\/\/cidsr.md\/wp-content\/uploads\/2018\/04\/Curricul_Efectuarea-intreruperii-sarcinii-in-conditii-de-siguranta.pdf\" target=\"_blank\" rel=\"noopener\"><img class=\"wp-image-5098 aligncenter\" src=\"https:\/\/cidsr.md\/wp-content\/uploads\/2018\/04\/COVER-CURR-EFECT-JPG.jpg\" alt=\"\" width=\"247\" height=\"349\" \/><\/a><a href=\"https:\/\/cidsr.md\/wp-content\/uploads\/2018\/04\/Curricul_Efectuarea-intreruperii-sarcinii-in-conditii-de-siguranta.pdf\" target=\"_blank\" rel=\"noopener\"><strong>PDF<\/strong><\/a>, 613 Kb\r\n\r\n&nbsp;<\/td>\r\n<td style=\"text-align: center;\"><strong><a href=\"https:\/\/cidsr.md\/wp-content\/uploads\/2018\/04\/Ghid-ingormativ-explicativ-AVORTUL-IN-SIGURANTA.pdf\" target=\"_blank\" rel=\"noopener\"><img class=\"wp-image-5387 aligncenter\" src=\"https:\/\/cidsr.md\/wp-content\/uploads\/2018\/04\/Ghid-ingormativ-1-1-e1524818883170.jpg\" alt=\"\" width=\"247\" height=\"349\" \/><\/a><a href=\"https:\/\/cidsr.md\/wp-content\/uploads\/2018\/04\/Ghid-ingormativ-explicativ-AVORTUL-IN-SIGURANTA.pdf\" target=\"_blank\" rel=\"noopener\">PDF<\/a><\/strong>, 3,44 Mb\r\n\r\n&nbsp;<\/td>\r\n<td style=\"text-align: center;\"><strong><a href=\"https:\/\/cidsr.md\/wp-content\/uploads\/2018\/04\/AVORT-IN-SIGURANTA-INF-UTILE.pdf\" target=\"_blank\" rel=\"noopener\"><img class=\"wp-image-5393 aligncenter\" src=\"https:\/\/cidsr.md\/wp-content\/uploads\/2018\/04\/AVORT-IN-SIGURANTA-COVER-1.jpg\" alt=\"\" width=\"262\" height=\"345\" \/><\/a><a href=\"https:\/\/cidsr.md\/wp-content\/uploads\/2018\/04\/AVORT-IN-SIGURANTA-INF-UTILE.pdf\" target=\"_blank\" rel=\"noopener\">PDF (ROMANA)<\/a><\/strong>, 2,65 Mb\r\n\r\n<a href=\"https:\/\/cidsr.md\/wp-content\/uploads\/2018\/05\/ABORTI_brosura.pdf\" target=\"_blank\" rel=\"noopener\"><strong>PDF (RUSA)<\/strong><\/a>, 465 Kb<\/td>\r\n<\/tr>\r\n<\/tbody>\r\n<\/table>\r\n<ul>\r\n \t<li><a href=\"https:\/\/cidsr.md\/wp-content\/uploads\/2018\/05\/MODUL-ED-AVORTUL-IN-SIGURANTA.pdf\" target=\"_blank\" rel=\"noopener\"><strong>Modulul educa\u021bional pentru lucr\u0103torii din asisten\u021ba medical\u0103 primar\u0103 \u201cAvortul \u00een siguran\u021b\u0103\u201d<\/strong><\/a>, 1,12Mb<\/li>\r\n \t<li><strong><a href=\"https:\/\/cidsr.md\/wp-content\/uploads\/2018\/05\/GHID-CLINIC-IN-AVM.pdf\" target=\"_blank\" rel=\"noopener\">Ghid clinic \u00een aspira\u0163ia vacuum manual\u0103<\/a><\/strong>, 1,41Kb<\/li>\r\n<\/ul>","_ro_post_name":"materiale-informative-si-educationale-elaborate-de-cidsr","_ro_post_excerpt":"","_ro_post_title":"Materiale informative \u0219i educa\u021bionale elaborate de CIDSR","edit_language":"ru","footnotes":""},"class_list":["post-11020","page","type-page","status-publish","hentry"],"acf":[],"yoast_head":"<!-- This site is optimized with the Yoast SEO plugin v22.0 - https:\/\/yoast.com\/wordpress\/plugins\/seo\/ -->\n<title>Materiale informative \u0219i educa\u021bionale elaborate de CIDSR - Centrul de Instruire \u00een Domeniul S\u0103n\u0103t\u0103\u0163ii Reproductive<\/title>\n<meta name=\"robots\" content=\"index, follow, max-snippet:-1, max-image-preview:large, max-video-preview:-1\" \/>\n<link rel=\"canonical\" href=\"https:\/\/cidsr.md\/resurses\/avort\/materiale-informative-si-educationale-elaborate-de-cidsr\/\" \/>\n<meta property=\"og:locale\" content=\"ru_RU\" \/>\n<meta property=\"og:type\" content=\"article\" \/>\n<meta property=\"og:title\" content=\"Materiale informative \u0219i educa\u021bionale elaborate de CIDSR - Centrul de Instruire \u00een Domeniul S\u0103n\u0103t\u0103\u0163ii Reproductive\" \/>\n<meta property=\"og:description\" content=\"PDF, 608 \u041ab &nbsp; PDF, 613 Kb &nbsp; PDF, 3,44 Mb &nbsp; PDF (ROMANA), 2,65 Mb PDF (RUSA), 465 Kb Modulul educa\u021bional pentru lucr\u0103torii din asisten\u021ba medical\u0103 primar\u0103 \u201cAvortul \u00een siguran\u021b\u0103\u201d, 1,12Mb Ghid clinic \u00een aspira\u0163ia vacuum manual\u0103, 1,41Kb\" \/>\n<meta property=\"og:url\" content=\"https:\/\/cidsr.md\/resurses\/avort\/materiale-informative-si-educationale-elaborate-de-cidsr\/\" \/>\n<meta property=\"og:site_name\" content=\"Centrul de Instruire \u00een Domeniul S\u0103n\u0103t\u0103\u0163ii Reproductive\" \/>\n<meta property=\"article:modified_time\" content=\"2023-11-08T12:51:15+00:00\" \/>\n<meta property=\"og:image\" content=\"https:\/\/cidsr.md\/wp-content\/uploads\/2018\/04\/COVER-CURR-AVORT-JPG.jpg\" \/>\n<meta name=\"twitter:card\" content=\"summary_large_image\" \/>\n<meta name=\"twitter:label1\" content=\"\u041f\u0440\u0438\u043c\u0435\u0440\u043d\u043e\u0435 \u0432\u0440\u0435\u043c\u044f \u0434\u043b\u044f \u0447\u0442\u0435\u043d\u0438\u044f\" \/>\n\t<meta name=\"twitter:data1\" content=\"1 \u043c\u0438\u043d\u0443\u0442\u0430\" \/>\n<script type=\"application\/ld+json\" class=\"yoast-schema-graph\">{\"@context\":\"https:\/\/schema.org\",\"@graph\":[{\"@type\":\"WebPage\",\"@id\":\"https:\/\/cidsr.md\/resurses\/avort\/materiale-informative-si-educationale-elaborate-de-cidsr\/\",\"url\":\"https:\/\/cidsr.md\/resurses\/avort\/materiale-informative-si-educationale-elaborate-de-cidsr\/\",\"name\":\"Materiale informative \u0219i educa\u021bionale elaborate de CIDSR - Centrul de Instruire \u00een Domeniul S\u0103n\u0103t\u0103\u0163ii Reproductive\",\"isPartOf\":{\"@id\":\"https:\/\/cidsr.md\/#website\"},\"datePublished\":\"2023-11-03T16:15:45+00:00\",\"dateModified\":\"2023-11-08T12:51:15+00:00\",\"breadcrumb\":{\"@id\":\"https:\/\/cidsr.md\/resurses\/avort\/materiale-informative-si-educationale-elaborate-de-cidsr\/#breadcrumb\"},\"inLanguage\":\"ru-RU\",\"potentialAction\":[{\"@type\":\"ReadAction\",\"target\":[\"https:\/\/cidsr.md\/resurses\/avort\/materiale-informative-si-educationale-elaborate-de-cidsr\/\"]}]},{\"@type\":\"BreadcrumbList\",\"@id\":\"https:\/\/cidsr.md\/resurses\/avort\/materiale-informative-si-educationale-elaborate-de-cidsr\/#breadcrumb\",\"itemListElement\":[{\"@type\":\"ListItem\",\"position\":1,\"name\":\"\u0413\u043b\u0430\u0432\u043d\u0430\u044f \u0441\u0442\u0440\u0430\u043d\u0438\u0446\u0430\",\"item\":\"https:\/\/new.cidsr.md\/\"},{\"@type\":\"ListItem\",\"position\":2,\"name\":\"Resurse\",\"item\":\"https:\/\/cidsr.md\/resurses\/\"},{\"@type\":\"ListItem\",\"position\":3,\"name\":\"Avortul\",\"item\":\"https:\/\/cidsr.md\/resurses\/avort\/\"},{\"@type\":\"ListItem\",\"position\":4,\"name\":\"Materiale informative \u0219i educa\u021bionale elaborate de CIDSR\"}]},{\"@type\":\"WebSite\",\"@id\":\"https:\/\/cidsr.md\/#website\",\"url\":\"https:\/\/cidsr.md\/\",\"name\":\"Centrul de Instruire \u00een Domeniul S\u0103n\u0103t\u0103\u0163ii Reproductive\",\"description\":\"Promov\u0103m s\u0103n\u0103tatea \u0219i drepturile sexuale \u0219i reproductive!\",\"potentialAction\":[{\"@type\":\"SearchAction\",\"target\":{\"@type\":\"EntryPoint\",\"urlTemplate\":\"https:\/\/cidsr.md\/?s={search_term_string}\"},\"query-input\":\"required name=search_term_string\"}],\"inLanguage\":\"ru-RU\"}]}<\/script>\n<!-- \/ Yoast SEO plugin. -->","yoast_head_json":{"title":"Materiale informative \u0219i educa\u021bionale elaborate de CIDSR - Centrul de Instruire \u00een Domeniul S\u0103n\u0103t\u0103\u0163ii Reproductive","robots":{"index":"index","follow":"follow","max-snippet":"max-snippet:-1","max-image-preview":"max-image-preview:large","max-video-preview":"max-video-preview:-1"},"canonical":"https:\/\/cidsr.md\/resurses\/avort\/materiale-informative-si-educationale-elaborate-de-cidsr\/","og_locale":"ru_RU","og_type":"article","og_title":"Materiale informative \u0219i educa\u021bionale elaborate de CIDSR - Centrul de Instruire \u00een Domeniul S\u0103n\u0103t\u0103\u0163ii Reproductive","og_description":"PDF, 608 \u041ab &nbsp; PDF, 613 Kb &nbsp; PDF, 3,44 Mb &nbsp; PDF (ROMANA), 2,65 Mb PDF (RUSA), 465 Kb Modulul educa\u021bional pentru lucr\u0103torii din asisten\u021ba medical\u0103 primar\u0103 \u201cAvortul \u00een siguran\u021b\u0103\u201d, 1,12Mb Ghid clinic \u00een aspira\u0163ia vacuum manual\u0103, 1,41Kb","og_url":"https:\/\/cidsr.md\/resurses\/avort\/materiale-informative-si-educationale-elaborate-de-cidsr\/","og_site_name":"Centrul de Instruire \u00een Domeniul S\u0103n\u0103t\u0103\u0163ii Reproductive","article_modified_time":"2023-11-08T12:51:15+00:00","og_image":[{"url":"https:\/\/cidsr.md\/wp-content\/uploads\/2018\/04\/COVER-CURR-AVORT-JPG.jpg"}],"twitter_card":"summary_large_image","twitter_misc":{"\u041f\u0440\u0438\u043c\u0435\u0440\u043d\u043e\u0435 \u0432\u0440\u0435\u043c\u044f \u0434\u043b\u044f \u0447\u0442\u0435\u043d\u0438\u044f":"1 \u043c\u0438\u043d\u0443\u0442\u0430"},"schema":{"@context":"https:\/\/schema.org","@graph":[{"@type":"WebPage","@id":"https:\/\/cidsr.md\/resurses\/avort\/materiale-informative-si-educationale-elaborate-de-cidsr\/","url":"https:\/\/cidsr.md\/resurses\/avort\/materiale-informative-si-educationale-elaborate-de-cidsr\/","name":"Materiale informative \u0219i educa\u021bionale elaborate de CIDSR - Centrul de Instruire \u00een Domeniul S\u0103n\u0103t\u0103\u0163ii Reproductive","isPartOf":{"@id":"https:\/\/cidsr.md\/#website"},"datePublished":"2023-11-03T16:15:45+00:00","dateModified":"2023-11-08T12:51:15+00:00","breadcrumb":{"@id":"https:\/\/cidsr.md\/resurses\/avort\/materiale-informative-si-educationale-elaborate-de-cidsr\/#breadcrumb"},"inLanguage":"ru-RU","potentialAction":[{"@type":"ReadAction","target":["https:\/\/cidsr.md\/resurses\/avort\/materiale-informative-si-educationale-elaborate-de-cidsr\/"]}]},{"@type":"BreadcrumbList","@id":"https:\/\/cidsr.md\/resurses\/avort\/materiale-informative-si-educationale-elaborate-de-cidsr\/#breadcrumb","itemListElement":[{"@type":"ListItem","position":1,"name":"\u0413\u043b\u0430\u0432\u043d\u0430\u044f \u0441\u0442\u0440\u0430\u043d\u0438\u0446\u0430","item":"https:\/\/new.cidsr.md\/"},{"@type":"ListItem","position":2,"name":"Resurse","item":"https:\/\/cidsr.md\/resurses\/"},{"@type":"ListItem","position":3,"name":"Avortul","item":"https:\/\/cidsr.md\/resurses\/avort\/"},{"@type":"ListItem","position":4,"name":"Materiale informative \u0219i educa\u021bionale elaborate de CIDSR"}]},{"@type":"WebSite","@id":"https:\/\/cidsr.md\/#website","url":"https:\/\/cidsr.md\/","name":"Centrul de Instruire \u00een Domeniul S\u0103n\u0103t\u0103\u0163ii Reproductive","description":"Promov\u0103m s\u0103n\u0103tatea \u0219i drepturile sexuale \u0219i reproductive!","potentialAction":[{"@type":"SearchAction","target":{"@type":"EntryPoint","urlTemplate":"https:\/\/cidsr.md\/?s={search_term_string}"},"query-input":"required name=search_term_string"}],"inLanguage":"ru-RU"}]}},"_links":{"self":[{"href":"https:\/\/cidsr.md\/ru\/wp-json\/wp\/v2\/pages\/11020","targetHints":{"allow":["GET"]}}],"collection":[{"href":"https:\/\/cidsr.md\/ru\/wp-json\/wp\/v2\/pages"}],"about":[{"href":"https:\/\/cidsr.md\/ru\/wp-json\/wp\/v2\/types\/page"}],"author":[{"embeddable":true,"href":"https:\/\/cidsr.md\/ru\/wp-json\/wp\/v2\/users\/4"}],"replies":[{"embeddable":true,"href":"https:\/\/cidsr.md\/ru\/wp-json\/wp\/v2\/comments?post=11020"}],"version-history":[{"count":1,"href":"https:\/\/cidsr.md\/ru\/wp-json\/wp\/v2\/pages\/11020\/revisions"}],"predecessor-version":[{"id":11098,"href":"https:\/\/cidsr.md\/ru\/wp-json\/wp\/v2\/pages\/11020\/revisions\/11098"}],"up":[{"embeddable":true,"href":"https:\/\/cidsr.md\/ru\/wp-json\/wp\/v2\/pages\/985"}],"wp:attachment":[{"href":"https:\/\/cidsr.md\/ru\/wp-json\/wp\/v2\/media?parent=11020"}],"curies":[{"name":"wp","href":"https:\/\/api.w.org\/{rel}","templated":true}]}}