{"id":11018,"date":"2023-11-03T16:15:45","date_gmt":"2023-11-03T16:15:45","guid":{"rendered":"https:\/\/www.cidsr.md\/?page_id=5204"},"modified":"2023-11-09T10:43:19","modified_gmt":"2023-11-09T07:43:19","slug":"femeile-din-transnistria-vor-beneficia-de-contraceptive-gratuite-in-perioada-de-post-avort","status":"publish","type":"page","link":"https:\/\/cidsr.md\/ru\/regionalnaja-koalicija\/sanatatea-reproductiva-transnistria\/activitatile-din-cadrul-proiectului-imbunatatirea-utilizarii-contraceptivelor-procesul-de-consiliere-post-avort-transnistria\/femeile-din-transnistria-vor-beneficia-de-contraceptive-gratuite-in-perioada-de-post-avort\/","title":{"rendered":"\u0416\u0435\u043d\u0449\u0438\u043d\u044b \u041f\u0440\u0438\u0434\u043d\u0435\u0441\u0442\u0440\u043e\u0432\u044c\u044f \u043f\u043e\u043b\u0443\u0447\u0430\u0442 \u0431\u0435\u0441\u043f\u043b\u0430\u0442\u043d\u044b\u0435 \u043a\u043e\u043d\u0442\u0440\u0430\u0446\u0435\u043f\u0442\u0438\u0432\u044b \u043f\u043e\u0441\u043b\u0435 \u043f\u0440\u0435\u0440\u044b\u0432\u0430\u043d\u0438\u044f \u0431\u0435\u0440\u0435\u043c\u0435\u043d\u043d\u043e\u0441\u0442\u0438","raw":"\u0416\u0435\u043d\u0449\u0438\u043d\u044b \u041f\u0440\u0438\u0434\u043d\u0435\u0441\u0442\u0440\u043e\u0432\u044c\u044f \u043f\u043e\u043b\u0443\u0447\u0430\u0442 \u0431\u0435\u0441\u043f\u043b\u0430\u0442\u043d\u044b\u0435 \u043a\u043e\u043d\u0442\u0440\u0430\u0446\u0435\u043f\u0442\u0438\u0432\u044b \u043f\u043e\u0441\u043b\u0435 \u043f\u0440\u0435\u0440\u044b\u0432\u0430\u043d\u0438\u044f \u0431\u0435\u0440\u0435\u043c\u0435\u043d\u043d\u043e\u0441\u0442\u0438"},"content":{"rendered":"","protected":false,"raw":""},"excerpt":{"rendered":"","protected":false,"raw":""},"author":4,"featured_media":0,"parent":10965,"menu_order":999,"comment_status":"closed","ping_status":"closed","template":"page-text.php","meta":{"_acf_changed":false,"_ru_post_content":"","_ru_post_name":"femeile-din-transnistria-vor-beneficia-de-contraceptive-gratuite-in-perioada-de-post-avort","_ru_post_excerpt":"","_ru_post_title":"\u0416\u0435\u043d\u0449\u0438\u043d\u044b \u041f\u0440\u0438\u0434\u043d\u0435\u0441\u0442\u0440\u043e\u0432\u044c\u044f \u043f\u043e\u043b\u0443\u0447\u0430\u0442 \u0431\u0435\u0441\u043f\u043b\u0430\u0442\u043d\u044b\u0435 \u043a\u043e\u043d\u0442\u0440\u0430\u0446\u0435\u043f\u0442\u0438\u0432\u044b \u043f\u043e\u0441\u043b\u0435 \u043f\u0440\u0435\u0440\u044b\u0432\u0430\u043d\u0438\u044f \u0431\u0435\u0440\u0435\u043c\u0435\u043d\u043d\u043e\u0441\u0442\u0438","_en_post_content":"","_en_post_name":"femeile-din-transnistria-vor-beneficia-de-contraceptive-gratuite-in-perioada-de-post-avort","_en_post_excerpt":"","_en_post_title":"Women from Transnistria will benefit from free contraceptives after abortion","_ro_post_content":"<p style=\"text-align: center;\"><iframe src=\"https:\/\/www.youtube.com\/embed\/LH131lZF7ks?ecver=1\" width=\"560\" height=\"315\" frameborder=\"0\" allowfullscreen=\"allowfullscreen\"><\/iframe><\/p>","_ro_post_name":"femeile-din-transnistria-vor-beneficia-de-contraceptive-gratuite-in-perioada-de-post-avort","_ro_post_excerpt":"","_ro_post_title":"Femeile din Transnistria vor beneficia de contraceptive gratuite \u00een perioada de post-avort","edit_language":"ru","footnotes":""},"class_list":["post-11018","page","type-page","status-publish","hentry"],"acf":[],"yoast_head":"<!-- This site is optimized with the Yoast SEO plugin v22.0 - https:\/\/yoast.com\/wordpress\/plugins\/seo\/ -->\n<title>Femeile din Transnistria vor beneficia de contraceptive gratuite \u00een perioada de post-avort - Centrul de Instruire \u00een Domeniul S\u0103n\u0103t\u0103\u0163ii Reproductive<\/title>\n<meta name=\"robots\" content=\"index, follow, max-snippet:-1, max-image-preview:large, max-video-preview:-1\" \/>\n<link rel=\"canonical\" href=\"https:\/\/cidsr.md\/regional\/sanatatea-reproductiva-transnistria\/activitatile-din-cadrul-proiectului-imbunatatirea-utilizarii-contraceptivelor-procesul-de-consiliere-post-avort-transnistria\/femeile-din-transnistria-vor-beneficia-de-contraceptive-gratuite-in-perioada-de-post-avort\/\" \/>\n<meta property=\"og:locale\" content=\"ru_RU\" \/>\n<meta property=\"og:type\" content=\"article\" \/>\n<meta property=\"og:title\" content=\"Femeile din Transnistria vor beneficia de contraceptive gratuite \u00een perioada de post-avort - Centrul de Instruire \u00een Domeniul S\u0103n\u0103t\u0103\u0163ii Reproductive\" \/>\n<meta property=\"og:url\" content=\"https:\/\/cidsr.md\/regional\/sanatatea-reproductiva-transnistria\/activitatile-din-cadrul-proiectului-imbunatatirea-utilizarii-contraceptivelor-procesul-de-consiliere-post-avort-transnistria\/femeile-din-transnistria-vor-beneficia-de-contraceptive-gratuite-in-perioada-de-post-avort\/\" \/>\n<meta property=\"og:site_name\" content=\"Centrul de Instruire \u00een Domeniul S\u0103n\u0103t\u0103\u0163ii Reproductive\" \/>\n<meta property=\"article:modified_time\" content=\"2023-11-09T07:43:19+00:00\" \/>\n<meta name=\"twitter:card\" content=\"summary_large_image\" \/>\n<script type=\"application\/ld+json\" class=\"yoast-schema-graph\">{\"@context\":\"https:\/\/schema.org\",\"@graph\":[{\"@type\":\"WebPage\",\"@id\":\"https:\/\/cidsr.md\/regional\/sanatatea-reproductiva-transnistria\/activitatile-din-cadrul-proiectului-imbunatatirea-utilizarii-contraceptivelor-procesul-de-consiliere-post-avort-transnistria\/femeile-din-transnistria-vor-beneficia-de-contraceptive-gratuite-in-perioada-de-post-avort\/\",\"url\":\"https:\/\/cidsr.md\/regional\/sanatatea-reproductiva-transnistria\/activitatile-din-cadrul-proiectului-imbunatatirea-utilizarii-contraceptivelor-procesul-de-consiliere-post-avort-transnistria\/femeile-din-transnistria-vor-beneficia-de-contraceptive-gratuite-in-perioada-de-post-avort\/\",\"name\":\"Femeile din Transnistria vor beneficia de contraceptive gratuite \u00een perioada de post-avort - Centrul de Instruire \u00een Domeniul S\u0103n\u0103t\u0103\u0163ii Reproductive\",\"isPartOf\":{\"@id\":\"https:\/\/cidsr.md\/#website\"},\"datePublished\":\"2023-11-03T16:15:45+00:00\",\"dateModified\":\"2023-11-09T07:43:19+00:00\",\"breadcrumb\":{\"@id\":\"https:\/\/cidsr.md\/regional\/sanatatea-reproductiva-transnistria\/activitatile-din-cadrul-proiectului-imbunatatirea-utilizarii-contraceptivelor-procesul-de-consiliere-post-avort-transnistria\/femeile-din-transnistria-vor-beneficia-de-contraceptive-gratuite-in-perioada-de-post-avort\/#breadcrumb\"},\"inLanguage\":\"ru-RU\",\"potentialAction\":[{\"@type\":\"ReadAction\",\"target\":[\"https:\/\/cidsr.md\/regional\/sanatatea-reproductiva-transnistria\/activitatile-din-cadrul-proiectului-imbunatatirea-utilizarii-contraceptivelor-procesul-de-consiliere-post-avort-transnistria\/femeile-din-transnistria-vor-beneficia-de-contraceptive-gratuite-in-perioada-de-post-avort\/\"]}]},{\"@type\":\"BreadcrumbList\",\"@id\":\"https:\/\/cidsr.md\/regional\/sanatatea-reproductiva-transnistria\/activitatile-din-cadrul-proiectului-imbunatatirea-utilizarii-contraceptivelor-procesul-de-consiliere-post-avort-transnistria\/femeile-din-transnistria-vor-beneficia-de-contraceptive-gratuite-in-perioada-de-post-avort\/#breadcrumb\",\"itemListElement\":[{\"@type\":\"ListItem\",\"position\":1,\"name\":\"\u0413\u043b\u0430\u0432\u043d\u0430\u044f \u0441\u0442\u0440\u0430\u043d\u0438\u0446\u0430\",\"item\":\"https:\/\/new.cidsr.md\/\"},{\"@type\":\"ListItem\",\"position\":2,\"name\":\"Coali\u021bia regional\u0103\",\"item\":\"https:\/\/cidsr.md\/regional\/\"},{\"@type\":\"ListItem\",\"position\":3,\"name\":\"S\u0103n\u0103tatea reproductiv\u0103 \u00een Transnistria\",\"item\":\"https:\/\/cidsr.md\/regional\/sanatatea-reproductiva-transnistria\/\"},{\"@type\":\"ListItem\",\"position\":4,\"name\":\"Activit\u0103\u021bile din cadrul proiectului \u201e\u00cembun\u0103t\u0103\u021birea utiliz\u0103rii contraceptivelor \u00een procesul de consiliere post-avort \u00een Transnistria\u201d\",\"item\":\"https:\/\/cidsr.md\/regional\/sanatatea-reproductiva-transnistria\/activitatile-din-cadrul-proiectului-imbunatatirea-utilizarii-contraceptivelor-procesul-de-consiliere-post-avort-transnistria\/\"},{\"@type\":\"ListItem\",\"position\":5,\"name\":\"Femeile din Transnistria vor beneficia de contraceptive gratuite \u00een perioada de post-avort\"}]},{\"@type\":\"WebSite\",\"@id\":\"https:\/\/cidsr.md\/#website\",\"url\":\"https:\/\/cidsr.md\/\",\"name\":\"Centrul de Instruire \u00een Domeniul S\u0103n\u0103t\u0103\u0163ii Reproductive\",\"description\":\"Promov\u0103m s\u0103n\u0103tatea \u0219i drepturile sexuale \u0219i reproductive!\",\"potentialAction\":[{\"@type\":\"SearchAction\",\"target\":{\"@type\":\"EntryPoint\",\"urlTemplate\":\"https:\/\/cidsr.md\/?s={search_term_string}\"},\"query-input\":\"required name=search_term_string\"}],\"inLanguage\":\"ru-RU\"}]}<\/script>\n<!-- \/ Yoast SEO plugin. -->","yoast_head_json":{"title":"Femeile din Transnistria vor beneficia de contraceptive gratuite \u00een perioada de post-avort - Centrul de Instruire \u00een Domeniul S\u0103n\u0103t\u0103\u0163ii Reproductive","robots":{"index":"index","follow":"follow","max-snippet":"max-snippet:-1","max-image-preview":"max-image-preview:large","max-video-preview":"max-video-preview:-1"},"canonical":"https:\/\/cidsr.md\/regional\/sanatatea-reproductiva-transnistria\/activitatile-din-cadrul-proiectului-imbunatatirea-utilizarii-contraceptivelor-procesul-de-consiliere-post-avort-transnistria\/femeile-din-transnistria-vor-beneficia-de-contraceptive-gratuite-in-perioada-de-post-avort\/","og_locale":"ru_RU","og_type":"article","og_title":"Femeile din Transnistria vor beneficia de contraceptive gratuite \u00een perioada de post-avort - Centrul de Instruire \u00een Domeniul S\u0103n\u0103t\u0103\u0163ii Reproductive","og_url":"https:\/\/cidsr.md\/regional\/sanatatea-reproductiva-transnistria\/activitatile-din-cadrul-proiectului-imbunatatirea-utilizarii-contraceptivelor-procesul-de-consiliere-post-avort-transnistria\/femeile-din-transnistria-vor-beneficia-de-contraceptive-gratuite-in-perioada-de-post-avort\/","og_site_name":"Centrul de Instruire \u00een Domeniul S\u0103n\u0103t\u0103\u0163ii Reproductive","article_modified_time":"2023-11-09T07:43:19+00:00","twitter_card":"summary_large_image","schema":{"@context":"https:\/\/schema.org","@graph":[{"@type":"WebPage","@id":"https:\/\/cidsr.md\/regional\/sanatatea-reproductiva-transnistria\/activitatile-din-cadrul-proiectului-imbunatatirea-utilizarii-contraceptivelor-procesul-de-consiliere-post-avort-transnistria\/femeile-din-transnistria-vor-beneficia-de-contraceptive-gratuite-in-perioada-de-post-avort\/","url":"https:\/\/cidsr.md\/regional\/sanatatea-reproductiva-transnistria\/activitatile-din-cadrul-proiectului-imbunatatirea-utilizarii-contraceptivelor-procesul-de-consiliere-post-avort-transnistria\/femeile-din-transnistria-vor-beneficia-de-contraceptive-gratuite-in-perioada-de-post-avort\/","name":"Femeile din Transnistria vor beneficia de contraceptive gratuite \u00een perioada de post-avort - Centrul de Instruire \u00een Domeniul S\u0103n\u0103t\u0103\u0163ii Reproductive","isPartOf":{"@id":"https:\/\/cidsr.md\/#website"},"datePublished":"2023-11-03T16:15:45+00:00","dateModified":"2023-11-09T07:43:19+00:00","breadcrumb":{"@id":"https:\/\/cidsr.md\/regional\/sanatatea-reproductiva-transnistria\/activitatile-din-cadrul-proiectului-imbunatatirea-utilizarii-contraceptivelor-procesul-de-consiliere-post-avort-transnistria\/femeile-din-transnistria-vor-beneficia-de-contraceptive-gratuite-in-perioada-de-post-avort\/#breadcrumb"},"inLanguage":"ru-RU","potentialAction":[{"@type":"ReadAction","target":["https:\/\/cidsr.md\/regional\/sanatatea-reproductiva-transnistria\/activitatile-din-cadrul-proiectului-imbunatatirea-utilizarii-contraceptivelor-procesul-de-consiliere-post-avort-transnistria\/femeile-din-transnistria-vor-beneficia-de-contraceptive-gratuite-in-perioada-de-post-avort\/"]}]},{"@type":"BreadcrumbList","@id":"https:\/\/cidsr.md\/regional\/sanatatea-reproductiva-transnistria\/activitatile-din-cadrul-proiectului-imbunatatirea-utilizarii-contraceptivelor-procesul-de-consiliere-post-avort-transnistria\/femeile-din-transnistria-vor-beneficia-de-contraceptive-gratuite-in-perioada-de-post-avort\/#breadcrumb","itemListElement":[{"@type":"ListItem","position":1,"name":"\u0413\u043b\u0430\u0432\u043d\u0430\u044f \u0441\u0442\u0440\u0430\u043d\u0438\u0446\u0430","item":"https:\/\/new.cidsr.md\/"},{"@type":"ListItem","position":2,"name":"Coali\u021bia regional\u0103","item":"https:\/\/cidsr.md\/regional\/"},{"@type":"ListItem","position":3,"name":"S\u0103n\u0103tatea reproductiv\u0103 \u00een Transnistria","item":"https:\/\/cidsr.md\/regional\/sanatatea-reproductiva-transnistria\/"},{"@type":"ListItem","position":4,"name":"Activit\u0103\u021bile din cadrul proiectului \u201e\u00cembun\u0103t\u0103\u021birea utiliz\u0103rii contraceptivelor \u00een procesul de consiliere post-avort \u00een Transnistria\u201d","item":"https:\/\/cidsr.md\/regional\/sanatatea-reproductiva-transnistria\/activitatile-din-cadrul-proiectului-imbunatatirea-utilizarii-contraceptivelor-procesul-de-consiliere-post-avort-transnistria\/"},{"@type":"ListItem","position":5,"name":"Femeile din Transnistria vor beneficia de contraceptive gratuite \u00een perioada de post-avort"}]},{"@type":"WebSite","@id":"https:\/\/cidsr.md\/#website","url":"https:\/\/cidsr.md\/","name":"Centrul de Instruire \u00een Domeniul S\u0103n\u0103t\u0103\u0163ii Reproductive","description":"Promov\u0103m s\u0103n\u0103tatea \u0219i drepturile sexuale \u0219i reproductive!","potentialAction":[{"@type":"SearchAction","target":{"@type":"EntryPoint","urlTemplate":"https:\/\/cidsr.md\/?s={search_term_string}"},"query-input":"required name=search_term_string"}],"inLanguage":"ru-RU"}]}},"_links":{"self":[{"href":"https:\/\/cidsr.md\/ru\/wp-json\/wp\/v2\/pages\/11018","targetHints":{"allow":["GET"]}}],"collection":[{"href":"https:\/\/cidsr.md\/ru\/wp-json\/wp\/v2\/pages"}],"about":[{"href":"https:\/\/cidsr.md\/ru\/wp-json\/wp\/v2\/types\/page"}],"author":[{"embeddable":true,"href":"https:\/\/cidsr.md\/ru\/wp-json\/wp\/v2\/users\/4"}],"replies":[{"embeddable":true,"href":"https:\/\/cidsr.md\/ru\/wp-json\/wp\/v2\/comments?post=11018"}],"version-history":[{"count":1,"href":"https:\/\/cidsr.md\/ru\/wp-json\/wp\/v2\/pages\/11018\/revisions"}],"predecessor-version":[{"id":11195,"href":"https:\/\/cidsr.md\/ru\/wp-json\/wp\/v2\/pages\/11018\/revisions\/11195"}],"up":[{"embeddable":true,"href":"https:\/\/cidsr.md\/ru\/wp-json\/wp\/v2\/pages\/10965"}],"wp:attachment":[{"href":"https:\/\/cidsr.md\/ru\/wp-json\/wp\/v2\/media?parent=11018"}],"curies":[{"name":"wp","href":"https:\/\/api.w.org\/{rel}","templated":true}]}}