{"id":10955,"date":"2023-11-03T16:15:41","date_gmt":"2023-11-03T16:15:41","guid":{"rendered":"http:\/\/www.sanatateafemeii.md\/?page_id=2899"},"modified":"2023-11-08T17:26:03","modified_gmt":"2023-11-08T14:26:03","slug":"unde-te-poti-adresa-daca-esti-victima-unui-abuz-inclusiv-sexual","status":"publish","type":"page","link":"https:\/\/cidsr.md\/ru\/%d1%80%d0%b5%d1%81%d1%83%d1%80%d1%81%d1%8b\/drepturi-sexuale-si-reproductive\/unde-te-poti-adresa-daca-esti-victima-unui-abuz-inclusiv-sexual\/","title":{"rendered":"\u041a\u0443\u0434\u0430 \u043e\u0431\u0440\u0430\u0442\u0438\u0442\u044c\u0441\u044f, \u0435\u0441\u043b\u0438 \u0432\u044b \u044f\u0432\u043b\u044f\u0435\u0442\u0435\u0441\u044c \u0436\u0435\u0440\u0442\u0432\u043e\u0439 \u0436\u0435\u0441\u0442\u043e\u043a\u043e\u0433\u043e \u043e\u0431\u0440\u0430\u0449\u0435\u043d\u0438\u044f, \u0432\u043a\u043b\u044e\u0447\u0430\u044f \u0441\u0435\u043a\u0441\u0443\u0430\u043b\u044c\u043d\u043e\u0435","raw":"\u041a\u0443\u0434\u0430 \u043e\u0431\u0440\u0430\u0442\u0438\u0442\u044c\u0441\u044f, \u0435\u0441\u043b\u0438 \u0432\u044b \u044f\u0432\u043b\u044f\u0435\u0442\u0435\u0441\u044c \u0436\u0435\u0440\u0442\u0432\u043e\u0439 \u0436\u0435\u0441\u0442\u043e\u043a\u043e\u0433\u043e \u043e\u0431\u0440\u0430\u0449\u0435\u043d\u0438\u044f, \u0432\u043a\u043b\u044e\u0447\u0430\u044f \u0441\u0435\u043a\u0441\u0443\u0430\u043b\u044c\u043d\u043e\u0435"},"content":{"rendered":"<p>\u041f\u0440\u0435\u0434\u043b\u0430\u0433\u0430\u0435\u043c\u0430\u044f \u0438\u043d\u0444\u043e\u0440\u043c\u0430\u0446\u0438\u044f \u044f\u0432\u043b\u044f\u0435\u0442\u0441\u044f \u0447\u0430\u0441\u0442\u044c\u044e \u0431\u0440\u043e\u0448\u044e\u0440\u044b &#171;E\u0219ti victim\u0103 a violen\u021bei \u00een familie? Cere ajutor! Ai curajul s\u0103-\u021bi schimbi via\u021ba!&#187;, Coali\u021bia Na\u021bional\u0103 \u201cVia\u021ba F\u0103r\u0103 Violen\u021b\u0103 \u00een Familie\u201d.<\/p>\n<table style=\"width: 756px;\">\n<tbody>\n<tr>\n<td style=\"width: 375px;\"><a href=\"https:\/\/cidsr.md\/wp-content\/uploads\/2017\/04\/Pag-9-1.jpg\"><img loading=\"lazy\" decoding=\"async\" class=\"size-full wp-image-2908 aligncenter\" src=\"https:\/\/cidsr.md\/wp-content\/uploads\/2017\/04\/Pag-9-1.jpg\" alt=\"\" width=\"566\" height=\"800\" \/><\/a><\/td>\n<td style=\"width: 369px;\"><a href=\"https:\/\/cidsr.md\/wp-content\/uploads\/2017\/04\/Pag-10-1.jpg\"><img loading=\"lazy\" decoding=\"async\" class=\"size-full wp-image-2909 aligncenter\" src=\"https:\/\/cidsr.md\/wp-content\/uploads\/2017\/04\/Pag-10-1.jpg\" alt=\"\" width=\"566\" height=\"800\" \/><\/a><\/td>\n<\/tr>\n<tr>\n<td style=\"width: 375px;\"><a href=\"https:\/\/cidsr.md\/wp-content\/uploads\/2017\/04\/Pag-11.jpg\"><img loading=\"lazy\" decoding=\"async\" class=\"alignright size-full wp-image-2943\" src=\"https:\/\/cidsr.md\/wp-content\/uploads\/2017\/04\/Pag-11.jpg\" alt=\"\" width=\"566\" height=\"800\" \/><\/a><\/td>\n<td style=\"width: 369px;\"><a href=\"https:\/\/cidsr.md\/wp-content\/uploads\/2017\/04\/Pag-12.jpg\"><img loading=\"lazy\" decoding=\"async\" class=\" wp-image-2911 aligncenter\" src=\"https:\/\/cidsr.md\/wp-content\/uploads\/2017\/04\/Pag-12.jpg\" alt=\"\" width=\"566\" height=\"800\" \/><\/a><\/td>\n<\/tr>\n<\/tbody>\n<\/table>\n","protected":false,"raw":"\u041f\u0440\u0435\u0434\u043b\u0430\u0433\u0430\u0435\u043c\u0430\u044f \u0438\u043d\u0444\u043e\u0440\u043c\u0430\u0446\u0438\u044f \u044f\u0432\u043b\u044f\u0435\u0442\u0441\u044f \u0447\u0430\u0441\u0442\u044c\u044e \u0431\u0440\u043e\u0448\u044e\u0440\u044b \"E\u0219ti victim\u0103 a violen\u021bei \u00een familie? Cere ajutor! Ai curajul s\u0103-\u021bi schimbi via\u021ba!\", Coali\u021bia Na\u021bional\u0103 \u201cVia\u021ba F\u0103r\u0103 Violen\u021b\u0103 \u00een Familie\u201d.\n<table style=\"width: 756px;\">\n<tbody>\n<tr>\n<td style=\"width: 375px;\"><a href=\"https:\/\/cidsr.md\/wp-content\/uploads\/2017\/04\/Pag-9-1.jpg\"><img class=\"size-full wp-image-2908 aligncenter\" src=\"https:\/\/cidsr.md\/wp-content\/uploads\/2017\/04\/Pag-9-1.jpg\" alt=\"\" width=\"566\" height=\"800\" \/><\/a><\/td>\n<td style=\"width: 369px;\"><a href=\"https:\/\/cidsr.md\/wp-content\/uploads\/2017\/04\/Pag-10-1.jpg\"><img class=\"size-full wp-image-2909 aligncenter\" src=\"https:\/\/cidsr.md\/wp-content\/uploads\/2017\/04\/Pag-10-1.jpg\" alt=\"\" width=\"566\" height=\"800\" \/><\/a><\/td>\n<\/tr>\n<tr>\n<td style=\"width: 375px;\"><a href=\"https:\/\/cidsr.md\/wp-content\/uploads\/2017\/04\/Pag-11.jpg\"><img class=\"alignright size-full wp-image-2943\" src=\"https:\/\/cidsr.md\/wp-content\/uploads\/2017\/04\/Pag-11.jpg\" alt=\"\" width=\"566\" height=\"800\" \/><\/a><\/td>\n<td style=\"width: 369px;\"><a href=\"https:\/\/cidsr.md\/wp-content\/uploads\/2017\/04\/Pag-12.jpg\"><img class=\" wp-image-2911 aligncenter\" src=\"https:\/\/cidsr.md\/wp-content\/uploads\/2017\/04\/Pag-12.jpg\" alt=\"\" width=\"566\" height=\"800\" \/><\/a><\/td>\n<\/tr>\n<\/tbody>\n<\/table>"},"excerpt":{"rendered":"","protected":false,"raw":""},"author":4,"featured_media":0,"parent":991,"menu_order":999,"comment_status":"closed","ping_status":"closed","template":"page-text.php","meta":{"_acf_changed":false,"_ru_post_content":"\u041f\u0440\u0435\u0434\u043b\u0430\u0433\u0430\u0435\u043c\u0430\u044f \u0438\u043d\u0444\u043e\u0440\u043c\u0430\u0446\u0438\u044f \u044f\u0432\u043b\u044f\u0435\u0442\u0441\u044f \u0447\u0430\u0441\u0442\u044c\u044e \u0431\u0440\u043e\u0448\u044e\u0440\u044b \"E\u0219ti victim\u0103 a violen\u021bei \u00een familie? Cere ajutor! Ai curajul s\u0103-\u021bi schimbi via\u021ba!\", Coali\u021bia Na\u021bional\u0103 \u201cVia\u021ba F\u0103r\u0103 Violen\u021b\u0103 \u00een Familie\u201d.\n<table style=\"width: 756px;\">\n<tbody>\n<tr>\n<td style=\"width: 375px;\"><a href=\"https:\/\/cidsr.md\/wp-content\/uploads\/2017\/04\/Pag-9-1.jpg\"><img class=\"size-full wp-image-2908 aligncenter\" src=\"https:\/\/cidsr.md\/wp-content\/uploads\/2017\/04\/Pag-9-1.jpg\" alt=\"\" width=\"566\" height=\"800\" \/><\/a><\/td>\n<td style=\"width: 369px;\"><a href=\"https:\/\/cidsr.md\/wp-content\/uploads\/2017\/04\/Pag-10-1.jpg\"><img class=\"size-full wp-image-2909 aligncenter\" src=\"https:\/\/cidsr.md\/wp-content\/uploads\/2017\/04\/Pag-10-1.jpg\" alt=\"\" width=\"566\" height=\"800\" \/><\/a><\/td>\n<\/tr>\n<tr>\n<td style=\"width: 375px;\"><a href=\"https:\/\/cidsr.md\/wp-content\/uploads\/2017\/04\/Pag-11.jpg\"><img class=\"alignright size-full wp-image-2943\" src=\"https:\/\/cidsr.md\/wp-content\/uploads\/2017\/04\/Pag-11.jpg\" alt=\"\" width=\"566\" height=\"800\" \/><\/a><\/td>\n<td style=\"width: 369px;\"><a href=\"https:\/\/cidsr.md\/wp-content\/uploads\/2017\/04\/Pag-12.jpg\"><img class=\" wp-image-2911 aligncenter\" src=\"https:\/\/cidsr.md\/wp-content\/uploads\/2017\/04\/Pag-12.jpg\" alt=\"\" width=\"566\" height=\"800\" \/><\/a><\/td>\n<\/tr>\n<\/tbody>\n<\/table>","_ru_post_name":"unde-te-poti-adresa-daca-esti-victima-unui-abuz-inclusiv-sexual","_ru_post_excerpt":"","_ru_post_title":"\u041a\u0443\u0434\u0430 \u043e\u0431\u0440\u0430\u0442\u0438\u0442\u044c\u0441\u044f, \u0435\u0441\u043b\u0438 \u0432\u044b \u044f\u0432\u043b\u044f\u0435\u0442\u0435\u0441\u044c \u0436\u0435\u0440\u0442\u0432\u043e\u0439 \u0436\u0435\u0441\u0442\u043e\u043a\u043e\u0433\u043e \u043e\u0431\u0440\u0430\u0449\u0435\u043d\u0438\u044f, \u0432\u043a\u043b\u044e\u0447\u0430\u044f \u0441\u0435\u043a\u0441\u0443\u0430\u043b\u044c\u043d\u043e\u0435","_en_post_content":"The proposed information is selected from the brochure \"E\u0219ti victim\u0103 a violen\u021bei \u00een familie? Cere ajutor! Ai curajul s\u0103-\u021bi schimbi via\u021ba!\", Coali\u021bia Na\u021bional\u0103 \u201cVia\u021ba F\u0103r\u0103 Violen\u021b\u0103 \u00een Familie\u201d.\n<table style=\"width: 756px;\">\n<tbody>\n<tr>\n<td style=\"width: 375px;\"><a href=\"https:\/\/cidsr.md\/wp-content\/uploads\/2017\/04\/Pag-9-1.jpg\"><img class=\"size-full wp-image-2908 aligncenter\" src=\"https:\/\/cidsr.md\/wp-content\/uploads\/2017\/04\/Pag-9-1.jpg\" alt=\"\" width=\"566\" height=\"800\" \/><\/a><\/td>\n<td style=\"width: 369px;\"><a href=\"https:\/\/cidsr.md\/wp-content\/uploads\/2017\/04\/Pag-10-1.jpg\"><img class=\"size-full wp-image-2909 aligncenter\" src=\"https:\/\/cidsr.md\/wp-content\/uploads\/2017\/04\/Pag-10-1.jpg\" alt=\"\" width=\"566\" height=\"800\" \/><\/a><\/td>\n<\/tr>\n<tr>\n<td style=\"width: 375px;\"><a href=\"https:\/\/cidsr.md\/wp-content\/uploads\/2017\/04\/Pag-11.jpg\"><img class=\"alignright size-full wp-image-2943\" src=\"https:\/\/cidsr.md\/wp-content\/uploads\/2017\/04\/Pag-11.jpg\" alt=\"\" width=\"566\" height=\"800\" \/><\/a><\/td>\n<td style=\"width: 369px;\"><a href=\"https:\/\/cidsr.md\/wp-content\/uploads\/2017\/04\/Pag-12.jpg\"><img class=\" wp-image-2911 aligncenter\" src=\"https:\/\/cidsr.md\/wp-content\/uploads\/2017\/04\/Pag-12.jpg\" alt=\"\" width=\"566\" height=\"800\" \/><\/a><\/td>\n<\/tr>\n<\/tbody>\n<\/table>","_en_post_name":"unde-te-poti-adresa-daca-esti-victima-unui-abuz-inclusiv-sexual","_en_post_excerpt":"","_en_post_title":"What can you do if you are the victim of an abuse, including sexual","_ro_post_content":"Informa\u021bia propus\u0103 este selectat\u0103 din bro\u0219ura \"E\u0219ti victim\u0103 a violen\u021bei \u00een familie? Cere ajutor! Ai curajul s\u0103-\u021bi schimbi via\u021ba!\", Coali\u021bia Na\u021bional\u0103 \u201cVia\u021ba F\u0103r\u0103 Violen\u021b\u0103 \u00een Familie\u201d.\r\n<table style=\"width: 756px;\">\r\n<tbody>\r\n<tr>\r\n<td style=\"width: 375px;\"><a href=\"https:\/\/cidsr.md\/wp-content\/uploads\/2017\/04\/Pag-9-1.jpg\"><img class=\"size-full wp-image-2908 aligncenter\" src=\"https:\/\/cidsr.md\/wp-content\/uploads\/2017\/04\/Pag-9-1.jpg\" alt=\"\" width=\"566\" height=\"800\" \/><\/a><\/td>\r\n<td style=\"width: 369px;\"><a href=\"https:\/\/cidsr.md\/wp-content\/uploads\/2017\/04\/Pag-10-1.jpg\"><img class=\"size-full wp-image-2909 aligncenter\" src=\"https:\/\/cidsr.md\/wp-content\/uploads\/2017\/04\/Pag-10-1.jpg\" alt=\"\" width=\"566\" height=\"800\" \/><\/a><\/td>\r\n<\/tr>\r\n<tr>\r\n<td style=\"width: 375px;\"><a href=\"https:\/\/cidsr.md\/wp-content\/uploads\/2017\/04\/Pag-11.jpg\"><img class=\"alignright size-full wp-image-2943\" src=\"https:\/\/cidsr.md\/wp-content\/uploads\/2017\/04\/Pag-11.jpg\" alt=\"\" width=\"566\" height=\"800\" \/><\/a><\/td>\r\n<td style=\"width: 369px;\"><a href=\"https:\/\/cidsr.md\/wp-content\/uploads\/2017\/04\/Pag-12.jpg\"><img class=\" wp-image-2911 aligncenter\" src=\"https:\/\/cidsr.md\/wp-content\/uploads\/2017\/04\/Pag-12.jpg\" alt=\"\" width=\"566\" height=\"800\" \/><\/a><\/td>\r\n<\/tr>\r\n<\/tbody>\r\n<\/table>","_ro_post_name":"unde-te-poti-adresa-daca-esti-victima-unui-abuz-inclusiv-sexual","_ro_post_excerpt":"","_ro_post_title":"Unde te adresezi dac\u0103 e\u0219ti victima unui abuz, inclusiv sexual","edit_language":"ru","footnotes":""},"class_list":["post-10955","page","type-page","status-publish","hentry"],"acf":[],"yoast_head":"<!-- This site is optimized with the Yoast SEO plugin v22.0 - https:\/\/yoast.com\/wordpress\/plugins\/seo\/ -->\n<title>Unde te adresezi dac\u0103 e\u0219ti victima unui abuz, inclusiv sexual - Centrul de Instruire \u00een Domeniul S\u0103n\u0103t\u0103\u0163ii Reproductive<\/title>\n<meta name=\"robots\" content=\"index, follow, max-snippet:-1, max-image-preview:large, max-video-preview:-1\" \/>\n<link rel=\"canonical\" href=\"https:\/\/cidsr.md\/resurses\/drepturi-sexuale-si-reproductive\/unde-te-poti-adresa-daca-esti-victima-unui-abuz-inclusiv-sexual\/\" \/>\n<meta property=\"og:locale\" content=\"ru_RU\" \/>\n<meta property=\"og:type\" content=\"article\" \/>\n<meta property=\"og:title\" content=\"Unde te adresezi dac\u0103 e\u0219ti victima unui abuz, inclusiv sexual - Centrul de Instruire \u00een Domeniul S\u0103n\u0103t\u0103\u0163ii Reproductive\" \/>\n<meta property=\"og:description\" content=\"\u041f\u0440\u0435\u0434\u043b\u0430\u0433\u0430\u0435\u043c\u0430\u044f \u0438\u043d\u0444\u043e\u0440\u043c\u0430\u0446\u0438\u044f \u044f\u0432\u043b\u044f\u0435\u0442\u0441\u044f \u0447\u0430\u0441\u0442\u044c\u044e \u0431\u0440\u043e\u0448\u044e\u0440\u044b &#171;E\u0219ti victim\u0103 a violen\u021bei \u00een familie? Cere ajutor! Ai curajul s\u0103-\u021bi schimbi via\u021ba!&#187;, Coali\u021bia Na\u021bional\u0103 \u201cVia\u021ba F\u0103r\u0103 Violen\u021b\u0103 \u00een Familie\u201d.\" \/>\n<meta property=\"og:url\" content=\"https:\/\/cidsr.md\/resurses\/drepturi-sexuale-si-reproductive\/unde-te-poti-adresa-daca-esti-victima-unui-abuz-inclusiv-sexual\/\" \/>\n<meta property=\"og:site_name\" content=\"Centrul de Instruire \u00een Domeniul S\u0103n\u0103t\u0103\u0163ii Reproductive\" \/>\n<meta property=\"article:modified_time\" content=\"2023-11-08T14:26:03+00:00\" \/>\n<meta property=\"og:image\" content=\"https:\/\/cidsr.md\/wp-content\/uploads\/2017\/04\/Pag-9-1.jpg\" \/>\n<meta name=\"twitter:card\" content=\"summary_large_image\" \/>\n<meta name=\"twitter:label1\" content=\"\u041f\u0440\u0438\u043c\u0435\u0440\u043d\u043e\u0435 \u0432\u0440\u0435\u043c\u044f \u0434\u043b\u044f \u0447\u0442\u0435\u043d\u0438\u044f\" \/>\n\t<meta name=\"twitter:data1\" content=\"1 \u043c\u0438\u043d\u0443\u0442\u0430\" \/>\n<script type=\"application\/ld+json\" class=\"yoast-schema-graph\">{\"@context\":\"https:\/\/schema.org\",\"@graph\":[{\"@type\":\"WebPage\",\"@id\":\"https:\/\/cidsr.md\/resurses\/drepturi-sexuale-si-reproductive\/unde-te-poti-adresa-daca-esti-victima-unui-abuz-inclusiv-sexual\/\",\"url\":\"https:\/\/cidsr.md\/resurses\/drepturi-sexuale-si-reproductive\/unde-te-poti-adresa-daca-esti-victima-unui-abuz-inclusiv-sexual\/\",\"name\":\"Unde te adresezi dac\u0103 e\u0219ti victima unui abuz, inclusiv sexual - Centrul de Instruire \u00een Domeniul S\u0103n\u0103t\u0103\u0163ii Reproductive\",\"isPartOf\":{\"@id\":\"https:\/\/cidsr.md\/#website\"},\"datePublished\":\"2023-11-03T16:15:41+00:00\",\"dateModified\":\"2023-11-08T14:26:03+00:00\",\"breadcrumb\":{\"@id\":\"https:\/\/cidsr.md\/resurses\/drepturi-sexuale-si-reproductive\/unde-te-poti-adresa-daca-esti-victima-unui-abuz-inclusiv-sexual\/#breadcrumb\"},\"inLanguage\":\"ru-RU\",\"potentialAction\":[{\"@type\":\"ReadAction\",\"target\":[\"https:\/\/cidsr.md\/resurses\/drepturi-sexuale-si-reproductive\/unde-te-poti-adresa-daca-esti-victima-unui-abuz-inclusiv-sexual\/\"]}]},{\"@type\":\"BreadcrumbList\",\"@id\":\"https:\/\/cidsr.md\/resurses\/drepturi-sexuale-si-reproductive\/unde-te-poti-adresa-daca-esti-victima-unui-abuz-inclusiv-sexual\/#breadcrumb\",\"itemListElement\":[{\"@type\":\"ListItem\",\"position\":1,\"name\":\"\u0413\u043b\u0430\u0432\u043d\u0430\u044f \u0441\u0442\u0440\u0430\u043d\u0438\u0446\u0430\",\"item\":\"https:\/\/new.cidsr.md\/\"},{\"@type\":\"ListItem\",\"position\":2,\"name\":\"Resurse\",\"item\":\"https:\/\/cidsr.md\/resurses\/\"},{\"@type\":\"ListItem\",\"position\":3,\"name\":\"Drepturi sexuale \u0219i reproductive\",\"item\":\"https:\/\/cidsr.md\/resurses\/drepturi-sexuale-si-reproductive\/\"},{\"@type\":\"ListItem\",\"position\":4,\"name\":\"Unde te adresezi dac\u0103 e\u0219ti victima unui abuz, inclusiv sexual\"}]},{\"@type\":\"WebSite\",\"@id\":\"https:\/\/cidsr.md\/#website\",\"url\":\"https:\/\/cidsr.md\/\",\"name\":\"Centrul de Instruire \u00een Domeniul S\u0103n\u0103t\u0103\u0163ii Reproductive\",\"description\":\"Promov\u0103m s\u0103n\u0103tatea \u0219i drepturile sexuale \u0219i reproductive!\",\"potentialAction\":[{\"@type\":\"SearchAction\",\"target\":{\"@type\":\"EntryPoint\",\"urlTemplate\":\"https:\/\/cidsr.md\/?s={search_term_string}\"},\"query-input\":\"required name=search_term_string\"}],\"inLanguage\":\"ru-RU\"}]}<\/script>\n<!-- \/ Yoast SEO plugin. -->","yoast_head_json":{"title":"Unde te adresezi dac\u0103 e\u0219ti victima unui abuz, inclusiv sexual - Centrul de Instruire \u00een Domeniul S\u0103n\u0103t\u0103\u0163ii Reproductive","robots":{"index":"index","follow":"follow","max-snippet":"max-snippet:-1","max-image-preview":"max-image-preview:large","max-video-preview":"max-video-preview:-1"},"canonical":"https:\/\/cidsr.md\/resurses\/drepturi-sexuale-si-reproductive\/unde-te-poti-adresa-daca-esti-victima-unui-abuz-inclusiv-sexual\/","og_locale":"ru_RU","og_type":"article","og_title":"Unde te adresezi dac\u0103 e\u0219ti victima unui abuz, inclusiv sexual - Centrul de Instruire \u00een Domeniul S\u0103n\u0103t\u0103\u0163ii Reproductive","og_description":"\u041f\u0440\u0435\u0434\u043b\u0430\u0433\u0430\u0435\u043c\u0430\u044f \u0438\u043d\u0444\u043e\u0440\u043c\u0430\u0446\u0438\u044f \u044f\u0432\u043b\u044f\u0435\u0442\u0441\u044f \u0447\u0430\u0441\u0442\u044c\u044e \u0431\u0440\u043e\u0448\u044e\u0440\u044b &#171;E\u0219ti victim\u0103 a violen\u021bei \u00een familie? Cere ajutor! Ai curajul s\u0103-\u021bi schimbi via\u021ba!&#187;, Coali\u021bia Na\u021bional\u0103 \u201cVia\u021ba F\u0103r\u0103 Violen\u021b\u0103 \u00een Familie\u201d.","og_url":"https:\/\/cidsr.md\/resurses\/drepturi-sexuale-si-reproductive\/unde-te-poti-adresa-daca-esti-victima-unui-abuz-inclusiv-sexual\/","og_site_name":"Centrul de Instruire \u00een Domeniul S\u0103n\u0103t\u0103\u0163ii Reproductive","article_modified_time":"2023-11-08T14:26:03+00:00","og_image":[{"url":"https:\/\/cidsr.md\/wp-content\/uploads\/2017\/04\/Pag-9-1.jpg"}],"twitter_card":"summary_large_image","twitter_misc":{"\u041f\u0440\u0438\u043c\u0435\u0440\u043d\u043e\u0435 \u0432\u0440\u0435\u043c\u044f \u0434\u043b\u044f \u0447\u0442\u0435\u043d\u0438\u044f":"1 \u043c\u0438\u043d\u0443\u0442\u0430"},"schema":{"@context":"https:\/\/schema.org","@graph":[{"@type":"WebPage","@id":"https:\/\/cidsr.md\/resurses\/drepturi-sexuale-si-reproductive\/unde-te-poti-adresa-daca-esti-victima-unui-abuz-inclusiv-sexual\/","url":"https:\/\/cidsr.md\/resurses\/drepturi-sexuale-si-reproductive\/unde-te-poti-adresa-daca-esti-victima-unui-abuz-inclusiv-sexual\/","name":"Unde te adresezi dac\u0103 e\u0219ti victima unui abuz, inclusiv sexual - Centrul de Instruire \u00een Domeniul S\u0103n\u0103t\u0103\u0163ii Reproductive","isPartOf":{"@id":"https:\/\/cidsr.md\/#website"},"datePublished":"2023-11-03T16:15:41+00:00","dateModified":"2023-11-08T14:26:03+00:00","breadcrumb":{"@id":"https:\/\/cidsr.md\/resurses\/drepturi-sexuale-si-reproductive\/unde-te-poti-adresa-daca-esti-victima-unui-abuz-inclusiv-sexual\/#breadcrumb"},"inLanguage":"ru-RU","potentialAction":[{"@type":"ReadAction","target":["https:\/\/cidsr.md\/resurses\/drepturi-sexuale-si-reproductive\/unde-te-poti-adresa-daca-esti-victima-unui-abuz-inclusiv-sexual\/"]}]},{"@type":"BreadcrumbList","@id":"https:\/\/cidsr.md\/resurses\/drepturi-sexuale-si-reproductive\/unde-te-poti-adresa-daca-esti-victima-unui-abuz-inclusiv-sexual\/#breadcrumb","itemListElement":[{"@type":"ListItem","position":1,"name":"\u0413\u043b\u0430\u0432\u043d\u0430\u044f \u0441\u0442\u0440\u0430\u043d\u0438\u0446\u0430","item":"https:\/\/new.cidsr.md\/"},{"@type":"ListItem","position":2,"name":"Resurse","item":"https:\/\/cidsr.md\/resurses\/"},{"@type":"ListItem","position":3,"name":"Drepturi sexuale \u0219i reproductive","item":"https:\/\/cidsr.md\/resurses\/drepturi-sexuale-si-reproductive\/"},{"@type":"ListItem","position":4,"name":"Unde te adresezi dac\u0103 e\u0219ti victima unui abuz, inclusiv sexual"}]},{"@type":"WebSite","@id":"https:\/\/cidsr.md\/#website","url":"https:\/\/cidsr.md\/","name":"Centrul de Instruire \u00een Domeniul S\u0103n\u0103t\u0103\u0163ii Reproductive","description":"Promov\u0103m s\u0103n\u0103tatea \u0219i drepturile sexuale \u0219i reproductive!","potentialAction":[{"@type":"SearchAction","target":{"@type":"EntryPoint","urlTemplate":"https:\/\/cidsr.md\/?s={search_term_string}"},"query-input":"required name=search_term_string"}],"inLanguage":"ru-RU"}]}},"_links":{"self":[{"href":"https:\/\/cidsr.md\/ru\/wp-json\/wp\/v2\/pages\/10955","targetHints":{"allow":["GET"]}}],"collection":[{"href":"https:\/\/cidsr.md\/ru\/wp-json\/wp\/v2\/pages"}],"about":[{"href":"https:\/\/cidsr.md\/ru\/wp-json\/wp\/v2\/types\/page"}],"author":[{"embeddable":true,"href":"https:\/\/cidsr.md\/ru\/wp-json\/wp\/v2\/users\/4"}],"replies":[{"embeddable":true,"href":"https:\/\/cidsr.md\/ru\/wp-json\/wp\/v2\/comments?post=10955"}],"version-history":[{"count":1,"href":"https:\/\/cidsr.md\/ru\/wp-json\/wp\/v2\/pages\/10955\/revisions"}],"predecessor-version":[{"id":11133,"href":"https:\/\/cidsr.md\/ru\/wp-json\/wp\/v2\/pages\/10955\/revisions\/11133"}],"up":[{"embeddable":true,"href":"https:\/\/cidsr.md\/ru\/wp-json\/wp\/v2\/pages\/991"}],"wp:attachment":[{"href":"https:\/\/cidsr.md\/ru\/wp-json\/wp\/v2\/media?parent=10955"}],"curies":[{"name":"wp","href":"https:\/\/api.w.org\/{rel}","templated":true}]}}