{"id":10946,"date":"2023-11-03T16:15:40","date_gmt":"2023-11-03T16:15:40","guid":{"rendered":"http:\/\/www.sanatateafemeii.md\/?page_id=2179"},"modified":"2023-11-08T15:21:36","modified_gmt":"2023-11-08T12:21:36","slug":"medical-eligibility-criteria-wheel-contraceptive-use-2015","status":"publish","type":"page","link":"https:\/\/cidsr.md\/ru\/%d1%80%d0%b5%d1%81%d1%83%d1%80%d1%81%d1%8b\/planificarea-familiala\/medical-eligibility-criteria-wheel-contraceptive-use-2015\/","title":{"rendered":"\u0412\u041e\u0417, \u041c\u0435\u0434\u0438\u0446\u0438\u043d\u0441\u043a\u0438\u0435 \u043a\u0440\u0438\u0442\u0435\u0440\u0438\u0438 \u043f\u0440\u0438\u0435\u043c\u043b\u0435\u043c\u043e\u0441\u0442\u0438 \u0434\u043b\u044f \u0438\u0441\u043f\u043e\u043b\u044c\u0437\u043e\u0432\u0430\u043d\u0438\u044f \u043c\u0435\u0442\u043e\u0434\u043e\u0432 \u043a\u043e\u043d\u0442\u0440\u0430\u0446\u0435\u043f\u0446\u0438\u0438","raw":"\u0412\u041e\u0417, \u041c\u0435\u0434\u0438\u0446\u0438\u043d\u0441\u043a\u0438\u0435 \u043a\u0440\u0438\u0442\u0435\u0440\u0438\u0438 \u043f\u0440\u0438\u0435\u043c\u043b\u0435\u043c\u043e\u0441\u0442\u0438 \u0434\u043b\u044f \u0438\u0441\u043f\u043e\u043b\u044c\u0437\u043e\u0432\u0430\u043d\u0438\u044f \u043c\u0435\u0442\u043e\u0434\u043e\u0432 \u043a\u043e\u043d\u0442\u0440\u0430\u0446\u0435\u043f\u0446\u0438\u0438"},"content":{"rendered":"<p style=\"text-align: center;\">\u0414\u043b\u044f \u043e\u0437\u043d\u0430\u043a\u043e\u043c\u043b\u0435\u043d\u0438\u044f \u0441 &#171;\u0412\u041e\u0417, \u041c\u0435\u0434\u0438\u0446\u0438\u043d\u0441\u043a\u0438\u0435 \u043a\u0440\u0438\u0442\u0435\u0440\u0438\u0438 \u043f\u0440\u0438\u0435\u043c\u043b\u0435\u043c\u043e\u0441\u0442\u0438 \u0434\u043b\u044f \u0438\u0441\u043f\u043e\u043b\u044c\u0437\u043e\u0432\u0430\u043d\u0438\u044f \u043c\u0435\u0442\u043e\u0434\u043e\u0432 \u043a\u043e\u043d\u0442\u0440\u0430\u0446\u0435\u043f\u0446\u0438\u0438&#187;,\u00a0\u043a\u043b\u0438\u043a\u043d\u0438\u0442\u0435 \u043d\u0430 \u043a\u0430\u0440\u0442\u0438\u043d\u043a\u0443 \u043d\u0438\u0436\u0435.<\/p>\n<p><a href=\"http:\/\/srhr.org\/mec-wheel\/\" target=\"_blank\"><img loading=\"lazy\" decoding=\"async\" class=\"wp-image-2180 aligncenter\" src=\"https:\/\/cidsr.md\/wp-content\/uploads\/2016\/10\/Criterii-med-eligib.jpg\" alt=\"criterii-med-eligib\" width=\"598\" height=\"360\" \/><\/a><\/p>\n","protected":false,"raw":"<p style=\"text-align: center;\">\u0414\u043b\u044f \u043e\u0437\u043d\u0430\u043a\u043e\u043c\u043b\u0435\u043d\u0438\u044f \u0441 \"\u0412\u041e\u0417, \u041c\u0435\u0434\u0438\u0446\u0438\u043d\u0441\u043a\u0438\u0435 \u043a\u0440\u0438\u0442\u0435\u0440\u0438\u0438 \u043f\u0440\u0438\u0435\u043c\u043b\u0435\u043c\u043e\u0441\u0442\u0438 \u0434\u043b\u044f \u0438\u0441\u043f\u043e\u043b\u044c\u0437\u043e\u0432\u0430\u043d\u0438\u044f \u043c\u0435\u0442\u043e\u0434\u043e\u0432 \u043a\u043e\u043d\u0442\u0440\u0430\u0446\u0435\u043f\u0446\u0438\u0438\",\u00a0\u043a\u043b\u0438\u043a\u043d\u0438\u0442\u0435 \u043d\u0430 \u043a\u0430\u0440\u0442\u0438\u043d\u043a\u0443 \u043d\u0438\u0436\u0435.<\/p>\n\n<a href=\"http:\/\/srhr.org\/mec-wheel\/\" target=\"_blank\"><img class=\"wp-image-2180 aligncenter\" src=\"https:\/\/cidsr.md\/wp-content\/uploads\/2016\/10\/Criterii-med-eligib.jpg\" alt=\"criterii-med-eligib\" width=\"598\" height=\"360\" \/><\/a>"},"excerpt":{"rendered":"","protected":false,"raw":""},"author":4,"featured_media":0,"parent":983,"menu_order":999,"comment_status":"closed","ping_status":"closed","template":"page-text.php","meta":{"_acf_changed":false,"_ru_post_content":"<p style=\"text-align: center;\">\u0414\u043b\u044f \u043e\u0437\u043d\u0430\u043a\u043e\u043c\u043b\u0435\u043d\u0438\u044f \u0441 \"\u0412\u041e\u0417, \u041c\u0435\u0434\u0438\u0446\u0438\u043d\u0441\u043a\u0438\u0435 \u043a\u0440\u0438\u0442\u0435\u0440\u0438\u0438 \u043f\u0440\u0438\u0435\u043c\u043b\u0435\u043c\u043e\u0441\u0442\u0438 \u0434\u043b\u044f \u0438\u0441\u043f\u043e\u043b\u044c\u0437\u043e\u0432\u0430\u043d\u0438\u044f \u043c\u0435\u0442\u043e\u0434\u043e\u0432 \u043a\u043e\u043d\u0442\u0440\u0430\u0446\u0435\u043f\u0446\u0438\u0438\",\u00a0\u043a\u043b\u0438\u043a\u043d\u0438\u0442\u0435 \u043d\u0430 \u043a\u0430\u0440\u0442\u0438\u043d\u043a\u0443 \u043d\u0438\u0436\u0435.<\/p>\n\n<a href=\"http:\/\/srhr.org\/mec-wheel\/\" target=\"_blank\"><img class=\"wp-image-2180 aligncenter\" src=\"https:\/\/cidsr.md\/wp-content\/uploads\/2016\/10\/Criterii-med-eligib.jpg\" alt=\"criterii-med-eligib\" width=\"598\" height=\"360\" \/><\/a>","_ru_post_name":"medical-eligibility-criteria-wheel-contraceptive-use-2015","_ru_post_excerpt":"","_ru_post_title":"\u0412\u041e\u0417, \u041c\u0435\u0434\u0438\u0446\u0438\u043d\u0441\u043a\u0438\u0435 \u043a\u0440\u0438\u0442\u0435\u0440\u0438\u0438 \u043f\u0440\u0438\u0435\u043c\u043b\u0435\u043c\u043e\u0441\u0442\u0438 \u0434\u043b\u044f \u0438\u0441\u043f\u043e\u043b\u044c\u0437\u043e\u0432\u0430\u043d\u0438\u044f \u043c\u0435\u0442\u043e\u0434\u043e\u0432 \u043a\u043e\u043d\u0442\u0440\u0430\u0446\u0435\u043f\u0446\u0438\u0438","_en_post_content":"<p style=\"text-align: center;\">Click the image below, to acces the \"WHO Medical Eligibility Criteria Wheel for contraceptive use, 2015\" disc<\/p>\r\n<p style=\"text-align: center;\"><a href=\"http:\/\/srhr.org\/mec-wheel\/\" target=\"_blank\" rel=\"noopener\"><img class=\"wp-image-2180 aligncenter\" src=\"https:\/\/cidsr.md\/wp-content\/uploads\/2016\/10\/Criterii-med-eligib.jpg\" alt=\"criterii-med-eligib\" width=\"598\" height=\"360\" \/><\/a><\/p>","_en_post_name":"medical-eligibility-criteria-wheel-contraceptive-use-2015","_en_post_excerpt":"","_en_post_title":"WHO Medical Eligibility Criteria Wheel  for contraceptive use, 2015","_ro_post_content":"<p style=\"text-align: center;\">Pentru a consulta discul \"Criteriile medicale de eligibilitate pentru utilizarea contraceptivelor, OMS\", face\u021bi click pe imaginea de mai jos:<\/p>\r\n<p style=\"text-align: center;\"><a href=\"http:\/\/srhr.org\/mec-wheel\/\" target=\"_blank\" rel=\"noopener\"><img class=\"wp-image-2180 aligncenter\" src=\"https:\/\/cidsr.md\/wp-content\/uploads\/2016\/10\/Criterii-med-eligib.jpg\" alt=\"criterii-med-eligib\" width=\"598\" height=\"360\" \/><\/a><\/p>","_ro_post_name":"medical-eligibility-criteria-wheel-contraceptive-use-2015","_ro_post_excerpt":"","_ro_post_title":"Criteriile medicale de eligibilitate pentru utilizarea contraceptivelor, OMS","edit_language":"ru","footnotes":""},"class_list":["post-10946","page","type-page","status-publish","hentry"],"acf":[],"yoast_head":"<!-- This site is optimized with the Yoast SEO plugin v22.0 - https:\/\/yoast.com\/wordpress\/plugins\/seo\/ -->\n<title>Criteriile medicale de eligibilitate pentru utilizarea contraceptivelor, OMS - Centrul de Instruire \u00een Domeniul S\u0103n\u0103t\u0103\u0163ii Reproductive<\/title>\n<meta name=\"robots\" content=\"index, follow, max-snippet:-1, max-image-preview:large, max-video-preview:-1\" \/>\n<link rel=\"canonical\" href=\"https:\/\/cidsr.md\/resurses\/planificarea-familiala\/medical-eligibility-criteria-wheel-contraceptive-use-2015\/\" \/>\n<meta property=\"og:locale\" content=\"ru_RU\" \/>\n<meta property=\"og:type\" content=\"article\" \/>\n<meta property=\"og:title\" content=\"Criteriile medicale de eligibilitate pentru utilizarea contraceptivelor, OMS - Centrul de Instruire \u00een Domeniul S\u0103n\u0103t\u0103\u0163ii Reproductive\" \/>\n<meta property=\"og:description\" content=\"\u0414\u043b\u044f \u043e\u0437\u043d\u0430\u043a\u043e\u043c\u043b\u0435\u043d\u0438\u044f \u0441 &#171;\u0412\u041e\u0417, \u041c\u0435\u0434\u0438\u0446\u0438\u043d\u0441\u043a\u0438\u0435 \u043a\u0440\u0438\u0442\u0435\u0440\u0438\u0438 \u043f\u0440\u0438\u0435\u043c\u043b\u0435\u043c\u043e\u0441\u0442\u0438 \u0434\u043b\u044f \u0438\u0441\u043f\u043e\u043b\u044c\u0437\u043e\u0432\u0430\u043d\u0438\u044f \u043c\u0435\u0442\u043e\u0434\u043e\u0432 \u043a\u043e\u043d\u0442\u0440\u0430\u0446\u0435\u043f\u0446\u0438\u0438&#187;,\u00a0\u043a\u043b\u0438\u043a\u043d\u0438\u0442\u0435 \u043d\u0430 \u043a\u0430\u0440\u0442\u0438\u043d\u043a\u0443 \u043d\u0438\u0436\u0435.\" \/>\n<meta property=\"og:url\" content=\"https:\/\/cidsr.md\/resurses\/planificarea-familiala\/medical-eligibility-criteria-wheel-contraceptive-use-2015\/\" \/>\n<meta property=\"og:site_name\" content=\"Centrul de Instruire \u00een Domeniul S\u0103n\u0103t\u0103\u0163ii Reproductive\" \/>\n<meta property=\"article:modified_time\" content=\"2023-11-08T12:21:36+00:00\" \/>\n<meta property=\"og:image\" content=\"https:\/\/cidsr.md\/wp-content\/uploads\/2016\/10\/Criterii-med-eligib.jpg\" \/>\n<meta name=\"twitter:card\" content=\"summary_large_image\" \/>\n<meta name=\"twitter:label1\" content=\"\u041f\u0440\u0438\u043c\u0435\u0440\u043d\u043e\u0435 \u0432\u0440\u0435\u043c\u044f \u0434\u043b\u044f \u0447\u0442\u0435\u043d\u0438\u044f\" \/>\n\t<meta name=\"twitter:data1\" content=\"1 \u043c\u0438\u043d\u0443\u0442\u0430\" \/>\n<script type=\"application\/ld+json\" class=\"yoast-schema-graph\">{\"@context\":\"https:\/\/schema.org\",\"@graph\":[{\"@type\":\"WebPage\",\"@id\":\"https:\/\/cidsr.md\/resurses\/planificarea-familiala\/medical-eligibility-criteria-wheel-contraceptive-use-2015\/\",\"url\":\"https:\/\/cidsr.md\/resurses\/planificarea-familiala\/medical-eligibility-criteria-wheel-contraceptive-use-2015\/\",\"name\":\"Criteriile medicale de eligibilitate pentru utilizarea contraceptivelor, OMS - Centrul de Instruire \u00een Domeniul S\u0103n\u0103t\u0103\u0163ii Reproductive\",\"isPartOf\":{\"@id\":\"https:\/\/cidsr.md\/#website\"},\"datePublished\":\"2023-11-03T16:15:40+00:00\",\"dateModified\":\"2023-11-08T12:21:36+00:00\",\"breadcrumb\":{\"@id\":\"https:\/\/cidsr.md\/resurses\/planificarea-familiala\/medical-eligibility-criteria-wheel-contraceptive-use-2015\/#breadcrumb\"},\"inLanguage\":\"ru-RU\",\"potentialAction\":[{\"@type\":\"ReadAction\",\"target\":[\"https:\/\/cidsr.md\/resurses\/planificarea-familiala\/medical-eligibility-criteria-wheel-contraceptive-use-2015\/\"]}]},{\"@type\":\"BreadcrumbList\",\"@id\":\"https:\/\/cidsr.md\/resurses\/planificarea-familiala\/medical-eligibility-criteria-wheel-contraceptive-use-2015\/#breadcrumb\",\"itemListElement\":[{\"@type\":\"ListItem\",\"position\":1,\"name\":\"\u0413\u043b\u0430\u0432\u043d\u0430\u044f \u0441\u0442\u0440\u0430\u043d\u0438\u0446\u0430\",\"item\":\"https:\/\/new.cidsr.md\/\"},{\"@type\":\"ListItem\",\"position\":2,\"name\":\"Resurse\",\"item\":\"https:\/\/cidsr.md\/resurses\/\"},{\"@type\":\"ListItem\",\"position\":3,\"name\":\"\u041f\u043b\u0430\u043d\u0438\u0440\u043e\u0432\u0430\u043d\u0438\u0435 \u0441\u0435\u043c\u044c\u0438\",\"item\":\"https:\/\/cidsr.md\/ru\/%d1%80%d0%b5%d1%81%d1%83%d1%80%d1%81%d1%8b\/planificarea-familiala\/\"},{\"@type\":\"ListItem\",\"position\":4,\"name\":\"Criteriile medicale de eligibilitate pentru utilizarea contraceptivelor, OMS\"}]},{\"@type\":\"WebSite\",\"@id\":\"https:\/\/cidsr.md\/#website\",\"url\":\"https:\/\/cidsr.md\/\",\"name\":\"Centrul de Instruire \u00een Domeniul S\u0103n\u0103t\u0103\u0163ii Reproductive\",\"description\":\"Promov\u0103m s\u0103n\u0103tatea \u0219i drepturile sexuale \u0219i reproductive!\",\"potentialAction\":[{\"@type\":\"SearchAction\",\"target\":{\"@type\":\"EntryPoint\",\"urlTemplate\":\"https:\/\/cidsr.md\/?s={search_term_string}\"},\"query-input\":\"required name=search_term_string\"}],\"inLanguage\":\"ru-RU\"}]}<\/script>\n<!-- \/ Yoast SEO plugin. -->","yoast_head_json":{"title":"Criteriile medicale de eligibilitate pentru utilizarea contraceptivelor, OMS - Centrul de Instruire \u00een Domeniul S\u0103n\u0103t\u0103\u0163ii Reproductive","robots":{"index":"index","follow":"follow","max-snippet":"max-snippet:-1","max-image-preview":"max-image-preview:large","max-video-preview":"max-video-preview:-1"},"canonical":"https:\/\/cidsr.md\/resurses\/planificarea-familiala\/medical-eligibility-criteria-wheel-contraceptive-use-2015\/","og_locale":"ru_RU","og_type":"article","og_title":"Criteriile medicale de eligibilitate pentru utilizarea contraceptivelor, OMS - Centrul de Instruire \u00een Domeniul S\u0103n\u0103t\u0103\u0163ii Reproductive","og_description":"\u0414\u043b\u044f \u043e\u0437\u043d\u0430\u043a\u043e\u043c\u043b\u0435\u043d\u0438\u044f \u0441 &#171;\u0412\u041e\u0417, \u041c\u0435\u0434\u0438\u0446\u0438\u043d\u0441\u043a\u0438\u0435 \u043a\u0440\u0438\u0442\u0435\u0440\u0438\u0438 \u043f\u0440\u0438\u0435\u043c\u043b\u0435\u043c\u043e\u0441\u0442\u0438 \u0434\u043b\u044f \u0438\u0441\u043f\u043e\u043b\u044c\u0437\u043e\u0432\u0430\u043d\u0438\u044f \u043c\u0435\u0442\u043e\u0434\u043e\u0432 \u043a\u043e\u043d\u0442\u0440\u0430\u0446\u0435\u043f\u0446\u0438\u0438&#187;,\u00a0\u043a\u043b\u0438\u043a\u043d\u0438\u0442\u0435 \u043d\u0430 \u043a\u0430\u0440\u0442\u0438\u043d\u043a\u0443 \u043d\u0438\u0436\u0435.","og_url":"https:\/\/cidsr.md\/resurses\/planificarea-familiala\/medical-eligibility-criteria-wheel-contraceptive-use-2015\/","og_site_name":"Centrul de Instruire \u00een Domeniul S\u0103n\u0103t\u0103\u0163ii Reproductive","article_modified_time":"2023-11-08T12:21:36+00:00","og_image":[{"url":"https:\/\/cidsr.md\/wp-content\/uploads\/2016\/10\/Criterii-med-eligib.jpg"}],"twitter_card":"summary_large_image","twitter_misc":{"\u041f\u0440\u0438\u043c\u0435\u0440\u043d\u043e\u0435 \u0432\u0440\u0435\u043c\u044f \u0434\u043b\u044f \u0447\u0442\u0435\u043d\u0438\u044f":"1 \u043c\u0438\u043d\u0443\u0442\u0430"},"schema":{"@context":"https:\/\/schema.org","@graph":[{"@type":"WebPage","@id":"https:\/\/cidsr.md\/resurses\/planificarea-familiala\/medical-eligibility-criteria-wheel-contraceptive-use-2015\/","url":"https:\/\/cidsr.md\/resurses\/planificarea-familiala\/medical-eligibility-criteria-wheel-contraceptive-use-2015\/","name":"Criteriile medicale de eligibilitate pentru utilizarea contraceptivelor, OMS - Centrul de Instruire \u00een Domeniul S\u0103n\u0103t\u0103\u0163ii Reproductive","isPartOf":{"@id":"https:\/\/cidsr.md\/#website"},"datePublished":"2023-11-03T16:15:40+00:00","dateModified":"2023-11-08T12:21:36+00:00","breadcrumb":{"@id":"https:\/\/cidsr.md\/resurses\/planificarea-familiala\/medical-eligibility-criteria-wheel-contraceptive-use-2015\/#breadcrumb"},"inLanguage":"ru-RU","potentialAction":[{"@type":"ReadAction","target":["https:\/\/cidsr.md\/resurses\/planificarea-familiala\/medical-eligibility-criteria-wheel-contraceptive-use-2015\/"]}]},{"@type":"BreadcrumbList","@id":"https:\/\/cidsr.md\/resurses\/planificarea-familiala\/medical-eligibility-criteria-wheel-contraceptive-use-2015\/#breadcrumb","itemListElement":[{"@type":"ListItem","position":1,"name":"\u0413\u043b\u0430\u0432\u043d\u0430\u044f \u0441\u0442\u0440\u0430\u043d\u0438\u0446\u0430","item":"https:\/\/new.cidsr.md\/"},{"@type":"ListItem","position":2,"name":"Resurse","item":"https:\/\/cidsr.md\/resurses\/"},{"@type":"ListItem","position":3,"name":"\u041f\u043b\u0430\u043d\u0438\u0440\u043e\u0432\u0430\u043d\u0438\u0435 \u0441\u0435\u043c\u044c\u0438","item":"https:\/\/cidsr.md\/ru\/%d1%80%d0%b5%d1%81%d1%83%d1%80%d1%81%d1%8b\/planificarea-familiala\/"},{"@type":"ListItem","position":4,"name":"Criteriile medicale de eligibilitate pentru utilizarea contraceptivelor, OMS"}]},{"@type":"WebSite","@id":"https:\/\/cidsr.md\/#website","url":"https:\/\/cidsr.md\/","name":"Centrul de Instruire \u00een Domeniul S\u0103n\u0103t\u0103\u0163ii Reproductive","description":"Promov\u0103m s\u0103n\u0103tatea \u0219i drepturile sexuale \u0219i reproductive!","potentialAction":[{"@type":"SearchAction","target":{"@type":"EntryPoint","urlTemplate":"https:\/\/cidsr.md\/?s={search_term_string}"},"query-input":"required name=search_term_string"}],"inLanguage":"ru-RU"}]}},"_links":{"self":[{"href":"https:\/\/cidsr.md\/ru\/wp-json\/wp\/v2\/pages\/10946","targetHints":{"allow":["GET"]}}],"collection":[{"href":"https:\/\/cidsr.md\/ru\/wp-json\/wp\/v2\/pages"}],"about":[{"href":"https:\/\/cidsr.md\/ru\/wp-json\/wp\/v2\/types\/page"}],"author":[{"embeddable":true,"href":"https:\/\/cidsr.md\/ru\/wp-json\/wp\/v2\/users\/4"}],"replies":[{"embeddable":true,"href":"https:\/\/cidsr.md\/ru\/wp-json\/wp\/v2\/comments?post=10946"}],"version-history":[{"count":1,"href":"https:\/\/cidsr.md\/ru\/wp-json\/wp\/v2\/pages\/10946\/revisions"}],"predecessor-version":[{"id":11086,"href":"https:\/\/cidsr.md\/ru\/wp-json\/wp\/v2\/pages\/10946\/revisions\/11086"}],"up":[{"embeddable":true,"href":"https:\/\/cidsr.md\/ru\/wp-json\/wp\/v2\/pages\/983"}],"wp:attachment":[{"href":"https:\/\/cidsr.md\/ru\/wp-json\/wp\/v2\/media?parent=10946"}],"curies":[{"name":"wp","href":"https:\/\/api.w.org\/{rel}","templated":true}]}}