{"id":10930,"date":"2023-11-03T16:15:39","date_gmt":"2023-11-03T16:15:39","guid":{"rendered":"http:\/\/www.sanatateafemeii.md\/?page_id=1562"},"modified":"2023-11-09T13:52:53","modified_gmt":"2023-11-09T10:52:53","slug":"proiectul-matra","status":"publish","type":"page","link":"https:\/\/cidsr.md\/ru\/portofolio\/proiecte\/proiecte-implementate-anul-2012-2013\/proiectul-matra\/","title":{"rendered":"\u041f\u0440\u043e\u0435\u043a\u0442 \"\u041f\u043e\u0432\u044b\u0448\u0435\u043d\u0438\u0435 \u043e\u0441\u0432\u0435\u0434\u043e\u043c\u043b\u0435\u043d\u043d\u043e\u0441\u0442\u0438 \u043e \u0441\u0435\u043a\u0441\u0443\u0430\u043b\u044c\u043d\u044b\u0445 \u0440\u0435\u043f\u0440\u043e\u0434\u0443\u043a\u0442\u0438\u0432\u043d\u044b\u0445 \u043f\u0440\u0430\u0432, \u0432 \u0442\u043e\u043c \u0447\u0438\u0441\u043b\u0435 \u0438 \u043d\u0430 \u0431\u0435\u0437\u043e\u043f\u0430\u0441\u043d\u044b\u0439 \u0430\u0431\u043e\u0440\u0442 \u0432 \u043a\u0430\u0447\u0435\u0441\u0442\u0432\u0435 \u043e\u0434\u043d\u043e\u0433\u043e \u0438\u0437 \u043e\u0441\u043d\u043e\u0432\u043d\u044b\u0445 \u0440\u0435\u043f\u0440\u043e\u0434\u0443\u043a\u0442\u0438\u0432\u043d\u044b\u0445 \u043f\u0440\u0430\u0432 \u0436\u0435\u043d\u0449\u0438\u043d \u0432 \u041c\u043e\u043b\u0434\u043e\u0432\u0435\"","raw":"\u041f\u0440\u043e\u0435\u043a\u0442 \"\u041f\u043e\u0432\u044b\u0448\u0435\u043d\u0438\u0435 \u043e\u0441\u0432\u0435\u0434\u043e\u043c\u043b\u0435\u043d\u043d\u043e\u0441\u0442\u0438 \u043e \u0441\u0435\u043a\u0441\u0443\u0430\u043b\u044c\u043d\u044b\u0445 \u0440\u0435\u043f\u0440\u043e\u0434\u0443\u043a\u0442\u0438\u0432\u043d\u044b\u0445 \u043f\u0440\u0430\u0432, \u0432 \u0442\u043e\u043c \u0447\u0438\u0441\u043b\u0435 \u0438 \u043d\u0430 \u0431\u0435\u0437\u043e\u043f\u0430\u0441\u043d\u044b\u0439 \u0430\u0431\u043e\u0440\u0442 \u0432 \u043a\u0430\u0447\u0435\u0441\u0442\u0432\u0435 \u043e\u0434\u043d\u043e\u0433\u043e \u0438\u0437 \u043e\u0441\u043d\u043e\u0432\u043d\u044b\u0445 \u0440\u0435\u043f\u0440\u043e\u0434\u0443\u043a\u0442\u0438\u0432\u043d\u044b\u0445 \u043f\u0440\u0430\u0432 \u0436\u0435\u043d\u0449\u0438\u043d \u0432 \u041c\u043e\u043b\u0434\u043e\u0432\u0435\""},"content":{"rendered":"<p><img loading=\"lazy\" decoding=\"async\" class=\" wp-image-4508 aligncenter\" src=\"https:\/\/cidsr.md\/wp-content\/uploads\/2018\/03\/COMSOON.jpg\" alt=\"\" width=\"200\" height=\"204\" \/><\/p>\n","protected":false,"raw":"<img class=\" wp-image-4508 aligncenter\" src=\"https:\/\/cidsr.md\/wp-content\/uploads\/2018\/03\/COMSOON.jpg\" alt=\"\" width=\"200\" height=\"204\" \/>"},"excerpt":{"rendered":"","protected":false,"raw":""},"author":4,"featured_media":0,"parent":10997,"menu_order":999,"comment_status":"closed","ping_status":"closed","template":"page-text.php","meta":{"_acf_changed":false,"_ru_post_content":"<img class=\" wp-image-4508 aligncenter\" src=\"https:\/\/cidsr.md\/wp-content\/uploads\/2018\/03\/COMSOON.jpg\" alt=\"\" width=\"200\" height=\"204\" \/>","_ru_post_name":"proiectul-matra","_ru_post_excerpt":"","_ru_post_title":"\u041f\u0440\u043e\u0435\u043a\u0442 \"\u041f\u043e\u0432\u044b\u0448\u0435\u043d\u0438\u0435 \u043e\u0441\u0432\u0435\u0434\u043e\u043c\u043b\u0435\u043d\u043d\u043e\u0441\u0442\u0438 \u043e \u0441\u0435\u043a\u0441\u0443\u0430\u043b\u044c\u043d\u044b\u0445 \u0440\u0435\u043f\u0440\u043e\u0434\u0443\u043a\u0442\u0438\u0432\u043d\u044b\u0445 \u043f\u0440\u0430\u0432, \u0432 \u0442\u043e\u043c \u0447\u0438\u0441\u043b\u0435 \u0438 \u043d\u0430 \u0431\u0435\u0437\u043e\u043f\u0430\u0441\u043d\u044b\u0439 \u0430\u0431\u043e\u0440\u0442 \u0432 \u043a\u0430\u0447\u0435\u0441\u0442\u0432\u0435 \u043e\u0434\u043d\u043e\u0433\u043e \u0438\u0437 \u043e\u0441\u043d\u043e\u0432\u043d\u044b\u0445 \u0440\u0435\u043f\u0440\u043e\u0434\u0443\u043a\u0442\u0438\u0432\u043d\u044b\u0445 \u043f\u0440\u0430\u0432 \u0436\u0435\u043d\u0449\u0438\u043d \u0432 \u041c\u043e\u043b\u0434\u043e\u0432\u0435\"","_en_post_content":"<img class=\" wp-image-4508 aligncenter\" src=\"https:\/\/cidsr.md\/wp-content\/uploads\/2018\/03\/COMSOON.jpg\" alt=\"\" width=\"200\" height=\"204\" \/>","_en_post_name":"proiectul-matra","_en_post_excerpt":"","_en_post_title":"Project \"Increasing community\u2019 awareness on sexual and reproductive rights as fundamental human rights, in Moldova, in the conditions of growing religious fundamentalism and anti-choice movement\"","_ro_post_content":"<strong>PERIOADA DE IMPLEMENTARE: <\/strong>Iulie, 2012\u00a0\u2013 iulie, 2013\r\n\r\n<strong>FINAN\u021aATOR:\u00a0<\/strong>Ministerul Afacerilor Externe al Olandei\u00a0\u2013 Matra Kap\r\n\r\n<strong>SCOPUL PROIECTULUI<\/strong>: Cresterea gradul de con\u015ftientizare a drepturilor sexual reproductive, inclusiv la avortul in siguran\u0163a ca fiind unul din drepturile sexual reproductive fundamentale ale femeilor din Republica Moldova.\r\n\r\n<strong>OBIECTIVELE PROIECTULUI\u00a0:<\/strong>\r\n<ul>\r\n \t<li>Sensibilizarea mass-media cu privire la drepturile sexual-reproductive a femeilor din Republica Moldova, inclusiv a serviciilor de calitate a avortului in siguran\u0163a, contribuind la schimbarea calit\u0103\u0163ii mesajelor pe care le furnizeaz\u0103 (din acuzativ in educa\u0163ional) \u015fi influen\u0163area atitudinii societ\u0103\u0163ii asupra acestui subiect.<\/li>\r\n \t<li>Consolidarea capacita\u0163ii femeilor ce se afl\u0103 \u00een situa\u0163ii de criz\u0103 (femei ce-\u015fi doresc \u00eentreruperea sarcinii, dar cu cuno\u015ftin\u0163e reduse cu privire la prestatorii de servicii, posibilit\u0103\u0163i financiare limitate sau cu termenul de sarcina dep\u0103\u015fit) pentru a putea fi informate si\u00a0 lua decizii mai bune utiliz\u00e2nd sistemul creat pentru ele.<\/li>\r\n \t<li>Cre\u015fterea nivelului de cuno\u015ftin\u0163\u0103 privind drepturile sexual-reproductive printre prestatorii de servicii \u015fi re\u0163eaua existent\u0103 de centre maternale \u015fi modului lor de a opera.<\/li>\r\n<\/ul>\r\n<strong>IMPACTUL PROIECTULUI<\/strong>:\r\n<ul>\r\n \t<li>CIDSR a elaborat materiale informa\u021bionale cu tematica referitor la s\u0103n\u0103tatea \u015fi drepturile sexual-reproductive. Au fost tiparite 100 stikere, 3000 buclete, 1350 postere \u0219i 3000 bro\u0219uri.<\/li>\r\n \t<li>30 medici de familie din Republica Moldova, particip\u00eend la <a href=\"https:\/\/cidsr.md\/news\/atelier-de-lucru-cresterea-gradului-de-constientizare-a-populatiei-privind-sanatatea-si-drepturile-sexual-reproductive-in-republica-moldova\/\" target=\"_blank\" rel=\"noopener\">atelier de lucru\u00a0\u201eCre\u015fterea gradului de con\u015ftientizare a popula\u0163iei privind s\u0103n\u0103tatea \u015fi drepturile sexual-reproductive \u00een Republica Moldova\u201d<\/a> au primit:<\/li>\r\n<\/ul>\r\n<p style=\"padding-left: 60px;\">\u2013 instruire \u00een vederea utiliz\u0103rii unor tehnici moderne \u015fi de calitate, asociate cu riscuri \u015fi morbiditate redus\u0103, oferirii de servicii calitative, integrate cu conceptul de \u201eServicii centrate pe pacient\u0103\u201d\r\n\u2013 urm\u0103toarele materiale informa\u0163ionale \u00een form\u0103 de bro\u0219uri: \u00a0\u201eAvortul \u00een siguran\u0163\u0103\u201d, \u201eGhidul informativ- explicativ\u201d, \u00a0\u201eProfilaxia cancerului de col uterin\u201d, \u201eO via\u0163\u0103 f\u0103r\u0103 cancer de col uterin\u201d<\/p>\r\n\r\n<ul>\r\n \t<li>A fost lansat\u0103 linia fierbinte \u2013 0800-088-08, prin intermediul c\u0103reia, femeile din toat\u0103 republica pot primi consult gratuit \u00een domeniul s\u0103n\u0103t\u0103\u0163ii reproductive (sarcina complicat\u0103 \u015fi infec\u0163iile asociate acesteia, prevenirea (vaccinarea) cancerului de col uterin, maladiile sexual transmisibile, planificarea familiei, sarcina nedorit\u0103, contracep\u0163ia, etc), oferit de speciali\u0219tii CIDSR. Speciali\u0219tii CIDSR au trecut o stagiere \u00een cadrul ONG \u201eLa strada\u201d.<\/li>\r\n \t<li>30 de exper\u021bi din domeniul s\u0103n\u0103t\u0103\u021bii reproductive \u00een cadrul <a href=\"https:\/\/cidsr.md\/news\/cidsr-a-organizat-clubul-de-presa-fortificarea-rolului-mass-media-in-promovarea-sanatatii-si-drepturilor-sexual-reproductive\/\" target=\"_blank\" rel=\"noopener\">clubului de pres\u0103 \u201eFortificarea rolului mass-media \u00een promovarea s\u0103n\u0103t\u0103\u0163ii \u015fi drepturilor sexual-reproductive\u201d<\/a>\u00a0\u00a0au fost informa\u021bi mai detaliat referitor la s\u0103n\u0103tatea \u0219i drepturile sexual-reproductive \u0219i cre\u0219terea cererii pentru servicii de calitate \u00een acest domeniu.<\/li>\r\n \t<li>A fost augmentat\u0103 informarea popula\u021biei gra\u021bie seriei de articole referitor la s\u0103n\u0103tate \u015fi drepturille sexual-reproductive, scrise de c\u0103tre jurnali\u0219tii, care au participat la<a href=\"https:\/\/cidsr.md\/news\/cidsr-a-organizat-clubul-de-presa-fortificarea-rolului-mass-media-in-promovarea-sanatatii-si-drepturilor-sexual-reproductive\/\" target=\"_blank\" rel=\"noopener\"> clubul de pres\u0103 \u201eFortificarea rolului mass-media \u00een promovarea s\u0103n\u0103t\u0103\u0163ii \u015fi drepturilor sexual-reproductive\u201d<\/a>.<\/li>\r\n \t<li>A fost elaborat <a href=\"https:\/\/www.youtube.com\/watch?v=ucsk_GJ6DMo\" target=\"_blank\" rel=\"noopener\">video clipul \u201eLinia Fierbinte pentru Femei\u201d<\/a>.<\/li>\r\n<\/ul>","_ro_post_name":"proiectul-matra","_ro_post_excerpt":"","_ro_post_title":"Proiectul \u201eCre\u015fterea gradului de con\u015ftientizare a popula\u0163iei privind drepturile sexual-reproductive, ca drepturi fundamentale ale omului \u00een condi\u0163iile cre\u015fterii fundamentalismului religios \u015fi mi\u015fc\u0103rii anti-choice\u201d","edit_language":"ru","footnotes":""},"class_list":["post-10930","page","type-page","status-publish","hentry"],"acf":[],"yoast_head":"<!-- This site is optimized with the Yoast SEO plugin v22.0 - https:\/\/yoast.com\/wordpress\/plugins\/seo\/ -->\n<title>Proiectul \u201eCre\u015fterea gradului de con\u015ftientizare a popula\u0163iei privind drepturile sexual-reproductive, ca drepturi fundamentale ale omului \u00een condi\u0163iile cre\u015fterii fundamentalismului religios \u015fi mi\u015fc\u0103rii anti-choice\u201d - Centrul de Instruire \u00een Domeniul S\u0103n\u0103t\u0103\u0163ii Reproductive<\/title>\n<meta name=\"robots\" content=\"index, follow, max-snippet:-1, max-image-preview:large, max-video-preview:-1\" \/>\n<link rel=\"canonical\" href=\"https:\/\/cidsr.md\/portofolio\/proiecte\/proiecte-implementate-anul-2012-2013\/proiectul-matra\/\" \/>\n<meta property=\"og:locale\" content=\"ru_RU\" \/>\n<meta property=\"og:type\" content=\"article\" \/>\n<meta property=\"og:title\" content=\"Proiectul \u201eCre\u015fterea gradului de con\u015ftientizare a popula\u0163iei privind drepturile sexual-reproductive, ca drepturi fundamentale ale omului \u00een condi\u0163iile cre\u015fterii fundamentalismului religios \u015fi mi\u015fc\u0103rii anti-choice\u201d - Centrul de Instruire \u00een Domeniul S\u0103n\u0103t\u0103\u0163ii Reproductive\" \/>\n<meta property=\"og:url\" content=\"https:\/\/cidsr.md\/portofolio\/proiecte\/proiecte-implementate-anul-2012-2013\/proiectul-matra\/\" \/>\n<meta property=\"og:site_name\" content=\"Centrul de Instruire \u00een Domeniul S\u0103n\u0103t\u0103\u0163ii Reproductive\" \/>\n<meta property=\"article:modified_time\" content=\"2023-11-09T10:52:53+00:00\" \/>\n<meta name=\"twitter:card\" content=\"summary_large_image\" \/>\n<meta name=\"twitter:label1\" content=\"\u041f\u0440\u0438\u043c\u0435\u0440\u043d\u043e\u0435 \u0432\u0440\u0435\u043c\u044f \u0434\u043b\u044f \u0447\u0442\u0435\u043d\u0438\u044f\" \/>\n\t<meta name=\"twitter:data1\" content=\"3 \u043c\u0438\u043d\u0443\u0442\u044b\" \/>\n<script type=\"application\/ld+json\" class=\"yoast-schema-graph\">{\"@context\":\"https:\/\/schema.org\",\"@graph\":[{\"@type\":\"WebPage\",\"@id\":\"https:\/\/cidsr.md\/portofolio\/proiecte\/proiecte-implementate-anul-2012-2013\/proiectul-matra\/\",\"url\":\"https:\/\/cidsr.md\/portofolio\/proiecte\/proiecte-implementate-anul-2012-2013\/proiectul-matra\/\",\"name\":\"Proiectul \u201eCre\u015fterea gradului de con\u015ftientizare a popula\u0163iei privind drepturile sexual-reproductive, ca drepturi fundamentale ale omului \u00een condi\u0163iile cre\u015fterii fundamentalismului religios \u015fi mi\u015fc\u0103rii anti-choice\u201d - Centrul de Instruire \u00een Domeniul S\u0103n\u0103t\u0103\u0163ii Reproductive\",\"isPartOf\":{\"@id\":\"https:\/\/cidsr.md\/#website\"},\"datePublished\":\"2023-11-03T16:15:39+00:00\",\"dateModified\":\"2023-11-09T10:52:53+00:00\",\"breadcrumb\":{\"@id\":\"https:\/\/cidsr.md\/portofolio\/proiecte\/proiecte-implementate-anul-2012-2013\/proiectul-matra\/#breadcrumb\"},\"inLanguage\":\"ru-RU\",\"potentialAction\":[{\"@type\":\"ReadAction\",\"target\":[\"https:\/\/cidsr.md\/portofolio\/proiecte\/proiecte-implementate-anul-2012-2013\/proiectul-matra\/\"]}]},{\"@type\":\"BreadcrumbList\",\"@id\":\"https:\/\/cidsr.md\/portofolio\/proiecte\/proiecte-implementate-anul-2012-2013\/proiectul-matra\/#breadcrumb\",\"itemListElement\":[{\"@type\":\"ListItem\",\"position\":1,\"name\":\"\u0413\u043b\u0430\u0432\u043d\u0430\u044f \u0441\u0442\u0440\u0430\u043d\u0438\u0446\u0430\",\"item\":\"https:\/\/new.cidsr.md\/\"},{\"@type\":\"ListItem\",\"position\":2,\"name\":\"Portofoliu\",\"item\":\"https:\/\/cidsr.md\/portofolio\/\"},{\"@type\":\"ListItem\",\"position\":3,\"name\":\"Proiecte\",\"item\":\"https:\/\/cidsr.md\/portofolio\/proiecte\/\"},{\"@type\":\"ListItem\",\"position\":4,\"name\":\"Proiecte implementate anul 2012-2013\",\"item\":\"https:\/\/cidsr.md\/portofolio\/proiecte\/proiecte-implementate-anul-2012-2013\/\"},{\"@type\":\"ListItem\",\"position\":5,\"name\":\"Proiectul \u201eCre\u015fterea gradului de con\u015ftientizare a popula\u0163iei privind drepturile sexual-reproductive, ca drepturi fundamentale ale omului \u00een condi\u0163iile cre\u015fterii fundamentalismului religios \u015fi mi\u015fc\u0103rii anti-choice\u201d\"}]},{\"@type\":\"WebSite\",\"@id\":\"https:\/\/cidsr.md\/#website\",\"url\":\"https:\/\/cidsr.md\/\",\"name\":\"Centrul de Instruire \u00een Domeniul S\u0103n\u0103t\u0103\u0163ii Reproductive\",\"description\":\"Promov\u0103m s\u0103n\u0103tatea \u0219i drepturile sexuale \u0219i reproductive!\",\"potentialAction\":[{\"@type\":\"SearchAction\",\"target\":{\"@type\":\"EntryPoint\",\"urlTemplate\":\"https:\/\/cidsr.md\/?s={search_term_string}\"},\"query-input\":\"required name=search_term_string\"}],\"inLanguage\":\"ru-RU\"}]}<\/script>\n<!-- \/ Yoast SEO plugin. -->","yoast_head_json":{"title":"Proiectul \u201eCre\u015fterea gradului de con\u015ftientizare a popula\u0163iei privind drepturile sexual-reproductive, ca drepturi fundamentale ale omului \u00een condi\u0163iile cre\u015fterii fundamentalismului religios \u015fi mi\u015fc\u0103rii anti-choice\u201d - Centrul de Instruire \u00een Domeniul S\u0103n\u0103t\u0103\u0163ii Reproductive","robots":{"index":"index","follow":"follow","max-snippet":"max-snippet:-1","max-image-preview":"max-image-preview:large","max-video-preview":"max-video-preview:-1"},"canonical":"https:\/\/cidsr.md\/portofolio\/proiecte\/proiecte-implementate-anul-2012-2013\/proiectul-matra\/","og_locale":"ru_RU","og_type":"article","og_title":"Proiectul \u201eCre\u015fterea gradului de con\u015ftientizare a popula\u0163iei privind drepturile sexual-reproductive, ca drepturi fundamentale ale omului \u00een condi\u0163iile cre\u015fterii fundamentalismului religios \u015fi mi\u015fc\u0103rii anti-choice\u201d - Centrul de Instruire \u00een Domeniul S\u0103n\u0103t\u0103\u0163ii Reproductive","og_url":"https:\/\/cidsr.md\/portofolio\/proiecte\/proiecte-implementate-anul-2012-2013\/proiectul-matra\/","og_site_name":"Centrul de Instruire \u00een Domeniul S\u0103n\u0103t\u0103\u0163ii Reproductive","article_modified_time":"2023-11-09T10:52:53+00:00","twitter_card":"summary_large_image","twitter_misc":{"\u041f\u0440\u0438\u043c\u0435\u0440\u043d\u043e\u0435 \u0432\u0440\u0435\u043c\u044f \u0434\u043b\u044f \u0447\u0442\u0435\u043d\u0438\u044f":"3 \u043c\u0438\u043d\u0443\u0442\u044b"},"schema":{"@context":"https:\/\/schema.org","@graph":[{"@type":"WebPage","@id":"https:\/\/cidsr.md\/portofolio\/proiecte\/proiecte-implementate-anul-2012-2013\/proiectul-matra\/","url":"https:\/\/cidsr.md\/portofolio\/proiecte\/proiecte-implementate-anul-2012-2013\/proiectul-matra\/","name":"Proiectul \u201eCre\u015fterea gradului de con\u015ftientizare a popula\u0163iei privind drepturile sexual-reproductive, ca drepturi fundamentale ale omului \u00een condi\u0163iile cre\u015fterii fundamentalismului religios \u015fi mi\u015fc\u0103rii anti-choice\u201d - Centrul de Instruire \u00een Domeniul S\u0103n\u0103t\u0103\u0163ii Reproductive","isPartOf":{"@id":"https:\/\/cidsr.md\/#website"},"datePublished":"2023-11-03T16:15:39+00:00","dateModified":"2023-11-09T10:52:53+00:00","breadcrumb":{"@id":"https:\/\/cidsr.md\/portofolio\/proiecte\/proiecte-implementate-anul-2012-2013\/proiectul-matra\/#breadcrumb"},"inLanguage":"ru-RU","potentialAction":[{"@type":"ReadAction","target":["https:\/\/cidsr.md\/portofolio\/proiecte\/proiecte-implementate-anul-2012-2013\/proiectul-matra\/"]}]},{"@type":"BreadcrumbList","@id":"https:\/\/cidsr.md\/portofolio\/proiecte\/proiecte-implementate-anul-2012-2013\/proiectul-matra\/#breadcrumb","itemListElement":[{"@type":"ListItem","position":1,"name":"\u0413\u043b\u0430\u0432\u043d\u0430\u044f \u0441\u0442\u0440\u0430\u043d\u0438\u0446\u0430","item":"https:\/\/new.cidsr.md\/"},{"@type":"ListItem","position":2,"name":"Portofoliu","item":"https:\/\/cidsr.md\/portofolio\/"},{"@type":"ListItem","position":3,"name":"Proiecte","item":"https:\/\/cidsr.md\/portofolio\/proiecte\/"},{"@type":"ListItem","position":4,"name":"Proiecte implementate anul 2012-2013","item":"https:\/\/cidsr.md\/portofolio\/proiecte\/proiecte-implementate-anul-2012-2013\/"},{"@type":"ListItem","position":5,"name":"Proiectul \u201eCre\u015fterea gradului de con\u015ftientizare a popula\u0163iei privind drepturile sexual-reproductive, ca drepturi fundamentale ale omului \u00een condi\u0163iile cre\u015fterii fundamentalismului religios \u015fi mi\u015fc\u0103rii anti-choice\u201d"}]},{"@type":"WebSite","@id":"https:\/\/cidsr.md\/#website","url":"https:\/\/cidsr.md\/","name":"Centrul de Instruire \u00een Domeniul S\u0103n\u0103t\u0103\u0163ii Reproductive","description":"Promov\u0103m s\u0103n\u0103tatea \u0219i drepturile sexuale \u0219i reproductive!","potentialAction":[{"@type":"SearchAction","target":{"@type":"EntryPoint","urlTemplate":"https:\/\/cidsr.md\/?s={search_term_string}"},"query-input":"required name=search_term_string"}],"inLanguage":"ru-RU"}]}},"_links":{"self":[{"href":"https:\/\/cidsr.md\/ru\/wp-json\/wp\/v2\/pages\/10930","targetHints":{"allow":["GET"]}}],"collection":[{"href":"https:\/\/cidsr.md\/ru\/wp-json\/wp\/v2\/pages"}],"about":[{"href":"https:\/\/cidsr.md\/ru\/wp-json\/wp\/v2\/types\/page"}],"author":[{"embeddable":true,"href":"https:\/\/cidsr.md\/ru\/wp-json\/wp\/v2\/users\/4"}],"replies":[{"embeddable":true,"href":"https:\/\/cidsr.md\/ru\/wp-json\/wp\/v2\/comments?post=10930"}],"version-history":[{"count":1,"href":"https:\/\/cidsr.md\/ru\/wp-json\/wp\/v2\/pages\/10930\/revisions"}],"predecessor-version":[{"id":11269,"href":"https:\/\/cidsr.md\/ru\/wp-json\/wp\/v2\/pages\/10930\/revisions\/11269"}],"up":[{"embeddable":true,"href":"https:\/\/cidsr.md\/ru\/wp-json\/wp\/v2\/pages\/10997"}],"wp:attachment":[{"href":"https:\/\/cidsr.md\/ru\/wp-json\/wp\/v2\/media?parent=10930"}],"curies":[{"name":"wp","href":"https:\/\/api.w.org\/{rel}","templated":true}]}}