{"id":10926,"date":"2023-11-03T16:15:39","date_gmt":"2023-11-03T16:15:39","guid":{"rendered":"http:\/\/www.sanatateafemeii.md\/?page_id=1298"},"modified":"2023-11-09T14:10:17","modified_gmt":"2023-11-09T11:10:17","slug":"proiectul-toti-egali-toti-sanatosi-abilitarea-femeilor-si-fetelor-cu-dizabilitati-din-moldova-sa-isi-exercite-drepturile-sexuale-si-reproductive","status":"publish","type":"page","link":"https:\/\/cidsr.md\/ru\/portofolio\/proiecte\/proiectul-toti-egali-toti-sanatosi-abilitarea-femeilor-si-fetelor-cu-dizabilitati-din-moldova-sa-isi-exercite-drepturile-sexuale-si-reproductive\/","title":{"rendered":"\u041f\u0440\u043e\u0435\u043a\u0442 \"\u0412\u0441\u0435 \u0440\u0430\u0432\u043d\u044b, \u0432\u0441\u0435 \u0437\u0434\u043e\u0440\u043e\u0432\u044b: \u0420\u0430\u0441\u0448\u0438\u0440\u0435\u043d\u0438\u0435 \u043f\u0440\u0430\u0432 \u0438 \u0432\u043e\u0437\u043c\u043e\u0436\u043d\u043e\u0441\u0442\u0435\u0439 \u0436\u0435\u043d\u0449\u0438\u043d \u0438 \u0434\u0435\u0432\u043e\u0447\u0435\u043a \u0441 \u043e\u0433\u0440\u0430\u043d\u0438\u0447\u0435\u043d\u043d\u044b\u043c\u0438 \u0432\u043e\u0437\u043c\u043e\u0436\u043d\u043e\u0441\u0442\u044f\u043c\u0438 \u0432 \u041c\u043e\u043b\u0434\u043e\u0432\u0435 \u043e\u0441\u0443\u0449\u0435\u0441\u0442\u0432\u043b\u044f\u0442\u044c \u0441\u0432\u043e\u0438 \u0441\u0435\u043a\u0441\u0443\u0430\u043b\u044c\u043d\u044b\u0435 \u0438 \u0440\u0435\u043f\u0440\u043e\u0434\u0443\u043a\u0442\u0438\u0432\u043d\u044b\u0435 \u043f\u0440\u0430\u0432\u0430\"","raw":"\u041f\u0440\u043e\u0435\u043a\u0442 \"\u0412\u0441\u0435 \u0440\u0430\u0432\u043d\u044b, \u0432\u0441\u0435 \u0437\u0434\u043e\u0440\u043e\u0432\u044b: \u0420\u0430\u0441\u0448\u0438\u0440\u0435\u043d\u0438\u0435 \u043f\u0440\u0430\u0432 \u0438 \u0432\u043e\u0437\u043c\u043e\u0436\u043d\u043e\u0441\u0442\u0435\u0439 \u0436\u0435\u043d\u0449\u0438\u043d \u0438 \u0434\u0435\u0432\u043e\u0447\u0435\u043a \u0441 \u043e\u0433\u0440\u0430\u043d\u0438\u0447\u0435\u043d\u043d\u044b\u043c\u0438 \u0432\u043e\u0437\u043c\u043e\u0436\u043d\u043e\u0441\u0442\u044f\u043c\u0438 \u0432 \u041c\u043e\u043b\u0434\u043e\u0432\u0435 \u043e\u0441\u0443\u0449\u0435\u0441\u0442\u0432\u043b\u044f\u0442\u044c \u0441\u0432\u043e\u0438 \u0441\u0435\u043a\u0441\u0443\u0430\u043b\u044c\u043d\u044b\u0435 \u0438 \u0440\u0435\u043f\u0440\u043e\u0434\u0443\u043a\u0442\u0438\u0432\u043d\u044b\u0435 \u043f\u0440\u0430\u0432\u0430\""},"content":{"rendered":"<p><a href=\"https:\/\/cidsr.md\/wp-content\/uploads\/2016\/07\/coming_soon.jpg\"><img loading=\"lazy\" decoding=\"async\" class=\"size-full wp-image-2794 aligncenter\" src=\"https:\/\/cidsr.md\/wp-content\/uploads\/2016\/07\/coming_soon.jpg\" alt=\"\" width=\"400\" height=\"305\" \/><\/a><\/p>\n","protected":false,"raw":"<a href=\"https:\/\/cidsr.md\/wp-content\/uploads\/2016\/07\/coming_soon.jpg\"><img class=\"size-full wp-image-2794 aligncenter\" src=\"https:\/\/cidsr.md\/wp-content\/uploads\/2016\/07\/coming_soon.jpg\" alt=\"\" width=\"400\" height=\"305\" \/><\/a>"},"excerpt":{"rendered":"","protected":false,"raw":""},"author":4,"featured_media":0,"parent":973,"menu_order":999,"comment_status":"closed","ping_status":"closed","template":"page-text.php","meta":{"_acf_changed":false,"_ru_post_content":"<a href=\"https:\/\/cidsr.md\/wp-content\/uploads\/2016\/07\/coming_soon.jpg\"><img class=\"size-full wp-image-2794 aligncenter\" src=\"https:\/\/cidsr.md\/wp-content\/uploads\/2016\/07\/coming_soon.jpg\" alt=\"\" width=\"400\" height=\"305\" \/><\/a>","_ru_post_name":"proiectul-toti-egali-toti-sanatosi-abilitarea-femeilor-si-fetelor-cu-dizabilitati-din-moldova-sa-isi-exercite-drepturile-sexuale-si-reproductive","_ru_post_excerpt":"","_ru_post_title":"\u041f\u0440\u043e\u0435\u043a\u0442 \"\u0412\u0441\u0435 \u0440\u0430\u0432\u043d\u044b, \u0432\u0441\u0435 \u0437\u0434\u043e\u0440\u043e\u0432\u044b: \u0420\u0430\u0441\u0448\u0438\u0440\u0435\u043d\u0438\u0435 \u043f\u0440\u0430\u0432 \u0438 \u0432\u043e\u0437\u043c\u043e\u0436\u043d\u043e\u0441\u0442\u0435\u0439 \u0436\u0435\u043d\u0449\u0438\u043d \u0438 \u0434\u0435\u0432\u043e\u0447\u0435\u043a \u0441 \u043e\u0433\u0440\u0430\u043d\u0438\u0447\u0435\u043d\u043d\u044b\u043c\u0438 \u0432\u043e\u0437\u043c\u043e\u0436\u043d\u043e\u0441\u0442\u044f\u043c\u0438 \u0432 \u041c\u043e\u043b\u0434\u043e\u0432\u0435 \u043e\u0441\u0443\u0449\u0435\u0441\u0442\u0432\u043b\u044f\u0442\u044c \u0441\u0432\u043e\u0438 \u0441\u0435\u043a\u0441\u0443\u0430\u043b\u044c\u043d\u044b\u0435 \u0438 \u0440\u0435\u043f\u0440\u043e\u0434\u0443\u043a\u0442\u0438\u0432\u043d\u044b\u0435 \u043f\u0440\u0430\u0432\u0430\"","_en_post_content":"<strong>IMPLEMENTATION PERIOD:<\/strong> 01 July 2016 \u2013 30 June 2017\n\n<strong>DONOR:<\/strong> <a href=\"http:\/\/www.finland.ro\/public\/default.aspx?culture=en-US&amp;contentlan=2\" target=\"_blank\" rel=\"noopener\">Embassy of Finland in Bucharest<\/a>\n\n<strong>PROJECT GOAL: <\/strong>To increase awareness of sexual and reproductive rights of women and girls with disabilities in Moldova and enable them to exercise these rights and to take informed decisions regarding their own sexuality.\n\n<strong>PROJECT OBJECTIVES:<\/strong>\n<ol>\n \t<li>Build the capacity of women and girls with disabilities to exercise their sexual and reproductive rights, increase their confidence and self-esteem in order to be able to make better and informed decisions.<\/li>\n \t<li>Increase the level of knowledge of sexual and reproductive rights of intermediaries (staff working in institutions for persons with disabilities and organizations who wish to educate and sensitize staff, teachers, care givers and family members of women and girls with disabilities).<\/li>\n \t<li>Sensitize the society and reduce the discriminatory attitudes towards women and girls with disabilities, by raising mass media\u2019s awareness on this issue, and contributing to the change of the quality of the messages they deliver (from accusative to educational ones).<\/li>\n<\/ol>\n<strong>PROJECT ACTIVITIES:<\/strong>\n\n<em>Activities under the Objective 1<\/em>\n<ul>\n \t<li>Conduct a three-day training of trainers (TOT) for 15 girls with disabilities to build their capacity to exercise their sexual and reproductive rights;<\/li>\n \t<li>Extend the operation of the existing Reproductive Health Training Center (RHTC) hotline\/call center with the mandate to provide immediate support (through correct information, details about the health facilities they have the right to access) to the women and girls with disabilities in need and\/or intermediaries.<\/li>\n \t<li>Create, maintain and promote a compartment related to sexual and reproductive rights on RHTC web\/Facebook;<\/li>\n \t<li>Organize National Conference on sharing the results of the pilot-project in increasing awareness on sexual and reproductive rights of women and girls with disabilities in Moldova.<\/li>\n<\/ul>\n<em>Activities under the Objective 2<\/em>\n<ul>\n \t<li>Mapping gaps and support needs in sexual and reproductive health and rights (SRHR) for women and girls with disabilities in Moldova;<\/li>\n \t<li>Conduct four-day training for 15 intermediaries (staff, teachers, care givers and family members of women and girls with disabilities).<\/li>\n<\/ul>\n<em>Activities under the Objective 3<\/em>\n<ul>\n \t<li>Organize a mass-media club with value clarification exercises (one club), write media advisories and press releases;<\/li>\n \t<li>Organize a competition of articles on the issue of sexual and reproductive rights of women and girls with disabilities, with the nomination of a winner.<\/li>\n<\/ul>","_en_post_name":"proiectul-toti-egali-toti-sanatosi-abilitarea-femeilor-si-fetelor-cu-dizabilitati-din-moldova-sa-isi-exercite-drepturile-sexuale-si-reproductive","_en_post_excerpt":"","_en_post_title":"Project \u201cAll Equal, All Healthy: Empowering Women and Girls with Disabilities in Moldova to Exercise their Sexual and Reproductive Rights\u201d","_ro_post_content":"<strong>PERIOADA DE IMPLEMENTARE:<\/strong> 01 Iulie 2016 \u2013 30 Iunie 2017\r\n\r\n<strong>FINAN\u0218ATOR:<\/strong>\u00a0 <a href=\"http:\/\/www.finland.ro\/public\/default.aspx?culture=en-US&amp;contentlan=2\" target=\"_blank\" rel=\"noopener\">Ambasada Finlandei la Bucure\u0219ti<\/a>\r\n\r\n<strong>SCOPUL PROIECTULUI: <\/strong>A spori gradul de sensibilizare cu privire la drepturile sexuale \u0219i reproductive ale femeilor \u0219i fetelor cu dizabilit\u0103\u021bi din Moldova \u0219i de a le abilita s\u0103 \u00ee\u0219i exercite aceste drepturi \u0219i s\u0103 ia decizii informate cu privire la propria sexualitate.\r\n\r\n<strong>OBIECTIVELE PROIECTULUI\u00a0:<\/strong>\r\n<ol>\r\n \t<li>Consolidarea capacit\u0103\u021bii femeilor \u0219i fetelor cu dizabilit\u0103\u021bi pentru exercitarea drepturilor sexuale \u0219i reproductive, cre\u0219terea \u00eencrederii \u0219i respectului de sine, \u00een scopul de a favoriza luarea unor decizii mai bune \u0219i mai informate;<\/li>\r\n \t<li>Cre\u0219terea nivelului de cunoa\u0219tere a intermediarilor \u00een ceea ce prive\u0219te drepturile sexuale \u0219i reproductive (personalul institu\u021biilor pentru persoanele cu dizabilit\u0103\u021bi, organiza\u021biile care doresc s\u0103 \u00ee\u0219i instruiasc\u0103 \u0219i sensibilizeze personalul, pentru profesori, \u00eengrijitori \u0219i membri ai familiilor din care fac parte femeile \u0219i fetele cu dizabilit\u0103\u021bi);<\/li>\r\n \t<li>Sensibilizarea societ\u0103\u021bii \u0219i reducerea atitudinilor discriminatorii fa\u021b\u0103 de femeile \u0219i fetele cu dizabilit\u0103\u021bi prin intermediul cre\u0219terii gradului de sensibilizare a mass-media cu privire la acest subiect \u0219i contribu\u021bia la schimbarea calit\u0103\u021bii mesajelor exprimate (a caracterului acuzativ \u00een favoarea celui educativ).<\/li>\r\n<\/ol>\r\n<strong>ACTIVIT\u0102\u021aILE PROIECTULUI:<\/strong>\r\n\r\n<em>Activit\u0103\u021bile din cadrul Obiectivului 1<\/em>\r\n<ul>\r\n \t<li>Desf\u0103\u0219urarea unui \u201dtraining pentru traineri\u201d (ToT) de trei zile pentru 15 fete cu dizabilit\u0103\u021bi pentru a consolida capacitatea lor de exercitare a drepturilor sexuale \u0219i reproductive;<\/li>\r\n \t<li>Extinderea func\u021bion\u0103rii liniei telefonice existente\/call centrului Centrului de Instruire \u00een Domeniul S\u0103n\u0103t\u0103\u021bii Reproductive (CIDSR), av\u00e2nd ca scop oferirea de asisten\u021b\u0103 imediat\u0103 (prin furnizarea de informa\u021bie corect\u0103, detalii despre facilit\u0103\u021bile de s\u0103n\u0103tate pe care au dreptul s\u0103 le acceseze) femeilor \u0219i fetelor cu dizabilit\u0103\u021bi care au nevoie de aceast\u0103 asisten\u021b\u0103, sau intermediarilor;<\/li>\r\n \t<li>Crearea, men\u021binerea \u0219i promovarea compartimentului legat de drepturile sexuale \u0219i reproductive de pe site-ul web al CIDSR \u0219i de pe pagina de Facebook;<\/li>\r\n \t<li>Organizarea Conferin\u021bei Na\u021bionale pentru a \u00eemp\u0103rt\u0103\u0219i rezultatele ob\u021binute \u00een urma proiectului-pilot de sporire a gradului de sensibilizare \u00een ceea ce prive\u0219te drepturile sexuale \u0219i reproductive ale femeilor \u0219i fetelor cu dizabilit\u0103\u021bi din Moldova.<\/li>\r\n<\/ul>\r\n<em>Activit\u0103\u021bile din cadrul Obiectivului 2<\/em>\r\n<ul>\r\n \t<li>Desf\u0103\u0219urarea analizei situa\u021bionale pentru determinarea lacunelor \u0219i\u00a0 a sprijinului necesar \u00een materie de s\u0103n\u0103tate \u0219i drepturi sexuale \u0219i reproductive pentru femeile \u0219i fetele cu dizabilit\u0103\u021bi din Moldova;<\/li>\r\n \t<li>Desf\u0103\u0219urarea unui curs de instruire de 4 zile pentru 15 intermediari (personalul institu\u021biilor pentru persoanele cu dizabilit\u0103\u021bi, organiza\u021biile care doresc s\u0103 \u00ee\u0219i instruiasc\u0103 \u0219i sensibilizeze personalul, pentru profesori, \u00eengrijitori \u0219i membri ai familiilor din care fac parte femeile \u0219i fetele cu dizabilit\u0103\u021bi).<\/li>\r\n<\/ul>\r\n<em>Activit\u0103\u021bile din cadrul Obiectivului 3<\/em>\r\n<ul>\r\n \t<li>Organizarea unui club mass-media cu exerci\u021bii de clarificare a valorilor, scrierea de avertismente pentru media \u0219i de comunicate de pres\u0103;<\/li>\r\n \t<li>Organizarea unui concurs de articole la tema drepturilor sexuale \u0219i reproductive ale femeilor \u0219i fetelor cu dizabilit\u0103\u021bi cu nominalizarea unui c\u00e2\u0219tig\u0103tor.<\/li>\r\n<\/ul>","_ro_post_name":"proiectul-toti-egali-toti-sanatosi-abilitarea-femeilor-si-fetelor-cu-dizabilitati-din-moldova-sa-isi-exercite-drepturile-sexuale-si-reproductive","_ro_post_excerpt":"","_ro_post_title":"Proiectul \u201cTo\u021bi egali, to\u021bi s\u0103n\u0103to\u0219i: Abilitarea femeilor \u0219i fetelor cu dizabilit\u0103\u021bi din Moldova s\u0103 \u00ee\u0219i exercite drepturile sexuale \u0219i reproductive\u201d","edit_language":"ru","footnotes":""},"class_list":["post-10926","page","type-page","status-publish","hentry"],"acf":[],"yoast_head":"<!-- This site is optimized with the Yoast SEO plugin v22.0 - https:\/\/yoast.com\/wordpress\/plugins\/seo\/ -->\n<title>Proiectul \u201cTo\u021bi egali, to\u021bi s\u0103n\u0103to\u0219i: Abilitarea femeilor \u0219i fetelor cu dizabilit\u0103\u021bi din Moldova s\u0103 \u00ee\u0219i exercite drepturile sexuale \u0219i reproductive\u201d - Centrul de Instruire \u00een Domeniul S\u0103n\u0103t\u0103\u0163ii Reproductive<\/title>\n<meta name=\"description\" content=\"{:ro}A spori gradul de sensibilizare cu privire la drepturile sexuale \u0219i reproductive ale femeilor \u0219i fetelor cu dizabilit\u0103\u021bi din Moldova \u0219i de a le abilita s\u0103{:en}To increase awareness of sexual and reproductive rights of women and girls with disabilities in Moldova and enable them to exercise these rights and to take{:}\" \/>\n<meta name=\"robots\" content=\"index, follow, max-snippet:-1, max-image-preview:large, max-video-preview:-1\" \/>\n<link rel=\"canonical\" href=\"https:\/\/cidsr.md\/portofolio\/proiecte\/proiectul-toti-egali-toti-sanatosi-abilitarea-femeilor-si-fetelor-cu-dizabilitati-din-moldova-sa-isi-exercite-drepturile-sexuale-si-reproductive\/\" \/>\n<meta property=\"og:locale\" content=\"ru_RU\" \/>\n<meta property=\"og:type\" content=\"article\" \/>\n<meta property=\"og:title\" content=\"Proiectul \u201cTo\u021bi egali, to\u021bi s\u0103n\u0103to\u0219i: Abilitarea femeilor \u0219i fetelor cu dizabilit\u0103\u021bi din Moldova s\u0103 \u00ee\u0219i exercite drepturile sexuale \u0219i reproductive\u201d - Centrul de Instruire \u00een Domeniul S\u0103n\u0103t\u0103\u0163ii Reproductive\" \/>\n<meta property=\"og:description\" content=\"{:ro}A spori gradul de sensibilizare cu privire la drepturile sexuale \u0219i reproductive ale femeilor \u0219i fetelor cu dizabilit\u0103\u021bi din Moldova \u0219i de a le abilita s\u0103{:en}To increase awareness of sexual and reproductive rights of women and girls with disabilities in Moldova and enable them to exercise these rights and to take{:}\" \/>\n<meta property=\"og:url\" content=\"https:\/\/cidsr.md\/portofolio\/proiecte\/proiectul-toti-egali-toti-sanatosi-abilitarea-femeilor-si-fetelor-cu-dizabilitati-din-moldova-sa-isi-exercite-drepturile-sexuale-si-reproductive\/\" \/>\n<meta property=\"og:site_name\" content=\"Centrul de Instruire \u00een Domeniul S\u0103n\u0103t\u0103\u0163ii Reproductive\" \/>\n<meta property=\"article:modified_time\" content=\"2023-11-09T11:10:17+00:00\" \/>\n<meta name=\"twitter:card\" content=\"summary_large_image\" \/>\n<meta name=\"twitter:label1\" content=\"\u041f\u0440\u0438\u043c\u0435\u0440\u043d\u043e\u0435 \u0432\u0440\u0435\u043c\u044f \u0434\u043b\u044f \u0447\u0442\u0435\u043d\u0438\u044f\" \/>\n\t<meta name=\"twitter:data1\" content=\"3 \u043c\u0438\u043d\u0443\u0442\u044b\" \/>\n<script type=\"application\/ld+json\" class=\"yoast-schema-graph\">{\"@context\":\"https:\/\/schema.org\",\"@graph\":[{\"@type\":\"WebPage\",\"@id\":\"https:\/\/cidsr.md\/portofolio\/proiecte\/proiectul-toti-egali-toti-sanatosi-abilitarea-femeilor-si-fetelor-cu-dizabilitati-din-moldova-sa-isi-exercite-drepturile-sexuale-si-reproductive\/\",\"url\":\"https:\/\/cidsr.md\/portofolio\/proiecte\/proiectul-toti-egali-toti-sanatosi-abilitarea-femeilor-si-fetelor-cu-dizabilitati-din-moldova-sa-isi-exercite-drepturile-sexuale-si-reproductive\/\",\"name\":\"Proiectul \u201cTo\u021bi egali, to\u021bi s\u0103n\u0103to\u0219i: Abilitarea femeilor \u0219i fetelor cu dizabilit\u0103\u021bi din Moldova s\u0103 \u00ee\u0219i exercite drepturile sexuale \u0219i reproductive\u201d - Centrul de Instruire \u00een Domeniul S\u0103n\u0103t\u0103\u0163ii Reproductive\",\"isPartOf\":{\"@id\":\"https:\/\/cidsr.md\/#website\"},\"datePublished\":\"2023-11-03T16:15:39+00:00\",\"dateModified\":\"2023-11-09T11:10:17+00:00\",\"description\":\"{:ro}A spori gradul de sensibilizare cu privire la drepturile sexuale \u0219i reproductive ale femeilor \u0219i fetelor cu dizabilit\u0103\u021bi din Moldova \u0219i de a le abilita s\u0103{:en}To increase awareness of sexual and reproductive rights of women and girls with disabilities in Moldova and enable them to exercise these rights and to take{:}\",\"breadcrumb\":{\"@id\":\"https:\/\/cidsr.md\/portofolio\/proiecte\/proiectul-toti-egali-toti-sanatosi-abilitarea-femeilor-si-fetelor-cu-dizabilitati-din-moldova-sa-isi-exercite-drepturile-sexuale-si-reproductive\/#breadcrumb\"},\"inLanguage\":\"ru-RU\",\"potentialAction\":[{\"@type\":\"ReadAction\",\"target\":[\"https:\/\/cidsr.md\/portofolio\/proiecte\/proiectul-toti-egali-toti-sanatosi-abilitarea-femeilor-si-fetelor-cu-dizabilitati-din-moldova-sa-isi-exercite-drepturile-sexuale-si-reproductive\/\"]}]},{\"@type\":\"BreadcrumbList\",\"@id\":\"https:\/\/cidsr.md\/portofolio\/proiecte\/proiectul-toti-egali-toti-sanatosi-abilitarea-femeilor-si-fetelor-cu-dizabilitati-din-moldova-sa-isi-exercite-drepturile-sexuale-si-reproductive\/#breadcrumb\",\"itemListElement\":[{\"@type\":\"ListItem\",\"position\":1,\"name\":\"\u0413\u043b\u0430\u0432\u043d\u0430\u044f \u0441\u0442\u0440\u0430\u043d\u0438\u0446\u0430\",\"item\":\"https:\/\/new.cidsr.md\/\"},{\"@type\":\"ListItem\",\"position\":2,\"name\":\"Portofoliu\",\"item\":\"https:\/\/cidsr.md\/portofolio\/\"},{\"@type\":\"ListItem\",\"position\":3,\"name\":\"Proiecte\",\"item\":\"https:\/\/cidsr.md\/portofolio\/proiecte\/\"},{\"@type\":\"ListItem\",\"position\":4,\"name\":\"Proiectul \u201cTo\u021bi egali, to\u021bi s\u0103n\u0103to\u0219i: Abilitarea femeilor \u0219i fetelor cu dizabilit\u0103\u021bi din Moldova s\u0103 \u00ee\u0219i exercite drepturile sexuale \u0219i reproductive\u201d\"}]},{\"@type\":\"WebSite\",\"@id\":\"https:\/\/cidsr.md\/#website\",\"url\":\"https:\/\/cidsr.md\/\",\"name\":\"Centrul de Instruire \u00een Domeniul S\u0103n\u0103t\u0103\u0163ii Reproductive\",\"description\":\"Promov\u0103m s\u0103n\u0103tatea \u0219i drepturile sexuale \u0219i reproductive!\",\"potentialAction\":[{\"@type\":\"SearchAction\",\"target\":{\"@type\":\"EntryPoint\",\"urlTemplate\":\"https:\/\/cidsr.md\/?s={search_term_string}\"},\"query-input\":\"required name=search_term_string\"}],\"inLanguage\":\"ru-RU\"}]}<\/script>\n<!-- \/ Yoast SEO plugin. -->","yoast_head_json":{"title":"Proiectul \u201cTo\u021bi egali, to\u021bi s\u0103n\u0103to\u0219i: Abilitarea femeilor \u0219i fetelor cu dizabilit\u0103\u021bi din Moldova s\u0103 \u00ee\u0219i exercite drepturile sexuale \u0219i reproductive\u201d - Centrul de Instruire \u00een Domeniul S\u0103n\u0103t\u0103\u0163ii Reproductive","description":"{:ro}A spori gradul de sensibilizare cu privire la drepturile sexuale \u0219i reproductive ale femeilor \u0219i fetelor cu dizabilit\u0103\u021bi din Moldova \u0219i de a le abilita s\u0103{:en}To increase awareness of sexual and reproductive rights of women and girls with disabilities in Moldova and enable them to exercise these rights and to take{:}","robots":{"index":"index","follow":"follow","max-snippet":"max-snippet:-1","max-image-preview":"max-image-preview:large","max-video-preview":"max-video-preview:-1"},"canonical":"https:\/\/cidsr.md\/portofolio\/proiecte\/proiectul-toti-egali-toti-sanatosi-abilitarea-femeilor-si-fetelor-cu-dizabilitati-din-moldova-sa-isi-exercite-drepturile-sexuale-si-reproductive\/","og_locale":"ru_RU","og_type":"article","og_title":"Proiectul \u201cTo\u021bi egali, to\u021bi s\u0103n\u0103to\u0219i: Abilitarea femeilor \u0219i fetelor cu dizabilit\u0103\u021bi din Moldova s\u0103 \u00ee\u0219i exercite drepturile sexuale \u0219i reproductive\u201d - Centrul de Instruire \u00een Domeniul S\u0103n\u0103t\u0103\u0163ii Reproductive","og_description":"{:ro}A spori gradul de sensibilizare cu privire la drepturile sexuale \u0219i reproductive ale femeilor \u0219i fetelor cu dizabilit\u0103\u021bi din Moldova \u0219i de a le abilita s\u0103{:en}To increase awareness of sexual and reproductive rights of women and girls with disabilities in Moldova and enable them to exercise these rights and to take{:}","og_url":"https:\/\/cidsr.md\/portofolio\/proiecte\/proiectul-toti-egali-toti-sanatosi-abilitarea-femeilor-si-fetelor-cu-dizabilitati-din-moldova-sa-isi-exercite-drepturile-sexuale-si-reproductive\/","og_site_name":"Centrul de Instruire \u00een Domeniul S\u0103n\u0103t\u0103\u0163ii Reproductive","article_modified_time":"2023-11-09T11:10:17+00:00","twitter_card":"summary_large_image","twitter_misc":{"\u041f\u0440\u0438\u043c\u0435\u0440\u043d\u043e\u0435 \u0432\u0440\u0435\u043c\u044f \u0434\u043b\u044f \u0447\u0442\u0435\u043d\u0438\u044f":"3 \u043c\u0438\u043d\u0443\u0442\u044b"},"schema":{"@context":"https:\/\/schema.org","@graph":[{"@type":"WebPage","@id":"https:\/\/cidsr.md\/portofolio\/proiecte\/proiectul-toti-egali-toti-sanatosi-abilitarea-femeilor-si-fetelor-cu-dizabilitati-din-moldova-sa-isi-exercite-drepturile-sexuale-si-reproductive\/","url":"https:\/\/cidsr.md\/portofolio\/proiecte\/proiectul-toti-egali-toti-sanatosi-abilitarea-femeilor-si-fetelor-cu-dizabilitati-din-moldova-sa-isi-exercite-drepturile-sexuale-si-reproductive\/","name":"Proiectul \u201cTo\u021bi egali, to\u021bi s\u0103n\u0103to\u0219i: Abilitarea femeilor \u0219i fetelor cu dizabilit\u0103\u021bi din Moldova s\u0103 \u00ee\u0219i exercite drepturile sexuale \u0219i reproductive\u201d - Centrul de Instruire \u00een Domeniul S\u0103n\u0103t\u0103\u0163ii Reproductive","isPartOf":{"@id":"https:\/\/cidsr.md\/#website"},"datePublished":"2023-11-03T16:15:39+00:00","dateModified":"2023-11-09T11:10:17+00:00","description":"{:ro}A spori gradul de sensibilizare cu privire la drepturile sexuale \u0219i reproductive ale femeilor \u0219i fetelor cu dizabilit\u0103\u021bi din Moldova \u0219i de a le abilita s\u0103{:en}To increase awareness of sexual and reproductive rights of women and girls with disabilities in Moldova and enable them to exercise these rights and to take{:}","breadcrumb":{"@id":"https:\/\/cidsr.md\/portofolio\/proiecte\/proiectul-toti-egali-toti-sanatosi-abilitarea-femeilor-si-fetelor-cu-dizabilitati-din-moldova-sa-isi-exercite-drepturile-sexuale-si-reproductive\/#breadcrumb"},"inLanguage":"ru-RU","potentialAction":[{"@type":"ReadAction","target":["https:\/\/cidsr.md\/portofolio\/proiecte\/proiectul-toti-egali-toti-sanatosi-abilitarea-femeilor-si-fetelor-cu-dizabilitati-din-moldova-sa-isi-exercite-drepturile-sexuale-si-reproductive\/"]}]},{"@type":"BreadcrumbList","@id":"https:\/\/cidsr.md\/portofolio\/proiecte\/proiectul-toti-egali-toti-sanatosi-abilitarea-femeilor-si-fetelor-cu-dizabilitati-din-moldova-sa-isi-exercite-drepturile-sexuale-si-reproductive\/#breadcrumb","itemListElement":[{"@type":"ListItem","position":1,"name":"\u0413\u043b\u0430\u0432\u043d\u0430\u044f \u0441\u0442\u0440\u0430\u043d\u0438\u0446\u0430","item":"https:\/\/new.cidsr.md\/"},{"@type":"ListItem","position":2,"name":"Portofoliu","item":"https:\/\/cidsr.md\/portofolio\/"},{"@type":"ListItem","position":3,"name":"Proiecte","item":"https:\/\/cidsr.md\/portofolio\/proiecte\/"},{"@type":"ListItem","position":4,"name":"Proiectul \u201cTo\u021bi egali, to\u021bi s\u0103n\u0103to\u0219i: Abilitarea femeilor \u0219i fetelor cu dizabilit\u0103\u021bi din Moldova s\u0103 \u00ee\u0219i exercite drepturile sexuale \u0219i reproductive\u201d"}]},{"@type":"WebSite","@id":"https:\/\/cidsr.md\/#website","url":"https:\/\/cidsr.md\/","name":"Centrul de Instruire \u00een Domeniul S\u0103n\u0103t\u0103\u0163ii Reproductive","description":"Promov\u0103m s\u0103n\u0103tatea \u0219i drepturile sexuale \u0219i reproductive!","potentialAction":[{"@type":"SearchAction","target":{"@type":"EntryPoint","urlTemplate":"https:\/\/cidsr.md\/?s={search_term_string}"},"query-input":"required name=search_term_string"}],"inLanguage":"ru-RU"}]}},"_links":{"self":[{"href":"https:\/\/cidsr.md\/ru\/wp-json\/wp\/v2\/pages\/10926","targetHints":{"allow":["GET"]}}],"collection":[{"href":"https:\/\/cidsr.md\/ru\/wp-json\/wp\/v2\/pages"}],"about":[{"href":"https:\/\/cidsr.md\/ru\/wp-json\/wp\/v2\/types\/page"}],"author":[{"embeddable":true,"href":"https:\/\/cidsr.md\/ru\/wp-json\/wp\/v2\/users\/4"}],"replies":[{"embeddable":true,"href":"https:\/\/cidsr.md\/ru\/wp-json\/wp\/v2\/comments?post=10926"}],"version-history":[{"count":1,"href":"https:\/\/cidsr.md\/ru\/wp-json\/wp\/v2\/pages\/10926\/revisions"}],"predecessor-version":[{"id":11319,"href":"https:\/\/cidsr.md\/ru\/wp-json\/wp\/v2\/pages\/10926\/revisions\/11319"}],"up":[{"embeddable":true,"href":"https:\/\/cidsr.md\/ru\/wp-json\/wp\/v2\/pages\/973"}],"wp:attachment":[{"href":"https:\/\/cidsr.md\/ru\/wp-json\/wp\/v2\/media?parent=10926"}],"curies":[{"name":"wp","href":"https:\/\/api.w.org\/{rel}","templated":true}]}}