{"id":991,"date":"2023-10-20T14:36:25","date_gmt":"2023-10-20T11:36:25","guid":{"rendered":"https:\/\/cidsr.md\/?page_id=991"},"modified":"2023-11-09T15:21:51","modified_gmt":"2023-11-09T12:21:51","slug":"drepturi-sexuale-si-reproductive","status":"publish","type":"page","link":"https:\/\/cidsr.md\/en\/resurses\/drepturi-sexuale-si-reproductive\/","title":{"rendered":"Sexual and Reproductive Rights","raw":"Sexual and Reproductive Rights"},"content":{"rendered":"<ul>\n<li><span><a href=\"https:\/\/cidsr.md\/en\/resurses\/drepturi-sexuale-si-reproductive\/drepturi-sexuale-si-reproductive-resurse\/\">Sexual and reproductive rights, resources<\/a><\/span><\/li>\n<li><span><a href=\"https:\/\/cidsr.md\/en\/resurses\/drepturi-sexuale-si-reproductive\/cadrul-legal\/\">Legal and normative acts<\/a><\/span><\/li>\n<li><span><a href=\"https:\/\/cidsr.md\/en\/resurses\/drepturi-sexuale-si-reproductive\/statistici\/\">Statistics<\/a><\/span><\/li>\n<li><span><a href=\"https:\/\/cidsr.md\/wp-content\/uploads\/2018\/03\/Raport_Evaluare-DSR-persoane-cu-dizabilitati_FINAL_27.02.17.pdf\">\u201cSituation analysis of the issues confronting women and girls with locomotor disability in Moldova in exercising their sexual and reproductive rights\u201d Report<\/a><\/span><\/li>\n<li><span><a href=\"https:\/\/cidsr.md\/wp-content\/uploads\/2018\/03\/RAPORT-Analiza-cadrului-legal-DSR.pdf\">\u201cAnalysis of the legal, normative and institutional framework on sexual and reproductive rights of persons with disability in the Republic of Moldova\u201d Report (short version)<\/a><\/span><\/li>\n<li><span><a href=\"https:\/\/cidsr.md\/en\/resurses\/drepturi-sexuale-si-reproductive\/unde-si-cui-te-adresezi-cand-iti-sunt-incalcate-drepturile-sexuale-si-reproductive\/\">Do you need help?<\/a><\/span><\/li>\n<li><span><a href=\"https:\/\/cidsr.md\/en\/resurses\/drepturi-sexuale-si-reproductive\/ce-trebuie-sa-stii-daca-esti-victima-violentei-inclusiv-sexuale\/\">What you should know if you are a victim of violence, including sexual?<\/a><\/span><\/li>\n<li><span><a href=\"https:\/\/cidsr.md\/en\/resurses\/drepturi-sexuale-si-reproductive\/unde-te-poti-adresa-daca-esti-victima-unui-abuz-inclusiv-sexual\/\">What can you do if you are the victim of an abuse, including sexual<\/a><\/span><\/li>\n<li><span><a href=\"https:\/\/cidsr.md\/en\/resurses\/drepturi-sexuale-si-reproductive\/servicii-centre-de-asistenta-si-protectie-pentru-victimele-violentei-familie\/\">Services \/ Centers for assistance and protection for victims of domestic violence<\/a><\/span><\/li>\n<\/ul>\n","protected":false,"raw":"<ul>\r\n \t<li><span><a href=\"https:\/\/cidsr.md\/en\/resurses\/drepturi-sexuale-si-reproductive\/drepturi-sexuale-si-reproductive-resurse\/\">Sexual and reproductive rights, resources<\/a><\/span><\/li>\r\n \t<li><span><a href=\"https:\/\/cidsr.md\/en\/resurses\/drepturi-sexuale-si-reproductive\/cadrul-legal\/\">Legal and normative acts<\/a><\/span><\/li>\r\n \t<li><span><a href=\"https:\/\/cidsr.md\/en\/resurses\/drepturi-sexuale-si-reproductive\/statistici\/\">Statistics<\/a><\/span><\/li>\r\n \t<li><span><a href=\"https:\/\/cidsr.md\/wp-content\/uploads\/2018\/03\/Raport_Evaluare-DSR-persoane-cu-dizabilitati_FINAL_27.02.17.pdf\">\u201cSituation analysis of the issues confronting women and girls with locomotor disability in Moldova in exercising their sexual and reproductive rights\u201d Report<\/a><\/span><\/li>\r\n \t<li><span><a href=\"https:\/\/cidsr.md\/wp-content\/uploads\/2018\/03\/RAPORT-Analiza-cadrului-legal-DSR.pdf\">\u201cAnalysis of the legal, normative and institutional framework on sexual and reproductive rights of persons with disability in the Republic of Moldova\u201d Report (short version)<\/a><\/span><\/li>\r\n \t<li><span><a href=\"https:\/\/cidsr.md\/en\/resurses\/drepturi-sexuale-si-reproductive\/unde-si-cui-te-adresezi-cand-iti-sunt-incalcate-drepturile-sexuale-si-reproductive\/\">Do you need help?<\/a><\/span><\/li>\r\n \t<li><span><a href=\"https:\/\/cidsr.md\/en\/resurses\/drepturi-sexuale-si-reproductive\/ce-trebuie-sa-stii-daca-esti-victima-violentei-inclusiv-sexuale\/\">What you should know if you are a victim of violence, including sexual?<\/a><\/span><\/li>\r\n \t<li><span><a href=\"https:\/\/cidsr.md\/en\/resurses\/drepturi-sexuale-si-reproductive\/unde-te-poti-adresa-daca-esti-victima-unui-abuz-inclusiv-sexual\/\">What can you do if you are the victim of an abuse, including sexual<\/a><\/span><\/li>\r\n \t<li><span><a href=\"https:\/\/cidsr.md\/en\/resurses\/drepturi-sexuale-si-reproductive\/servicii-centre-de-asistenta-si-protectie-pentru-victimele-violentei-familie\/\">Services \/ Centers for assistance and protection for victims of domestic violence<\/a><\/span><\/li>\r\n<\/ul>"},"excerpt":{"rendered":"","protected":false,"raw":""},"author":2,"featured_media":0,"parent":893,"menu_order":0,"comment_status":"closed","ping_status":"closed","template":"page-text.php","meta":{"_acf_changed":false,"_ru_post_content":"<ul>\r\n \t<li><a href=\"https:\/\/cidsr.md\/ru\/resurses\/drepturi-sexuale-si-reproductive\/drepturi-sexuale-si-reproductive-resurse\/\">\u0421\u0435\u043a\u0441\u0443\u0430\u043b\u044c\u043d\u044b\u0435 \u0438 \u0440\u0435\u043f\u0440\u043e\u0434\u0443\u043a\u0442\u0438\u0432\u043d\u044b\u0435 \u043f\u0440\u0430\u0432\u0430, \u043f\u0443\u0431\u043b\u0438\u043a\u0430\u0446\u0438\u0438<\/a><\/li>\r\n \t<li><a href=\"https:\/\/cidsr.md\/ru\/resurses\/drepturi-sexuale-si-reproductive\/cadrul-legal\/\">\u0417\u0430\u043a\u043e\u043d\u043e\u0434\u0430\u0442\u0435\u043b\u044c\u0441\u0442\u0432\u043e \u0438 \u043f\u0440\u0430\u0432\u043e\u0432\u044b\u0435 \u0440\u0430\u043c\u043a\u0438<\/a><\/li>\r\n \t<li><a href=\"https:\/\/cidsr.md\/ru\/resurses\/drepturi-sexuale-si-reproductive\/statistici\/\">C\u0442\u0430\u0442\u0438\u0441\u0442\u0438\u043a\u0430<\/a><\/li>\r\n \t<li><a href=\"https:\/\/cidsr.md\/wp-content\/uploads\/2018\/03\/Raport_Evaluare-DSR-persoane-cu-dizabilitati_FINAL_27.02.17.pdf\">\u0414\u043e\u043a\u043b\u0430\u0434 \u00ab\u0421\u0438\u0442\u0443\u0430\u0446\u0438\u043e\u043d\u043d\u044b\u0439 \u0430\u043d\u0430\u043b\u0438\u0437 \u043f\u0440\u043e\u0431\u043b\u0435\u043c, \u0441 \u043a\u043e\u0442\u043e\u0440\u044b\u043c\u0438 \u0441\u0442\u0430\u043b\u043a\u0438\u0432\u0430\u044e\u0442\u0441\u044f \u0436\u0435\u043d\u0449\u0438\u043d\u044b \u0441 \u043e\u0433\u0440\u0430\u043d\u0438\u0447\u0435\u043d\u043d\u044b\u043c\u0438 \u0432\u043e\u0437\u043c\u043e\u0436\u043d\u043e\u0441\u0442\u044f\u043c\u0438 \u0432 \u043e\u0441\u0443\u0449\u0435\u0441\u0442\u0432\u043b\u0435\u043d\u0438\u0438 \u0441\u0435\u043a\u0441\u0443\u0430\u043b\u044c\u043d\u044b\u0445 \u0438 \u0440\u0435\u043f\u0440\u043e\u0434\u0443\u043a\u0442\u0438\u0432\u043d\u044b\u0445 \u043f\u0440\u0430\u0432 \u0432 \u041c\u043e\u043b\u0434\u043e\u0432\u0435\u00bb<\/a><\/li>\r\n \t<li><a href=\"https:\/\/cidsr.md\/wp-content\/uploads\/2018\/03\/RAPORT-Analiza-cadrului-legal-DSR.pdf\">\u0414\u043e\u043a\u043b\u0430\u0434 \u00ab\u0410\u043d\u0430\u043b\u0438\u0437 \u043f\u0440\u0430\u0432\u043e\u0432\u043e\u0439, \u043d\u043e\u0440\u043c\u0430\u0442\u0438\u0432\u043d\u043e\u0439 \u0438 \u0438\u043d\u0441\u0442\u0438\u0442\u0443\u0446\u0438\u043e\u043d\u0430\u043b\u044c\u043d\u043e\u0439 \u0431\u0430\u0437\u044b \u043f\u043e \u0432\u043e\u043f\u0440\u043e\u0441\u0430\u043c \u0441\u0435\u043a\u0441\u0443\u0430\u043b\u044c\u043d\u044b\u0445 \u0438 \u0440\u0435\u043f\u0440\u043e\u0434\u0443\u043a\u0442\u0438\u0432\u043d\u044b\u0445 \u043f\u0440\u0430\u0432 \u043b\u0438\u0446 \u0441 \u043e\u0433\u0440\u0430\u043d\u0438\u0447\u0435\u043d\u043d\u044b\u043c\u0438 \u0432\u043e\u0437\u043c\u043e\u0436\u043d\u043e\u0441\u0442\u044f\u043c\u0438 \u0432 \u041c\u043e\u043b\u0434\u043e\u0432\u0435\u00bb<\/a><\/li>\r\n \t<li><a href=\"https:\/\/cidsr.md\/ru\/resurses\/drepturi-sexuale-si-reproductive\/unde-si-cui-te-adresezi-cand-iti-sunt-incalcate-drepturile-sexuale-si-reproductive\/\">\u041a\u0443\u0434\u0430 \u043e\u0431\u0440\u0430\u0449\u0430\u0442\u044c\u0441\u044f \u0437\u0430 \u043f\u043e\u043c\u043e\u0449\u044c\u044e \u0432 \u0441\u043b\u0443\u0447\u0430\u0435 \u043d\u0430\u0440\u0443\u0448\u0435\u043d\u0438\u044f \u0432\u0430\u0448\u0438\u0445 \u0441\u0435\u043a\u0441\u0443\u0430\u043b\u044c\u043d\u043e \u0440\u0435\u043f\u0440\u043e\u0434\u0443\u043a\u0442\u0438\u0432\u043d\u044b\u0445 \u043f\u0440\u0430\u0432?<\/a><\/li>\r\n \t<li><a href=\"https:\/\/cidsr.md\/ru\/resurses\/drepturi-sexuale-si-reproductive\/ce-trebuie-sa-stii-daca-esti-victima-violentei-inclusiv-sexuale\/\">\u0427\u0442\u043e \u043d\u0443\u0436\u043d\u043e \u0437\u043d\u0430\u0442\u044c, \u0435\u0441\u043b\u0438 \u0432\u044b \u044f\u0432\u043b\u044f\u0435\u0442\u0435\u0441\u044c \u0436\u0435\u0440\u0442\u0432\u043e\u0439 \u043d\u0430\u0441\u0438\u043b\u0438\u044f, \u0432 \u0442\u043e\u043c \u0447\u0438\u0441\u043b\u0435 \u0438 \u0441\u0435\u043a\u0441\u0443\u0430\u043b\u044c\u043d\u043e\u0439?<\/a><\/li>\r\n \t<li><a href=\"https:\/\/cidsr.md\/ru\/resurses\/drepturi-sexuale-si-reproductive\/unde-te-poti-adresa-daca-esti-victima-unui-abuz-inclusiv-sexual\/\">\u041a\u0443\u0434\u0430 \u043e\u0431\u0440\u0430\u0442\u0438\u0442\u044c\u0441\u044f, \u0435\u0441\u043b\u0438 \u0432\u044b \u044f\u0432\u043b\u044f\u0435\u0442\u0435\u0441\u044c \u0436\u0435\u0440\u0442\u0432\u043e\u0439 \u0436\u0435\u0441\u0442\u043e\u043a\u043e\u0433\u043e \u043e\u0431\u0440\u0430\u0449\u0435\u043d\u0438\u044f, \u0432\u043a\u043b\u044e\u0447\u0430\u044f \u0441\u0435\u043a\u0441\u0443\u0430\u043b\u044c\u043d\u043e\u0435<\/a><\/li>\r\n \t<li><a href=\"https:\/\/cidsr.md\/ru\/resurses\/drepturi-sexuale-si-reproductive\/servicii-centre-de-asistenta-si-protectie-pentru-victimele-violentei-familie\/\">\u0423\u0441\u043b\u0443\u0433\u0438 \/ \u0426\u0435\u043d\u0442\u0440\u044b \u043f\u043e\u043c\u043e\u0449\u0438 \u0438 \u0437\u0430\u0449\u0438\u0442\u044b \u0436\u0435\u0440\u0442\u0432 \u0434\u043e\u043c\u0430\u0448\u043d\u0435\u0433\u043e \u043d\u0430\u0441\u0438\u043b\u0438\u044f<\/a><\/li>\r\n<\/ul>","_ru_post_name":"drepturi-sexuale-si-reproductive","_ru_post_excerpt":"","_ru_post_title":"\u0421\u0435\u043a\u0441\u0443\u0430\u043b\u044c\u043d\u044b\u0435 \u0438 \u0440\u0435\u043f\u0440\u043e\u0434\u0443\u043a\u0442\u0438\u0432\u043d\u044b\u0435 \u043f\u0440\u0430\u0432\u0430","_en_post_content":"<ul>\r\n \t<li><span><a href=\"https:\/\/cidsr.md\/en\/resurses\/drepturi-sexuale-si-reproductive\/drepturi-sexuale-si-reproductive-resurse\/\">Sexual and reproductive rights, resources<\/a><\/span><\/li>\r\n \t<li><span><a href=\"https:\/\/cidsr.md\/en\/resurses\/drepturi-sexuale-si-reproductive\/cadrul-legal\/\">Legal and normative acts<\/a><\/span><\/li>\r\n \t<li><span><a href=\"https:\/\/cidsr.md\/en\/resurses\/drepturi-sexuale-si-reproductive\/statistici\/\">Statistics<\/a><\/span><\/li>\r\n \t<li><span><a href=\"https:\/\/cidsr.md\/wp-content\/uploads\/2018\/03\/Raport_Evaluare-DSR-persoane-cu-dizabilitati_FINAL_27.02.17.pdf\">\u201cSituation analysis of the issues confronting women and girls with locomotor disability in Moldova in exercising their sexual and reproductive rights\u201d Report<\/a><\/span><\/li>\r\n \t<li><span><a href=\"https:\/\/cidsr.md\/wp-content\/uploads\/2018\/03\/RAPORT-Analiza-cadrului-legal-DSR.pdf\">\u201cAnalysis of the legal, normative and institutional framework on sexual and reproductive rights of persons with disability in the Republic of Moldova\u201d Report (short version)<\/a><\/span><\/li>\r\n \t<li><span><a href=\"https:\/\/cidsr.md\/en\/resurses\/drepturi-sexuale-si-reproductive\/unde-si-cui-te-adresezi-cand-iti-sunt-incalcate-drepturile-sexuale-si-reproductive\/\">Do you need help?<\/a><\/span><\/li>\r\n \t<li><span><a href=\"https:\/\/cidsr.md\/en\/resurses\/drepturi-sexuale-si-reproductive\/ce-trebuie-sa-stii-daca-esti-victima-violentei-inclusiv-sexuale\/\">What you should know if you are a victim of violence, including sexual?<\/a><\/span><\/li>\r\n \t<li><span><a href=\"https:\/\/cidsr.md\/en\/resurses\/drepturi-sexuale-si-reproductive\/unde-te-poti-adresa-daca-esti-victima-unui-abuz-inclusiv-sexual\/\">What can you do if you are the victim of an abuse, including sexual<\/a><\/span><\/li>\r\n \t<li><span><a href=\"https:\/\/cidsr.md\/en\/resurses\/drepturi-sexuale-si-reproductive\/servicii-centre-de-asistenta-si-protectie-pentru-victimele-violentei-familie\/\">Services \/ Centers for assistance and protection for victims of domestic violence<\/a><\/span><\/li>\r\n<\/ul>","_en_post_name":"drepturi-sexuale-si-reproductive","_en_post_excerpt":"","_en_post_title":"Sexual and Reproductive Rights","_ro_post_content":"<ul>\r\n \t<li><a href=\"https:\/\/cidsr.md\/resurses\/drepturi-sexuale-si-reproductive\/drepturi-sexuale-si-reproductive-resurse\/\">Drepturi sexuale \u0219i reproductive, resurse<\/a><\/li>\r\n \t<li><a href=\"https:\/\/cidsr.md\/resurses\/drepturi-sexuale-si-reproductive\/cadrul-legal\/\">Cadrul legal \u0219i acte normative<\/a><\/li>\r\n \t<li><a href=\"https:\/\/cidsr.md\/resurses\/drepturi-sexuale-si-reproductive\/statistici\/\">Statistici<\/a><\/li>\r\n \t<li><a href=\"https:\/\/cidsr.md\/wp-content\/uploads\/2018\/03\/Raport_Evaluare-DSR-persoane-cu-dizabilitati_FINAL_27.02.17.pdf\">Raport \u201eAnaliza situa\u021bional\u0103 a problemelor cu care se confrunt\u0103 femeile \u0219i fetele cu dizabilit\u0103\u021bi ale aparatului locomotor din Moldova \u00een exercitarea drepturilor sexuale \u0219i reproductive\u201d<\/a><\/li>\r\n \t<li><a href=\"https:\/\/cidsr.md\/wp-content\/uploads\/2018\/03\/RAPORT-Analiza-cadrului-legal-DSR.pdf\">Raport \u201eAnaliza cadrului legal, normativ \u0219i institu\u021bional privind drepturile sexuale \u0219i reproductive ale persoanelor cu dizabilit\u0103\u021bi din Republica Moldova\u201d<\/a><\/li>\r\n \t<li><a href=\"https:\/\/cidsr.md\/resurses\/drepturi-sexuale-si-reproductive\/unde-si-cui-te-adresezi-cand-iti-sunt-incalcate-drepturile-sexuale-si-reproductive\/\">Unde \u0219i cui te adresezi c\u00e2nd i\u021bi sunt \u00eenc\u0103lcate drepturile sexuale \u0219i reproductive<\/a><\/li>\r\n \t<li><a href=\"https:\/\/cidsr.md\/resurses\/drepturi-sexuale-si-reproductive\/ce-trebuie-sa-stii-daca-esti-victima-violentei-inclusiv-sexuale\/\">Ce trebuie s\u0103 \u0219tii dac\u0103 e\u0219ti victim\u0103 a violen\u021bei, inclusiv sexuale?<\/a><\/li>\r\n \t<li><a href=\"https:\/\/cidsr.md\/resurses\/drepturi-sexuale-si-reproductive\/unde-te-poti-adresa-daca-esti-victima-unui-abuz-inclusiv-sexual\/\">Unde te adresezi dac\u0103 e\u0219ti victima unui abuz, inclusiv sexual<\/a><\/li>\r\n \t<li><a href=\"https:\/\/cidsr.md\/resurses\/drepturi-sexuale-si-reproductive\/servicii-centre-de-asistenta-si-protectie-pentru-victimele-violentei-familie\/\">Servicii \/ Centre de asisten\u021b\u0103 \u0219i protec\u021bie pentru victimele violen\u021bei \u00een familie<\/a><\/li>\r\n<\/ul>","_ro_post_name":"drepturi-sexuale-si-reproductive","_ro_post_excerpt":"","_ro_post_title":"Drepturi sexuale \u0219i reproductive","edit_language":"en","footnotes":""},"class_list":["post-991","page","type-page","status-publish","hentry"],"acf":[],"yoast_head":"<!-- This site is optimized with the Yoast SEO plugin v22.0 - https:\/\/yoast.com\/wordpress\/plugins\/seo\/ -->\n<title>Drepturi sexuale \u0219i reproductive - Centrul de Instruire \u00een Domeniul S\u0103n\u0103t\u0103\u0163ii Reproductive<\/title>\n<meta name=\"robots\" content=\"index, follow, max-snippet:-1, max-image-preview:large, max-video-preview:-1\" \/>\n<link rel=\"canonical\" href=\"https:\/\/cidsr.md\/resurses\/drepturi-sexuale-si-reproductive\/\" \/>\n<meta property=\"og:locale\" content=\"en_US\" \/>\n<meta property=\"og:type\" content=\"article\" \/>\n<meta property=\"og:title\" content=\"Drepturi sexuale \u0219i reproductive - Centrul de Instruire \u00een Domeniul S\u0103n\u0103t\u0103\u0163ii Reproductive\" \/>\n<meta property=\"og:description\" content=\"Sexual and reproductive rights, resources Legal and normative acts Statistics \u201cSituation analysis of the issues confronting women and girls with locomotor disability in Moldova in exercising their sexual and reproductive rights\u201d Report \u201cAnalysis of the legal, normative and institutional framework on sexual and reproductive rights of persons with disability in the Republic of Moldova\u201d Report [&hellip;]\" \/>\n<meta property=\"og:url\" content=\"https:\/\/cidsr.md\/resurses\/drepturi-sexuale-si-reproductive\/\" \/>\n<meta property=\"og:site_name\" content=\"Centrul de Instruire \u00een Domeniul S\u0103n\u0103t\u0103\u0163ii Reproductive\" \/>\n<meta property=\"article:modified_time\" content=\"2023-11-09T12:21:51+00:00\" \/>\n<meta name=\"twitter:card\" content=\"summary_large_image\" \/>\n<meta name=\"twitter:label1\" content=\"Est. reading time\" \/>\n\t<meta name=\"twitter:data1\" content=\"1 minute\" \/>\n<script type=\"application\/ld+json\" class=\"yoast-schema-graph\">{\"@context\":\"https:\/\/schema.org\",\"@graph\":[{\"@type\":\"WebPage\",\"@id\":\"https:\/\/cidsr.md\/resurses\/drepturi-sexuale-si-reproductive\/\",\"url\":\"https:\/\/cidsr.md\/resurses\/drepturi-sexuale-si-reproductive\/\",\"name\":\"Drepturi sexuale \u0219i reproductive - Centrul de Instruire \u00een Domeniul S\u0103n\u0103t\u0103\u0163ii Reproductive\",\"isPartOf\":{\"@id\":\"https:\/\/cidsr.md\/#website\"},\"datePublished\":\"2023-10-20T11:36:25+00:00\",\"dateModified\":\"2023-11-09T12:21:51+00:00\",\"breadcrumb\":{\"@id\":\"https:\/\/cidsr.md\/resurses\/drepturi-sexuale-si-reproductive\/#breadcrumb\"},\"inLanguage\":\"en-US\",\"potentialAction\":[{\"@type\":\"ReadAction\",\"target\":[\"https:\/\/cidsr.md\/resurses\/drepturi-sexuale-si-reproductive\/\"]}]},{\"@type\":\"BreadcrumbList\",\"@id\":\"https:\/\/cidsr.md\/resurses\/drepturi-sexuale-si-reproductive\/#breadcrumb\",\"itemListElement\":[{\"@type\":\"ListItem\",\"position\":1,\"name\":\"\u0413\u043b\u0430\u0432\u043d\u0430\u044f \u0441\u0442\u0440\u0430\u043d\u0438\u0446\u0430\",\"item\":\"https:\/\/new.cidsr.md\/\"},{\"@type\":\"ListItem\",\"position\":2,\"name\":\"Resurse\",\"item\":\"https:\/\/cidsr.md\/resurses\/\"},{\"@type\":\"ListItem\",\"position\":3,\"name\":\"Drepturi sexuale \u0219i reproductive\"}]},{\"@type\":\"WebSite\",\"@id\":\"https:\/\/cidsr.md\/#website\",\"url\":\"https:\/\/cidsr.md\/\",\"name\":\"Centrul de Instruire \u00een Domeniul S\u0103n\u0103t\u0103\u0163ii Reproductive\",\"description\":\"Promov\u0103m s\u0103n\u0103tatea \u0219i drepturile sexuale \u0219i reproductive!\",\"potentialAction\":[{\"@type\":\"SearchAction\",\"target\":{\"@type\":\"EntryPoint\",\"urlTemplate\":\"https:\/\/cidsr.md\/?s={search_term_string}\"},\"query-input\":\"required name=search_term_string\"}],\"inLanguage\":\"en-US\"}]}<\/script>\n<!-- \/ Yoast SEO plugin. -->","yoast_head_json":{"title":"Drepturi sexuale \u0219i reproductive - Centrul de Instruire \u00een Domeniul S\u0103n\u0103t\u0103\u0163ii Reproductive","robots":{"index":"index","follow":"follow","max-snippet":"max-snippet:-1","max-image-preview":"max-image-preview:large","max-video-preview":"max-video-preview:-1"},"canonical":"https:\/\/cidsr.md\/resurses\/drepturi-sexuale-si-reproductive\/","og_locale":"en_US","og_type":"article","og_title":"Drepturi sexuale \u0219i reproductive - Centrul de Instruire \u00een Domeniul S\u0103n\u0103t\u0103\u0163ii Reproductive","og_description":"Sexual and reproductive rights, resources Legal and normative acts Statistics \u201cSituation analysis of the issues confronting women and girls with locomotor disability in Moldova in exercising their sexual and reproductive rights\u201d Report \u201cAnalysis of the legal, normative and institutional framework on sexual and reproductive rights of persons with disability in the Republic of Moldova\u201d Report [&hellip;]","og_url":"https:\/\/cidsr.md\/resurses\/drepturi-sexuale-si-reproductive\/","og_site_name":"Centrul de Instruire \u00een Domeniul S\u0103n\u0103t\u0103\u0163ii Reproductive","article_modified_time":"2023-11-09T12:21:51+00:00","twitter_card":"summary_large_image","twitter_misc":{"Est. reading time":"1 minute"},"schema":{"@context":"https:\/\/schema.org","@graph":[{"@type":"WebPage","@id":"https:\/\/cidsr.md\/resurses\/drepturi-sexuale-si-reproductive\/","url":"https:\/\/cidsr.md\/resurses\/drepturi-sexuale-si-reproductive\/","name":"Drepturi sexuale \u0219i reproductive - Centrul de Instruire \u00een Domeniul S\u0103n\u0103t\u0103\u0163ii Reproductive","isPartOf":{"@id":"https:\/\/cidsr.md\/#website"},"datePublished":"2023-10-20T11:36:25+00:00","dateModified":"2023-11-09T12:21:51+00:00","breadcrumb":{"@id":"https:\/\/cidsr.md\/resurses\/drepturi-sexuale-si-reproductive\/#breadcrumb"},"inLanguage":"en-US","potentialAction":[{"@type":"ReadAction","target":["https:\/\/cidsr.md\/resurses\/drepturi-sexuale-si-reproductive\/"]}]},{"@type":"BreadcrumbList","@id":"https:\/\/cidsr.md\/resurses\/drepturi-sexuale-si-reproductive\/#breadcrumb","itemListElement":[{"@type":"ListItem","position":1,"name":"\u0413\u043b\u0430\u0432\u043d\u0430\u044f \u0441\u0442\u0440\u0430\u043d\u0438\u0446\u0430","item":"https:\/\/new.cidsr.md\/"},{"@type":"ListItem","position":2,"name":"Resurse","item":"https:\/\/cidsr.md\/resurses\/"},{"@type":"ListItem","position":3,"name":"Drepturi sexuale \u0219i reproductive"}]},{"@type":"WebSite","@id":"https:\/\/cidsr.md\/#website","url":"https:\/\/cidsr.md\/","name":"Centrul de Instruire \u00een Domeniul S\u0103n\u0103t\u0103\u0163ii Reproductive","description":"Promov\u0103m s\u0103n\u0103tatea \u0219i drepturile sexuale \u0219i reproductive!","potentialAction":[{"@type":"SearchAction","target":{"@type":"EntryPoint","urlTemplate":"https:\/\/cidsr.md\/?s={search_term_string}"},"query-input":"required name=search_term_string"}],"inLanguage":"en-US"}]}},"_links":{"self":[{"href":"https:\/\/cidsr.md\/en\/wp-json\/wp\/v2\/pages\/991","targetHints":{"allow":["GET"]}}],"collection":[{"href":"https:\/\/cidsr.md\/en\/wp-json\/wp\/v2\/pages"}],"about":[{"href":"https:\/\/cidsr.md\/en\/wp-json\/wp\/v2\/types\/page"}],"author":[{"embeddable":true,"href":"https:\/\/cidsr.md\/en\/wp-json\/wp\/v2\/users\/2"}],"replies":[{"embeddable":true,"href":"https:\/\/cidsr.md\/en\/wp-json\/wp\/v2\/comments?post=991"}],"version-history":[{"count":7,"href":"https:\/\/cidsr.md\/en\/wp-json\/wp\/v2\/pages\/991\/revisions"}],"predecessor-version":[{"id":11332,"href":"https:\/\/cidsr.md\/en\/wp-json\/wp\/v2\/pages\/991\/revisions\/11332"}],"up":[{"embeddable":true,"href":"https:\/\/cidsr.md\/en\/wp-json\/wp\/v2\/pages\/893"}],"wp:attachment":[{"href":"https:\/\/cidsr.md\/en\/wp-json\/wp\/v2\/media?parent=991"}],"curies":[{"name":"wp","href":"https:\/\/api.w.org\/{rel}","templated":true}]}}