{"id":989,"date":"2023-10-20T14:34:21","date_gmt":"2023-10-20T11:34:21","guid":{"rendered":"https:\/\/cidsr.md\/?page_id=989"},"modified":"2023-11-10T11:16:47","modified_gmt":"2023-11-10T08:16:47","slug":"educatia-sexuala","status":"publish","type":"page","link":"https:\/\/cidsr.md\/en\/resurses\/educatia-sexuala\/","title":{"rendered":"Sex education","raw":"Sex education"},"content":{"rendered":"<ul>\n<li><a href=\"https:\/\/cidsr.md\/en\/resurses\/educatia-sexuala\/ghiduri-standarde-si-recomandari\/\">Guidelines, standards and recommendations<\/a><\/li>\n<li><a href=\"https:\/\/cidsr.md\/en\/resurses\/educatia-sexuala\/date-statistice-si-beneficii\/\">Statistical data and Benefits<\/a><\/li>\n<li><a href=\"https:\/\/cidsr.md\/en\/video\/\">Video<\/a><\/li>\n<\/ul>\n","protected":false,"raw":"<ul>\r\n \t<li><a href=\"https:\/\/cidsr.md\/en\/resurses\/educatia-sexuala\/ghiduri-standarde-si-recomandari\/\">Guidelines, standards and recommendations<\/a><\/li>\r\n \t<li><a href=\"https:\/\/cidsr.md\/en\/resurses\/educatia-sexuala\/date-statistice-si-beneficii\/\">Statistical data and Benefits<\/a><\/li>\r\n \t<li><a href=\"https:\/\/cidsr.md\/en\/video\/\">Video<\/a><\/li>\r\n<\/ul>"},"excerpt":{"rendered":"","protected":false,"raw":""},"author":2,"featured_media":0,"parent":893,"menu_order":0,"comment_status":"closed","ping_status":"closed","template":"page-text.php","meta":{"_acf_changed":false,"_ru_post_content":"<ul>\r\n \t<li><a href=\"https:\/\/cidsr.md\/ru\/resurses\/educatia-sexuala\/ghiduri-standarde-si-recomandari\/\">\u0420\u0443\u043a\u043e\u0432\u043e\u0434\u0441\u0442\u0432\u0430, \u0441\u0442\u0430\u043d\u0434\u0430\u0440\u0442\u044b \u0438 \u0440\u0435\u043a\u043e\u043c\u0435\u043d\u0434\u0430\u0446\u0438\u0438<\/a><\/li>\r\n \t<li><a href=\"https:\/\/cidsr.md\/ru\/resurses\/educatia-sexuala\/date-statistice-si-beneficii\/\">\u0421\u0442\u0430\u0442\u0438\u0441\u0442\u0438\u0447\u0435\u0441\u043a\u0438\u0435 \u0434\u0430\u043d\u043d\u044b\u0435 \u0438 \u043f\u0440\u0435\u0438\u043c\u0443\u0449\u0435\u0441\u0442\u0432\u0430<\/a><\/li>\r\n \t<li><a href=\"https:\/\/cidsr.md\/ru\/video\/\">\u0412\u0438\u0434\u0435\u043e<\/a><\/li>\r\n<\/ul>","_ru_post_name":"educatia-sexuala","_ru_post_excerpt":"","_ru_post_title":"\u041f\u043e\u043b\u043e\u0432\u043e\u0435 \u0432\u043e\u0441\u043f\u0438\u0442\u0430\u043d\u0438\u0435","_en_post_content":"<ul>\r\n \t<li><a href=\"https:\/\/cidsr.md\/en\/resurses\/educatia-sexuala\/ghiduri-standarde-si-recomandari\/\">Guidelines, standards and recommendations<\/a><\/li>\r\n \t<li><a href=\"https:\/\/cidsr.md\/en\/resurses\/educatia-sexuala\/date-statistice-si-beneficii\/\">Statistical data and Benefits<\/a><\/li>\r\n \t<li><a href=\"https:\/\/cidsr.md\/en\/video\/\">Video<\/a><\/li>\r\n<\/ul>","_en_post_name":"educatia-sexuala","_en_post_excerpt":"","_en_post_title":"Sex education","_ro_post_content":"<ul>\r\n \t<li><a href=\"https:\/\/cidsr.md\/resurses\/educatia-sexuala\/ghiduri-standarde-si-recomandari\/\">Ghiduri, standarde \u0219i recomand\u0103ri<\/a><\/li>\r\n \t<li><a href=\"https:\/\/cidsr.md\/resurses\/educatia-sexuala\/date-statistice-si-beneficii\/\">Date statistice \u0219i beneficii<\/a><\/li>\r\n \t<li><a href=\"https:\/\/cidsr.md\/video\/\">Video<\/a><\/li>\r\n<\/ul>","_ro_post_name":"educatia-sexuala","_ro_post_excerpt":"","_ro_post_title":"Educa\u021bia sexual\u0103","edit_language":"en","footnotes":""},"class_list":["post-989","page","type-page","status-publish","hentry"],"acf":[],"yoast_head":"<!-- This site is optimized with the Yoast SEO plugin v22.0 - https:\/\/yoast.com\/wordpress\/plugins\/seo\/ -->\n<title>Educa\u021bia sexual\u0103 - Centrul de Instruire \u00een Domeniul S\u0103n\u0103t\u0103\u0163ii Reproductive<\/title>\n<meta name=\"robots\" content=\"index, follow, max-snippet:-1, max-image-preview:large, max-video-preview:-1\" \/>\n<link rel=\"canonical\" href=\"https:\/\/cidsr.md\/resurses\/educatia-sexuala\/\" \/>\n<meta property=\"og:locale\" content=\"en_US\" \/>\n<meta property=\"og:type\" content=\"article\" \/>\n<meta property=\"og:title\" content=\"Educa\u021bia sexual\u0103 - Centrul de Instruire \u00een Domeniul S\u0103n\u0103t\u0103\u0163ii Reproductive\" \/>\n<meta property=\"og:description\" content=\"Guidelines, standards and recommendations Statistical data and Benefits Video\" \/>\n<meta property=\"og:url\" content=\"https:\/\/cidsr.md\/resurses\/educatia-sexuala\/\" \/>\n<meta property=\"og:site_name\" content=\"Centrul de Instruire \u00een Domeniul S\u0103n\u0103t\u0103\u0163ii Reproductive\" \/>\n<meta property=\"article:modified_time\" content=\"2023-11-10T08:16:47+00:00\" \/>\n<meta name=\"twitter:card\" content=\"summary_large_image\" \/>\n<meta name=\"twitter:label1\" content=\"Est. reading time\" \/>\n\t<meta name=\"twitter:data1\" content=\"1 minute\" \/>\n<script type=\"application\/ld+json\" class=\"yoast-schema-graph\">{\"@context\":\"https:\/\/schema.org\",\"@graph\":[{\"@type\":\"WebPage\",\"@id\":\"https:\/\/cidsr.md\/resurses\/educatia-sexuala\/\",\"url\":\"https:\/\/cidsr.md\/resurses\/educatia-sexuala\/\",\"name\":\"Educa\u021bia sexual\u0103 - Centrul de Instruire \u00een Domeniul S\u0103n\u0103t\u0103\u0163ii Reproductive\",\"isPartOf\":{\"@id\":\"https:\/\/cidsr.md\/#website\"},\"datePublished\":\"2023-10-20T11:34:21+00:00\",\"dateModified\":\"2023-11-10T08:16:47+00:00\",\"breadcrumb\":{\"@id\":\"https:\/\/cidsr.md\/resurses\/educatia-sexuala\/#breadcrumb\"},\"inLanguage\":\"en-US\",\"potentialAction\":[{\"@type\":\"ReadAction\",\"target\":[\"https:\/\/cidsr.md\/resurses\/educatia-sexuala\/\"]}]},{\"@type\":\"BreadcrumbList\",\"@id\":\"https:\/\/cidsr.md\/resurses\/educatia-sexuala\/#breadcrumb\",\"itemListElement\":[{\"@type\":\"ListItem\",\"position\":1,\"name\":\"\u0413\u043b\u0430\u0432\u043d\u0430\u044f \u0441\u0442\u0440\u0430\u043d\u0438\u0446\u0430\",\"item\":\"https:\/\/new.cidsr.md\/\"},{\"@type\":\"ListItem\",\"position\":2,\"name\":\"Resurse\",\"item\":\"https:\/\/cidsr.md\/resurses\/\"},{\"@type\":\"ListItem\",\"position\":3,\"name\":\"Educa\u021bia sexual\u0103\"}]},{\"@type\":\"WebSite\",\"@id\":\"https:\/\/cidsr.md\/#website\",\"url\":\"https:\/\/cidsr.md\/\",\"name\":\"Centrul de Instruire \u00een Domeniul S\u0103n\u0103t\u0103\u0163ii Reproductive\",\"description\":\"Promov\u0103m s\u0103n\u0103tatea \u0219i drepturile sexuale \u0219i reproductive!\",\"potentialAction\":[{\"@type\":\"SearchAction\",\"target\":{\"@type\":\"EntryPoint\",\"urlTemplate\":\"https:\/\/cidsr.md\/?s={search_term_string}\"},\"query-input\":\"required name=search_term_string\"}],\"inLanguage\":\"en-US\"}]}<\/script>\n<!-- \/ Yoast SEO plugin. -->","yoast_head_json":{"title":"Educa\u021bia sexual\u0103 - Centrul de Instruire \u00een Domeniul S\u0103n\u0103t\u0103\u0163ii Reproductive","robots":{"index":"index","follow":"follow","max-snippet":"max-snippet:-1","max-image-preview":"max-image-preview:large","max-video-preview":"max-video-preview:-1"},"canonical":"https:\/\/cidsr.md\/resurses\/educatia-sexuala\/","og_locale":"en_US","og_type":"article","og_title":"Educa\u021bia sexual\u0103 - Centrul de Instruire \u00een Domeniul S\u0103n\u0103t\u0103\u0163ii Reproductive","og_description":"Guidelines, standards and recommendations Statistical data and Benefits Video","og_url":"https:\/\/cidsr.md\/resurses\/educatia-sexuala\/","og_site_name":"Centrul de Instruire \u00een Domeniul S\u0103n\u0103t\u0103\u0163ii Reproductive","article_modified_time":"2023-11-10T08:16:47+00:00","twitter_card":"summary_large_image","twitter_misc":{"Est. reading time":"1 minute"},"schema":{"@context":"https:\/\/schema.org","@graph":[{"@type":"WebPage","@id":"https:\/\/cidsr.md\/resurses\/educatia-sexuala\/","url":"https:\/\/cidsr.md\/resurses\/educatia-sexuala\/","name":"Educa\u021bia sexual\u0103 - Centrul de Instruire \u00een Domeniul S\u0103n\u0103t\u0103\u0163ii Reproductive","isPartOf":{"@id":"https:\/\/cidsr.md\/#website"},"datePublished":"2023-10-20T11:34:21+00:00","dateModified":"2023-11-10T08:16:47+00:00","breadcrumb":{"@id":"https:\/\/cidsr.md\/resurses\/educatia-sexuala\/#breadcrumb"},"inLanguage":"en-US","potentialAction":[{"@type":"ReadAction","target":["https:\/\/cidsr.md\/resurses\/educatia-sexuala\/"]}]},{"@type":"BreadcrumbList","@id":"https:\/\/cidsr.md\/resurses\/educatia-sexuala\/#breadcrumb","itemListElement":[{"@type":"ListItem","position":1,"name":"\u0413\u043b\u0430\u0432\u043d\u0430\u044f \u0441\u0442\u0440\u0430\u043d\u0438\u0446\u0430","item":"https:\/\/new.cidsr.md\/"},{"@type":"ListItem","position":2,"name":"Resurse","item":"https:\/\/cidsr.md\/resurses\/"},{"@type":"ListItem","position":3,"name":"Educa\u021bia sexual\u0103"}]},{"@type":"WebSite","@id":"https:\/\/cidsr.md\/#website","url":"https:\/\/cidsr.md\/","name":"Centrul de Instruire \u00een Domeniul S\u0103n\u0103t\u0103\u0163ii Reproductive","description":"Promov\u0103m s\u0103n\u0103tatea \u0219i drepturile sexuale \u0219i reproductive!","potentialAction":[{"@type":"SearchAction","target":{"@type":"EntryPoint","urlTemplate":"https:\/\/cidsr.md\/?s={search_term_string}"},"query-input":"required name=search_term_string"}],"inLanguage":"en-US"}]}},"_links":{"self":[{"href":"https:\/\/cidsr.md\/en\/wp-json\/wp\/v2\/pages\/989","targetHints":{"allow":["GET"]}}],"collection":[{"href":"https:\/\/cidsr.md\/en\/wp-json\/wp\/v2\/pages"}],"about":[{"href":"https:\/\/cidsr.md\/en\/wp-json\/wp\/v2\/types\/page"}],"author":[{"embeddable":true,"href":"https:\/\/cidsr.md\/en\/wp-json\/wp\/v2\/users\/2"}],"replies":[{"embeddable":true,"href":"https:\/\/cidsr.md\/en\/wp-json\/wp\/v2\/comments?post=989"}],"version-history":[{"count":6,"href":"https:\/\/cidsr.md\/en\/wp-json\/wp\/v2\/pages\/989\/revisions"}],"predecessor-version":[{"id":11116,"href":"https:\/\/cidsr.md\/en\/wp-json\/wp\/v2\/pages\/989\/revisions\/11116"}],"up":[{"embeddable":true,"href":"https:\/\/cidsr.md\/en\/wp-json\/wp\/v2\/pages\/893"}],"wp:attachment":[{"href":"https:\/\/cidsr.md\/en\/wp-json\/wp\/v2\/media?parent=989"}],"curies":[{"name":"wp","href":"https:\/\/api.w.org\/{rel}","templated":true}]}}