{"id":987,"date":"2023-10-20T14:32:44","date_gmt":"2023-10-20T11:32:44","guid":{"rendered":"https:\/\/cidsr.md\/?page_id=987"},"modified":"2023-11-10T11:16:22","modified_gmt":"2023-11-10T08:16:22","slug":"cancer-de-col-uterin","status":"publish","type":"page","link":"https:\/\/cidsr.md\/en\/resurses\/cancer-de-col-uterin\/","title":{"rendered":"Prevention of cervical cancer","raw":"Prevention of cervical cancer"},"content":{"rendered":"<ul>\n<li><a href=\"https:\/\/cidsr.md\/en\/resurses\/cancer-de-col-uterin\/publicatii\/\">Cervical cancer, resourses<\/a><\/li>\n<li><a href=\"https:\/\/cidsr.md\/en\/resurses\/cancer-de-col-uterin\/acte-normative-si-cadrul-legal\/\">Normative and legal framework<\/a><\/li>\n<li><a href=\"https:\/\/cidsr.md\/en\/video\/\">Video<\/a><\/li>\n<\/ul>\n","protected":false,"raw":"<ul>\r\n \t<li><a href=\"https:\/\/cidsr.md\/en\/resurses\/cancer-de-col-uterin\/publicatii\/\">Cervical cancer, resourses<\/a><\/li>\r\n \t<li><a href=\"https:\/\/cidsr.md\/en\/resurses\/cancer-de-col-uterin\/acte-normative-si-cadrul-legal\/\">Normative and legal framework<\/a><\/li>\r\n \t<li><a href=\"https:\/\/cidsr.md\/en\/video\/\">Video<\/a><\/li>\r\n<\/ul>"},"excerpt":{"rendered":"","protected":false,"raw":""},"author":2,"featured_media":0,"parent":893,"menu_order":0,"comment_status":"closed","ping_status":"closed","template":"page-text.php","meta":{"_acf_changed":false,"_ru_post_content":"<ul>\r\n \t<li><a href=\"https:\/\/cidsr.md\/ru\/resurses\/cancer-de-col-uterin\/publicatii\/\">\u0420\u0430\u043a \u0448\u0435\u0439\u043a\u0438 \u043c\u0430\u0442\u043a\u0438, \u043f\u0443\u0431\u043b\u0438\u043a\u0430\u0446\u0438\u0438<\/a><\/li>\r\n \t<li><a href=\"https:\/\/cidsr.md\/ru\/resurses\/cancer-de-col-uterin\/acte-normative-si-cadrul-legal\/\">\u041d\u043e\u0440\u043c\u0430\u0442\u0438\u0432\u043d\u043e-\u043f\u0440\u0430\u0432\u043e\u0432\u0430\u044f \u0431\u0430\u0437\u0430<\/a><\/li>\r\n \t<li><a href=\"https:\/\/cidsr.md\/ru\/video\/\">\u0412\u0438\u0434\u0435\u043e<\/a><\/li>\r\n<\/ul>","_ru_post_name":"cancer-de-col-uterin","_ru_post_excerpt":"","_ru_post_title":"\u041f\u0440\u043e\u0444\u0438\u043b\u0430\u043a\u0442\u0438\u043a\u0430 \u0440\u0430\u043a\u0430 \u0448\u0435\u0439\u043a\u0438 \u043c\u0430\u0442\u043a\u0438","_en_post_content":"<ul>\r\n \t<li><a href=\"https:\/\/cidsr.md\/en\/resurses\/cancer-de-col-uterin\/publicatii\/\">Cervical cancer, resourses<\/a><\/li>\r\n \t<li><a href=\"https:\/\/cidsr.md\/en\/resurses\/cancer-de-col-uterin\/acte-normative-si-cadrul-legal\/\">Normative and legal framework<\/a><\/li>\r\n \t<li><a href=\"https:\/\/cidsr.md\/en\/video\/\">Video<\/a><\/li>\r\n<\/ul>","_en_post_name":"cancer-de-col-uterin","_en_post_excerpt":"","_en_post_title":"Prevention of cervical cancer","_ro_post_content":"<ul>\r\n \t<li><a href=\"https:\/\/cidsr.md\/resurses\/cancer-de-col-uterin\/publicatii\/\">Cancer de col uterin, resurse<\/a><\/li>\r\n \t<li><a href=\"https:\/\/cidsr.md\/resurses\/cancer-de-col-uterin\/acte-normative-si-cadrul-legal\/\">Acte normative \u0219i cadrul legal<\/a><\/li>\r\n \t<li><a href=\"https:\/\/cidsr.md\/video\/\">Video<\/a><\/li>\r\n<\/ul>","_ro_post_name":"cancer-de-col-uterin","_ro_post_excerpt":"","_ro_post_title":"Prevenirea cancerului de col uterin","edit_language":"en","footnotes":""},"class_list":["post-987","page","type-page","status-publish","hentry"],"acf":[],"yoast_head":"<!-- This site is optimized with the Yoast SEO plugin v22.0 - https:\/\/yoast.com\/wordpress\/plugins\/seo\/ -->\n<title>Prevenirea cancerului de col uterin - Centrul de Instruire \u00een Domeniul S\u0103n\u0103t\u0103\u0163ii Reproductive<\/title>\n<meta name=\"robots\" content=\"index, follow, max-snippet:-1, max-image-preview:large, max-video-preview:-1\" \/>\n<link rel=\"canonical\" href=\"https:\/\/cidsr.md\/resurses\/cancer-de-col-uterin\/\" \/>\n<meta property=\"og:locale\" content=\"en_US\" \/>\n<meta property=\"og:type\" content=\"article\" \/>\n<meta property=\"og:title\" content=\"Prevenirea cancerului de col uterin - Centrul de Instruire \u00een Domeniul S\u0103n\u0103t\u0103\u0163ii Reproductive\" \/>\n<meta property=\"og:description\" content=\"Cervical cancer, resourses Normative and legal framework Video\" \/>\n<meta property=\"og:url\" content=\"https:\/\/cidsr.md\/resurses\/cancer-de-col-uterin\/\" \/>\n<meta property=\"og:site_name\" content=\"Centrul de Instruire \u00een Domeniul S\u0103n\u0103t\u0103\u0163ii Reproductive\" \/>\n<meta property=\"article:modified_time\" content=\"2023-11-10T08:16:22+00:00\" \/>\n<meta name=\"twitter:card\" content=\"summary_large_image\" \/>\n<meta name=\"twitter:label1\" content=\"Est. reading time\" \/>\n\t<meta name=\"twitter:data1\" content=\"1 minute\" \/>\n<script type=\"application\/ld+json\" class=\"yoast-schema-graph\">{\"@context\":\"https:\/\/schema.org\",\"@graph\":[{\"@type\":\"WebPage\",\"@id\":\"https:\/\/cidsr.md\/resurses\/cancer-de-col-uterin\/\",\"url\":\"https:\/\/cidsr.md\/resurses\/cancer-de-col-uterin\/\",\"name\":\"Prevenirea cancerului de col uterin - Centrul de Instruire \u00een Domeniul S\u0103n\u0103t\u0103\u0163ii Reproductive\",\"isPartOf\":{\"@id\":\"https:\/\/cidsr.md\/#website\"},\"datePublished\":\"2023-10-20T11:32:44+00:00\",\"dateModified\":\"2023-11-10T08:16:22+00:00\",\"breadcrumb\":{\"@id\":\"https:\/\/cidsr.md\/resurses\/cancer-de-col-uterin\/#breadcrumb\"},\"inLanguage\":\"en-US\",\"potentialAction\":[{\"@type\":\"ReadAction\",\"target\":[\"https:\/\/cidsr.md\/resurses\/cancer-de-col-uterin\/\"]}]},{\"@type\":\"BreadcrumbList\",\"@id\":\"https:\/\/cidsr.md\/resurses\/cancer-de-col-uterin\/#breadcrumb\",\"itemListElement\":[{\"@type\":\"ListItem\",\"position\":1,\"name\":\"\u0413\u043b\u0430\u0432\u043d\u0430\u044f \u0441\u0442\u0440\u0430\u043d\u0438\u0446\u0430\",\"item\":\"https:\/\/new.cidsr.md\/\"},{\"@type\":\"ListItem\",\"position\":2,\"name\":\"Resurse\",\"item\":\"https:\/\/cidsr.md\/resurses\/\"},{\"@type\":\"ListItem\",\"position\":3,\"name\":\"Prevenirea cancerului de col uterin\"}]},{\"@type\":\"WebSite\",\"@id\":\"https:\/\/cidsr.md\/#website\",\"url\":\"https:\/\/cidsr.md\/\",\"name\":\"Centrul de Instruire \u00een Domeniul S\u0103n\u0103t\u0103\u0163ii Reproductive\",\"description\":\"Promov\u0103m s\u0103n\u0103tatea \u0219i drepturile sexuale \u0219i reproductive!\",\"potentialAction\":[{\"@type\":\"SearchAction\",\"target\":{\"@type\":\"EntryPoint\",\"urlTemplate\":\"https:\/\/cidsr.md\/?s={search_term_string}\"},\"query-input\":\"required name=search_term_string\"}],\"inLanguage\":\"en-US\"}]}<\/script>\n<!-- \/ Yoast SEO plugin. -->","yoast_head_json":{"title":"Prevenirea cancerului de col uterin - Centrul de Instruire \u00een Domeniul S\u0103n\u0103t\u0103\u0163ii Reproductive","robots":{"index":"index","follow":"follow","max-snippet":"max-snippet:-1","max-image-preview":"max-image-preview:large","max-video-preview":"max-video-preview:-1"},"canonical":"https:\/\/cidsr.md\/resurses\/cancer-de-col-uterin\/","og_locale":"en_US","og_type":"article","og_title":"Prevenirea cancerului de col uterin - Centrul de Instruire \u00een Domeniul S\u0103n\u0103t\u0103\u0163ii Reproductive","og_description":"Cervical cancer, resourses Normative and legal framework Video","og_url":"https:\/\/cidsr.md\/resurses\/cancer-de-col-uterin\/","og_site_name":"Centrul de Instruire \u00een Domeniul S\u0103n\u0103t\u0103\u0163ii Reproductive","article_modified_time":"2023-11-10T08:16:22+00:00","twitter_card":"summary_large_image","twitter_misc":{"Est. reading time":"1 minute"},"schema":{"@context":"https:\/\/schema.org","@graph":[{"@type":"WebPage","@id":"https:\/\/cidsr.md\/resurses\/cancer-de-col-uterin\/","url":"https:\/\/cidsr.md\/resurses\/cancer-de-col-uterin\/","name":"Prevenirea cancerului de col uterin - Centrul de Instruire \u00een Domeniul S\u0103n\u0103t\u0103\u0163ii Reproductive","isPartOf":{"@id":"https:\/\/cidsr.md\/#website"},"datePublished":"2023-10-20T11:32:44+00:00","dateModified":"2023-11-10T08:16:22+00:00","breadcrumb":{"@id":"https:\/\/cidsr.md\/resurses\/cancer-de-col-uterin\/#breadcrumb"},"inLanguage":"en-US","potentialAction":[{"@type":"ReadAction","target":["https:\/\/cidsr.md\/resurses\/cancer-de-col-uterin\/"]}]},{"@type":"BreadcrumbList","@id":"https:\/\/cidsr.md\/resurses\/cancer-de-col-uterin\/#breadcrumb","itemListElement":[{"@type":"ListItem","position":1,"name":"\u0413\u043b\u0430\u0432\u043d\u0430\u044f \u0441\u0442\u0440\u0430\u043d\u0438\u0446\u0430","item":"https:\/\/new.cidsr.md\/"},{"@type":"ListItem","position":2,"name":"Resurse","item":"https:\/\/cidsr.md\/resurses\/"},{"@type":"ListItem","position":3,"name":"Prevenirea cancerului de col uterin"}]},{"@type":"WebSite","@id":"https:\/\/cidsr.md\/#website","url":"https:\/\/cidsr.md\/","name":"Centrul de Instruire \u00een Domeniul S\u0103n\u0103t\u0103\u0163ii Reproductive","description":"Promov\u0103m s\u0103n\u0103tatea \u0219i drepturile sexuale \u0219i reproductive!","potentialAction":[{"@type":"SearchAction","target":{"@type":"EntryPoint","urlTemplate":"https:\/\/cidsr.md\/?s={search_term_string}"},"query-input":"required name=search_term_string"}],"inLanguage":"en-US"}]}},"_links":{"self":[{"href":"https:\/\/cidsr.md\/en\/wp-json\/wp\/v2\/pages\/987","targetHints":{"allow":["GET"]}}],"collection":[{"href":"https:\/\/cidsr.md\/en\/wp-json\/wp\/v2\/pages"}],"about":[{"href":"https:\/\/cidsr.md\/en\/wp-json\/wp\/v2\/types\/page"}],"author":[{"embeddable":true,"href":"https:\/\/cidsr.md\/en\/wp-json\/wp\/v2\/users\/2"}],"replies":[{"embeddable":true,"href":"https:\/\/cidsr.md\/en\/wp-json\/wp\/v2\/comments?post=987"}],"version-history":[{"count":8,"href":"https:\/\/cidsr.md\/en\/wp-json\/wp\/v2\/pages\/987\/revisions"}],"predecessor-version":[{"id":11348,"href":"https:\/\/cidsr.md\/en\/wp-json\/wp\/v2\/pages\/987\/revisions\/11348"}],"up":[{"embeddable":true,"href":"https:\/\/cidsr.md\/en\/wp-json\/wp\/v2\/pages\/893"}],"wp:attachment":[{"href":"https:\/\/cidsr.md\/en\/wp-json\/wp\/v2\/media?parent=987"}],"curies":[{"name":"wp","href":"https:\/\/api.w.org\/{rel}","templated":true}]}}