{"id":983,"date":"2023-10-20T14:29:00","date_gmt":"2023-10-20T11:29:00","guid":{"rendered":"https:\/\/cidsr.md\/?page_id=983"},"modified":"2023-11-09T15:21:40","modified_gmt":"2023-11-09T12:21:40","slug":"planificarea-familiala","status":"publish","type":"page","link":"https:\/\/cidsr.md\/en\/resurses\/planificarea-familiala\/","title":{"rendered":"Family planning","raw":"Family planning"},"content":{"rendered":"<ul>\n<li><a href=\"https:\/\/cidsr.md\/en\/resurses\/planificarea-familiala\/resurse-2\/\">Family planning, resources<\/a><\/li>\n<li><a href=\"https:\/\/cidsr.md\/en\/resurses\/planificarea-familiala\/medical-eligibility-criteria-wheel-contraceptive-use-2015\/\">WHO Medical Eligibility Criteria Wheel for contraceptive use, 2015<\/a><\/li>\n<li><a href=\"https:\/\/cidsr.md\/en\/resurses\/planificarea-familiala\/video-model-de-seminar-de-instruire-pentru-medicii-de-familie-din-tara-in-planificarea-familiei-recomandarile-ghidurile-si-protocoalele-clinice-ale-oms\/\">(VIDEO) Training for family doctors of RM in family planning: recommendations, clinical guidelines and protocols WHO<\/a><\/li>\n<li><a href=\"https:\/\/cidsr.md\/en\/resurses\/planificarea-familiala\/873-2\/\">Virtual Contraceptive Consultation (VIC)<\/a><\/li>\n<li><a href=\"https:\/\/cidsr.md\/en\/resurses\/planificarea-familiala\/buletine-informative\/\">Informative Bulletins<\/a><\/li>\n<li><a href=\"https:\/\/cidsr.md\/en\/resurses\/planificarea-familiala\/cadrul-legal-si-acte-normative\/\">Legal and normative acts<\/a><\/li>\n<\/ul>\n","protected":false,"raw":"<ul>\r\n \t<li><a href=\"https:\/\/cidsr.md\/en\/resurses\/planificarea-familiala\/resurse-2\/\">Family planning, resources<\/a><\/li>\r\n \t<li><a href=\"https:\/\/cidsr.md\/en\/resurses\/planificarea-familiala\/medical-eligibility-criteria-wheel-contraceptive-use-2015\/\">WHO Medical Eligibility Criteria Wheel for contraceptive use, 2015<\/a><\/li>\r\n \t<li><a href=\"https:\/\/cidsr.md\/en\/resurses\/planificarea-familiala\/video-model-de-seminar-de-instruire-pentru-medicii-de-familie-din-tara-in-planificarea-familiei-recomandarile-ghidurile-si-protocoalele-clinice-ale-oms\/\">(VIDEO) Training for family doctors of RM in family planning: recommendations, clinical guidelines and protocols WHO<\/a><\/li>\r\n \t<li><a href=\"https:\/\/cidsr.md\/en\/resurses\/planificarea-familiala\/873-2\/\">Virtual Contraceptive Consultation (VIC)<\/a><\/li>\r\n \t<li><a href=\"https:\/\/cidsr.md\/en\/resurses\/planificarea-familiala\/buletine-informative\/\">Informative Bulletins<\/a><\/li>\r\n \t<li><a href=\"https:\/\/cidsr.md\/en\/resurses\/planificarea-familiala\/cadrul-legal-si-acte-normative\/\">Legal and normative acts<\/a><\/li>\r\n<\/ul>"},"excerpt":{"rendered":"","protected":false,"raw":""},"author":2,"featured_media":0,"parent":893,"menu_order":0,"comment_status":"closed","ping_status":"closed","template":"page-text.php","meta":{"_acf_changed":false,"_ru_post_content":"<ul>\r\n \t<li><a href=\"https:\/\/cidsr.md\/ru\/resurses\/planificarea-familiala\/resurse-2\/\">\u041f\u043b\u0430\u043d\u0438\u0440\u043e\u0432\u0430\u043d\u0438\u0435 \u0441\u0435\u043c\u044c\u0438, \u043f\u0443\u0431\u043b\u0438\u043a\u0430\u0446\u0438\u0438<\/a><\/li>\r\n \t<li><a href=\"https:\/\/cidsr.md\/ru\/resurses\/planificarea-familiala\/medical-eligibility-criteria-wheel-contraceptive-use-2015\/\">\u0412\u041e\u0417, \u041c\u0435\u0434\u0438\u0446\u0438\u043d\u0441\u043a\u0438\u0435 \u043a\u0440\u0438\u0442\u0435\u0440\u0438\u0438 \u043f\u0440\u0438\u0435\u043c\u043b\u0435\u043c\u043e\u0441\u0442\u0438 \u0434\u043b\u044f \u0438\u0441\u043f\u043e\u043b\u044c\u0437\u043e\u0432\u0430\u043d\u0438\u044f \u043c\u0435\u0442\u043e\u0434\u043e\u0432 \u043a\u043e\u043d\u0442\u0440\u0430\u0446\u0435\u043f\u0446\u0438\u0438<\/a><\/li>\r\n \t<li><a href=\"https:\/\/cidsr.md\/ru\/resurses\/planificarea-familiala\/video-model-de-seminar-de-instruire-pentru-medicii-de-familie-din-tara-in-planificarea-familiei-recomandarile-ghidurile-si-protocoalele-clinice-ale-oms\/\">(\u0412\u0418\u0414\u0415\u041e) \u0421\u0435\u043c\u0438\u043d\u0430\u0440 \u0434\u043b\u044f \u0441\u0435\u043c\u0435\u0439\u043d\u044b\u0445 \u0432\u0440\u0430\u0447\u0435\u0439 \u0441\u0442\u0440\u0430\u043d\u044b \u043f\u043e \u043f\u043b\u0430\u043d\u0438\u0440\u043e\u0432\u0430\u043d\u0438\u044e \u0441\u0435\u043c\u044c\u0438: \u0440\u0435\u043a\u043e\u043c\u0435\u043d\u0434\u0430\u0446\u0438\u0438, \u043a\u043b\u0438\u043d\u0438\u0447\u0435\u0441\u043a\u0438\u0435 \u0440\u0443\u043a\u043e\u0432\u043e\u0434\u0441\u0442\u0432\u0430 \u0438 \u043f\u0440\u043e\u0442\u043e\u043a\u043e\u043b\u044b \u0412\u041e\u0417<\/a><\/li>\r\n \t<li><a href=\"https:\/\/cidsr.md\/ru\/resurses\/planificarea-familiala\/873-2\/\">Virtual Contraceptive Consultation (VIC)<\/a><\/li>\r\n \t<li><a href=\"https:\/\/cidsr.md\/ru\/resurses\/planificarea-familiala\/buletine-informative\/\">\u0418\u043d\u0444\u043e\u0440\u043c\u0430\u0446\u0438\u043e\u043d\u043d\u044b\u0435 \u0431\u044e\u043b\u043b\u0435\u0442\u0435\u043d\u0438<\/a><\/li>\r\n \t<li><a href=\"https:\/\/cidsr.md\/ru\/resurses\/planificarea-familiala\/cadrul-legal-si-acte-normative\/\">\u0417\u0430\u043a\u043e\u043d\u043e\u0434\u0430\u0442\u0435\u043b\u044c\u0441\u0442\u0432\u043e \u0438 \u043f\u0440\u0430\u0432\u043e\u0432\u044b\u0435 \u0440\u0430\u043c\u043a\u0438<\/a><\/li>\r\n<\/ul>","_ru_post_name":"planificarea-familiala","_ru_post_excerpt":"","_ru_post_title":"\u041f\u043b\u0430\u043d\u0438\u0440\u043e\u0432\u0430\u043d\u0438\u0435 \u0441\u0435\u043c\u044c\u0438","_en_post_content":"<ul>\r\n \t<li><a href=\"https:\/\/cidsr.md\/en\/resurses\/planificarea-familiala\/resurse-2\/\">Family planning, resources<\/a><\/li>\r\n \t<li><a href=\"https:\/\/cidsr.md\/en\/resurses\/planificarea-familiala\/medical-eligibility-criteria-wheel-contraceptive-use-2015\/\">WHO Medical Eligibility Criteria Wheel for contraceptive use, 2015<\/a><\/li>\r\n \t<li><a href=\"https:\/\/cidsr.md\/en\/resurses\/planificarea-familiala\/video-model-de-seminar-de-instruire-pentru-medicii-de-familie-din-tara-in-planificarea-familiei-recomandarile-ghidurile-si-protocoalele-clinice-ale-oms\/\">(VIDEO) Training for family doctors of RM in family planning: recommendations, clinical guidelines and protocols WHO<\/a><\/li>\r\n \t<li><a href=\"https:\/\/cidsr.md\/en\/resurses\/planificarea-familiala\/873-2\/\">Virtual Contraceptive Consultation (VIC)<\/a><\/li>\r\n \t<li><a href=\"https:\/\/cidsr.md\/en\/resurses\/planificarea-familiala\/buletine-informative\/\">Informative Bulletins<\/a><\/li>\r\n \t<li><a href=\"https:\/\/cidsr.md\/en\/resurses\/planificarea-familiala\/cadrul-legal-si-acte-normative\/\">Legal and normative acts<\/a><\/li>\r\n<\/ul>","_en_post_name":"planificarea-familiala","_en_post_excerpt":"","_en_post_title":"Family planning","_ro_post_content":"<ul>\r\n \t<li><a href=\"https:\/\/cidsr.md\/resurses\/planificarea-familiala\/resurse-2\/\">Planificarea familial\u0103, resurse<\/a><\/li>\r\n \t<li><a href=\"https:\/\/cidsr.md\/resurses\/planificarea-familiala\/medical-eligibility-criteria-wheel-contraceptive-use-2015\/\">Criteriile medicale de eligibilitate pentru utilizarea contraceptivelor, OMS<\/a><\/li>\r\n \t<li><a href=\"https:\/\/cidsr.md\/resurses\/planificarea-familiala\/video-model-de-seminar-de-instruire-pentru-medicii-de-familie-din-tara-in-planificarea-familiei-recomandarile-ghidurile-si-protocoalele-clinice-ale-oms\/\">(VIDEO) Seminar de instruire pentru medicii de familie din \u021bar\u0103 \u00een planificarea familiei: recomand\u0103rile, ghidurile \u0219i protocoalele clinice ale OMS<\/a><\/li>\r\n \t<li><a href=\"https:\/\/cidsr.md\/resurses\/planificarea-familiala\/873-2\/\">Virtual Contraceptive Consultation (VIC)<\/a><\/li>\r\n \t<li><a href=\"https:\/\/cidsr.md\/resurses\/planificarea-familiala\/buletine-informative\/\">Buletine informative<\/a><\/li>\r\n \t<li><a href=\"https:\/\/cidsr.md\/resurses\/planificarea-familiala\/cadrul-legal-si-acte-normative\/\">Cadrul legal si acte normative<\/a><\/li>\r\n<\/ul>","_ro_post_name":"planificarea-familiala","_ro_post_excerpt":"","_ro_post_title":"Planificarea familial\u0103","edit_language":"en","footnotes":""},"class_list":["post-983","page","type-page","status-publish","hentry"],"acf":[],"yoast_head":"<!-- This site is optimized with the Yoast SEO plugin v22.0 - https:\/\/yoast.com\/wordpress\/plugins\/seo\/ -->\n<title>Planificarea familial\u0103 - Centrul de Instruire \u00een Domeniul S\u0103n\u0103t\u0103\u0163ii Reproductive<\/title>\n<meta name=\"robots\" content=\"index, follow, max-snippet:-1, max-image-preview:large, max-video-preview:-1\" \/>\n<link rel=\"canonical\" href=\"https:\/\/cidsr.md\/ru\/\u0440\u0435\u0441\u0443\u0440\u0441\u044b\/planificarea-familiala\/\" \/>\n<meta property=\"og:locale\" content=\"en_US\" \/>\n<meta property=\"og:type\" content=\"article\" \/>\n<meta property=\"og:title\" content=\"Planificarea familial\u0103 - Centrul de Instruire \u00een Domeniul S\u0103n\u0103t\u0103\u0163ii Reproductive\" \/>\n<meta property=\"og:description\" content=\"Family planning, resources WHO Medical Eligibility Criteria Wheel for contraceptive use, 2015 (VIDEO) Training for family doctors of RM in family planning: recommendations, clinical guidelines and protocols WHO Virtual Contraceptive Consultation (VIC) Informative Bulletins Legal and normative acts\" \/>\n<meta property=\"og:url\" content=\"https:\/\/cidsr.md\/ru\/\u0440\u0435\u0441\u0443\u0440\u0441\u044b\/planificarea-familiala\/\" \/>\n<meta property=\"og:site_name\" content=\"Centrul de Instruire \u00een Domeniul S\u0103n\u0103t\u0103\u0163ii Reproductive\" \/>\n<meta property=\"article:modified_time\" content=\"2023-11-09T12:21:40+00:00\" \/>\n<meta name=\"twitter:card\" content=\"summary_large_image\" \/>\n<meta name=\"twitter:label1\" content=\"Est. reading time\" \/>\n\t<meta name=\"twitter:data1\" content=\"1 minute\" \/>\n<script type=\"application\/ld+json\" class=\"yoast-schema-graph\">{\"@context\":\"https:\/\/schema.org\",\"@graph\":[{\"@type\":\"WebPage\",\"@id\":\"https:\/\/cidsr.md\/ru\/%d1%80%d0%b5%d1%81%d1%83%d1%80%d1%81%d1%8b\/planificarea-familiala\/\",\"url\":\"https:\/\/cidsr.md\/ru\/%d1%80%d0%b5%d1%81%d1%83%d1%80%d1%81%d1%8b\/planificarea-familiala\/\",\"name\":\"Planificarea familial\u0103 - Centrul de Instruire \u00een Domeniul S\u0103n\u0103t\u0103\u0163ii Reproductive\",\"isPartOf\":{\"@id\":\"https:\/\/cidsr.md\/#website\"},\"datePublished\":\"2023-10-20T11:29:00+00:00\",\"dateModified\":\"2023-11-09T12:21:40+00:00\",\"breadcrumb\":{\"@id\":\"https:\/\/cidsr.md\/ru\/%d1%80%d0%b5%d1%81%d1%83%d1%80%d1%81%d1%8b\/planificarea-familiala\/#breadcrumb\"},\"inLanguage\":\"en-US\",\"potentialAction\":[{\"@type\":\"ReadAction\",\"target\":[\"https:\/\/cidsr.md\/ru\/%d1%80%d0%b5%d1%81%d1%83%d1%80%d1%81%d1%8b\/planificarea-familiala\/\"]}]},{\"@type\":\"BreadcrumbList\",\"@id\":\"https:\/\/cidsr.md\/ru\/%d1%80%d0%b5%d1%81%d1%83%d1%80%d1%81%d1%8b\/planificarea-familiala\/#breadcrumb\",\"itemListElement\":[{\"@type\":\"ListItem\",\"position\":1,\"name\":\"\u0413\u043b\u0430\u0432\u043d\u0430\u044f \u0441\u0442\u0440\u0430\u043d\u0438\u0446\u0430\",\"item\":\"https:\/\/new.cidsr.md\/\"},{\"@type\":\"ListItem\",\"position\":2,\"name\":\"Resurse\",\"item\":\"https:\/\/cidsr.md\/resurses\/\"},{\"@type\":\"ListItem\",\"position\":3,\"name\":\"\u041f\u043b\u0430\u043d\u0438\u0440\u043e\u0432\u0430\u043d\u0438\u0435 \u0441\u0435\u043c\u044c\u0438\"}]},{\"@type\":\"WebSite\",\"@id\":\"https:\/\/cidsr.md\/#website\",\"url\":\"https:\/\/cidsr.md\/\",\"name\":\"Centrul de Instruire \u00een Domeniul S\u0103n\u0103t\u0103\u0163ii Reproductive\",\"description\":\"Promov\u0103m s\u0103n\u0103tatea \u0219i drepturile sexuale \u0219i reproductive!\",\"potentialAction\":[{\"@type\":\"SearchAction\",\"target\":{\"@type\":\"EntryPoint\",\"urlTemplate\":\"https:\/\/cidsr.md\/?s={search_term_string}\"},\"query-input\":\"required name=search_term_string\"}],\"inLanguage\":\"en-US\"}]}<\/script>\n<!-- \/ Yoast SEO plugin. -->","yoast_head_json":{"title":"Planificarea familial\u0103 - Centrul de Instruire \u00een Domeniul S\u0103n\u0103t\u0103\u0163ii Reproductive","robots":{"index":"index","follow":"follow","max-snippet":"max-snippet:-1","max-image-preview":"max-image-preview:large","max-video-preview":"max-video-preview:-1"},"canonical":"https:\/\/cidsr.md\/ru\/\u0440\u0435\u0441\u0443\u0440\u0441\u044b\/planificarea-familiala\/","og_locale":"en_US","og_type":"article","og_title":"Planificarea familial\u0103 - Centrul de Instruire \u00een Domeniul S\u0103n\u0103t\u0103\u0163ii Reproductive","og_description":"Family planning, resources WHO Medical Eligibility Criteria Wheel for contraceptive use, 2015 (VIDEO) Training for family doctors of RM in family planning: recommendations, clinical guidelines and protocols WHO Virtual Contraceptive Consultation (VIC) Informative Bulletins Legal and normative acts","og_url":"https:\/\/cidsr.md\/ru\/\u0440\u0435\u0441\u0443\u0440\u0441\u044b\/planificarea-familiala\/","og_site_name":"Centrul de Instruire \u00een Domeniul S\u0103n\u0103t\u0103\u0163ii Reproductive","article_modified_time":"2023-11-09T12:21:40+00:00","twitter_card":"summary_large_image","twitter_misc":{"Est. reading time":"1 minute"},"schema":{"@context":"https:\/\/schema.org","@graph":[{"@type":"WebPage","@id":"https:\/\/cidsr.md\/ru\/%d1%80%d0%b5%d1%81%d1%83%d1%80%d1%81%d1%8b\/planificarea-familiala\/","url":"https:\/\/cidsr.md\/ru\/%d1%80%d0%b5%d1%81%d1%83%d1%80%d1%81%d1%8b\/planificarea-familiala\/","name":"Planificarea familial\u0103 - Centrul de Instruire \u00een Domeniul S\u0103n\u0103t\u0103\u0163ii Reproductive","isPartOf":{"@id":"https:\/\/cidsr.md\/#website"},"datePublished":"2023-10-20T11:29:00+00:00","dateModified":"2023-11-09T12:21:40+00:00","breadcrumb":{"@id":"https:\/\/cidsr.md\/ru\/%d1%80%d0%b5%d1%81%d1%83%d1%80%d1%81%d1%8b\/planificarea-familiala\/#breadcrumb"},"inLanguage":"en-US","potentialAction":[{"@type":"ReadAction","target":["https:\/\/cidsr.md\/ru\/%d1%80%d0%b5%d1%81%d1%83%d1%80%d1%81%d1%8b\/planificarea-familiala\/"]}]},{"@type":"BreadcrumbList","@id":"https:\/\/cidsr.md\/ru\/%d1%80%d0%b5%d1%81%d1%83%d1%80%d1%81%d1%8b\/planificarea-familiala\/#breadcrumb","itemListElement":[{"@type":"ListItem","position":1,"name":"\u0413\u043b\u0430\u0432\u043d\u0430\u044f \u0441\u0442\u0440\u0430\u043d\u0438\u0446\u0430","item":"https:\/\/new.cidsr.md\/"},{"@type":"ListItem","position":2,"name":"Resurse","item":"https:\/\/cidsr.md\/resurses\/"},{"@type":"ListItem","position":3,"name":"\u041f\u043b\u0430\u043d\u0438\u0440\u043e\u0432\u0430\u043d\u0438\u0435 \u0441\u0435\u043c\u044c\u0438"}]},{"@type":"WebSite","@id":"https:\/\/cidsr.md\/#website","url":"https:\/\/cidsr.md\/","name":"Centrul de Instruire \u00een Domeniul S\u0103n\u0103t\u0103\u0163ii Reproductive","description":"Promov\u0103m s\u0103n\u0103tatea \u0219i drepturile sexuale \u0219i reproductive!","potentialAction":[{"@type":"SearchAction","target":{"@type":"EntryPoint","urlTemplate":"https:\/\/cidsr.md\/?s={search_term_string}"},"query-input":"required name=search_term_string"}],"inLanguage":"en-US"}]}},"_links":{"self":[{"href":"https:\/\/cidsr.md\/en\/wp-json\/wp\/v2\/pages\/983","targetHints":{"allow":["GET"]}}],"collection":[{"href":"https:\/\/cidsr.md\/en\/wp-json\/wp\/v2\/pages"}],"about":[{"href":"https:\/\/cidsr.md\/en\/wp-json\/wp\/v2\/types\/page"}],"author":[{"embeddable":true,"href":"https:\/\/cidsr.md\/en\/wp-json\/wp\/v2\/users\/2"}],"replies":[{"embeddable":true,"href":"https:\/\/cidsr.md\/en\/wp-json\/wp\/v2\/comments?post=983"}],"version-history":[{"count":9,"href":"https:\/\/cidsr.md\/en\/wp-json\/wp\/v2\/pages\/983\/revisions"}],"predecessor-version":[{"id":11115,"href":"https:\/\/cidsr.md\/en\/wp-json\/wp\/v2\/pages\/983\/revisions\/11115"}],"up":[{"embeddable":true,"href":"https:\/\/cidsr.md\/en\/wp-json\/wp\/v2\/pages\/893"}],"wp:attachment":[{"href":"https:\/\/cidsr.md\/en\/wp-json\/wp\/v2\/media?parent=983"}],"curies":[{"name":"wp","href":"https:\/\/api.w.org\/{rel}","templated":true}]}}