{"id":981,"date":"2023-10-20T14:26:25","date_gmt":"2023-10-20T11:26:25","guid":{"rendered":"https:\/\/cidsr.md\/?page_id=981"},"modified":"2023-11-09T10:20:08","modified_gmt":"2023-11-09T07:20:08","slug":"sanatatea-reproductiva-transnistria","status":"publish","type":"page","link":"https:\/\/cidsr.md\/en\/regional\/sanatatea-reproductiva-transnistria\/","title":{"rendered":"Reproductive health in Transnistria","raw":"Reproductive health in Transnistria"},"content":{"rendered":"","protected":false,"raw":""},"excerpt":{"rendered":"","protected":false,"raw":""},"author":2,"featured_media":0,"parent":886,"menu_order":0,"comment_status":"closed","ping_status":"closed","template":"page-parent.php","meta":{"_acf_changed":false,"_ru_post_content":"","_ru_post_name":"sanatatea-reproductiva-transnistria","_ru_post_excerpt":"","_ru_post_title":"\u0420\u0435\u043f\u0440\u043e\u0434\u0443\u043a\u0442\u0438\u0432\u043d\u043e\u0435 \u0437\u0434\u043e\u0440\u043e\u0432\u044c\u0435 \u0432 \u041f\u0440\u0438\u0434\u043d\u0435\u0441\u0442\u0440\u043e\u0432\u044c\u0435","_en_post_content":"","_en_post_name":"sanatatea-reproductiva-transnistria","_en_post_excerpt":"","_en_post_title":"Reproductive health in Transnistria","_ro_post_content":"","_ro_post_name":"sanatatea-reproductiva-transnistria","_ro_post_excerpt":"","_ro_post_title":"S\u0103n\u0103tatea reproductiv\u0103 \u00een Transnistria","edit_language":"en","footnotes":""},"class_list":["post-981","page","type-page","status-publish","hentry"],"acf":[],"yoast_head":"<!-- This site is optimized with the Yoast SEO plugin v22.0 - https:\/\/yoast.com\/wordpress\/plugins\/seo\/ -->\n<title>S\u0103n\u0103tatea reproductiv\u0103 \u00een Transnistria - Centrul de Instruire \u00een Domeniul S\u0103n\u0103t\u0103\u0163ii Reproductive<\/title>\n<meta name=\"robots\" content=\"index, follow, max-snippet:-1, max-image-preview:large, max-video-preview:-1\" \/>\n<link rel=\"canonical\" href=\"https:\/\/cidsr.md\/regional\/sanatatea-reproductiva-transnistria\/\" \/>\n<meta property=\"og:locale\" content=\"en_US\" \/>\n<meta property=\"og:type\" content=\"article\" \/>\n<meta property=\"og:title\" content=\"S\u0103n\u0103tatea reproductiv\u0103 \u00een Transnistria - Centrul de Instruire \u00een Domeniul S\u0103n\u0103t\u0103\u0163ii Reproductive\" \/>\n<meta property=\"og:url\" content=\"https:\/\/cidsr.md\/regional\/sanatatea-reproductiva-transnistria\/\" \/>\n<meta property=\"og:site_name\" content=\"Centrul de Instruire \u00een Domeniul S\u0103n\u0103t\u0103\u0163ii Reproductive\" \/>\n<meta property=\"article:modified_time\" content=\"2023-11-09T07:20:08+00:00\" \/>\n<meta name=\"twitter:card\" content=\"summary_large_image\" \/>\n<script type=\"application\/ld+json\" class=\"yoast-schema-graph\">{\"@context\":\"https:\/\/schema.org\",\"@graph\":[{\"@type\":\"WebPage\",\"@id\":\"https:\/\/cidsr.md\/regional\/sanatatea-reproductiva-transnistria\/\",\"url\":\"https:\/\/cidsr.md\/regional\/sanatatea-reproductiva-transnistria\/\",\"name\":\"S\u0103n\u0103tatea reproductiv\u0103 \u00een Transnistria - Centrul de Instruire \u00een Domeniul S\u0103n\u0103t\u0103\u0163ii Reproductive\",\"isPartOf\":{\"@id\":\"https:\/\/cidsr.md\/#website\"},\"datePublished\":\"2023-10-20T11:26:25+00:00\",\"dateModified\":\"2023-11-09T07:20:08+00:00\",\"breadcrumb\":{\"@id\":\"https:\/\/cidsr.md\/regional\/sanatatea-reproductiva-transnistria\/#breadcrumb\"},\"inLanguage\":\"en-US\",\"potentialAction\":[{\"@type\":\"ReadAction\",\"target\":[\"https:\/\/cidsr.md\/regional\/sanatatea-reproductiva-transnistria\/\"]}]},{\"@type\":\"BreadcrumbList\",\"@id\":\"https:\/\/cidsr.md\/regional\/sanatatea-reproductiva-transnistria\/#breadcrumb\",\"itemListElement\":[{\"@type\":\"ListItem\",\"position\":1,\"name\":\"\u0413\u043b\u0430\u0432\u043d\u0430\u044f \u0441\u0442\u0440\u0430\u043d\u0438\u0446\u0430\",\"item\":\"https:\/\/new.cidsr.md\/\"},{\"@type\":\"ListItem\",\"position\":2,\"name\":\"Coali\u021bia regional\u0103\",\"item\":\"https:\/\/cidsr.md\/regional\/\"},{\"@type\":\"ListItem\",\"position\":3,\"name\":\"S\u0103n\u0103tatea reproductiv\u0103 \u00een Transnistria\"}]},{\"@type\":\"WebSite\",\"@id\":\"https:\/\/cidsr.md\/#website\",\"url\":\"https:\/\/cidsr.md\/\",\"name\":\"Centrul de Instruire \u00een Domeniul S\u0103n\u0103t\u0103\u0163ii Reproductive\",\"description\":\"Promov\u0103m s\u0103n\u0103tatea \u0219i drepturile sexuale \u0219i reproductive!\",\"potentialAction\":[{\"@type\":\"SearchAction\",\"target\":{\"@type\":\"EntryPoint\",\"urlTemplate\":\"https:\/\/cidsr.md\/?s={search_term_string}\"},\"query-input\":\"required name=search_term_string\"}],\"inLanguage\":\"en-US\"}]}<\/script>\n<!-- \/ Yoast SEO plugin. -->","yoast_head_json":{"title":"S\u0103n\u0103tatea reproductiv\u0103 \u00een Transnistria - Centrul de Instruire \u00een Domeniul S\u0103n\u0103t\u0103\u0163ii Reproductive","robots":{"index":"index","follow":"follow","max-snippet":"max-snippet:-1","max-image-preview":"max-image-preview:large","max-video-preview":"max-video-preview:-1"},"canonical":"https:\/\/cidsr.md\/regional\/sanatatea-reproductiva-transnistria\/","og_locale":"en_US","og_type":"article","og_title":"S\u0103n\u0103tatea reproductiv\u0103 \u00een Transnistria - Centrul de Instruire \u00een Domeniul S\u0103n\u0103t\u0103\u0163ii Reproductive","og_url":"https:\/\/cidsr.md\/regional\/sanatatea-reproductiva-transnistria\/","og_site_name":"Centrul de Instruire \u00een Domeniul S\u0103n\u0103t\u0103\u0163ii Reproductive","article_modified_time":"2023-11-09T07:20:08+00:00","twitter_card":"summary_large_image","schema":{"@context":"https:\/\/schema.org","@graph":[{"@type":"WebPage","@id":"https:\/\/cidsr.md\/regional\/sanatatea-reproductiva-transnistria\/","url":"https:\/\/cidsr.md\/regional\/sanatatea-reproductiva-transnistria\/","name":"S\u0103n\u0103tatea reproductiv\u0103 \u00een Transnistria - Centrul de Instruire \u00een Domeniul S\u0103n\u0103t\u0103\u0163ii Reproductive","isPartOf":{"@id":"https:\/\/cidsr.md\/#website"},"datePublished":"2023-10-20T11:26:25+00:00","dateModified":"2023-11-09T07:20:08+00:00","breadcrumb":{"@id":"https:\/\/cidsr.md\/regional\/sanatatea-reproductiva-transnistria\/#breadcrumb"},"inLanguage":"en-US","potentialAction":[{"@type":"ReadAction","target":["https:\/\/cidsr.md\/regional\/sanatatea-reproductiva-transnistria\/"]}]},{"@type":"BreadcrumbList","@id":"https:\/\/cidsr.md\/regional\/sanatatea-reproductiva-transnistria\/#breadcrumb","itemListElement":[{"@type":"ListItem","position":1,"name":"\u0413\u043b\u0430\u0432\u043d\u0430\u044f \u0441\u0442\u0440\u0430\u043d\u0438\u0446\u0430","item":"https:\/\/new.cidsr.md\/"},{"@type":"ListItem","position":2,"name":"Coali\u021bia regional\u0103","item":"https:\/\/cidsr.md\/regional\/"},{"@type":"ListItem","position":3,"name":"S\u0103n\u0103tatea reproductiv\u0103 \u00een Transnistria"}]},{"@type":"WebSite","@id":"https:\/\/cidsr.md\/#website","url":"https:\/\/cidsr.md\/","name":"Centrul de Instruire \u00een Domeniul S\u0103n\u0103t\u0103\u0163ii Reproductive","description":"Promov\u0103m s\u0103n\u0103tatea \u0219i drepturile sexuale \u0219i reproductive!","potentialAction":[{"@type":"SearchAction","target":{"@type":"EntryPoint","urlTemplate":"https:\/\/cidsr.md\/?s={search_term_string}"},"query-input":"required name=search_term_string"}],"inLanguage":"en-US"}]}},"_links":{"self":[{"href":"https:\/\/cidsr.md\/en\/wp-json\/wp\/v2\/pages\/981","targetHints":{"allow":["GET"]}}],"collection":[{"href":"https:\/\/cidsr.md\/en\/wp-json\/wp\/v2\/pages"}],"about":[{"href":"https:\/\/cidsr.md\/en\/wp-json\/wp\/v2\/types\/page"}],"author":[{"embeddable":true,"href":"https:\/\/cidsr.md\/en\/wp-json\/wp\/v2\/users\/2"}],"replies":[{"embeddable":true,"href":"https:\/\/cidsr.md\/en\/wp-json\/wp\/v2\/comments?post=981"}],"version-history":[{"count":2,"href":"https:\/\/cidsr.md\/en\/wp-json\/wp\/v2\/pages\/981\/revisions"}],"predecessor-version":[{"id":11181,"href":"https:\/\/cidsr.md\/en\/wp-json\/wp\/v2\/pages\/981\/revisions\/11181"}],"up":[{"embeddable":true,"href":"https:\/\/cidsr.md\/en\/wp-json\/wp\/v2\/pages\/886"}],"wp:attachment":[{"href":"https:\/\/cidsr.md\/en\/wp-json\/wp\/v2\/media?parent=981"}],"curies":[{"name":"wp","href":"https:\/\/api.w.org\/{rel}","templated":true}]}}