{"id":971,"date":"2023-10-20T14:12:22","date_gmt":"2023-10-20T11:12:22","guid":{"rendered":"https:\/\/cidsr.md\/?page_id=971"},"modified":"2023-11-29T16:26:42","modified_gmt":"2023-11-29T13:26:42","slug":"donors","status":"publish","type":"page","link":"https:\/\/cidsr.md\/en\/o-nas\/donors\/","title":{"rendered":"Donors","raw":"Donors"},"content":{"rendered":"<p><strong>Donors<\/strong>: our projects have been supported by the WHO, UNFPA, Safe Abortion Action Fund, Embassy of Finland in Bucharest, Gynuity Health Projects, UICC, IPAS, ASTRA, Soros Foundation Moldova, OSI New York Network Public Health Program, PATH Health.<\/p>\n<p>&nbsp;<\/p>\n","protected":false,"raw":"<strong>Donors<\/strong>: our projects have been supported by the WHO, UNFPA, Safe Abortion Action Fund, Embassy of Finland in Bucharest, Gynuity Health Projects, UICC, IPAS, ASTRA, Soros Foundation Moldova, OSI New York Network Public Health Program, PATH Health.\r\n\r\n&nbsp;"},"excerpt":{"rendered":"","protected":false,"raw":""},"author":2,"featured_media":0,"parent":880,"menu_order":0,"comment_status":"closed","ping_status":"closed","template":"page-text.php","meta":{"_acf_changed":false,"_ru_post_content":"\u0414\u043e\u043d\u043e\u0440\u044b: \u043d\u0430\u0448\u0438 \u043f\u0440\u043e\u0435\u043a\u0442\u044b \u0431\u044b\u043b\u0438 \u043f\u043e\u0434\u0434\u0435\u0440\u0436\u0430\u043d\u044b \u0412\u041e\u0417, \u042e\u041d\u0424\u041f\u0410, Safe Abortion Action Fund (SAAF), \u041f\u043e\u0441\u043e\u043b\u044c\u0441\u0442\u0432\u043e\u043c \u0424\u0438\u043d\u043b\u044f\u043d\u0434\u0438\u0438 \u0432 \u0411\u0443\u0445\u0430\u0440\u0435\u0441\u0442\u0435, Gynuity, UICC, IPAS, ASTRA, \u0424\u043e\u043d\u0434\u043e\u043c \u0421\u043e\u0440\u043e\u0441 \u00a0\u041c\u043e\u043b\u0434\u043e\u0432\u0430, OSI New York Network Public Health Program, PATH Health.\r\n\r\n\u041e\u0426\u0420\u0417 \u044f\u0432\u043b\u044f\u0435\u0442\u0441\u044f \u0447\u043b\u0435\u043d\u043e\u043c \u0441\u043b\u0435\u0434\u0443\u044e\u0449\u0438\u0445 \u043e\u0440\u0433\u0430\u043d\u0438\u0437\u0430\u0446\u0438\u0438, \u0430\u043a\u0442\u0438\u0432\u0438\u0440\u0443\u044e\u0449\u0438\u0445 \u0432 \u043e\u0431\u043b\u0430\u0441\u0442\u0438 \u0441\u0435\u043a\u0441\u0443\u0430\u043b\u044c\u043d\u043e\u0433\u043e \u0438 \u0440\u0435\u043f\u0440\u043e\u0434\u0443\u043a\u0442\u0438\u0432\u043d\u043e\u0433\u043e \u0437\u0434\u043e\u0440\u043e\u0432\u044c\u044f \u0438 \u043f\u0440\u0430\u0432 ESC, <a href=\"http:\/\/fiapac.org\/en\/p\/home\/\">FIAPAC<\/a>,\u00a0 <a href=\"http:\/\/www.astra.org.pl\/\">ASTRA<\/a>, <a href=\"http:\/\/www.uicc.org\/\">UICC<\/a> \u00a0\u0438\u00a0 <a href=\"http:\/\/www.safeabortionwomensright.org\/\">International Campaign for Women\u2019s Right to Safe Abortion<\/a> , Association for Women's Rights in Development (AWID) etc","_ru_post_name":"%d0%b4%d0%be%d0%bd%d0%be%d1%80%d1%8b","_ru_post_excerpt":"","_ru_post_title":"\u0414\u043e\u043d\u043e\u0440\u044b","_en_post_content":"<strong>Donors<\/strong>: our projects have been supported by the WHO, UNFPA, Safe Abortion Action Fund, Embassy of Finland in Bucharest, Gynuity Health Projects, UICC, IPAS, ASTRA, Soros Foundation Moldova, OSI New York Network Public Health Program, PATH Health.\r\n\r\n&nbsp;","_en_post_name":"donors","_en_post_excerpt":"","_en_post_title":"Donors","_ro_post_content":"Donatori: Proiectele noastre au fost sus\u021binute de c\u0103tre OMS, UNFPA, SAAF, Ambasada Finlandei la Bucure\u0219ti, Gynuity Health Projects, UICC, IPAS, ASTRA, Funda\u021bia Soros Moldova, Programul de s\u0103n\u0103tate public\u0103 OSI New York, PATH Health.","_ro_post_name":"donors","_ro_post_excerpt":"","_ro_post_title":"Donatorii","edit_language":"en","footnotes":""},"class_list":["post-971","page","type-page","status-publish","hentry"],"acf":[],"yoast_head":"<!-- This site is optimized with the Yoast SEO plugin v22.0 - https:\/\/yoast.com\/wordpress\/plugins\/seo\/ -->\n<title>Donatorii - Centrul de Instruire \u00een Domeniul S\u0103n\u0103t\u0103\u0163ii Reproductive<\/title>\n<meta name=\"robots\" content=\"index, follow, max-snippet:-1, max-image-preview:large, max-video-preview:-1\" \/>\n<link rel=\"canonical\" href=\"https:\/\/cidsr.md\/o-nas\/donors\/\" \/>\n<meta property=\"og:locale\" content=\"en_US\" \/>\n<meta property=\"og:type\" content=\"article\" \/>\n<meta property=\"og:title\" content=\"Donatorii - Centrul de Instruire \u00een Domeniul S\u0103n\u0103t\u0103\u0163ii Reproductive\" \/>\n<meta property=\"og:description\" content=\"Donors: our projects have been supported by the WHO, UNFPA, Safe Abortion Action Fund, Embassy of Finland in Bucharest, Gynuity Health Projects, UICC, IPAS, ASTRA, Soros Foundation Moldova, OSI New York Network Public Health Program, PATH Health. &nbsp;\" \/>\n<meta property=\"og:url\" content=\"https:\/\/cidsr.md\/o-nas\/donors\/\" \/>\n<meta property=\"og:site_name\" content=\"Centrul de Instruire \u00een Domeniul S\u0103n\u0103t\u0103\u0163ii Reproductive\" \/>\n<meta property=\"article:modified_time\" content=\"2023-11-29T13:26:42+00:00\" \/>\n<meta name=\"twitter:card\" content=\"summary_large_image\" \/>\n<meta name=\"twitter:label1\" content=\"Est. reading time\" \/>\n\t<meta name=\"twitter:data1\" content=\"1 minute\" \/>\n<script type=\"application\/ld+json\" class=\"yoast-schema-graph\">{\"@context\":\"https:\/\/schema.org\",\"@graph\":[{\"@type\":\"WebPage\",\"@id\":\"https:\/\/cidsr.md\/o-nas\/donors\/\",\"url\":\"https:\/\/cidsr.md\/o-nas\/donors\/\",\"name\":\"Donatorii - Centrul de Instruire \u00een Domeniul S\u0103n\u0103t\u0103\u0163ii Reproductive\",\"isPartOf\":{\"@id\":\"https:\/\/cidsr.md\/#website\"},\"datePublished\":\"2023-10-20T11:12:22+00:00\",\"dateModified\":\"2023-11-29T13:26:42+00:00\",\"breadcrumb\":{\"@id\":\"https:\/\/cidsr.md\/o-nas\/donors\/#breadcrumb\"},\"inLanguage\":\"en-US\",\"potentialAction\":[{\"@type\":\"ReadAction\",\"target\":[\"https:\/\/cidsr.md\/o-nas\/donors\/\"]}]},{\"@type\":\"BreadcrumbList\",\"@id\":\"https:\/\/cidsr.md\/o-nas\/donors\/#breadcrumb\",\"itemListElement\":[{\"@type\":\"ListItem\",\"position\":1,\"name\":\"\u0413\u043b\u0430\u0432\u043d\u0430\u044f \u0441\u0442\u0440\u0430\u043d\u0438\u0446\u0430\",\"item\":\"https:\/\/new.cidsr.md\/\"},{\"@type\":\"ListItem\",\"position\":2,\"name\":\"Despre noi\",\"item\":\"https:\/\/cidsr.md\/o-nas\/\"},{\"@type\":\"ListItem\",\"position\":3,\"name\":\"\u0414\u043e\u043d\u043e\u0440\u044b\"}]},{\"@type\":\"WebSite\",\"@id\":\"https:\/\/cidsr.md\/#website\",\"url\":\"https:\/\/cidsr.md\/\",\"name\":\"Centrul de Instruire \u00een Domeniul S\u0103n\u0103t\u0103\u0163ii Reproductive\",\"description\":\"Promov\u0103m s\u0103n\u0103tatea \u0219i drepturile sexuale \u0219i reproductive!\",\"potentialAction\":[{\"@type\":\"SearchAction\",\"target\":{\"@type\":\"EntryPoint\",\"urlTemplate\":\"https:\/\/cidsr.md\/?s={search_term_string}\"},\"query-input\":\"required name=search_term_string\"}],\"inLanguage\":\"en-US\"}]}<\/script>\n<!-- \/ Yoast SEO plugin. -->","yoast_head_json":{"title":"Donatorii - Centrul de Instruire \u00een Domeniul S\u0103n\u0103t\u0103\u0163ii Reproductive","robots":{"index":"index","follow":"follow","max-snippet":"max-snippet:-1","max-image-preview":"max-image-preview:large","max-video-preview":"max-video-preview:-1"},"canonical":"https:\/\/cidsr.md\/o-nas\/donors\/","og_locale":"en_US","og_type":"article","og_title":"Donatorii - Centrul de Instruire \u00een Domeniul S\u0103n\u0103t\u0103\u0163ii Reproductive","og_description":"Donors: our projects have been supported by the WHO, UNFPA, Safe Abortion Action Fund, Embassy of Finland in Bucharest, Gynuity Health Projects, UICC, IPAS, ASTRA, Soros Foundation Moldova, OSI New York Network Public Health Program, PATH Health. &nbsp;","og_url":"https:\/\/cidsr.md\/o-nas\/donors\/","og_site_name":"Centrul de Instruire \u00een Domeniul S\u0103n\u0103t\u0103\u0163ii Reproductive","article_modified_time":"2023-11-29T13:26:42+00:00","twitter_card":"summary_large_image","twitter_misc":{"Est. reading time":"1 minute"},"schema":{"@context":"https:\/\/schema.org","@graph":[{"@type":"WebPage","@id":"https:\/\/cidsr.md\/o-nas\/donors\/","url":"https:\/\/cidsr.md\/o-nas\/donors\/","name":"Donatorii - Centrul de Instruire \u00een Domeniul S\u0103n\u0103t\u0103\u0163ii Reproductive","isPartOf":{"@id":"https:\/\/cidsr.md\/#website"},"datePublished":"2023-10-20T11:12:22+00:00","dateModified":"2023-11-29T13:26:42+00:00","breadcrumb":{"@id":"https:\/\/cidsr.md\/o-nas\/donors\/#breadcrumb"},"inLanguage":"en-US","potentialAction":[{"@type":"ReadAction","target":["https:\/\/cidsr.md\/o-nas\/donors\/"]}]},{"@type":"BreadcrumbList","@id":"https:\/\/cidsr.md\/o-nas\/donors\/#breadcrumb","itemListElement":[{"@type":"ListItem","position":1,"name":"\u0413\u043b\u0430\u0432\u043d\u0430\u044f \u0441\u0442\u0440\u0430\u043d\u0438\u0446\u0430","item":"https:\/\/new.cidsr.md\/"},{"@type":"ListItem","position":2,"name":"Despre noi","item":"https:\/\/cidsr.md\/o-nas\/"},{"@type":"ListItem","position":3,"name":"\u0414\u043e\u043d\u043e\u0440\u044b"}]},{"@type":"WebSite","@id":"https:\/\/cidsr.md\/#website","url":"https:\/\/cidsr.md\/","name":"Centrul de Instruire \u00een Domeniul S\u0103n\u0103t\u0103\u0163ii Reproductive","description":"Promov\u0103m s\u0103n\u0103tatea \u0219i drepturile sexuale \u0219i reproductive!","potentialAction":[{"@type":"SearchAction","target":{"@type":"EntryPoint","urlTemplate":"https:\/\/cidsr.md\/?s={search_term_string}"},"query-input":"required name=search_term_string"}],"inLanguage":"en-US"}]}},"_links":{"self":[{"href":"https:\/\/cidsr.md\/en\/wp-json\/wp\/v2\/pages\/971","targetHints":{"allow":["GET"]}}],"collection":[{"href":"https:\/\/cidsr.md\/en\/wp-json\/wp\/v2\/pages"}],"about":[{"href":"https:\/\/cidsr.md\/en\/wp-json\/wp\/v2\/types\/page"}],"author":[{"embeddable":true,"href":"https:\/\/cidsr.md\/en\/wp-json\/wp\/v2\/users\/2"}],"replies":[{"embeddable":true,"href":"https:\/\/cidsr.md\/en\/wp-json\/wp\/v2\/comments?post=971"}],"version-history":[{"count":6,"href":"https:\/\/cidsr.md\/en\/wp-json\/wp\/v2\/pages\/971\/revisions"}],"predecessor-version":[{"id":11375,"href":"https:\/\/cidsr.md\/en\/wp-json\/wp\/v2\/pages\/971\/revisions\/11375"}],"up":[{"embeddable":true,"href":"https:\/\/cidsr.md\/en\/wp-json\/wp\/v2\/pages\/880"}],"wp:attachment":[{"href":"https:\/\/cidsr.md\/en\/wp-json\/wp\/v2\/media?parent=971"}],"curies":[{"name":"wp","href":"https:\/\/api.w.org\/{rel}","templated":true}]}}