{"id":732,"date":"2023-09-26T10:05:31","date_gmt":"2023-09-26T07:05:31","guid":{"rendered":"https:\/\/cidsr.md\/?page_id=732"},"modified":"2025-07-27T21:33:12","modified_gmt":"2025-07-27T18:33:12","slug":"contact","status":"publish","type":"page","link":"https:\/\/cidsr.md\/en\/contact\/","title":{"rendered":"Contacts","raw":"Contacts"},"content":{"rendered":"<h4>Reproductive Health Training Center<\/h4>\n<p>Address: bd. Mircea cel Batrin 13\/2, office 2. Chisinau, Moldova<\/p>\n<p><img decoding=\"async\" class=\"emoji\" role=\"img\" draggable=\"false\" src=\"https:\/\/s.w.org\/images\/core\/emoji\/14.0.0\/svg\/260e.svg\" alt=\"\u260e\" \/>\u00a0<a href=\"tel:\/\/+37322355072\">+ 373 22 355072<\/a><br \/>\n\u2706\u00a0<a href=\"tel:\/\/+37360903782\">+ 373 60903782<\/a><\/p>\n<p>E-mail:\u00a0<a href=\"mailto:cidsr2012@gmail.com\">cidsr2012@gmail.com<\/a><br \/>\nWeb:\u00a0\u00a0<a href=\"https:\/\/cidsr.md\/\" target=\"_blank\" rel=\"noopener\">www.cidsr.md<\/a>\u00a0 \u00a0<a href=\"http:\/\/www.avort.md\/\">www.avort.md<\/a>\u00a0 \u00a0<a href=\"https:\/\/taraginecologie.md\/\">www.taraginecologie.md<\/a><\/p>\n<div class=\"su-gmap su-u-responsive-media-yes\"><iframe loading=\"lazy\" width=\"600\" height=\"400\" src=\"\/\/maps.google.com\/maps?q=bd.%20Mircea%20cel%20B%C4%83tr%C3%A2n%2013%2F2&amp;output=embed\" title=\"\"><\/iframe><\/div>\n<p>&nbsp;<\/p>\n","protected":false,"raw":"<h4>Reproductive Health Training Center<\/h4>\r\nAddress: bd. Mircea cel Batrin 13\/2, office 2. Chisinau, Moldova\r\n\r\n<img class=\"emoji\" role=\"img\" draggable=\"false\" src=\"https:\/\/s.w.org\/images\/core\/emoji\/14.0.0\/svg\/260e.svg\" alt=\"\u260e\" \/>\u00a0<a href=\"tel:\/\/+37322355072\">+ 373 22 355072<\/a>\r\n\u2706\u00a0<a href=\"tel:\/\/+37360903782\">+ 373 60903782<\/a>\r\n\r\nE-mail:\u00a0<a href=\"mailto:cidsr2012@gmail.com\">cidsr2012@gmail.com<\/a>\r\nWeb:\u00a0\u00a0<a href=\"https:\/\/cidsr.md\/\" target=\"_blank\" rel=\"noopener\">www.cidsr.md<\/a>\u00a0 \u00a0<a href=\"http:\/\/www.avort.md\/\">www.avort.md<\/a>\u00a0 \u00a0<a href=\"https:\/\/taraginecologie.md\/\">www.taraginecologie.md<\/a>\r\n\r\n[su_gmap address=\"bd. Mircea cel B\u0103tr\u00e2n 13\/2\"]\r\n\r\n&nbsp;"},"excerpt":{"rendered":"","protected":false,"raw":""},"author":2,"featured_media":0,"parent":0,"menu_order":1,"comment_status":"closed","ping_status":"closed","template":"page-contacts.php","meta":{"_acf_changed":false,"_ru_post_content":"<table cellpadding=\"2%\">\r\n<thead>\r\n<tr>\r\n<td colspan=\"2\">\r\n<h4>\u041e\u0431\u0443\u0447\u0430\u044e\u0449\u0438\u0439 \u0426\u0435\u043d\u0442\u0440 \u043f\u043e \u0420\u0435\u043f\u0440\u043e\u0434\u0443\u043a\u0442\u0438\u0432\u043d\u043e\u043c\u0443 \u0417\u0434\u043e\u0440\u043e\u0432\u044c\u044e<\/h4>\r\n<\/td>\r\n<\/tr>\r\n<tr>\r\n<td colspan=\"2\">\u0410\u0434\u0440\u0435\u0441:\u00a0 \u043f\u0440\u043e\u0441\u043f. \u041c\u0438\u0440\u0447\u0430 \u0447\u0435\u043b \u0411\u044d\u0442\u0440\u044b\u043d 13\/2, \u043e\u0444\u0438\u0441 2.\u00a0\u041a\u0438\u0448\u0438\u043d\u0451\u0432, \u041c\u043e\u043b\u0434\u043e\u0432\u0430<\/td>\r\n<\/tr>\r\n<tr>\r\n<td colspan=\"2\"><img class=\"emoji\" role=\"img\" draggable=\"false\" src=\"https:\/\/s.w.org\/images\/core\/emoji\/14.0.0\/svg\/260e.svg\" alt=\"\u260e\" \/>\u00a0<a href=\"tel:\/\/+37322355072\">+ 373 22 355072<\/a>\r\n\u2706\u00a0<a href=\"tel:\/\/+37360903782\">+ 373 60903782<\/a><\/td>\r\n<\/tr>\r\n<tr>\r\n<td colspan=\"2\">E-mail:\u00a0<a href=\"mailto:cidsr2012@gmail.com\">cidsr2012@gmail.com<\/a>\r\nWeb:\u00a0\u00a0<a href=\"https:\/\/www.cidsr.md\/\" target=\"_blank\" rel=\"noopener\">www.cidsr.md<\/a>\u00a0 \u00a0<a href=\"http:\/\/www.avort.md\/\">www.avort.md<\/a>\u00a0 <a href=\"https:\/\/taraginecologie.md\/\">www.taraginecologie.md<\/a><\/td>\r\n<\/tr>\r\n<\/thead>\r\n<\/table>\r\n[su_gmap address=\"bd. Mircea cel B\u0103tr\u00e2n 13\/2\"]","_ru_post_name":"contact","_ru_post_excerpt":"","_ru_post_title":"\u041a\u043e\u043d\u0442\u0430\u043a\u0442\u044b","_en_post_content":"<h4>Reproductive Health Training Center<\/h4>\r\nAddress: bd. Mircea cel Batrin 13\/2, office 2. Chisinau, Moldova\r\n\r\n<img class=\"emoji\" role=\"img\" draggable=\"false\" src=\"https:\/\/s.w.org\/images\/core\/emoji\/14.0.0\/svg\/260e.svg\" alt=\"\u260e\" \/>\u00a0<a href=\"tel:\/\/+37322355072\">+ 373 22 355072<\/a>\r\n\u2706\u00a0<a href=\"tel:\/\/+37360903782\">+ 373 60903782<\/a>\r\n\r\nE-mail:\u00a0<a href=\"mailto:cidsr2012@gmail.com\">cidsr2012@gmail.com<\/a>\r\nWeb:\u00a0\u00a0<a href=\"https:\/\/cidsr.md\/\" target=\"_blank\" rel=\"noopener\">www.cidsr.md<\/a>\u00a0 \u00a0<a href=\"http:\/\/www.avort.md\/\">www.avort.md<\/a>\u00a0 \u00a0<a href=\"https:\/\/taraginecologie.md\/\">www.taraginecologie.md<\/a>\r\n\r\n[su_gmap address=\"bd. Mircea cel B\u0103tr\u00e2n 13\/2\"]\r\n\r\n&nbsp;","_en_post_name":"contact","_en_post_excerpt":"","_en_post_title":"Contacts","_ro_post_content":"<table>\r\n<tbody>\r\n<tr>\r\n<td>\r\n<h4>Centrul de Instruire in Domeniul Sanatatii Reproductive<\/h4>\r\n<\/td>\r\n<\/tr>\r\n<tr>\r\n<td>Adresa: bd. Mircea cel B\u0103tr\u00e2n 13\/2, oficiul 2. Chisin\u0103u, Moldova<\/td>\r\n<\/tr>\r\n<tr>\r\n<td><img class=\"emoji\" role=\"img\" draggable=\"false\" src=\"https:\/\/s.w.org\/images\/core\/emoji\/14.0.0\/svg\/260e.svg\" alt=\"\u260e\" \/>\u00a0<a href=\"tel:\/\/+37322355072\">+ 373 22 355072<\/a>\r\n\u2706\u00a0<a href=\"tel:\/\/+37360903782\">+ 373 60903782<\/a><\/td>\r\n<\/tr>\r\n<tr>\r\n<td>E-mail:\u00a0<a href=\"mailto:cidsr2012@gmail.com\">cidsr2012@gmail.com<\/a>\r\nWeb:\u00a0 \u00a0\u00a0<a href=\"https:\/\/www.cidsr.md\/\" target=\"_blank\" rel=\"noopener\">www.cidsr.md<\/a>\u00a0\u00a0\u00a0<a href=\"http:\/\/www.avort.md\/\">www.avort.md<\/a>\u00a0 \u00a0<a href=\"https:\/\/taraginecologie.md\/\">www.taraginecologie.md<\/a><\/td>\r\n<\/tr>\r\n<\/tbody>\r\n<\/table>\r\n[su_gmap address=\"bd. Mircea cel B\u0103tr\u00e2n 13\/2\"]","_ro_post_name":"contact","_ro_post_excerpt":"","_ro_post_title":"Contacte","edit_language":"en","footnotes":""},"class_list":["post-732","page","type-page","status-publish","hentry"],"acf":[],"yoast_head":"<!-- This site is optimized with the Yoast SEO plugin v22.0 - https:\/\/yoast.com\/wordpress\/plugins\/seo\/ -->\n<title>Contacte - Centrul de Instruire \u00een Domeniul S\u0103n\u0103t\u0103\u0163ii Reproductive<\/title>\n<meta name=\"robots\" content=\"index, follow, max-snippet:-1, max-image-preview:large, max-video-preview:-1\" \/>\n<link rel=\"canonical\" href=\"https:\/\/cidsr.md\/contact\/\" \/>\n<meta property=\"og:locale\" content=\"en_US\" \/>\n<meta property=\"og:type\" content=\"article\" \/>\n<meta property=\"og:title\" content=\"Contacte - Centrul de Instruire \u00een Domeniul S\u0103n\u0103t\u0103\u0163ii Reproductive\" \/>\n<meta property=\"og:description\" content=\"Centrul de Instruire in Domeniul Sanatatii Reproductive Adresa: bd. Mircea cel B\u0103tr\u00e2n 13\/2, oficiul 2. Chisin\u0103u, Moldova \u00a0+ 373 22 355072 \u2706\u00a0+ 373 60903782 E-mail:\u00a0cidsr2012@gmail.com Web:\u00a0 \u00a0\u00a0www.cidsr.md\u00a0\u00a0\u00a0www.avort.md\u00a0 \u00a0www.taraginecologie.md\" \/>\n<meta property=\"og:url\" content=\"https:\/\/cidsr.md\/contact\/\" \/>\n<meta property=\"og:site_name\" content=\"Centrul de Instruire \u00een Domeniul S\u0103n\u0103t\u0103\u0163ii Reproductive\" \/>\n<meta property=\"article:modified_time\" content=\"2025-07-27T18:33:12+00:00\" \/>\n<meta property=\"og:image\" content=\"https:\/\/s.w.org\/images\/core\/emoji\/14.0.0\/svg\/260e.svg\" \/>\n<meta name=\"twitter:card\" content=\"summary_large_image\" \/>\n<meta name=\"twitter:label1\" content=\"Est. reading time\" \/>\n\t<meta name=\"twitter:data1\" content=\"1 minute\" \/>\n<script type=\"application\/ld+json\" class=\"yoast-schema-graph\">{\"@context\":\"https:\/\/schema.org\",\"@graph\":[{\"@type\":\"WebPage\",\"@id\":\"https:\/\/cidsr.md\/contact\/\",\"url\":\"https:\/\/cidsr.md\/contact\/\",\"name\":\"Contacte - Centrul de Instruire \u00een Domeniul S\u0103n\u0103t\u0103\u0163ii Reproductive\",\"isPartOf\":{\"@id\":\"https:\/\/cidsr.md\/#website\"},\"datePublished\":\"2023-09-26T07:05:31+00:00\",\"dateModified\":\"2025-07-27T18:33:12+00:00\",\"breadcrumb\":{\"@id\":\"https:\/\/cidsr.md\/contact\/#breadcrumb\"},\"inLanguage\":\"en-US\",\"potentialAction\":[{\"@type\":\"ReadAction\",\"target\":[\"https:\/\/cidsr.md\/contact\/\"]}]},{\"@type\":\"BreadcrumbList\",\"@id\":\"https:\/\/cidsr.md\/contact\/#breadcrumb\",\"itemListElement\":[{\"@type\":\"ListItem\",\"position\":1,\"name\":\"\u0413\u043b\u0430\u0432\u043d\u0430\u044f \u0441\u0442\u0440\u0430\u043d\u0438\u0446\u0430\",\"item\":\"https:\/\/new.cidsr.md\/\"},{\"@type\":\"ListItem\",\"position\":2,\"name\":\"Contacte\"}]},{\"@type\":\"WebSite\",\"@id\":\"https:\/\/cidsr.md\/#website\",\"url\":\"https:\/\/cidsr.md\/\",\"name\":\"Centrul de Instruire \u00een Domeniul S\u0103n\u0103t\u0103\u0163ii Reproductive\",\"description\":\"Promov\u0103m s\u0103n\u0103tatea \u0219i drepturile sexuale \u0219i reproductive!\",\"potentialAction\":[{\"@type\":\"SearchAction\",\"target\":{\"@type\":\"EntryPoint\",\"urlTemplate\":\"https:\/\/cidsr.md\/?s={search_term_string}\"},\"query-input\":\"required name=search_term_string\"}],\"inLanguage\":\"en-US\"}]}<\/script>\n<!-- \/ Yoast SEO plugin. -->","yoast_head_json":{"title":"Contacte - Centrul de Instruire \u00een Domeniul S\u0103n\u0103t\u0103\u0163ii Reproductive","robots":{"index":"index","follow":"follow","max-snippet":"max-snippet:-1","max-image-preview":"max-image-preview:large","max-video-preview":"max-video-preview:-1"},"canonical":"https:\/\/cidsr.md\/contact\/","og_locale":"en_US","og_type":"article","og_title":"Contacte - Centrul de Instruire \u00een Domeniul S\u0103n\u0103t\u0103\u0163ii Reproductive","og_description":"Centrul de Instruire in Domeniul Sanatatii Reproductive Adresa: bd. Mircea cel B\u0103tr\u00e2n 13\/2, oficiul 2. Chisin\u0103u, Moldova \u00a0+ 373 22 355072 \u2706\u00a0+ 373 60903782 E-mail:\u00a0cidsr2012@gmail.com Web:\u00a0 \u00a0\u00a0www.cidsr.md\u00a0\u00a0\u00a0www.avort.md\u00a0 \u00a0www.taraginecologie.md","og_url":"https:\/\/cidsr.md\/contact\/","og_site_name":"Centrul de Instruire \u00een Domeniul S\u0103n\u0103t\u0103\u0163ii Reproductive","article_modified_time":"2025-07-27T18:33:12+00:00","og_image":[{"url":"https:\/\/s.w.org\/images\/core\/emoji\/14.0.0\/svg\/260e.svg"}],"twitter_card":"summary_large_image","twitter_misc":{"Est. reading time":"1 minute"},"schema":{"@context":"https:\/\/schema.org","@graph":[{"@type":"WebPage","@id":"https:\/\/cidsr.md\/contact\/","url":"https:\/\/cidsr.md\/contact\/","name":"Contacte - Centrul de Instruire \u00een Domeniul S\u0103n\u0103t\u0103\u0163ii Reproductive","isPartOf":{"@id":"https:\/\/cidsr.md\/#website"},"datePublished":"2023-09-26T07:05:31+00:00","dateModified":"2025-07-27T18:33:12+00:00","breadcrumb":{"@id":"https:\/\/cidsr.md\/contact\/#breadcrumb"},"inLanguage":"en-US","potentialAction":[{"@type":"ReadAction","target":["https:\/\/cidsr.md\/contact\/"]}]},{"@type":"BreadcrumbList","@id":"https:\/\/cidsr.md\/contact\/#breadcrumb","itemListElement":[{"@type":"ListItem","position":1,"name":"\u0413\u043b\u0430\u0432\u043d\u0430\u044f \u0441\u0442\u0440\u0430\u043d\u0438\u0446\u0430","item":"https:\/\/new.cidsr.md\/"},{"@type":"ListItem","position":2,"name":"Contacte"}]},{"@type":"WebSite","@id":"https:\/\/cidsr.md\/#website","url":"https:\/\/cidsr.md\/","name":"Centrul de Instruire \u00een Domeniul S\u0103n\u0103t\u0103\u0163ii Reproductive","description":"Promov\u0103m s\u0103n\u0103tatea \u0219i drepturile sexuale \u0219i reproductive!","potentialAction":[{"@type":"SearchAction","target":{"@type":"EntryPoint","urlTemplate":"https:\/\/cidsr.md\/?s={search_term_string}"},"query-input":"required name=search_term_string"}],"inLanguage":"en-US"}]}},"_links":{"self":[{"href":"https:\/\/cidsr.md\/en\/wp-json\/wp\/v2\/pages\/732","targetHints":{"allow":["GET"]}}],"collection":[{"href":"https:\/\/cidsr.md\/en\/wp-json\/wp\/v2\/pages"}],"about":[{"href":"https:\/\/cidsr.md\/en\/wp-json\/wp\/v2\/types\/page"}],"author":[{"embeddable":true,"href":"https:\/\/cidsr.md\/en\/wp-json\/wp\/v2\/users\/2"}],"replies":[{"embeddable":true,"href":"https:\/\/cidsr.md\/en\/wp-json\/wp\/v2\/comments?post=732"}],"version-history":[{"count":43,"href":"https:\/\/cidsr.md\/en\/wp-json\/wp\/v2\/pages\/732\/revisions"}],"predecessor-version":[{"id":12306,"href":"https:\/\/cidsr.md\/en\/wp-json\/wp\/v2\/pages\/732\/revisions\/12306"}],"wp:attachment":[{"href":"https:\/\/cidsr.md\/en\/wp-json\/wp\/v2\/media?parent=732"}],"curies":[{"name":"wp","href":"https:\/\/api.w.org\/{rel}","templated":true}]}}