{"id":12378,"date":"2025-09-05T20:30:52","date_gmt":"2025-09-05T17:30:52","guid":{"rendered":"https:\/\/cidsr.md\/?page_id=12378"},"modified":"2025-09-05T20:30:52","modified_gmt":"2025-09-05T17:30:52","slug":"","status":"publish","type":"page","link":"https:\/\/cidsr.md\/en\/portofolio\/proiecte\/proiect-nou\/","title":{"rendered":"","raw":""},"content":{"rendered":"","protected":false,"raw":""},"excerpt":{"rendered":"","protected":false,"raw":""},"author":7,"featured_media":0,"parent":973,"menu_order":0,"comment_status":"closed","ping_status":"closed","template":"page-text.php","meta":{"_acf_changed":false,"_ru_post_content":"","_ru_post_name":"","_ru_post_excerpt":"","_ru_post_title":"","_en_post_content":"","_en_post_name":"","_en_post_excerpt":"","_en_post_title":"","_ro_post_content":"descrierea","_ro_post_name":"proiect-nou","_ro_post_excerpt":"","_ro_post_title":"Proiect nou","edit_language":"en","footnotes":""},"class_list":["post-12378","page","type-page","status-publish","hentry"],"acf":[],"yoast_head":"<!-- This site is optimized with the Yoast SEO plugin v22.0 - https:\/\/yoast.com\/wordpress\/plugins\/seo\/ -->\n<title>Proiect nou - Centrul de Instruire \u00een Domeniul S\u0103n\u0103t\u0103\u0163ii Reproductive<\/title>\n<meta name=\"robots\" content=\"index, follow, max-snippet:-1, max-image-preview:large, max-video-preview:-1\" \/>\n<link rel=\"canonical\" href=\"https:\/\/cidsr.md\/portofolio\/proiecte\/proiect-nou\/\" \/>\n<meta property=\"og:locale\" content=\"en_US\" \/>\n<meta property=\"og:type\" content=\"article\" \/>\n<meta property=\"og:title\" content=\"Proiect nou - Centrul de Instruire \u00een Domeniul S\u0103n\u0103t\u0103\u0163ii Reproductive\" \/>\n<meta property=\"og:description\" content=\"descrierea\" \/>\n<meta property=\"og:url\" content=\"https:\/\/cidsr.md\/portofolio\/proiecte\/proiect-nou\/\" \/>\n<meta property=\"og:site_name\" content=\"Centrul de Instruire \u00een Domeniul S\u0103n\u0103t\u0103\u0163ii Reproductive\" \/>\n<meta name=\"twitter:card\" content=\"summary_large_image\" \/>\n<meta name=\"twitter:label1\" content=\"Est. reading time\" \/>\n\t<meta name=\"twitter:data1\" content=\"1 minute\" \/>\n<script type=\"application\/ld+json\" class=\"yoast-schema-graph\">{\"@context\":\"https:\/\/schema.org\",\"@graph\":[{\"@type\":\"WebPage\",\"@id\":\"https:\/\/cidsr.md\/portofolio\/proiecte\/proiect-nou\/\",\"url\":\"https:\/\/cidsr.md\/portofolio\/proiecte\/proiect-nou\/\",\"name\":\"Proiect nou - Centrul de Instruire \u00een Domeniul S\u0103n\u0103t\u0103\u0163ii Reproductive\",\"isPartOf\":{\"@id\":\"https:\/\/cidsr.md\/#website\"},\"datePublished\":\"2025-09-05T17:30:52+00:00\",\"dateModified\":\"2025-09-05T17:30:52+00:00\",\"breadcrumb\":{\"@id\":\"https:\/\/cidsr.md\/portofolio\/proiecte\/proiect-nou\/#breadcrumb\"},\"inLanguage\":\"en-US\",\"potentialAction\":[{\"@type\":\"ReadAction\",\"target\":[\"https:\/\/cidsr.md\/portofolio\/proiecte\/proiect-nou\/\"]}]},{\"@type\":\"BreadcrumbList\",\"@id\":\"https:\/\/cidsr.md\/portofolio\/proiecte\/proiect-nou\/#breadcrumb\",\"itemListElement\":[{\"@type\":\"ListItem\",\"position\":1,\"name\":\"\u0413\u043b\u0430\u0432\u043d\u0430\u044f \u0441\u0442\u0440\u0430\u043d\u0438\u0446\u0430\",\"item\":\"https:\/\/new.cidsr.md\/\"},{\"@type\":\"ListItem\",\"position\":2,\"name\":\"Portofoliu\",\"item\":\"https:\/\/cidsr.md\/portofolio\/\"},{\"@type\":\"ListItem\",\"position\":3,\"name\":\"Proiecte\",\"item\":\"https:\/\/cidsr.md\/portofolio\/proiecte\/\"},{\"@type\":\"ListItem\",\"position\":4,\"name\":\"Proiect nou\"}]},{\"@type\":\"WebSite\",\"@id\":\"https:\/\/cidsr.md\/#website\",\"url\":\"https:\/\/cidsr.md\/\",\"name\":\"Centrul de Instruire \u00een Domeniul S\u0103n\u0103t\u0103\u0163ii Reproductive\",\"description\":\"Promov\u0103m s\u0103n\u0103tatea \u0219i drepturile sexuale \u0219i reproductive!\",\"potentialAction\":[{\"@type\":\"SearchAction\",\"target\":{\"@type\":\"EntryPoint\",\"urlTemplate\":\"https:\/\/cidsr.md\/?s={search_term_string}\"},\"query-input\":\"required name=search_term_string\"}],\"inLanguage\":\"en-US\"}]}<\/script>\n<!-- \/ Yoast SEO plugin. -->","yoast_head_json":{"title":"Proiect nou - Centrul de Instruire \u00een Domeniul S\u0103n\u0103t\u0103\u0163ii Reproductive","robots":{"index":"index","follow":"follow","max-snippet":"max-snippet:-1","max-image-preview":"max-image-preview:large","max-video-preview":"max-video-preview:-1"},"canonical":"https:\/\/cidsr.md\/portofolio\/proiecte\/proiect-nou\/","og_locale":"en_US","og_type":"article","og_title":"Proiect nou - Centrul de Instruire \u00een Domeniul S\u0103n\u0103t\u0103\u0163ii Reproductive","og_description":"descrierea","og_url":"https:\/\/cidsr.md\/portofolio\/proiecte\/proiect-nou\/","og_site_name":"Centrul de Instruire \u00een Domeniul S\u0103n\u0103t\u0103\u0163ii Reproductive","twitter_card":"summary_large_image","twitter_misc":{"Est. reading time":"1 minute"},"schema":{"@context":"https:\/\/schema.org","@graph":[{"@type":"WebPage","@id":"https:\/\/cidsr.md\/portofolio\/proiecte\/proiect-nou\/","url":"https:\/\/cidsr.md\/portofolio\/proiecte\/proiect-nou\/","name":"Proiect nou - Centrul de Instruire \u00een Domeniul S\u0103n\u0103t\u0103\u0163ii Reproductive","isPartOf":{"@id":"https:\/\/cidsr.md\/#website"},"datePublished":"2025-09-05T17:30:52+00:00","dateModified":"2025-09-05T17:30:52+00:00","breadcrumb":{"@id":"https:\/\/cidsr.md\/portofolio\/proiecte\/proiect-nou\/#breadcrumb"},"inLanguage":"en-US","potentialAction":[{"@type":"ReadAction","target":["https:\/\/cidsr.md\/portofolio\/proiecte\/proiect-nou\/"]}]},{"@type":"BreadcrumbList","@id":"https:\/\/cidsr.md\/portofolio\/proiecte\/proiect-nou\/#breadcrumb","itemListElement":[{"@type":"ListItem","position":1,"name":"\u0413\u043b\u0430\u0432\u043d\u0430\u044f \u0441\u0442\u0440\u0430\u043d\u0438\u0446\u0430","item":"https:\/\/new.cidsr.md\/"},{"@type":"ListItem","position":2,"name":"Portofoliu","item":"https:\/\/cidsr.md\/portofolio\/"},{"@type":"ListItem","position":3,"name":"Proiecte","item":"https:\/\/cidsr.md\/portofolio\/proiecte\/"},{"@type":"ListItem","position":4,"name":"Proiect nou"}]},{"@type":"WebSite","@id":"https:\/\/cidsr.md\/#website","url":"https:\/\/cidsr.md\/","name":"Centrul de Instruire \u00een Domeniul S\u0103n\u0103t\u0103\u0163ii Reproductive","description":"Promov\u0103m s\u0103n\u0103tatea \u0219i drepturile sexuale \u0219i reproductive!","potentialAction":[{"@type":"SearchAction","target":{"@type":"EntryPoint","urlTemplate":"https:\/\/cidsr.md\/?s={search_term_string}"},"query-input":"required name=search_term_string"}],"inLanguage":"en-US"}]}},"_links":{"self":[{"href":"https:\/\/cidsr.md\/en\/wp-json\/wp\/v2\/pages\/12378","targetHints":{"allow":["GET"]}}],"collection":[{"href":"https:\/\/cidsr.md\/en\/wp-json\/wp\/v2\/pages"}],"about":[{"href":"https:\/\/cidsr.md\/en\/wp-json\/wp\/v2\/types\/page"}],"author":[{"embeddable":true,"href":"https:\/\/cidsr.md\/en\/wp-json\/wp\/v2\/users\/7"}],"replies":[{"embeddable":true,"href":"https:\/\/cidsr.md\/en\/wp-json\/wp\/v2\/comments?post=12378"}],"version-history":[{"count":1,"href":"https:\/\/cidsr.md\/en\/wp-json\/wp\/v2\/pages\/12378\/revisions"}],"predecessor-version":[{"id":12379,"href":"https:\/\/cidsr.md\/en\/wp-json\/wp\/v2\/pages\/12378\/revisions\/12379"}],"up":[{"embeddable":true,"href":"https:\/\/cidsr.md\/en\/wp-json\/wp\/v2\/pages\/973"}],"wp:attachment":[{"href":"https:\/\/cidsr.md\/en\/wp-json\/wp\/v2\/media?parent=12378"}],"curies":[{"name":"wp","href":"https:\/\/api.w.org\/{rel}","templated":true}]}}