{"id":12000,"date":"2024-06-19T13:50:39","date_gmt":"2024-06-19T10:50:39","guid":{"rendered":"https:\/\/cidsr.md\/?page_id=12000"},"modified":"2024-06-19T13:58:36","modified_gmt":"2024-06-19T10:58:36","slug":"raport-anual-cidsr","status":"publish","type":"page","link":"https:\/\/cidsr.md\/en\/o-nas\/raport-anual-cidsr\/","title":{"rendered":"Annual Report RHTC","raw":"Annual Report RHTC"},"content":{"rendered":"<p><strong>2023<\/strong><\/p>\n<ul>\n<li><a href=\"https:\/\/cidsr.md\/wp-content\/uploads\/2024\/06\/annual-report-2023-rhtc_en.pdf\" target=\"_blank\" rel=\"noopener\">Annual Report RHTC 2023<\/a><\/li>\n<\/ul>\n","protected":false,"raw":"<strong>2023<\/strong>\r\n<ul>\r\n \t<li><a href=\"https:\/\/cidsr.md\/wp-content\/uploads\/2024\/06\/annual-report-2023-rhtc_en.pdf\" target=\"_blank\" rel=\"noopener\">Annual Report RHTC 2023<\/a><\/li>\r\n<\/ul>"},"excerpt":{"rendered":"","protected":false,"raw":""},"author":7,"featured_media":0,"parent":880,"menu_order":0,"comment_status":"closed","ping_status":"closed","template":"page-text.php","meta":{"_acf_changed":false,"_ru_post_content":"<strong>2023<\/strong>\r\n<ul>\r\n \t<li><a href=\"https:\/\/cidsr.md\/wp-content\/uploads\/2024\/06\/raport-anual-cidsr-2023_ro.pdf\" target=\"_blank\" rel=\"noopener\">\u0413\u043e\u0434\u043e\u0432\u043e\u0439 \u043e\u0442\u0447\u0435\u0442 \u041e\u0426\u0420\u0417 2023 (ro)<\/a><\/li>\r\n<\/ul>","_ru_post_name":"godovoj-otchet-ocrz","_ru_post_excerpt":"","_ru_post_title":"\u0413\u043e\u0434\u043e\u0432\u043e\u0439 \u043e\u0442\u0447\u0435\u0442 \u041e\u0426\u0420\u0417","_en_post_content":"<strong>2023<\/strong>\r\n<ul>\r\n \t<li><a href=\"https:\/\/cidsr.md\/wp-content\/uploads\/2024\/06\/annual-report-2023-rhtc_en.pdf\" target=\"_blank\" rel=\"noopener\">Annual Report RHTC 2023<\/a><\/li>\r\n<\/ul>","_en_post_name":"raport-anual-cidsr","_en_post_excerpt":"","_en_post_title":"Annual Report RHTC","_ro_post_content":"<strong>2023<\/strong>\r\n<ul>\r\n \t<li><a href=\"https:\/\/cidsr.md\/wp-content\/uploads\/2024\/06\/raport-anual-cidsr-2023_ro.pdf\" target=\"_blank\" rel=\"noopener\">Raport Anual CIDSR 2023<\/a><\/li>\r\n<\/ul>","_ro_post_name":"raport-anual-cidsr","_ro_post_excerpt":"","_ro_post_title":"Raport Anual CIDSR","edit_language":"en","footnotes":""},"class_list":["post-12000","page","type-page","status-publish","hentry"],"acf":[],"yoast_head":"<!-- This site is optimized with the Yoast SEO plugin v22.0 - https:\/\/yoast.com\/wordpress\/plugins\/seo\/ -->\n<title>Raport Anual CIDSR - Centrul de Instruire \u00een Domeniul S\u0103n\u0103t\u0103\u0163ii Reproductive<\/title>\n<meta name=\"robots\" content=\"index, follow, max-snippet:-1, max-image-preview:large, max-video-preview:-1\" \/>\n<link rel=\"canonical\" href=\"https:\/\/cidsr.md\/o-nas\/raport-anual-cidsr\/\" \/>\n<meta property=\"og:locale\" content=\"en_US\" \/>\n<meta property=\"og:type\" content=\"article\" \/>\n<meta property=\"og:title\" content=\"Raport Anual CIDSR - Centrul de Instruire \u00een Domeniul S\u0103n\u0103t\u0103\u0163ii Reproductive\" \/>\n<meta property=\"og:description\" content=\"2023 Annual Report RHTC 2023\" \/>\n<meta property=\"og:url\" content=\"https:\/\/cidsr.md\/o-nas\/raport-anual-cidsr\/\" \/>\n<meta property=\"og:site_name\" content=\"Centrul de Instruire \u00een Domeniul S\u0103n\u0103t\u0103\u0163ii Reproductive\" \/>\n<meta property=\"article:modified_time\" content=\"2024-06-19T10:58:36+00:00\" \/>\n<meta name=\"twitter:card\" content=\"summary_large_image\" \/>\n<meta name=\"twitter:label1\" content=\"Est. reading time\" \/>\n\t<meta name=\"twitter:data1\" content=\"1 minute\" \/>\n<script type=\"application\/ld+json\" class=\"yoast-schema-graph\">{\"@context\":\"https:\/\/schema.org\",\"@graph\":[{\"@type\":\"WebPage\",\"@id\":\"https:\/\/cidsr.md\/o-nas\/raport-anual-cidsr\/\",\"url\":\"https:\/\/cidsr.md\/o-nas\/raport-anual-cidsr\/\",\"name\":\"Raport Anual CIDSR - Centrul de Instruire \u00een Domeniul S\u0103n\u0103t\u0103\u0163ii Reproductive\",\"isPartOf\":{\"@id\":\"https:\/\/cidsr.md\/#website\"},\"datePublished\":\"2024-06-19T10:50:39+00:00\",\"dateModified\":\"2024-06-19T10:58:36+00:00\",\"breadcrumb\":{\"@id\":\"https:\/\/cidsr.md\/o-nas\/raport-anual-cidsr\/#breadcrumb\"},\"inLanguage\":\"en-US\",\"potentialAction\":[{\"@type\":\"ReadAction\",\"target\":[\"https:\/\/cidsr.md\/o-nas\/raport-anual-cidsr\/\"]}]},{\"@type\":\"BreadcrumbList\",\"@id\":\"https:\/\/cidsr.md\/o-nas\/raport-anual-cidsr\/#breadcrumb\",\"itemListElement\":[{\"@type\":\"ListItem\",\"position\":1,\"name\":\"\u0413\u043b\u0430\u0432\u043d\u0430\u044f \u0441\u0442\u0440\u0430\u043d\u0438\u0446\u0430\",\"item\":\"https:\/\/new.cidsr.md\/\"},{\"@type\":\"ListItem\",\"position\":2,\"name\":\"Despre noi\",\"item\":\"https:\/\/cidsr.md\/o-nas\/\"},{\"@type\":\"ListItem\",\"position\":3,\"name\":\"Raport Anual CIDSR\"}]},{\"@type\":\"WebSite\",\"@id\":\"https:\/\/cidsr.md\/#website\",\"url\":\"https:\/\/cidsr.md\/\",\"name\":\"Centrul de Instruire \u00een Domeniul S\u0103n\u0103t\u0103\u0163ii Reproductive\",\"description\":\"Promov\u0103m s\u0103n\u0103tatea \u0219i drepturile sexuale \u0219i reproductive!\",\"potentialAction\":[{\"@type\":\"SearchAction\",\"target\":{\"@type\":\"EntryPoint\",\"urlTemplate\":\"https:\/\/cidsr.md\/?s={search_term_string}\"},\"query-input\":\"required name=search_term_string\"}],\"inLanguage\":\"en-US\"}]}<\/script>\n<!-- \/ Yoast SEO plugin. -->","yoast_head_json":{"title":"Raport Anual CIDSR - Centrul de Instruire \u00een Domeniul S\u0103n\u0103t\u0103\u0163ii Reproductive","robots":{"index":"index","follow":"follow","max-snippet":"max-snippet:-1","max-image-preview":"max-image-preview:large","max-video-preview":"max-video-preview:-1"},"canonical":"https:\/\/cidsr.md\/o-nas\/raport-anual-cidsr\/","og_locale":"en_US","og_type":"article","og_title":"Raport Anual CIDSR - Centrul de Instruire \u00een Domeniul S\u0103n\u0103t\u0103\u0163ii Reproductive","og_description":"2023 Annual Report RHTC 2023","og_url":"https:\/\/cidsr.md\/o-nas\/raport-anual-cidsr\/","og_site_name":"Centrul de Instruire \u00een Domeniul S\u0103n\u0103t\u0103\u0163ii Reproductive","article_modified_time":"2024-06-19T10:58:36+00:00","twitter_card":"summary_large_image","twitter_misc":{"Est. reading time":"1 minute"},"schema":{"@context":"https:\/\/schema.org","@graph":[{"@type":"WebPage","@id":"https:\/\/cidsr.md\/o-nas\/raport-anual-cidsr\/","url":"https:\/\/cidsr.md\/o-nas\/raport-anual-cidsr\/","name":"Raport Anual CIDSR - Centrul de Instruire \u00een Domeniul S\u0103n\u0103t\u0103\u0163ii Reproductive","isPartOf":{"@id":"https:\/\/cidsr.md\/#website"},"datePublished":"2024-06-19T10:50:39+00:00","dateModified":"2024-06-19T10:58:36+00:00","breadcrumb":{"@id":"https:\/\/cidsr.md\/o-nas\/raport-anual-cidsr\/#breadcrumb"},"inLanguage":"en-US","potentialAction":[{"@type":"ReadAction","target":["https:\/\/cidsr.md\/o-nas\/raport-anual-cidsr\/"]}]},{"@type":"BreadcrumbList","@id":"https:\/\/cidsr.md\/o-nas\/raport-anual-cidsr\/#breadcrumb","itemListElement":[{"@type":"ListItem","position":1,"name":"\u0413\u043b\u0430\u0432\u043d\u0430\u044f \u0441\u0442\u0440\u0430\u043d\u0438\u0446\u0430","item":"https:\/\/new.cidsr.md\/"},{"@type":"ListItem","position":2,"name":"Despre noi","item":"https:\/\/cidsr.md\/o-nas\/"},{"@type":"ListItem","position":3,"name":"Raport Anual CIDSR"}]},{"@type":"WebSite","@id":"https:\/\/cidsr.md\/#website","url":"https:\/\/cidsr.md\/","name":"Centrul de Instruire \u00een Domeniul S\u0103n\u0103t\u0103\u0163ii Reproductive","description":"Promov\u0103m s\u0103n\u0103tatea \u0219i drepturile sexuale \u0219i reproductive!","potentialAction":[{"@type":"SearchAction","target":{"@type":"EntryPoint","urlTemplate":"https:\/\/cidsr.md\/?s={search_term_string}"},"query-input":"required name=search_term_string"}],"inLanguage":"en-US"}]}},"_links":{"self":[{"href":"https:\/\/cidsr.md\/en\/wp-json\/wp\/v2\/pages\/12000","targetHints":{"allow":["GET"]}}],"collection":[{"href":"https:\/\/cidsr.md\/en\/wp-json\/wp\/v2\/pages"}],"about":[{"href":"https:\/\/cidsr.md\/en\/wp-json\/wp\/v2\/types\/page"}],"author":[{"embeddable":true,"href":"https:\/\/cidsr.md\/en\/wp-json\/wp\/v2\/users\/7"}],"replies":[{"embeddable":true,"href":"https:\/\/cidsr.md\/en\/wp-json\/wp\/v2\/comments?post=12000"}],"version-history":[{"count":10,"href":"https:\/\/cidsr.md\/en\/wp-json\/wp\/v2\/pages\/12000\/revisions"}],"predecessor-version":[{"id":12012,"href":"https:\/\/cidsr.md\/en\/wp-json\/wp\/v2\/pages\/12000\/revisions\/12012"}],"up":[{"embeddable":true,"href":"https:\/\/cidsr.md\/en\/wp-json\/wp\/v2\/pages\/880"}],"wp:attachment":[{"href":"https:\/\/cidsr.md\/en\/wp-json\/wp\/v2\/media?parent=12000"}],"curies":[{"name":"wp","href":"https:\/\/api.w.org\/{rel}","templated":true}]}}