{"id":11034,"date":"2023-11-03T16:15:46","date_gmt":"2023-11-03T16:15:46","guid":{"rendered":"https:\/\/cidsr.md\/?page_id=6848"},"modified":"2023-11-09T10:22:23","modified_gmt":"2023-11-09T07:22:23","slug":"activitatile-proiectului-recomandarile-oms-2022-privind-planificarea-familiala-si-avortul-in-conditii-de-siguranta-mai-aproape-de-femeile-si-furnizorii-de-servicii-medicale-din-transnistria","status":"publish","type":"page","link":"https:\/\/cidsr.md\/en\/regional\/sanatatea-reproductiva-transnistria\/activitatile-proiectului-recomandarile-oms-2022-privind-planificarea-familiala-si-avortul-in-conditii-de-siguranta-mai-aproape-de-femeile-si-furnizorii-de-servicii-medicale-din-transnistria\/","title":{"rendered":"Activities of the project \u201cWHO 2022 recommendations on family planning and safe abortion closer to women and health care providers in Transnistria\u201d","raw":"Activities of the project \u201cWHO 2022 recommendations on family planning and safe abortion closer to women and health care providers in Transnistria\u201d"},"content":{"rendered":"","protected":false,"raw":""},"excerpt":{"rendered":"","protected":false,"raw":""},"author":4,"featured_media":0,"parent":981,"menu_order":999,"comment_status":"closed","ping_status":"closed","template":"page-text.php","meta":{"_acf_changed":false,"_ru_post_content":"<ul>\r\n \t<li class=\"title\"><a href=\"https:\/\/cidsr.md\/ru\/news\/masa-rotunda-de-lansare-a-proiectului-recomandarile-oms-2022-privind-planificarea-familiala-si-avortul-in-conditii-de-siguranta-mai-aproape-de-femeile-si-furnizorii-de-servicii-medi\/\">\u041a\u0440\u0443\u0433\u043b\u044b\u0439 \u0441\u0442\u043e\u043b, \u043f\u043e\u0441\u0432\u044f\u0449\u0451\u043d\u043d\u044b\u0439 \u0437\u0430\u043f\u0443\u0441\u043a\u0443 \u043f\u0440\u043e\u0435\u043a\u0442\u0430 \u00ab\u0420\u0435\u043a\u043e\u043c\u0435\u043d\u0434\u0430\u0446\u0438\u0438 \u0412\u041e\u0417 2022 \u0433\u043e\u0434\u0430 \u043f\u043e \u043f\u043b\u0430\u043d\u0438\u0440\u043e\u0432\u0430\u043d\u0438\u044e \u0441\u0435\u043c\u044c\u0438 \u0438 \u0431\u0435\u0437\u043e\u043f\u0430\u0441\u043d\u043e\u043c\u0443 \u0430\u0431\u043e\u0440\u0442\u0443 \u2014 \u0431\u043b\u0438\u0436\u0435 \u043a \u0436\u0435\u043d\u0449\u0438\u043d\u0430\u043c \u0438 \u043f\u043e\u0441\u0442\u0430\u0432\u0449\u0438\u043a\u0430\u043c \u043c\u0435\u0434\u0438\u0446\u0438\u043d\u0441\u043a\u0438\u0445 \u0443\u0441\u043b\u0443\u0433 \u0432 \u041f\u0440\u0438\u0434\u043d\u0435\u0441\u0442\u0440\u043e\u0432\u044c\u0435\u00bb<\/a><\/li>\r\n \t<li><a href=\"https:\/\/cidsr.md\/ru\/news\/trainingul-cu-privire-la-utilizarea-tehnologiei-moderne-in-furnizarea-de-servicii-de-avort-medicamentos-in-conditii-de-siguranta-si-de-planificare-familiala-in-conformitate-cu-cele-mai-recente-recoman\/\">\u0422\u0440\u0435\u043d\u0438\u043d\u0433 \u043f\u043e \u0438\u0441\u043f\u043e\u043b\u044c\u0437\u043e\u0432\u0430\u043d\u0438\u044e \u0441\u043e\u0432\u0440\u0435\u043c\u0435\u043d\u043d\u044b\u0445 \u0442\u0435\u0445\u043d\u043e\u043b\u043e\u0433\u0438\u0439 \u0432 \u043f\u0440\u0435\u0434\u043e\u0441\u0442\u0430\u0432\u043b\u0435\u043d\u0438\u0438 \u0443\u0441\u043b\u0443\u0433 \u0431\u0435\u0437\u043e\u043f\u0430\u0441\u043d\u043e\u0433\u043e \u043c\u0435\u0434\u0438\u043a\u0430\u043c\u0435\u043d\u0442\u043e\u0437\u043d\u043e\u0433\u043e \u0430\u0431\u043e\u0440\u0442\u0430 \u0438 \u043f\u043b\u0430\u043d\u0438\u0440\u043e\u0432\u0430\u043d\u0438\u044f \u0441\u0435\u043c\u044c\u0438 \u0432 \u0441\u043e\u043e\u0442\u0432\u0435\u0442\u0441\u0442\u0432\u0438\u0438 \u0441 \u043f\u043e\u0441\u043b\u0435\u0434\u043d\u0438\u043c\u0438 \u0440\u0435\u043a\u043e\u043c\u0435\u043d\u0434\u0430\u0446\u0438\u044f\u043c\u0438 \u0412\u041e\u0417<\/a><\/li>\r\n<\/ul>","_ru_post_name":"activitatile-proiectului-recomandarile-oms-2022-privind-planificarea-familiala-si-avortul-in-conditii-de-siguranta-mai-aproape-de-femeile-si-furnizorii-de-servicii-medicale-din-transnistria","_ru_post_excerpt":"","_ru_post_title":"\u041c\u0435\u0440\u043e\u043f\u0440\u0438\u044f\u0442\u0438\u044f \u043f\u0440\u043e\u0432\u0435\u0434\u0435\u043d\u043d\u044b\u0435 \u0432 \u0440\u0430\u043c\u043a\u0430\u0445 \u043f\u0440\u043e\u0435\u043a\u0442\u0430 \u00ab\u0420\u0435\u043a\u043e\u043c\u0435\u043d\u0434\u0430\u0446\u0438\u0438 \u0412\u041e\u0417 2022 \u0433\u043e\u0434\u0430 \u043f\u043e \u043f\u043b\u0430\u043d\u0438\u0440\u043e\u0432\u0430\u043d\u0438\u044e \u0441\u0435\u043c\u044c\u0438 \u0438 \u0431\u0435\u0437\u043e\u043f\u0430\u0441\u043d\u043e\u043c\u0443 \u0430\u0431\u043e\u0440\u0442\u0443 - \u0431\u043b\u0438\u0436\u0435 \u043a \u0436\u0435\u043d\u0449\u0438\u043d\u0430\u043c \u0438 \u043f\u043e\u0441\u0442\u0430\u0432\u0449\u0438\u043a\u0430\u043c \u043c\u0435\u0434\u0438\u0446\u0438\u043d\u0441\u043a\u0438\u0445 \u0443\u0441\u043b\u0443\u0433 \u0432 \u041f\u0440\u0438\u0434\u043d\u0435\u0441\u0442\u0440\u043e\u0432\u044c\u0435\u00bb","_en_post_content":"","_en_post_name":"activitatile-proiectului-recomandarile-oms-2022-privind-planificarea-familiala-si-avortul-in-conditii-de-siguranta-mai-aproape-de-femeile-si-furnizorii-de-servicii-medicale-din-transnistria","_en_post_excerpt":"","_en_post_title":"Activities of the project \u201cWHO 2022 recommendations on family planning and safe abortion closer to women and health care providers in Transnistria\u201d","_ro_post_content":"<ul>\r\n \t<li class=\"title\"><a href=\"https:\/\/cidsr.md\/ro\/news\/masa-rotunda-de-lansare-a-proiectului-recomandarile-oms-2022-privind-planificarea-familiala-si-avortul-in-conditii-de-siguranta-mai-aproape-de-femeile-si-furnizorii-de-servicii-medi\/\">Masa rotund\u0103 de lansare a proiectului \u201eRecomand\u0103rile OMS 2022 privind planificarea familial\u0103 \u0219i avortul \u00een condi\u021bii de siguran\u021b\u0103 \u2013 mai aproape de femeile \u0219i furnizorii de servicii medicale din Transnistria\u201d<\/a><\/li>\r\n \t<li><a href=\"https:\/\/cidsr.md\/ro\/news\/trainingul-cu-privire-la-utilizarea-tehnologiei-moderne-in-furnizarea-de-servicii-de-avort-medicamentos-in-conditii-de-siguranta-si-de-planificare-familiala-in-conformitate-cu-cele-mai-recente-recoman\/\">Trainingul cu privire la utilizarea tehnologiei moderne \u00een furnizarea de servicii de avort medicamentos \u00een condi\u021bii de siguran\u021b\u0103 \u0219i de planificare familial\u0103 \u00een conformitate cu cele mai recente recomand\u0103ri OMS<\/a><\/li>\r\n<\/ul>","_ro_post_name":"activitatile-proiectului-recomandarile-oms-2022-privind-planificarea-familiala-si-avortul-in-conditii-de-siguranta-mai-aproape-de-femeile-si-furnizorii-de-servicii-medicale-din-transnistria","_ro_post_excerpt":"","_ro_post_title":"Activit\u0103\u021bile proiectului \u201dRecomand\u0103rile OMS 2022 privind planificarea familial\u0103 \u0219i avortul \u00een condi\u021bii de siguran\u021b\u0103 mai aproape de femeile \u0219i furnizorii de servicii medicale din Transnistria\u201d","edit_language":"en","footnotes":""},"class_list":["post-11034","page","type-page","status-publish","hentry"],"acf":[],"yoast_head":"<!-- This site is optimized with the Yoast SEO plugin v22.0 - https:\/\/yoast.com\/wordpress\/plugins\/seo\/ -->\n<title>Activit\u0103\u021bile proiectului \u201dRecomand\u0103rile OMS 2022 privind planificarea familial\u0103 \u0219i avortul \u00een condi\u021bii de siguran\u021b\u0103 mai aproape de femeile \u0219i furnizorii de servicii medicale din Transnistria\u201d - Centrul de Instruire \u00een Domeniul S\u0103n\u0103t\u0103\u0163ii Reproductive<\/title>\n<meta name=\"robots\" content=\"index, follow, max-snippet:-1, max-image-preview:large, max-video-preview:-1\" \/>\n<link rel=\"canonical\" href=\"https:\/\/cidsr.md\/regional\/sanatatea-reproductiva-transnistria\/activitatile-proiectului-recomandarile-oms-2022-privind-planificarea-familiala-si-avortul-in-conditii-de-siguranta-mai-aproape-de-femeile-si-furnizorii-de-servicii-medicale-din-transnistria\/\" \/>\n<meta property=\"og:locale\" content=\"en_US\" \/>\n<meta property=\"og:type\" content=\"article\" \/>\n<meta property=\"og:title\" content=\"Activit\u0103\u021bile proiectului \u201dRecomand\u0103rile OMS 2022 privind planificarea familial\u0103 \u0219i avortul \u00een condi\u021bii de siguran\u021b\u0103 mai aproape de femeile \u0219i furnizorii de servicii medicale din Transnistria\u201d - Centrul de Instruire \u00een Domeniul S\u0103n\u0103t\u0103\u0163ii Reproductive\" \/>\n<meta property=\"og:description\" content=\"Masa rotund\u0103 de lansare a proiectului \u201eRecomand\u0103rile OMS 2022 privind planificarea familial\u0103 \u0219i avortul \u00een condi\u021bii de siguran\u021b\u0103 \u2013 mai aproape de femeile \u0219i furnizorii de servicii medicale din Transnistria\u201d Trainingul cu privire la utilizarea tehnologiei moderne \u00een furnizarea de servicii de avort medicamentos \u00een condi\u021bii de siguran\u021b\u0103 \u0219i de planificare familial\u0103 \u00een conformitate cu [&hellip;]\" \/>\n<meta property=\"og:url\" content=\"https:\/\/cidsr.md\/regional\/sanatatea-reproductiva-transnistria\/activitatile-proiectului-recomandarile-oms-2022-privind-planificarea-familiala-si-avortul-in-conditii-de-siguranta-mai-aproape-de-femeile-si-furnizorii-de-servicii-medicale-din-transnistria\/\" \/>\n<meta property=\"og:site_name\" content=\"Centrul de Instruire \u00een Domeniul S\u0103n\u0103t\u0103\u0163ii Reproductive\" \/>\n<meta property=\"article:modified_time\" content=\"2023-11-09T07:22:23+00:00\" \/>\n<meta name=\"twitter:card\" content=\"summary_large_image\" \/>\n<meta name=\"twitter:label1\" content=\"Est. reading time\" \/>\n\t<meta name=\"twitter:data1\" content=\"1 minute\" \/>\n<script type=\"application\/ld+json\" class=\"yoast-schema-graph\">{\"@context\":\"https:\/\/schema.org\",\"@graph\":[{\"@type\":\"WebPage\",\"@id\":\"https:\/\/cidsr.md\/regional\/sanatatea-reproductiva-transnistria\/activitatile-proiectului-recomandarile-oms-2022-privind-planificarea-familiala-si-avortul-in-conditii-de-siguranta-mai-aproape-de-femeile-si-furnizorii-de-servicii-medicale-din-transnistria\/\",\"url\":\"https:\/\/cidsr.md\/regional\/sanatatea-reproductiva-transnistria\/activitatile-proiectului-recomandarile-oms-2022-privind-planificarea-familiala-si-avortul-in-conditii-de-siguranta-mai-aproape-de-femeile-si-furnizorii-de-servicii-medicale-din-transnistria\/\",\"name\":\"Activit\u0103\u021bile proiectului \u201dRecomand\u0103rile OMS 2022 privind planificarea familial\u0103 \u0219i avortul \u00een condi\u021bii de siguran\u021b\u0103 mai aproape de femeile \u0219i furnizorii de servicii medicale din Transnistria\u201d - Centrul de Instruire \u00een Domeniul S\u0103n\u0103t\u0103\u0163ii Reproductive\",\"isPartOf\":{\"@id\":\"https:\/\/cidsr.md\/#website\"},\"datePublished\":\"2023-11-03T16:15:46+00:00\",\"dateModified\":\"2023-11-09T07:22:23+00:00\",\"breadcrumb\":{\"@id\":\"https:\/\/cidsr.md\/regional\/sanatatea-reproductiva-transnistria\/activitatile-proiectului-recomandarile-oms-2022-privind-planificarea-familiala-si-avortul-in-conditii-de-siguranta-mai-aproape-de-femeile-si-furnizorii-de-servicii-medicale-din-transnistria\/#breadcrumb\"},\"inLanguage\":\"en-US\",\"potentialAction\":[{\"@type\":\"ReadAction\",\"target\":[\"https:\/\/cidsr.md\/regional\/sanatatea-reproductiva-transnistria\/activitatile-proiectului-recomandarile-oms-2022-privind-planificarea-familiala-si-avortul-in-conditii-de-siguranta-mai-aproape-de-femeile-si-furnizorii-de-servicii-medicale-din-transnistria\/\"]}]},{\"@type\":\"BreadcrumbList\",\"@id\":\"https:\/\/cidsr.md\/regional\/sanatatea-reproductiva-transnistria\/activitatile-proiectului-recomandarile-oms-2022-privind-planificarea-familiala-si-avortul-in-conditii-de-siguranta-mai-aproape-de-femeile-si-furnizorii-de-servicii-medicale-din-transnistria\/#breadcrumb\",\"itemListElement\":[{\"@type\":\"ListItem\",\"position\":1,\"name\":\"\u0413\u043b\u0430\u0432\u043d\u0430\u044f \u0441\u0442\u0440\u0430\u043d\u0438\u0446\u0430\",\"item\":\"https:\/\/new.cidsr.md\/\"},{\"@type\":\"ListItem\",\"position\":2,\"name\":\"Coali\u021bia regional\u0103\",\"item\":\"https:\/\/cidsr.md\/regional\/\"},{\"@type\":\"ListItem\",\"position\":3,\"name\":\"S\u0103n\u0103tatea reproductiv\u0103 \u00een Transnistria\",\"item\":\"https:\/\/cidsr.md\/regional\/sanatatea-reproductiva-transnistria\/\"},{\"@type\":\"ListItem\",\"position\":4,\"name\":\"Activit\u0103\u021bile proiectului \u201dRecomand\u0103rile OMS 2022 privind planificarea familial\u0103 \u0219i avortul \u00een condi\u021bii de siguran\u021b\u0103 mai aproape de femeile \u0219i furnizorii de servicii medicale din Transnistria\u201d\"}]},{\"@type\":\"WebSite\",\"@id\":\"https:\/\/cidsr.md\/#website\",\"url\":\"https:\/\/cidsr.md\/\",\"name\":\"Centrul de Instruire \u00een Domeniul S\u0103n\u0103t\u0103\u0163ii Reproductive\",\"description\":\"Promov\u0103m s\u0103n\u0103tatea \u0219i drepturile sexuale \u0219i reproductive!\",\"potentialAction\":[{\"@type\":\"SearchAction\",\"target\":{\"@type\":\"EntryPoint\",\"urlTemplate\":\"https:\/\/cidsr.md\/?s={search_term_string}\"},\"query-input\":\"required name=search_term_string\"}],\"inLanguage\":\"en-US\"}]}<\/script>\n<!-- \/ Yoast SEO plugin. -->","yoast_head_json":{"title":"Activit\u0103\u021bile proiectului \u201dRecomand\u0103rile OMS 2022 privind planificarea familial\u0103 \u0219i avortul \u00een condi\u021bii de siguran\u021b\u0103 mai aproape de femeile \u0219i furnizorii de servicii medicale din Transnistria\u201d - Centrul de Instruire \u00een Domeniul S\u0103n\u0103t\u0103\u0163ii Reproductive","robots":{"index":"index","follow":"follow","max-snippet":"max-snippet:-1","max-image-preview":"max-image-preview:large","max-video-preview":"max-video-preview:-1"},"canonical":"https:\/\/cidsr.md\/regional\/sanatatea-reproductiva-transnistria\/activitatile-proiectului-recomandarile-oms-2022-privind-planificarea-familiala-si-avortul-in-conditii-de-siguranta-mai-aproape-de-femeile-si-furnizorii-de-servicii-medicale-din-transnistria\/","og_locale":"en_US","og_type":"article","og_title":"Activit\u0103\u021bile proiectului \u201dRecomand\u0103rile OMS 2022 privind planificarea familial\u0103 \u0219i avortul \u00een condi\u021bii de siguran\u021b\u0103 mai aproape de femeile \u0219i furnizorii de servicii medicale din Transnistria\u201d - Centrul de Instruire \u00een Domeniul S\u0103n\u0103t\u0103\u0163ii Reproductive","og_description":"Masa rotund\u0103 de lansare a proiectului \u201eRecomand\u0103rile OMS 2022 privind planificarea familial\u0103 \u0219i avortul \u00een condi\u021bii de siguran\u021b\u0103 \u2013 mai aproape de femeile \u0219i furnizorii de servicii medicale din Transnistria\u201d Trainingul cu privire la utilizarea tehnologiei moderne \u00een furnizarea de servicii de avort medicamentos \u00een condi\u021bii de siguran\u021b\u0103 \u0219i de planificare familial\u0103 \u00een conformitate cu [&hellip;]","og_url":"https:\/\/cidsr.md\/regional\/sanatatea-reproductiva-transnistria\/activitatile-proiectului-recomandarile-oms-2022-privind-planificarea-familiala-si-avortul-in-conditii-de-siguranta-mai-aproape-de-femeile-si-furnizorii-de-servicii-medicale-din-transnistria\/","og_site_name":"Centrul de Instruire \u00een Domeniul S\u0103n\u0103t\u0103\u0163ii Reproductive","article_modified_time":"2023-11-09T07:22:23+00:00","twitter_card":"summary_large_image","twitter_misc":{"Est. reading time":"1 minute"},"schema":{"@context":"https:\/\/schema.org","@graph":[{"@type":"WebPage","@id":"https:\/\/cidsr.md\/regional\/sanatatea-reproductiva-transnistria\/activitatile-proiectului-recomandarile-oms-2022-privind-planificarea-familiala-si-avortul-in-conditii-de-siguranta-mai-aproape-de-femeile-si-furnizorii-de-servicii-medicale-din-transnistria\/","url":"https:\/\/cidsr.md\/regional\/sanatatea-reproductiva-transnistria\/activitatile-proiectului-recomandarile-oms-2022-privind-planificarea-familiala-si-avortul-in-conditii-de-siguranta-mai-aproape-de-femeile-si-furnizorii-de-servicii-medicale-din-transnistria\/","name":"Activit\u0103\u021bile proiectului \u201dRecomand\u0103rile OMS 2022 privind planificarea familial\u0103 \u0219i avortul \u00een condi\u021bii de siguran\u021b\u0103 mai aproape de femeile \u0219i furnizorii de servicii medicale din Transnistria\u201d - Centrul de Instruire \u00een Domeniul S\u0103n\u0103t\u0103\u0163ii Reproductive","isPartOf":{"@id":"https:\/\/cidsr.md\/#website"},"datePublished":"2023-11-03T16:15:46+00:00","dateModified":"2023-11-09T07:22:23+00:00","breadcrumb":{"@id":"https:\/\/cidsr.md\/regional\/sanatatea-reproductiva-transnistria\/activitatile-proiectului-recomandarile-oms-2022-privind-planificarea-familiala-si-avortul-in-conditii-de-siguranta-mai-aproape-de-femeile-si-furnizorii-de-servicii-medicale-din-transnistria\/#breadcrumb"},"inLanguage":"en-US","potentialAction":[{"@type":"ReadAction","target":["https:\/\/cidsr.md\/regional\/sanatatea-reproductiva-transnistria\/activitatile-proiectului-recomandarile-oms-2022-privind-planificarea-familiala-si-avortul-in-conditii-de-siguranta-mai-aproape-de-femeile-si-furnizorii-de-servicii-medicale-din-transnistria\/"]}]},{"@type":"BreadcrumbList","@id":"https:\/\/cidsr.md\/regional\/sanatatea-reproductiva-transnistria\/activitatile-proiectului-recomandarile-oms-2022-privind-planificarea-familiala-si-avortul-in-conditii-de-siguranta-mai-aproape-de-femeile-si-furnizorii-de-servicii-medicale-din-transnistria\/#breadcrumb","itemListElement":[{"@type":"ListItem","position":1,"name":"\u0413\u043b\u0430\u0432\u043d\u0430\u044f \u0441\u0442\u0440\u0430\u043d\u0438\u0446\u0430","item":"https:\/\/new.cidsr.md\/"},{"@type":"ListItem","position":2,"name":"Coali\u021bia regional\u0103","item":"https:\/\/cidsr.md\/regional\/"},{"@type":"ListItem","position":3,"name":"S\u0103n\u0103tatea reproductiv\u0103 \u00een Transnistria","item":"https:\/\/cidsr.md\/regional\/sanatatea-reproductiva-transnistria\/"},{"@type":"ListItem","position":4,"name":"Activit\u0103\u021bile proiectului \u201dRecomand\u0103rile OMS 2022 privind planificarea familial\u0103 \u0219i avortul \u00een condi\u021bii de siguran\u021b\u0103 mai aproape de femeile \u0219i furnizorii de servicii medicale din Transnistria\u201d"}]},{"@type":"WebSite","@id":"https:\/\/cidsr.md\/#website","url":"https:\/\/cidsr.md\/","name":"Centrul de Instruire \u00een Domeniul S\u0103n\u0103t\u0103\u0163ii Reproductive","description":"Promov\u0103m s\u0103n\u0103tatea \u0219i drepturile sexuale \u0219i reproductive!","potentialAction":[{"@type":"SearchAction","target":{"@type":"EntryPoint","urlTemplate":"https:\/\/cidsr.md\/?s={search_term_string}"},"query-input":"required name=search_term_string"}],"inLanguage":"en-US"}]}},"_links":{"self":[{"href":"https:\/\/cidsr.md\/en\/wp-json\/wp\/v2\/pages\/11034","targetHints":{"allow":["GET"]}}],"collection":[{"href":"https:\/\/cidsr.md\/en\/wp-json\/wp\/v2\/pages"}],"about":[{"href":"https:\/\/cidsr.md\/en\/wp-json\/wp\/v2\/types\/page"}],"author":[{"embeddable":true,"href":"https:\/\/cidsr.md\/en\/wp-json\/wp\/v2\/users\/4"}],"replies":[{"embeddable":true,"href":"https:\/\/cidsr.md\/en\/wp-json\/wp\/v2\/comments?post=11034"}],"version-history":[{"count":2,"href":"https:\/\/cidsr.md\/en\/wp-json\/wp\/v2\/pages\/11034\/revisions"}],"predecessor-version":[{"id":11183,"href":"https:\/\/cidsr.md\/en\/wp-json\/wp\/v2\/pages\/11034\/revisions\/11183"}],"up":[{"embeddable":true,"href":"https:\/\/cidsr.md\/en\/wp-json\/wp\/v2\/pages\/981"}],"wp:attachment":[{"href":"https:\/\/cidsr.md\/en\/wp-json\/wp\/v2\/media?parent=11034"}],"curies":[{"name":"wp","href":"https:\/\/api.w.org\/{rel}","templated":true}]}}