{"id":11022,"date":"2023-11-03T16:15:45","date_gmt":"2023-11-03T16:15:45","guid":{"rendered":"https:\/\/www.cidsr.md\/?page_id=5415"},"modified":"2023-11-08T15:57:18","modified_gmt":"2023-11-08T12:57:18","slug":"rapoarte","status":"publish","type":"page","link":"https:\/\/cidsr.md\/en\/resurses\/avort\/rapoarte\/","title":{"rendered":"Reports","raw":"Reports"},"content":{"rendered":"<ul>\n<li><a href=\"https:\/\/cidsr.md\/wp-content\/uploads\/2018\/05\/Raport-privind-evaluarea-calit\u0103\u021bii-serviciilor-de-\u00eentrerupere-a-sarcinii-\u0219i-implement\u0103rii-Standardelor-pentru-efectuarea-\u00eentreruperii-sarcinii-\u00een-condi\u021bii-de-siguran\u021b\u0103-\u00een-Republica-Moldova.pdf\" target=\"_blank\" rel=\"noopener\">Raport privind evaluarea calit\u0103\u021bii serviciilor de \u00eentrerupere a sarcinii \u0219i implement\u0103rii Standardelor pentru efectuarea \u00eentreruperii sarcinii \u00een condi\u021bii de siguran\u021b\u0103 \u00een Republica Moldova<\/a>, 2015<\/li>\n<li><a href=\"https:\/\/cidsr.md\/wp-content\/uploads\/2018\/05\/Evaluarea-strategica-a-aspectelor-de-politici-calitate-si-acces-ale-serviciilor-de-contraceptie-si-avort-in-RM.pdf\" target=\"_blank\" rel=\"noopener\">Evaluarea strategica a aspectelor de politici, calitate si acces ale serviciilor de contraceptie si avort in Republica Moldova<\/a>, 2006<\/li>\n<\/ul>\n","protected":false,"raw":"<ul>\r\n \t<li><a href=\"https:\/\/cidsr.md\/wp-content\/uploads\/2018\/05\/Raport-privind-evaluarea-calit\u0103\u021bii-serviciilor-de-\u00eentrerupere-a-sarcinii-\u0219i-implement\u0103rii-Standardelor-pentru-efectuarea-\u00eentreruperii-sarcinii-\u00een-condi\u021bii-de-siguran\u021b\u0103-\u00een-Republica-Moldova.pdf\" target=\"_blank\" rel=\"noopener\">Raport privind evaluarea calit\u0103\u021bii serviciilor de \u00eentrerupere a sarcinii \u0219i implement\u0103rii Standardelor pentru efectuarea \u00eentreruperii sarcinii \u00een condi\u021bii de siguran\u021b\u0103 \u00een Republica Moldova<\/a>, 2015<\/li>\r\n \t<li><a href=\"https:\/\/cidsr.md\/wp-content\/uploads\/2018\/05\/Evaluarea-strategica-a-aspectelor-de-politici-calitate-si-acces-ale-serviciilor-de-contraceptie-si-avort-in-RM.pdf\" target=\"_blank\" rel=\"noopener\">Evaluarea strategica a aspectelor de politici, calitate si acces ale serviciilor de contraceptie si avort in Republica Moldova<\/a>, 2006<\/li>\r\n<\/ul>"},"excerpt":{"rendered":"","protected":false,"raw":""},"author":4,"featured_media":0,"parent":985,"menu_order":999,"comment_status":"closed","ping_status":"closed","template":"page-text.php","meta":{"_acf_changed":false,"_ru_post_content":"<ul>\r\n \t<li><a href=\"https:\/\/cidsr.md\/wp-content\/uploads\/2018\/05\/Raport-privind-evaluarea-calit\u0103\u021bii-serviciilor-de-\u00eentrerupere-a-sarcinii-\u0219i-implement\u0103rii-Standardelor-pentru-efectuarea-\u00eentreruperii-sarcinii-\u00een-condi\u021bii-de-siguran\u021b\u0103-\u00een-Republica-Moldova.pdf\" target=\"_blank\" rel=\"noopener\">Raport privind evaluarea calit\u0103\u021bii serviciilor de \u00eentrerupere a sarcinii \u0219i implement\u0103rii Standardelor pentru efectuarea \u00eentreruperii sarcinii \u00een condi\u021bii de siguran\u021b\u0103 \u00een Republica Moldova<\/a>, 2015<\/li>\r\n \t<li><a href=\"https:\/\/cidsr.md\/wp-content\/uploads\/2018\/05\/Evaluarea-strategica-a-aspectelor-de-politici-calitate-si-acces-ale-serviciilor-de-contraceptie-si-avort-in-RM.pdf\" target=\"_blank\" rel=\"noopener\">Evaluarea strategica a aspectelor de politici, calitate si acces ale serviciilor de contraceptie si avort in Republica Moldova<\/a>, 2006<\/li>\r\n<\/ul>","_ru_post_name":"rapoarte","_ru_post_excerpt":"","_ru_post_title":"\u0420\u0430\u043f\u043e\u0440\u0442\u044b","_en_post_content":"<ul>\r\n \t<li><a href=\"https:\/\/cidsr.md\/wp-content\/uploads\/2018\/05\/Raport-privind-evaluarea-calit\u0103\u021bii-serviciilor-de-\u00eentrerupere-a-sarcinii-\u0219i-implement\u0103rii-Standardelor-pentru-efectuarea-\u00eentreruperii-sarcinii-\u00een-condi\u021bii-de-siguran\u021b\u0103-\u00een-Republica-Moldova.pdf\" target=\"_blank\" rel=\"noopener\">Raport privind evaluarea calit\u0103\u021bii serviciilor de \u00eentrerupere a sarcinii \u0219i implement\u0103rii Standardelor pentru efectuarea \u00eentreruperii sarcinii \u00een condi\u021bii de siguran\u021b\u0103 \u00een Republica Moldova<\/a>, 2015<\/li>\r\n \t<li><a href=\"https:\/\/cidsr.md\/wp-content\/uploads\/2018\/05\/Evaluarea-strategica-a-aspectelor-de-politici-calitate-si-acces-ale-serviciilor-de-contraceptie-si-avort-in-RM.pdf\" target=\"_blank\" rel=\"noopener\">Evaluarea strategica a aspectelor de politici, calitate si acces ale serviciilor de contraceptie si avort in Republica Moldova<\/a>, 2006<\/li>\r\n<\/ul>","_en_post_name":"rapoarte","_en_post_excerpt":"","_en_post_title":"Reports","_ro_post_content":"<ul>\r\n \t<li><a href=\"https:\/\/cidsr.md\/wp-content\/uploads\/2018\/05\/Raport-privind-evaluarea-calit\u0103\u021bii-serviciilor-de-\u00eentrerupere-a-sarcinii-\u0219i-implement\u0103rii-Standardelor-pentru-efectuarea-\u00eentreruperii-sarcinii-\u00een-condi\u021bii-de-siguran\u021b\u0103-\u00een-Republica-Moldova.pdf\" target=\"_blank\" rel=\"noopener\">Raport privind evaluarea calit\u0103\u021bii serviciilor de \u00eentrerupere a sarcinii \u0219i implement\u0103rii Standardelor pentru efectuarea \u00eentreruperii sarcinii \u00een condi\u021bii de siguran\u021b\u0103 \u00een Republica Moldova<\/a>, 2015<\/li>\r\n \t<li><a href=\"https:\/\/cidsr.md\/wp-content\/uploads\/2018\/05\/Evaluarea-strategica-a-aspectelor-de-politici-calitate-si-acces-ale-serviciilor-de-contraceptie-si-avort-in-RM.pdf\" target=\"_blank\" rel=\"noopener\">Evaluarea strategica a aspectelor de politici, calitate si acces ale serviciilor de contraceptie si avort in Republica Moldova<\/a>, 2006<\/li>\r\n<\/ul>","_ro_post_name":"rapoarte","_ro_post_excerpt":"","_ro_post_title":"Rapoarte","edit_language":"en","footnotes":""},"class_list":["post-11022","page","type-page","status-publish","hentry"],"acf":[],"yoast_head":"<!-- This site is optimized with the Yoast SEO plugin v22.0 - https:\/\/yoast.com\/wordpress\/plugins\/seo\/ -->\n<title>Rapoarte - Centrul de Instruire \u00een Domeniul S\u0103n\u0103t\u0103\u0163ii Reproductive<\/title>\n<meta name=\"robots\" content=\"index, follow, max-snippet:-1, max-image-preview:large, max-video-preview:-1\" \/>\n<link rel=\"canonical\" href=\"https:\/\/cidsr.md\/resurses\/avort\/rapoarte\/\" \/>\n<meta property=\"og:locale\" content=\"en_US\" \/>\n<meta property=\"og:type\" content=\"article\" \/>\n<meta property=\"og:title\" content=\"Rapoarte - Centrul de Instruire \u00een Domeniul S\u0103n\u0103t\u0103\u0163ii Reproductive\" \/>\n<meta property=\"og:description\" content=\"Raport privind evaluarea calit\u0103\u021bii serviciilor de \u00eentrerupere a sarcinii \u0219i implement\u0103rii Standardelor pentru efectuarea \u00eentreruperii sarcinii \u00een condi\u021bii de siguran\u021b\u0103 \u00een Republica Moldova, 2015 Evaluarea strategica a aspectelor de politici, calitate si acces ale serviciilor de contraceptie si avort in Republica Moldova, 2006\" \/>\n<meta property=\"og:url\" content=\"https:\/\/cidsr.md\/resurses\/avort\/rapoarte\/\" \/>\n<meta property=\"og:site_name\" content=\"Centrul de Instruire \u00een Domeniul S\u0103n\u0103t\u0103\u0163ii Reproductive\" \/>\n<meta property=\"article:modified_time\" content=\"2023-11-08T12:57:18+00:00\" \/>\n<meta name=\"twitter:card\" content=\"summary_large_image\" \/>\n<meta name=\"twitter:label1\" content=\"Est. reading time\" \/>\n\t<meta name=\"twitter:data1\" content=\"1 minute\" \/>\n<script type=\"application\/ld+json\" class=\"yoast-schema-graph\">{\"@context\":\"https:\/\/schema.org\",\"@graph\":[{\"@type\":\"WebPage\",\"@id\":\"https:\/\/cidsr.md\/resurses\/avort\/rapoarte\/\",\"url\":\"https:\/\/cidsr.md\/resurses\/avort\/rapoarte\/\",\"name\":\"Rapoarte - Centrul de Instruire \u00een Domeniul S\u0103n\u0103t\u0103\u0163ii Reproductive\",\"isPartOf\":{\"@id\":\"https:\/\/cidsr.md\/#website\"},\"datePublished\":\"2023-11-03T16:15:45+00:00\",\"dateModified\":\"2023-11-08T12:57:18+00:00\",\"breadcrumb\":{\"@id\":\"https:\/\/cidsr.md\/resurses\/avort\/rapoarte\/#breadcrumb\"},\"inLanguage\":\"en-US\",\"potentialAction\":[{\"@type\":\"ReadAction\",\"target\":[\"https:\/\/cidsr.md\/resurses\/avort\/rapoarte\/\"]}]},{\"@type\":\"BreadcrumbList\",\"@id\":\"https:\/\/cidsr.md\/resurses\/avort\/rapoarte\/#breadcrumb\",\"itemListElement\":[{\"@type\":\"ListItem\",\"position\":1,\"name\":\"\u0413\u043b\u0430\u0432\u043d\u0430\u044f \u0441\u0442\u0440\u0430\u043d\u0438\u0446\u0430\",\"item\":\"https:\/\/new.cidsr.md\/\"},{\"@type\":\"ListItem\",\"position\":2,\"name\":\"Resurse\",\"item\":\"https:\/\/cidsr.md\/resurses\/\"},{\"@type\":\"ListItem\",\"position\":3,\"name\":\"Avortul\",\"item\":\"https:\/\/cidsr.md\/resurses\/avort\/\"},{\"@type\":\"ListItem\",\"position\":4,\"name\":\"Rapoarte\"}]},{\"@type\":\"WebSite\",\"@id\":\"https:\/\/cidsr.md\/#website\",\"url\":\"https:\/\/cidsr.md\/\",\"name\":\"Centrul de Instruire \u00een Domeniul S\u0103n\u0103t\u0103\u0163ii Reproductive\",\"description\":\"Promov\u0103m s\u0103n\u0103tatea \u0219i drepturile sexuale \u0219i reproductive!\",\"potentialAction\":[{\"@type\":\"SearchAction\",\"target\":{\"@type\":\"EntryPoint\",\"urlTemplate\":\"https:\/\/cidsr.md\/?s={search_term_string}\"},\"query-input\":\"required name=search_term_string\"}],\"inLanguage\":\"en-US\"}]}<\/script>\n<!-- \/ Yoast SEO plugin. -->","yoast_head_json":{"title":"Rapoarte - Centrul de Instruire \u00een Domeniul S\u0103n\u0103t\u0103\u0163ii Reproductive","robots":{"index":"index","follow":"follow","max-snippet":"max-snippet:-1","max-image-preview":"max-image-preview:large","max-video-preview":"max-video-preview:-1"},"canonical":"https:\/\/cidsr.md\/resurses\/avort\/rapoarte\/","og_locale":"en_US","og_type":"article","og_title":"Rapoarte - Centrul de Instruire \u00een Domeniul S\u0103n\u0103t\u0103\u0163ii Reproductive","og_description":"Raport privind evaluarea calit\u0103\u021bii serviciilor de \u00eentrerupere a sarcinii \u0219i implement\u0103rii Standardelor pentru efectuarea \u00eentreruperii sarcinii \u00een condi\u021bii de siguran\u021b\u0103 \u00een Republica Moldova, 2015 Evaluarea strategica a aspectelor de politici, calitate si acces ale serviciilor de contraceptie si avort in Republica Moldova, 2006","og_url":"https:\/\/cidsr.md\/resurses\/avort\/rapoarte\/","og_site_name":"Centrul de Instruire \u00een Domeniul S\u0103n\u0103t\u0103\u0163ii Reproductive","article_modified_time":"2023-11-08T12:57:18+00:00","twitter_card":"summary_large_image","twitter_misc":{"Est. reading time":"1 minute"},"schema":{"@context":"https:\/\/schema.org","@graph":[{"@type":"WebPage","@id":"https:\/\/cidsr.md\/resurses\/avort\/rapoarte\/","url":"https:\/\/cidsr.md\/resurses\/avort\/rapoarte\/","name":"Rapoarte - Centrul de Instruire \u00een Domeniul S\u0103n\u0103t\u0103\u0163ii Reproductive","isPartOf":{"@id":"https:\/\/cidsr.md\/#website"},"datePublished":"2023-11-03T16:15:45+00:00","dateModified":"2023-11-08T12:57:18+00:00","breadcrumb":{"@id":"https:\/\/cidsr.md\/resurses\/avort\/rapoarte\/#breadcrumb"},"inLanguage":"en-US","potentialAction":[{"@type":"ReadAction","target":["https:\/\/cidsr.md\/resurses\/avort\/rapoarte\/"]}]},{"@type":"BreadcrumbList","@id":"https:\/\/cidsr.md\/resurses\/avort\/rapoarte\/#breadcrumb","itemListElement":[{"@type":"ListItem","position":1,"name":"\u0413\u043b\u0430\u0432\u043d\u0430\u044f \u0441\u0442\u0440\u0430\u043d\u0438\u0446\u0430","item":"https:\/\/new.cidsr.md\/"},{"@type":"ListItem","position":2,"name":"Resurse","item":"https:\/\/cidsr.md\/resurses\/"},{"@type":"ListItem","position":3,"name":"Avortul","item":"https:\/\/cidsr.md\/resurses\/avort\/"},{"@type":"ListItem","position":4,"name":"Rapoarte"}]},{"@type":"WebSite","@id":"https:\/\/cidsr.md\/#website","url":"https:\/\/cidsr.md\/","name":"Centrul de Instruire \u00een Domeniul S\u0103n\u0103t\u0103\u0163ii Reproductive","description":"Promov\u0103m s\u0103n\u0103tatea \u0219i drepturile sexuale \u0219i reproductive!","potentialAction":[{"@type":"SearchAction","target":{"@type":"EntryPoint","urlTemplate":"https:\/\/cidsr.md\/?s={search_term_string}"},"query-input":"required name=search_term_string"}],"inLanguage":"en-US"}]}},"_links":{"self":[{"href":"https:\/\/cidsr.md\/en\/wp-json\/wp\/v2\/pages\/11022","targetHints":{"allow":["GET"]}}],"collection":[{"href":"https:\/\/cidsr.md\/en\/wp-json\/wp\/v2\/pages"}],"about":[{"href":"https:\/\/cidsr.md\/en\/wp-json\/wp\/v2\/types\/page"}],"author":[{"embeddable":true,"href":"https:\/\/cidsr.md\/en\/wp-json\/wp\/v2\/users\/4"}],"replies":[{"embeddable":true,"href":"https:\/\/cidsr.md\/en\/wp-json\/wp\/v2\/comments?post=11022"}],"version-history":[{"count":2,"href":"https:\/\/cidsr.md\/en\/wp-json\/wp\/v2\/pages\/11022\/revisions"}],"predecessor-version":[{"id":11100,"href":"https:\/\/cidsr.md\/en\/wp-json\/wp\/v2\/pages\/11022\/revisions\/11100"}],"up":[{"embeddable":true,"href":"https:\/\/cidsr.md\/en\/wp-json\/wp\/v2\/pages\/985"}],"wp:attachment":[{"href":"https:\/\/cidsr.md\/en\/wp-json\/wp\/v2\/media?parent=11022"}],"curies":[{"name":"wp","href":"https:\/\/api.w.org\/{rel}","templated":true}]}}