{"id":10999,"date":"2023-11-03T16:15:44","date_gmt":"2023-11-03T16:15:44","guid":{"rendered":"https:\/\/www.cidsr.md\/?page_id=4441"},"modified":"2023-11-08T18:00:33","modified_gmt":"2023-11-08T15:00:33","slug":"proiecte-implementate-anul-2005-2009","status":"publish","type":"page","link":"https:\/\/cidsr.md\/en\/portofolio\/proiecte\/proiecte-implementate-anul-2005-2009\/","title":{"rendered":"Projects implemented in 2005-2009","raw":"Projects implemented in 2005-2009"},"content":{"rendered":"<p><strong>PROIECT:<\/strong>\u00a0Introduction of medical abortion in Tiraspol, Moldova<\/p>\n<ul>\n<li><strong>Implementation period:\u00a0<\/strong>2009<\/li>\n<li><strong>Donor<\/strong>:\u00a0 \u00a0<a href=\"http:\/\/www.gynuity.org\/\">Gynuity Health Projects<\/a><\/li>\n<li><strong>Project Budget: <\/strong>6.054 USD<\/li>\n<\/ul>\n<p>&nbsp;<\/p>\n<p><strong>PROJECT:<\/strong>\u00a0Testing a pilot comprehensive abortion care intervention in Moldova<\/p>\n<ul>\n<li><strong>Implementation period:\u00a0<\/strong>2007-2009<\/li>\n<li><strong>Donor<\/strong>: <a href=\"http:\/\/www.who.int\/\">WHO<\/a><\/li>\n<li><strong>Project Budget: <\/strong>54.085 USD<\/li>\n<\/ul>\n<p>&nbsp;<\/p>\n<p><strong>PROJECT:<\/strong>\u00a0\u00a0Strategic Assessment of Abortion and Contraceptive Services in Republic of Moldova<\/p>\n<ul>\n<li><strong>Implementation period:\u00a0<\/strong>2005-2006<\/li>\n<li><strong>Donor<\/strong>:\u00a0\u00a0<a href=\"http:\/\/www.who.int\/\">WHO<\/a>,\u00a0<a href=\"http:\/\/www.ipas.org\/\">Ipas<\/a><\/li>\n<li><strong>Project Budget: <\/strong>10.453 USD<\/li>\n<\/ul>\n<p>&nbsp;<\/p>\n<p><strong>PROJECT:<\/strong>\u00a0Safe abortion today \u2013 safe motherhood tomorrow \u2013 impact policy changes in MVA implementation in Moldova, stage II<\/p>\n<ul>\n<li><strong>Implementation period:\u00a0<\/strong>2005<\/li>\n<li><strong>Donor<\/strong>: <a href=\"http:\/\/www.soros.md\/\">Soros Foundation Moldova (FSM)<\/a>,\u00a0<a href=\"http:\/\/www.opensocietyfoundations.org\/about\/programs\/public-health-program\">OSI \u2013 New York, Network Public Health Program<\/a><\/li>\n<\/ul>\n","protected":false,"raw":"<strong>PROIECT:<\/strong>\u00a0Introduction of medical abortion in Tiraspol, Moldova\n<ul>\n \t<li><strong>Implementation period:\u00a0<\/strong>2009<\/li>\n \t<li><strong>Donor<\/strong>:\u00a0 \u00a0<a href=\"http:\/\/www.gynuity.org\/\">Gynuity Health Projects<\/a><\/li>\n \t<li><strong>Project Budget: <\/strong>6.054 USD<\/li>\n<\/ul>\n&nbsp;\n\n<strong>PROJECT:<\/strong>\u00a0Testing a pilot comprehensive abortion care intervention in Moldova\n<ul>\n \t<li><strong>Implementation period:\u00a0<\/strong>2007-2009<\/li>\n \t<li><strong>Donor<\/strong>: <a href=\"http:\/\/www.who.int\/\">WHO<\/a><\/li>\n \t<li><strong>Project Budget: <\/strong>54.085 USD<\/li>\n<\/ul>\n&nbsp;\n\n<strong>PROJECT:<\/strong>\u00a0\u00a0Strategic Assessment of Abortion and Contraceptive Services in Republic of Moldova\n<ul>\n \t<li><strong>Implementation period:\u00a0<\/strong>2005-2006<\/li>\n \t<li><strong>Donor<\/strong>:\u00a0\u00a0<a href=\"http:\/\/www.who.int\/\">WHO<\/a>,\u00a0<a href=\"http:\/\/www.ipas.org\/\">Ipas<\/a><\/li>\n \t<li><strong>Project Budget: <\/strong>10.453 USD<\/li>\n<\/ul>\n&nbsp;\n\n<strong>PROJECT:<\/strong>\u00a0Safe abortion today \u2013 safe motherhood tomorrow \u2013 impact policy changes in MVA implementation in Moldova, stage II\n<ul>\n \t<li><strong>Implementation period:\u00a0<\/strong>2005<\/li>\n \t<li><strong>Donor<\/strong>: <a href=\"http:\/\/www.soros.md\/\">Soros Foundation Moldova (FSM)<\/a>,\u00a0<a href=\"http:\/\/www.opensocietyfoundations.org\/about\/programs\/public-health-program\">OSI \u2013 New York, Network Public Health Program<\/a><\/li>\n<\/ul>"},"excerpt":{"rendered":"","protected":false,"raw":""},"author":4,"featured_media":0,"parent":973,"menu_order":999,"comment_status":"closed","ping_status":"closed","template":"page-text.php","meta":{"_acf_changed":false,"_ru_post_content":"<strong>\u041f\u0420\u041e\u0415\u041a\u0422:<\/strong>\u00a0\u0412\u043d\u0435\u0434\u0440\u0435\u043d\u0438\u0435 \u043c\u0435\u0434\u0438\u043a\u0430\u043c\u0435\u043d\u0442\u043e\u0437\u043d\u043e\u0433\u043e \u0430\u0431\u043e\u0440\u0442\u0430 \u0432 \u0422\u0438\u0440\u0430\u0441\u043f\u043e\u043b\u0435, \u041c\u043e\u043b\u0434\u043e\u0432\u0430\n<ul>\n \t<li><strong>\u041f\u0435\u0440\u0438\u043e\u0434 \u0440\u0435\u0430\u043b\u0438\u0437\u0430\u0446\u0438\u0438:\u00a0<\/strong>2009<\/li>\n \t<li><strong>\u0414\u043e\u043d\u043e\u0440<\/strong>:\u00a0 \u00a0<a href=\"http:\/\/www.gynuity.org\/\">Gynuity Health Projects<\/a><\/li>\n \t<li><strong>\u0411\u044e\u0434\u0436\u0435\u0442 \u043f\u0440\u043e\u0435\u043a\u0442\u0430: <\/strong>6.054 USD<\/li>\n<\/ul>\n&nbsp;\n\n<strong>\u041f\u0420\u041e\u0415\u041a\u0422:<\/strong>\u00a0\u0422\u0435\u0441\u0442\u0438\u0440\u043e\u0432\u0430\u043d\u0438\u0435 \u043f\u0438\u043b\u043e\u0442 \u043c\u043e\u0434\u0435\u043b\u0438 \u043a\u0430\u0447\u0435\u0441\u0442\u0432\u0435\u043d\u043d\u044b\u0445 \u0443\u0441\u043b\u0443\u0433 \u043f\u043e \u0430\u0431\u043e\u0440\u0442\u0430\u043c \u0432 \u041c\u043e\u043b\u0434\u043e\u0432\u0435\n<ul>\n \t<li><strong>\u041f\u0435\u0440\u0438\u043e\u0434 \u0440\u0435\u0430\u043b\u0438\u0437\u0430\u0446\u0438\u0438:\u00a0<\/strong>2007-2009<\/li>\n \t<li><strong>\u0414\u043e\u043d\u043e\u0440<\/strong>: <a href=\"http:\/\/www.who.int\/\">WHO<\/a><\/li>\n \t<li><strong>\u0411\u044e\u0434\u0436\u0435\u0442 \u043f\u0440\u043e\u0435\u043a\u0442\u0430: <\/strong>54.085 USD<\/li>\n<\/ul>\n&nbsp;\n\n<strong>\u041f\u0420\u041e\u0415\u041a\u0422:<\/strong>\u00a0\u0421\u0442\u0440\u0430\u0442\u0435\u0433\u0438\u0447\u0435\u0441\u043a\u0430\u044f \u043e\u0446\u0435\u043d\u043a\u0430 \u0443\u0441\u043b\u0443\u0433 \u0430\u0431\u043e\u0440\u0442\u0430 \u0438 \u043a\u043e\u043d\u0442\u0440\u0430\u0446\u0435\u043f\u0446\u0438\u0438 \u0432 \u0420\u0435\u0441\u043f\u0443\u0431\u043b\u0438\u043a\u0435 \u041c\u043e\u043b\u0434\u043e\u0432\u0430\n<ul>\n \t<li><strong>\u041f\u0435\u0440\u0438\u043e\u0434 \u0440\u0435\u0430\u043b\u0438\u0437\u0430\u0446\u0438\u0438:\u00a0<\/strong>2005-2006<\/li>\n \t<li><strong>\u0414\u043e\u043d\u043e\u0440<\/strong>:\u00a0\u00a0<a href=\"http:\/\/www.who.int\/\">WHO<\/a>,\u00a0<a href=\"http:\/\/www.ipas.org\/\">Ipas<\/a><\/li>\n \t<li><strong>\u0411\u044e\u0434\u0436\u0435\u0442 \u043f\u0440\u043e\u0435\u043a\u0442\u0430: <\/strong>10.453 USD<\/li>\n<\/ul>\n&nbsp;\n\n<strong>\u041f\u0420\u041e\u0415\u041a\u0422:<\/strong>\u00a0\u0411\u0435\u0437\u043e\u043f\u0430\u0441\u043d\u044b\u0439 \u0430\u0431\u043e\u0440\u0442 \u0441\u0435\u0433\u043e\u0434\u043d\u044f \u2013 \u0431\u0435\u0437\u043e\u043f\u0430\u0441\u043d\u043e\u0435 \u043c\u0430\u0442\u0435\u0440\u0438\u043d\u0441\u0442\u0432\u043e \u0437\u0430\u0432\u0442\u0440\u0430\u00a0\u2014 \u0432\u043b\u0438\u044f\u043d\u0438\u0435 \u043f\u043e\u043b\u0438\u0442\u0438\u0447\u0435\u0441\u043a\u0438\u0445 \u0438\u0437\u043c\u0435\u043d\u0435\u043d\u0438\u0439 \u043d\u0430 \u0432\u043d\u0435\u0434\u0440\u0435\u043d\u0438\u0435 \u041c\u0430\u043d\u0443\u0430\u043b\u044c\u043d\u043e\u0439 \u0412\u0430\u043a\u0443\u0443\u043c \u0410\u0441\u043f\u0438\u0440\u0430\u0446\u0438\u0438 \u0432 \u041c\u043e\u043b\u0434\u043e\u0432\u0435 \u044d\u0442\u0430\u043f II\n<ul>\n \t<li><strong>\u041f\u0435\u0440\u0438\u043e\u0434 \u0440\u0435\u0430\u043b\u0438\u0437\u0430\u0446\u0438\u0438:\u00a0<\/strong>2005<\/li>\n \t<li><strong>\u0414\u043e\u043d\u043e\u0440<\/strong>: <a href=\"http:\/\/www.soros.md\/\">Soros Foundation Moldova (FSM)<\/a>,\u00a0<a href=\"http:\/\/www.opensocietyfoundations.org\/about\/programs\/public-health-program\">OSI \u2013 New York, Network Public Health Program<\/a><\/li>\n<\/ul>","_ru_post_name":"proiecte-implementate-anul-2005-2009","_ru_post_excerpt":"","_ru_post_title":"\u041f\u0440\u043e\u0435\u043a\u0442\u044b, \u0440\u0435\u0430\u043b\u0438\u0437\u043e\u0432\u0430\u043d\u043d\u044b\u0435 \u0432 \u0442\u0435\u0447\u0435\u043d\u0438\u0435 2005-2009","_en_post_content":"<strong>PROIECT:<\/strong>\u00a0Introduction of medical abortion in Tiraspol, Moldova\n<ul>\n \t<li><strong>Implementation period:\u00a0<\/strong>2009<\/li>\n \t<li><strong>Donor<\/strong>:\u00a0 \u00a0<a href=\"http:\/\/www.gynuity.org\/\">Gynuity Health Projects<\/a><\/li>\n \t<li><strong>Project Budget: <\/strong>6.054 USD<\/li>\n<\/ul>\n&nbsp;\n\n<strong>PROJECT:<\/strong>\u00a0Testing a pilot comprehensive abortion care intervention in Moldova\n<ul>\n \t<li><strong>Implementation period:\u00a0<\/strong>2007-2009<\/li>\n \t<li><strong>Donor<\/strong>: <a href=\"http:\/\/www.who.int\/\">WHO<\/a><\/li>\n \t<li><strong>Project Budget: <\/strong>54.085 USD<\/li>\n<\/ul>\n&nbsp;\n\n<strong>PROJECT:<\/strong>\u00a0\u00a0Strategic Assessment of Abortion and Contraceptive Services in Republic of Moldova\n<ul>\n \t<li><strong>Implementation period:\u00a0<\/strong>2005-2006<\/li>\n \t<li><strong>Donor<\/strong>:\u00a0\u00a0<a href=\"http:\/\/www.who.int\/\">WHO<\/a>,\u00a0<a href=\"http:\/\/www.ipas.org\/\">Ipas<\/a><\/li>\n \t<li><strong>Project Budget: <\/strong>10.453 USD<\/li>\n<\/ul>\n&nbsp;\n\n<strong>PROJECT:<\/strong>\u00a0Safe abortion today \u2013 safe motherhood tomorrow \u2013 impact policy changes in MVA implementation in Moldova, stage II\n<ul>\n \t<li><strong>Implementation period:\u00a0<\/strong>2005<\/li>\n \t<li><strong>Donor<\/strong>: <a href=\"http:\/\/www.soros.md\/\">Soros Foundation Moldova (FSM)<\/a>,\u00a0<a href=\"http:\/\/www.opensocietyfoundations.org\/about\/programs\/public-health-program\">OSI \u2013 New York, Network Public Health Program<\/a><\/li>\n<\/ul>","_en_post_name":"proiecte-implementate-anul-2005-2009","_en_post_excerpt":"","_en_post_title":"Projects implemented in 2005-2009","_ro_post_content":"<strong>PROIECT:<\/strong>\u00a0Introducerea avortului medicamentos \u00een Tiraspol, Moldova\r\n<ul>\r\n \t<li><strong>Perioada de implementare:\u00a0<\/strong>2009<\/li>\r\n \t<li><strong>Donor<\/strong>:\u00a0 \u00a0<a href=\"http:\/\/www.gynuity.org\/\">Gynuity Health Projects<\/a><\/li>\r\n \t<li><strong>Bugetul proiectului: <\/strong>6.054 USD<\/li>\r\n<\/ul>\r\n&nbsp;\r\n\r\n<strong>PROIECT: <\/strong>Testare pilot a modelului de \u00eengrijire comprehensiv\u0103 \u00een avort \u00een Republica Moldova\r\n<ul>\r\n \t<li><strong>Perioada de implementare:\u00a0<\/strong>2007-2009<\/li>\r\n \t<li><strong>Donor<\/strong>: <a href=\"http:\/\/www.who.int\/\">WHO<\/a><\/li>\r\n \t<li><strong>Bugetul proiectului: <\/strong>54.085 USD<\/li>\r\n<\/ul>\r\n&nbsp;\r\n\r\n<strong>PROIECT:<\/strong>\u00a0Evaluarea strategic\u0103 a avortului \u015fi serviciilor de contracep\u0163ie din Republica Moldova\r\n<ul>\r\n \t<li><strong>Perioada de implementare:\u00a0<\/strong>2005-2006<\/li>\r\n \t<li><strong>Donor<\/strong>:\u00a0\u00a0<a href=\"http:\/\/www.who.int\/\">WHO<\/a>,\u00a0<a href=\"http:\/\/www.ipas.org\/\">Ipas<\/a><\/li>\r\n \t<li><strong>Bugetul proiectului: <\/strong>10.453 USD<\/li>\r\n<\/ul>\r\n&nbsp;\r\n\r\n<strong>PROIECT:<\/strong>\u00a0Un avort sigur azi \u2013 o maternitate f\u0103r\u0103 riscuri \u00een viitor \u2013 Impactul schimb\u0103rilor de politic\u0103 \u00een urma implement\u0103rii AVM \u00een Republica Moldova, etapa II\r\n<ul>\r\n \t<li><strong>Perioada de implementare:\u00a0<\/strong>2005<\/li>\r\n \t<li><strong>Donor<\/strong>: <a href=\"http:\/\/www.soros.md\/\">Soros Foundation Moldova (FSM)<\/a>,\u00a0<a href=\"http:\/\/www.opensocietyfoundations.org\/about\/programs\/public-health-program\">OSI \u2013 New York, Network Public Health Program<\/a><\/li>\r\n<\/ul>","_ro_post_name":"proiecte-implementate-anul-2005-2009","_ro_post_excerpt":"","_ro_post_title":"Proiecte implementate anul 2005-2009","edit_language":"en","footnotes":""},"class_list":["post-10999","page","type-page","status-publish","hentry"],"acf":[],"yoast_head":"<!-- This site is optimized with the Yoast SEO plugin v22.0 - https:\/\/yoast.com\/wordpress\/plugins\/seo\/ -->\n<title>Proiecte implementate anul 2005-2009 - Centrul de Instruire \u00een Domeniul S\u0103n\u0103t\u0103\u0163ii Reproductive<\/title>\n<meta name=\"robots\" content=\"index, follow, max-snippet:-1, max-image-preview:large, max-video-preview:-1\" \/>\n<link rel=\"canonical\" href=\"https:\/\/cidsr.md\/portofolio\/proiecte\/proiecte-implementate-anul-2005-2009\/\" \/>\n<meta property=\"og:locale\" content=\"en_US\" \/>\n<meta property=\"og:type\" content=\"article\" \/>\n<meta property=\"og:title\" content=\"Proiecte implementate anul 2005-2009 - Centrul de Instruire \u00een Domeniul S\u0103n\u0103t\u0103\u0163ii Reproductive\" \/>\n<meta property=\"og:description\" content=\"PROIECT:\u00a0Introduction of medical abortion in Tiraspol, Moldova Implementation period:\u00a02009 Donor:\u00a0 \u00a0Gynuity Health Projects Project Budget: 6.054 USD &nbsp; PROJECT:\u00a0Testing a pilot comprehensive abortion care intervention in Moldova Implementation period:\u00a02007-2009 Donor: WHO Project Budget: 54.085 USD &nbsp; PROJECT:\u00a0\u00a0Strategic Assessment of Abortion and Contraceptive Services in Republic of Moldova Implementation period:\u00a02005-2006 Donor:\u00a0\u00a0WHO,\u00a0Ipas Project Budget: 10.453 USD &nbsp; [&hellip;]\" \/>\n<meta property=\"og:url\" content=\"https:\/\/cidsr.md\/portofolio\/proiecte\/proiecte-implementate-anul-2005-2009\/\" \/>\n<meta property=\"og:site_name\" content=\"Centrul de Instruire \u00een Domeniul S\u0103n\u0103t\u0103\u0163ii Reproductive\" \/>\n<meta property=\"article:modified_time\" content=\"2023-11-08T15:00:33+00:00\" \/>\n<meta name=\"twitter:card\" content=\"summary_large_image\" \/>\n<meta name=\"twitter:label1\" content=\"Est. reading time\" \/>\n\t<meta name=\"twitter:data1\" content=\"1 minute\" \/>\n<script type=\"application\/ld+json\" class=\"yoast-schema-graph\">{\"@context\":\"https:\/\/schema.org\",\"@graph\":[{\"@type\":\"WebPage\",\"@id\":\"https:\/\/cidsr.md\/portofolio\/proiecte\/proiecte-implementate-anul-2005-2009\/\",\"url\":\"https:\/\/cidsr.md\/portofolio\/proiecte\/proiecte-implementate-anul-2005-2009\/\",\"name\":\"Proiecte implementate anul 2005-2009 - Centrul de Instruire \u00een Domeniul S\u0103n\u0103t\u0103\u0163ii Reproductive\",\"isPartOf\":{\"@id\":\"https:\/\/cidsr.md\/#website\"},\"datePublished\":\"2023-11-03T16:15:44+00:00\",\"dateModified\":\"2023-11-08T15:00:33+00:00\",\"breadcrumb\":{\"@id\":\"https:\/\/cidsr.md\/portofolio\/proiecte\/proiecte-implementate-anul-2005-2009\/#breadcrumb\"},\"inLanguage\":\"en-US\",\"potentialAction\":[{\"@type\":\"ReadAction\",\"target\":[\"https:\/\/cidsr.md\/portofolio\/proiecte\/proiecte-implementate-anul-2005-2009\/\"]}]},{\"@type\":\"BreadcrumbList\",\"@id\":\"https:\/\/cidsr.md\/portofolio\/proiecte\/proiecte-implementate-anul-2005-2009\/#breadcrumb\",\"itemListElement\":[{\"@type\":\"ListItem\",\"position\":1,\"name\":\"\u0413\u043b\u0430\u0432\u043d\u0430\u044f \u0441\u0442\u0440\u0430\u043d\u0438\u0446\u0430\",\"item\":\"https:\/\/new.cidsr.md\/\"},{\"@type\":\"ListItem\",\"position\":2,\"name\":\"Portofoliu\",\"item\":\"https:\/\/cidsr.md\/portofolio\/\"},{\"@type\":\"ListItem\",\"position\":3,\"name\":\"Proiecte\",\"item\":\"https:\/\/cidsr.md\/portofolio\/proiecte\/\"},{\"@type\":\"ListItem\",\"position\":4,\"name\":\"Proiecte implementate anul 2005-2009\"}]},{\"@type\":\"WebSite\",\"@id\":\"https:\/\/cidsr.md\/#website\",\"url\":\"https:\/\/cidsr.md\/\",\"name\":\"Centrul de Instruire \u00een Domeniul S\u0103n\u0103t\u0103\u0163ii Reproductive\",\"description\":\"Promov\u0103m s\u0103n\u0103tatea \u0219i drepturile sexuale \u0219i reproductive!\",\"potentialAction\":[{\"@type\":\"SearchAction\",\"target\":{\"@type\":\"EntryPoint\",\"urlTemplate\":\"https:\/\/cidsr.md\/?s={search_term_string}\"},\"query-input\":\"required name=search_term_string\"}],\"inLanguage\":\"en-US\"}]}<\/script>\n<!-- \/ Yoast SEO plugin. -->","yoast_head_json":{"title":"Proiecte implementate anul 2005-2009 - Centrul de Instruire \u00een Domeniul S\u0103n\u0103t\u0103\u0163ii Reproductive","robots":{"index":"index","follow":"follow","max-snippet":"max-snippet:-1","max-image-preview":"max-image-preview:large","max-video-preview":"max-video-preview:-1"},"canonical":"https:\/\/cidsr.md\/portofolio\/proiecte\/proiecte-implementate-anul-2005-2009\/","og_locale":"en_US","og_type":"article","og_title":"Proiecte implementate anul 2005-2009 - Centrul de Instruire \u00een Domeniul S\u0103n\u0103t\u0103\u0163ii Reproductive","og_description":"PROIECT:\u00a0Introduction of medical abortion in Tiraspol, Moldova Implementation period:\u00a02009 Donor:\u00a0 \u00a0Gynuity Health Projects Project Budget: 6.054 USD &nbsp; PROJECT:\u00a0Testing a pilot comprehensive abortion care intervention in Moldova Implementation period:\u00a02007-2009 Donor: WHO Project Budget: 54.085 USD &nbsp; PROJECT:\u00a0\u00a0Strategic Assessment of Abortion and Contraceptive Services in Republic of Moldova Implementation period:\u00a02005-2006 Donor:\u00a0\u00a0WHO,\u00a0Ipas Project Budget: 10.453 USD &nbsp; [&hellip;]","og_url":"https:\/\/cidsr.md\/portofolio\/proiecte\/proiecte-implementate-anul-2005-2009\/","og_site_name":"Centrul de Instruire \u00een Domeniul S\u0103n\u0103t\u0103\u0163ii Reproductive","article_modified_time":"2023-11-08T15:00:33+00:00","twitter_card":"summary_large_image","twitter_misc":{"Est. reading time":"1 minute"},"schema":{"@context":"https:\/\/schema.org","@graph":[{"@type":"WebPage","@id":"https:\/\/cidsr.md\/portofolio\/proiecte\/proiecte-implementate-anul-2005-2009\/","url":"https:\/\/cidsr.md\/portofolio\/proiecte\/proiecte-implementate-anul-2005-2009\/","name":"Proiecte implementate anul 2005-2009 - Centrul de Instruire \u00een Domeniul S\u0103n\u0103t\u0103\u0163ii Reproductive","isPartOf":{"@id":"https:\/\/cidsr.md\/#website"},"datePublished":"2023-11-03T16:15:44+00:00","dateModified":"2023-11-08T15:00:33+00:00","breadcrumb":{"@id":"https:\/\/cidsr.md\/portofolio\/proiecte\/proiecte-implementate-anul-2005-2009\/#breadcrumb"},"inLanguage":"en-US","potentialAction":[{"@type":"ReadAction","target":["https:\/\/cidsr.md\/portofolio\/proiecte\/proiecte-implementate-anul-2005-2009\/"]}]},{"@type":"BreadcrumbList","@id":"https:\/\/cidsr.md\/portofolio\/proiecte\/proiecte-implementate-anul-2005-2009\/#breadcrumb","itemListElement":[{"@type":"ListItem","position":1,"name":"\u0413\u043b\u0430\u0432\u043d\u0430\u044f \u0441\u0442\u0440\u0430\u043d\u0438\u0446\u0430","item":"https:\/\/new.cidsr.md\/"},{"@type":"ListItem","position":2,"name":"Portofoliu","item":"https:\/\/cidsr.md\/portofolio\/"},{"@type":"ListItem","position":3,"name":"Proiecte","item":"https:\/\/cidsr.md\/portofolio\/proiecte\/"},{"@type":"ListItem","position":4,"name":"Proiecte implementate anul 2005-2009"}]},{"@type":"WebSite","@id":"https:\/\/cidsr.md\/#website","url":"https:\/\/cidsr.md\/","name":"Centrul de Instruire \u00een Domeniul S\u0103n\u0103t\u0103\u0163ii Reproductive","description":"Promov\u0103m s\u0103n\u0103tatea \u0219i drepturile sexuale \u0219i reproductive!","potentialAction":[{"@type":"SearchAction","target":{"@type":"EntryPoint","urlTemplate":"https:\/\/cidsr.md\/?s={search_term_string}"},"query-input":"required name=search_term_string"}],"inLanguage":"en-US"}]}},"_links":{"self":[{"href":"https:\/\/cidsr.md\/en\/wp-json\/wp\/v2\/pages\/10999","targetHints":{"allow":["GET"]}}],"collection":[{"href":"https:\/\/cidsr.md\/en\/wp-json\/wp\/v2\/pages"}],"about":[{"href":"https:\/\/cidsr.md\/en\/wp-json\/wp\/v2\/types\/page"}],"author":[{"embeddable":true,"href":"https:\/\/cidsr.md\/en\/wp-json\/wp\/v2\/users\/4"}],"replies":[{"embeddable":true,"href":"https:\/\/cidsr.md\/en\/wp-json\/wp\/v2\/comments?post=10999"}],"version-history":[{"count":1,"href":"https:\/\/cidsr.md\/en\/wp-json\/wp\/v2\/pages\/10999\/revisions"}],"predecessor-version":[{"id":11151,"href":"https:\/\/cidsr.md\/en\/wp-json\/wp\/v2\/pages\/10999\/revisions\/11151"}],"up":[{"embeddable":true,"href":"https:\/\/cidsr.md\/en\/wp-json\/wp\/v2\/pages\/973"}],"wp:attachment":[{"href":"https:\/\/cidsr.md\/en\/wp-json\/wp\/v2\/media?parent=10999"}],"curies":[{"name":"wp","href":"https:\/\/api.w.org\/{rel}","templated":true}]}}