{"id":10979,"date":"2023-11-03T16:15:42","date_gmt":"2023-11-03T16:15:42","guid":{"rendered":"https:\/\/www.cidsr.md\/?page_id=3901"},"modified":"2023-11-09T11:37:18","modified_gmt":"2023-11-09T08:37:18","slug":"vizita-de-lucru-expertilor-oms-si-participantilor-din-cadrul-proiectului-saaf-transnistria-16-aprilie-2015","status":"publish","type":"page","link":"https:\/\/cidsr.md\/en\/regional\/sanatatea-reproductiva-transnistria\/activitatile-din-cadrul-proiectului-cresterea-calitatii-serviciilor-de-avort-integrate-cadrul-serviciilor-de-sanatate-reproductiva-transnistria\/vizita-de-lucru-expertilor-oms-si-participantilor-din-cadrul-proiectului-saaf-transnistria-16-aprilie-2015\/","title":{"rendered":"Work visit of WHO experts and SAAF project participants in Transnistria (in Romanian)","raw":"Work visit of WHO experts and SAAF project participants in Transnistria (in Romanian)"},"content":{"rendered":"<p>La data de 16 aprilie 2015 \u00een incinta\u00a0<a href=\"http:\/\/www.minzdravpmr.org\/\" target=\"_blank\" rel=\"noopener noreferrer\">Ministerului S\u0103n\u0103t\u0103\u021bii din Transnistria<\/a>\u00a0a avut loc o \u0219edin\u021b\u0103,\u00a0la care au participat Gunta Lazdane, Ronald Johnson, Larisa Boderscova \u2013 exper\u021bi ai<a href=\"http:\/\/who.int\/\" target=\"_blank\" rel=\"noopener noreferrer\">\u00a0Organiza\u021biei Mondiale a S\u0103n\u0103t\u0103\u021bii<\/a>; Tatiana Sripnic, Ministrul S\u0103n\u0103t\u0103\u021bii al Transnistriei, Rodica Comendant, director CIDSR \u0219i Natalia Slepuha, medic \u0219ef, Centrul Republican al Mamei \u0219i Copilului.<\/p>\n<p>In cadrul vizitei de lucru s-a discutat despre \u00a0activit\u0103\u021bile care urmeaz\u0103 a fi \u00eentreprinse \u00een Transnistria \u00een cadrul\u00a0proiectului SAAF: \u201eCre\u0219terea calit\u0103\u021bii serviciilor de avort integrate \u00een cadrul serviciilor de s\u0103n\u0103tate reproductive \u00een Transnistria\u201d\u00a0\u0219i s-au stabilit institu\u021biile medico-sanitare din regiune \u00een care\u00a0 urmeaz\u0103 a fi implementat\u00a0proiectul SAAF.<\/p>\n<p>Au fost prezentate pe scurt realiz\u0103rile\u00a0proiectului SAAF\u00a0din anul 2014.\u00a0Ministrul s\u0103n\u0103t\u0103\u021bii \u0219i-a exprimat sus\u021binerea \u00een realizarea \u0219i implementarea\u00a0proiectului SAAF.<\/p>\n","protected":false,"raw":"La data de 16 aprilie 2015 \u00een incinta\u00a0<a href=\"http:\/\/www.minzdravpmr.org\/\" target=\"_blank\" rel=\"noopener noreferrer\">Ministerului S\u0103n\u0103t\u0103\u021bii din Transnistria<\/a>\u00a0a avut loc o \u0219edin\u021b\u0103,\u00a0la care au participat Gunta Lazdane, Ronald Johnson, Larisa Boderscova \u2013 exper\u021bi ai<a href=\"http:\/\/who.int\/\" target=\"_blank\" rel=\"noopener noreferrer\">\u00a0Organiza\u021biei Mondiale a S\u0103n\u0103t\u0103\u021bii<\/a>; Tatiana Sripnic, Ministrul S\u0103n\u0103t\u0103\u021bii al Transnistriei, Rodica Comendant, director CIDSR \u0219i Natalia Slepuha, medic \u0219ef, Centrul Republican al Mamei \u0219i Copilului.\n\nIn cadrul vizitei de lucru s-a discutat despre \u00a0activit\u0103\u021bile care urmeaz\u0103 a fi \u00eentreprinse \u00een Transnistria \u00een cadrul\u00a0proiectului SAAF: \u201eCre\u0219terea calit\u0103\u021bii serviciilor de avort integrate \u00een cadrul serviciilor de s\u0103n\u0103tate reproductive \u00een Transnistria\u201d\u00a0\u0219i s-au stabilit institu\u021biile medico-sanitare din regiune \u00een care\u00a0 urmeaz\u0103 a fi implementat\u00a0proiectul SAAF.\n\nAu fost prezentate pe scurt realiz\u0103rile\u00a0proiectului SAAF\u00a0din anul 2014.\u00a0Ministrul s\u0103n\u0103t\u0103\u021bii \u0219i-a exprimat sus\u021binerea \u00een realizarea \u0219i implementarea\u00a0proiectului SAAF."},"excerpt":{"rendered":"","protected":false,"raw":""},"author":4,"featured_media":0,"parent":10974,"menu_order":999,"comment_status":"closed","ping_status":"closed","template":"page-text.php","meta":{"_acf_changed":false,"_ru_post_content":"16 \u0430\u043f\u0440\u0435\u043b\u044f 2015 \u0433\u043e\u0434\u0430 \u0432\u00a0<a href=\"http:\/\/www.minzdravpmr.org\/\" target=\"_blank\" rel=\"noopener noreferrer\">\u041c\u0438\u043d\u0438\u0441\u0442\u0435\u0440\u0441\u0442\u0432\u0435\u00a0\u0437\u0434\u0440\u0430\u0432\u043e\u043e\u0445\u0440\u0430\u043d\u0435\u043d\u0438\u044f \u041f\u0440\u0438\u0434\u043d\u0435\u0441\u0442\u0440\u043e\u0432\u0441\u043a\u043e\u0439 \u041c\u043e\u043b\u0434\u0430\u0432\u0441\u043a\u043e\u0439 \u0420\u0435\u0441\u043f\u0443\u0431\u043b\u0438\u043a\u0438<\/a>\u00a0\u043f\u0440\u043e\u0448\u043b\u0430 \u0432\u0441\u0442\u0440\u0435\u0447\u0430 \u0432 \u043a\u043e\u0442\u043e\u0440\u043e\u0439 \u0443\u0447\u0430\u0441\u0442\u0432\u043e\u0432\u0430\u043b\u0438:\u00a0\u0413\u0443\u043d\u0442\u0430 \u041b\u0430\u0437\u0434\u0430\u043d\u0435, \u0420\u043e\u043d\u0430\u043b\u044c\u0434 \u0414\u0436\u043e\u043d\u0441\u043e\u043d, \u041b\u0430\u0440\u0438\u0441\u0430 \u0411\u043e\u0434\u0435\u0440\u0441\u043a\u043e\u0432\u0430, \u043f\u0440\u0435\u0434\u0441\u0442\u0430\u0432\u0438\u0442\u0435\u043b\u0438\u00a0<a href=\"http:\/\/who.int\/\" target=\"_blank\" rel=\"noopener noreferrer\">\u0412\u0441\u0435\u043c\u0438\u0440\u043d\u043e\u0439 \u041e\u0440\u0433\u0430\u043d\u0438\u0437\u0430\u0446\u0438\u0438 \u0417\u0434\u0440\u0430\u0432\u043e\u043e\u0445\u0440\u0430\u043d\u0435\u043d\u0438\u044f (\u0412\u041e\u0417)<\/a>, \u0422\u0430\u0442\u044c\u044f\u043d\u0430 \u0421\u0435\u0440\u0433\u0435\u0435\u0432\u043d\u0430 \u0421\u043a\u0440\u044b\u043f\u043d\u0438\u043a, \u041c\u0438\u043d\u0438\u0441\u0442\u0440 \u0417\u0434\u0440\u0430\u0432\u043e\u043e\u0445\u0440\u0430\u043d\u0435\u043d\u0438\u044f \u041f\u0420\u041c, \u0420\u043e\u0434\u0438\u043a\u0430 \u041a\u043e\u043c\u0435\u043d\u0434\u0430\u043d\u0442,\u00a0\u0434\u0438\u0440\u0435\u043a\u0442\u043e\u0440\u00a0CIDSR \u0438 \u041d\u0430\u0442\u0430\u043b\u044c\u044f \u0412\u0430\u0441\u0438\u043b\u044c\u0435\u0432\u043d\u0430 \u0421\u043b\u0435\u043f\u0443\u0445\u0430, \u0433\u043b\u0430\u0432 \u0432\u0440\u0430\u0447 \u00ab\u0420\u0426\u041c\u0438\u0420\u00bb .\n\n\u0412 \u0445\u043e\u0434\u0435 \u0440\u0430\u0431\u043e\u0447\u0435\u0433\u043e \u0432\u0438\u0437\u0438\u0442\u0430\u00a0\u0431\u044b\u043b\u0438 \u043e\u0431\u0441\u0443\u0436\u0434\u0435\u043d\u044b \u0434\u0430\u043b\u044c\u043d\u0435\u0439\u0448\u0438\u0435 \u0448\u0430\u0433\u0438 \u0432 \u0440\u0430\u043c\u043a\u0430\u0445\u00a0\u043f\u0440\u043e\u0435\u043a\u0442\u0430 SAAF \u201c\u0423\u043b\u0443\u0447\u0448\u0435\u043d\u0438\u0435 \u043a\u0430\u0447\u0435\u0441\u0442\u0432\u0430 \u043e\u0431\u0441\u043b\u0443\u0436\u0438\u0432\u0430\u043d\u0438\u044f \u043f\u0440\u0438 \u043f\u0440\u0435\u0440\u044b\u0432\u0430\u043d\u0438\u0438 \u0431\u0435\u0440\u0435\u043c\u0435\u043d\u043d\u043e\u0441\u0442\u0438, \u0432 \u043a\u043e\u043d\u0442\u0435\u043a\u0441\u0442\u0435 \u0440\u0430\u0441\u0448\u0438\u0440\u0435\u043d\u043d\u043e\u0433\u043e \u043f\u0430\u043a\u0435\u0442\u0430 \u0443\u0441\u043b\u0443\u0433 \u0440\u0435\u043f\u0440\u043e\u0434\u0443\u043a\u0442\u0438\u0432\u043d\u043e\u0433\u043e \u0437\u0434\u043e\u0440\u043e\u0432\u044c\u044f \u0432 \u041f\u0440\u0438\u0434\u043d\u0435\u0441\u0442\u0440\u043e\u0432\u044c\u0435\u201d\u00a0\u0438 \u0443\u0441\u0442\u0430\u043d\u043e\u0432\u043b\u0435\u043d\u043e\u00a0 \u0432 \u043a\u0430\u043a\u0438\u0445 \u043c\u0435\u0434\u0438\u0446\u0438\u043d\u0441\u043a\u0438\u0445 \u0443\u0447\u0440\u0435\u0436\u0434\u0435\u043d\u0438\u044f\u0445 \u00a0\u0431\u0443\u0434\u0435\u0442 \u0432\u043d\u0435\u0434\u0440\u044f\u0442\u044c\u0441\u044f \u0431\u0435\u0437\u043e\u043f\u0430\u0441\u043d\u044b\u0439 \u0430\u0431\u043e\u0440\u0442.\n\n\u0411\u044b\u043b\u0438 \u043f\u0440\u0435\u0434\u0441\u0442\u0430\u0432\u043b\u0435\u043d\u044b \u0432\u043a\u0440\u0430\u0442\u0446\u0435 \u00a0\u0432\u0441\u0435 \u043c\u0435\u0440\u043e\u043f\u0440\u0438\u044f\u0442\u0438\u044f, \u043f\u0440\u043e\u0432\u0435\u0434\u0435\u043d\u043d\u044b\u0435 \u0432 \u043f\u0440\u043e\u0448\u043b\u043e\u043c \u0433\u043e\u0434\u0443. \u041c\u0438\u043d\u0438\u0441\u0442\u0440 \u0417\u0434\u0440\u0430\u0432\u043e\u043e\u0445\u0440\u0430\u043d\u0435\u043d\u0438\u044f \u0432\u044b\u0440\u0430\u0437\u0438\u043b \u0441\u0432\u043e\u044e \u043f\u043e\u0434\u0434\u0435\u0440\u0436\u043a\u0443 \u0432 \u043f\u043b\u0430\u043d\u0435 \u0440\u0435\u0430\u043b\u0438\u0437\u0430\u0446\u0438\u0438 \u043f\u0440\u043e\u0435\u043a\u0442\u0430 SAAF \u00a0\u0438 \u0433\u043e\u0442\u043e\u0432\u043d\u043e\u0441\u0442\u044c \u043a\u00a0\u043f\u0440\u043e\u0434\u0443\u043a\u0442\u0438\u0432\u043d\u043e\u043c\u0443 \u0441\u043e\u0442\u0440\u0443\u0434\u043d\u0438\u0447\u0435\u0441\u0442\u0432\u0443.","_ru_post_name":"vizita-de-lucru-expertilor-oms-si-participantilor-din-cadrul-proiectului-saaf-transnistria-16-aprilie-2015","_ru_post_excerpt":"","_ru_post_title":"\u0420\u0430\u0431\u043e\u0447\u0438\u0439 \u0432\u0438\u0437\u0438\u0442 \u044d\u043a\u0441\u043f\u0435\u0440\u0442\u043e\u0432 \u0412\u041e\u0417 \u0438 \u0443\u0447\u0430\u0441\u0442\u043d\u0438\u043a\u043e\u0432 \u043f\u0440\u043e\u0435\u043a\u0442\u0430 SAAF \u0432 \u041f\u0440\u0438\u0434\u043d\u0435\u0441\u0442\u0440\u043e\u0432\u044c\u0435","_en_post_content":"La data de 16 aprilie 2015 \u00een incinta\u00a0<a href=\"http:\/\/www.minzdravpmr.org\/\" target=\"_blank\" rel=\"noopener noreferrer\">Ministerului S\u0103n\u0103t\u0103\u021bii din Transnistria<\/a>\u00a0a avut loc o \u0219edin\u021b\u0103,\u00a0la care au participat Gunta Lazdane, Ronald Johnson, Larisa Boderscova \u2013 exper\u021bi ai<a href=\"http:\/\/who.int\/\" target=\"_blank\" rel=\"noopener noreferrer\">\u00a0Organiza\u021biei Mondiale a S\u0103n\u0103t\u0103\u021bii<\/a>; Tatiana Sripnic, Ministrul S\u0103n\u0103t\u0103\u021bii al Transnistriei, Rodica Comendant, director CIDSR \u0219i Natalia Slepuha, medic \u0219ef, Centrul Republican al Mamei \u0219i Copilului.\n\nIn cadrul vizitei de lucru s-a discutat despre \u00a0activit\u0103\u021bile care urmeaz\u0103 a fi \u00eentreprinse \u00een Transnistria \u00een cadrul\u00a0proiectului SAAF: \u201eCre\u0219terea calit\u0103\u021bii serviciilor de avort integrate \u00een cadrul serviciilor de s\u0103n\u0103tate reproductive \u00een Transnistria\u201d\u00a0\u0219i s-au stabilit institu\u021biile medico-sanitare din regiune \u00een care\u00a0 urmeaz\u0103 a fi implementat\u00a0proiectul SAAF.\n\nAu fost prezentate pe scurt realiz\u0103rile\u00a0proiectului SAAF\u00a0din anul 2014.\u00a0Ministrul s\u0103n\u0103t\u0103\u021bii \u0219i-a exprimat sus\u021binerea \u00een realizarea \u0219i implementarea\u00a0proiectului SAAF.","_en_post_name":"vizita-de-lucru-expertilor-oms-si-participantilor-din-cadrul-proiectului-saaf-transnistria-16-aprilie-2015","_en_post_excerpt":"","_en_post_title":"Work visit of WHO experts and SAAF project participants in Transnistria (in Romanian)","_ro_post_content":"La data de 16 aprilie 2015 \u00een incinta\u00a0<a href=\"http:\/\/www.minzdravpmr.org\/\" target=\"_blank\" rel=\"noopener noreferrer\">Ministerului S\u0103n\u0103t\u0103\u021bii din Transnistria<\/a>\u00a0a avut loc o \u0219edin\u021b\u0103,\u00a0la care au participat Gunta Lazdane, Ronald Johnson, Larisa Boderscova \u2013 exper\u021bi ai<a href=\"http:\/\/who.int\/\" target=\"_blank\" rel=\"noopener noreferrer\">\u00a0Organiza\u021biei Mondiale a S\u0103n\u0103t\u0103\u021bii<\/a>; Tatiana Sripnic, Ministrul S\u0103n\u0103t\u0103\u021bii al Transnistriei, Rodica Comendant, director, Centrul de Instruire \u00een Domeniul S\u0103n\u0103t\u0103\u021bii Reproductive (CIDSR) \u0219i Natalia Slepuha, medic \u0219ef, Centrul Republican al Mamei \u0219i Copilului.\r\n\r\nIn cadrul vizitei de lucru s-a discutat despre \u00a0activit\u0103\u021bile care urmeaz\u0103 a fi \u00eentreprinse \u00een Transnistria \u00een cadrul\u00a0proiectului SAAF: \u201eCre\u0219terea calit\u0103\u021bii serviciilor de avort integrate \u00een cadrul serviciilor de s\u0103n\u0103tate reproductive \u00een Transnistria\u201d\u00a0\u0219i s-au stabilit institu\u021biile medico-sanitare din regiune \u00een care\u00a0 urmeaz\u0103 a fi implementat\u00a0proiectul SAAF.\r\n\r\nAu fost prezentate pe scurt realiz\u0103rile\u00a0proiectului SAAF\u00a0din anul 2014.\u00a0Ministrul s\u0103n\u0103t\u0103\u021bii \u0219i-a exprimat sus\u021binerea \u00een realizarea \u0219i implementarea\u00a0proiectului SAAF.","_ro_post_name":"vizita-de-lucru-expertilor-oms-si-participantilor-din-cadrul-proiectului-saaf-transnistria-16-aprilie-2015","_ro_post_excerpt":"","_ro_post_title":"Vizita de lucru a exper\u021bilor OMS \u0219i participan\u0163ilor din cadrul proiectului SAAF in Transnistria, 16 aprilie 2015","edit_language":"en","footnotes":""},"class_list":["post-10979","page","type-page","status-publish","hentry"],"acf":[],"yoast_head":"<!-- This site is optimized with the Yoast SEO plugin v22.0 - https:\/\/yoast.com\/wordpress\/plugins\/seo\/ -->\n<title>Vizita de lucru a exper\u021bilor OMS \u0219i participan\u0163ilor din cadrul proiectului SAAF in Transnistria, 16 aprilie 2015 - Centrul de Instruire \u00een Domeniul S\u0103n\u0103t\u0103\u0163ii Reproductive<\/title>\n<meta name=\"robots\" content=\"index, follow, max-snippet:-1, max-image-preview:large, max-video-preview:-1\" \/>\n<link rel=\"canonical\" href=\"https:\/\/cidsr.md\/regional\/sanatatea-reproductiva-transnistria\/activitatile-din-cadrul-proiectului-cresterea-calitatii-serviciilor-de-avort-integrate-cadrul-serviciilor-de-sanatate-reproductiva-transnistria\/vizita-de-lucru-expertilor-oms-si-participantilor-din-cadrul-proiectului-saaf-transnistria-16-aprilie-2015\/\" \/>\n<meta property=\"og:locale\" content=\"en_US\" \/>\n<meta property=\"og:type\" content=\"article\" \/>\n<meta property=\"og:title\" content=\"Vizita de lucru a exper\u021bilor OMS \u0219i participan\u0163ilor din cadrul proiectului SAAF in Transnistria, 16 aprilie 2015 - Centrul de Instruire \u00een Domeniul S\u0103n\u0103t\u0103\u0163ii Reproductive\" \/>\n<meta property=\"og:description\" content=\"La data de 16 aprilie 2015 \u00een incinta\u00a0Ministerului S\u0103n\u0103t\u0103\u021bii din Transnistria\u00a0a avut loc o \u0219edin\u021b\u0103,\u00a0la care au participat Gunta Lazdane, Ronald Johnson, Larisa Boderscova \u2013 exper\u021bi ai\u00a0Organiza\u021biei Mondiale a S\u0103n\u0103t\u0103\u021bii; Tatiana Sripnic, Ministrul S\u0103n\u0103t\u0103\u021bii al Transnistriei, Rodica Comendant, director CIDSR \u0219i Natalia Slepuha, medic \u0219ef, Centrul Republican al Mamei \u0219i Copilului. In cadrul vizitei de [&hellip;]\" \/>\n<meta property=\"og:url\" content=\"https:\/\/cidsr.md\/regional\/sanatatea-reproductiva-transnistria\/activitatile-din-cadrul-proiectului-cresterea-calitatii-serviciilor-de-avort-integrate-cadrul-serviciilor-de-sanatate-reproductiva-transnistria\/vizita-de-lucru-expertilor-oms-si-participantilor-din-cadrul-proiectului-saaf-transnistria-16-aprilie-2015\/\" \/>\n<meta property=\"og:site_name\" content=\"Centrul de Instruire \u00een Domeniul S\u0103n\u0103t\u0103\u0163ii Reproductive\" \/>\n<meta property=\"article:modified_time\" content=\"2023-11-09T08:37:18+00:00\" \/>\n<meta name=\"twitter:card\" content=\"summary_large_image\" \/>\n<meta name=\"twitter:label1\" content=\"Est. reading time\" \/>\n\t<meta name=\"twitter:data1\" content=\"1 minute\" \/>\n<script type=\"application\/ld+json\" class=\"yoast-schema-graph\">{\"@context\":\"https:\/\/schema.org\",\"@graph\":[{\"@type\":\"WebPage\",\"@id\":\"https:\/\/cidsr.md\/regional\/sanatatea-reproductiva-transnistria\/activitatile-din-cadrul-proiectului-cresterea-calitatii-serviciilor-de-avort-integrate-cadrul-serviciilor-de-sanatate-reproductiva-transnistria\/vizita-de-lucru-expertilor-oms-si-participantilor-din-cadrul-proiectului-saaf-transnistria-16-aprilie-2015\/\",\"url\":\"https:\/\/cidsr.md\/regional\/sanatatea-reproductiva-transnistria\/activitatile-din-cadrul-proiectului-cresterea-calitatii-serviciilor-de-avort-integrate-cadrul-serviciilor-de-sanatate-reproductiva-transnistria\/vizita-de-lucru-expertilor-oms-si-participantilor-din-cadrul-proiectului-saaf-transnistria-16-aprilie-2015\/\",\"name\":\"Vizita de lucru a exper\u021bilor OMS \u0219i participan\u0163ilor din cadrul proiectului SAAF in Transnistria, 16 aprilie 2015 - Centrul de Instruire \u00een Domeniul S\u0103n\u0103t\u0103\u0163ii Reproductive\",\"isPartOf\":{\"@id\":\"https:\/\/cidsr.md\/#website\"},\"datePublished\":\"2023-11-03T16:15:42+00:00\",\"dateModified\":\"2023-11-09T08:37:18+00:00\",\"breadcrumb\":{\"@id\":\"https:\/\/cidsr.md\/regional\/sanatatea-reproductiva-transnistria\/activitatile-din-cadrul-proiectului-cresterea-calitatii-serviciilor-de-avort-integrate-cadrul-serviciilor-de-sanatate-reproductiva-transnistria\/vizita-de-lucru-expertilor-oms-si-participantilor-din-cadrul-proiectului-saaf-transnistria-16-aprilie-2015\/#breadcrumb\"},\"inLanguage\":\"en-US\",\"potentialAction\":[{\"@type\":\"ReadAction\",\"target\":[\"https:\/\/cidsr.md\/regional\/sanatatea-reproductiva-transnistria\/activitatile-din-cadrul-proiectului-cresterea-calitatii-serviciilor-de-avort-integrate-cadrul-serviciilor-de-sanatate-reproductiva-transnistria\/vizita-de-lucru-expertilor-oms-si-participantilor-din-cadrul-proiectului-saaf-transnistria-16-aprilie-2015\/\"]}]},{\"@type\":\"BreadcrumbList\",\"@id\":\"https:\/\/cidsr.md\/regional\/sanatatea-reproductiva-transnistria\/activitatile-din-cadrul-proiectului-cresterea-calitatii-serviciilor-de-avort-integrate-cadrul-serviciilor-de-sanatate-reproductiva-transnistria\/vizita-de-lucru-expertilor-oms-si-participantilor-din-cadrul-proiectului-saaf-transnistria-16-aprilie-2015\/#breadcrumb\",\"itemListElement\":[{\"@type\":\"ListItem\",\"position\":1,\"name\":\"\u0413\u043b\u0430\u0432\u043d\u0430\u044f \u0441\u0442\u0440\u0430\u043d\u0438\u0446\u0430\",\"item\":\"https:\/\/new.cidsr.md\/\"},{\"@type\":\"ListItem\",\"position\":2,\"name\":\"Coali\u021bia regional\u0103\",\"item\":\"https:\/\/cidsr.md\/regional\/\"},{\"@type\":\"ListItem\",\"position\":3,\"name\":\"S\u0103n\u0103tatea reproductiv\u0103 \u00een Transnistria\",\"item\":\"https:\/\/cidsr.md\/regional\/sanatatea-reproductiva-transnistria\/\"},{\"@type\":\"ListItem\",\"position\":4,\"name\":\"Activit\u0103\u021bile din cadrul proiectului \u201cCre\u0219terea calit\u0103\u021bii serviciilor de avort integrate \u00een cadrul serviciilor de s\u0103n\u0103tate reproductive \u00een Transnistria\u201d SAAF\",\"item\":\"https:\/\/cidsr.md\/regional\/sanatatea-reproductiva-transnistria\/activitatile-din-cadrul-proiectului-cresterea-calitatii-serviciilor-de-avort-integrate-cadrul-serviciilor-de-sanatate-reproductiva-transnistria\/\"},{\"@type\":\"ListItem\",\"position\":5,\"name\":\"Vizita de lucru a exper\u021bilor OMS \u0219i participan\u0163ilor din cadrul proiectului SAAF in Transnistria, 16 aprilie 2015\"}]},{\"@type\":\"WebSite\",\"@id\":\"https:\/\/cidsr.md\/#website\",\"url\":\"https:\/\/cidsr.md\/\",\"name\":\"Centrul de Instruire \u00een Domeniul S\u0103n\u0103t\u0103\u0163ii Reproductive\",\"description\":\"Promov\u0103m s\u0103n\u0103tatea \u0219i drepturile sexuale \u0219i reproductive!\",\"potentialAction\":[{\"@type\":\"SearchAction\",\"target\":{\"@type\":\"EntryPoint\",\"urlTemplate\":\"https:\/\/cidsr.md\/?s={search_term_string}\"},\"query-input\":\"required name=search_term_string\"}],\"inLanguage\":\"en-US\"}]}<\/script>\n<!-- \/ Yoast SEO plugin. -->","yoast_head_json":{"title":"Vizita de lucru a exper\u021bilor OMS \u0219i participan\u0163ilor din cadrul proiectului SAAF in Transnistria, 16 aprilie 2015 - Centrul de Instruire \u00een Domeniul S\u0103n\u0103t\u0103\u0163ii Reproductive","robots":{"index":"index","follow":"follow","max-snippet":"max-snippet:-1","max-image-preview":"max-image-preview:large","max-video-preview":"max-video-preview:-1"},"canonical":"https:\/\/cidsr.md\/regional\/sanatatea-reproductiva-transnistria\/activitatile-din-cadrul-proiectului-cresterea-calitatii-serviciilor-de-avort-integrate-cadrul-serviciilor-de-sanatate-reproductiva-transnistria\/vizita-de-lucru-expertilor-oms-si-participantilor-din-cadrul-proiectului-saaf-transnistria-16-aprilie-2015\/","og_locale":"en_US","og_type":"article","og_title":"Vizita de lucru a exper\u021bilor OMS \u0219i participan\u0163ilor din cadrul proiectului SAAF in Transnistria, 16 aprilie 2015 - Centrul de Instruire \u00een Domeniul S\u0103n\u0103t\u0103\u0163ii Reproductive","og_description":"La data de 16 aprilie 2015 \u00een incinta\u00a0Ministerului S\u0103n\u0103t\u0103\u021bii din Transnistria\u00a0a avut loc o \u0219edin\u021b\u0103,\u00a0la care au participat Gunta Lazdane, Ronald Johnson, Larisa Boderscova \u2013 exper\u021bi ai\u00a0Organiza\u021biei Mondiale a S\u0103n\u0103t\u0103\u021bii; Tatiana Sripnic, Ministrul S\u0103n\u0103t\u0103\u021bii al Transnistriei, Rodica Comendant, director CIDSR \u0219i Natalia Slepuha, medic \u0219ef, Centrul Republican al Mamei \u0219i Copilului. In cadrul vizitei de [&hellip;]","og_url":"https:\/\/cidsr.md\/regional\/sanatatea-reproductiva-transnistria\/activitatile-din-cadrul-proiectului-cresterea-calitatii-serviciilor-de-avort-integrate-cadrul-serviciilor-de-sanatate-reproductiva-transnistria\/vizita-de-lucru-expertilor-oms-si-participantilor-din-cadrul-proiectului-saaf-transnistria-16-aprilie-2015\/","og_site_name":"Centrul de Instruire \u00een Domeniul S\u0103n\u0103t\u0103\u0163ii Reproductive","article_modified_time":"2023-11-09T08:37:18+00:00","twitter_card":"summary_large_image","twitter_misc":{"Est. reading time":"1 minute"},"schema":{"@context":"https:\/\/schema.org","@graph":[{"@type":"WebPage","@id":"https:\/\/cidsr.md\/regional\/sanatatea-reproductiva-transnistria\/activitatile-din-cadrul-proiectului-cresterea-calitatii-serviciilor-de-avort-integrate-cadrul-serviciilor-de-sanatate-reproductiva-transnistria\/vizita-de-lucru-expertilor-oms-si-participantilor-din-cadrul-proiectului-saaf-transnistria-16-aprilie-2015\/","url":"https:\/\/cidsr.md\/regional\/sanatatea-reproductiva-transnistria\/activitatile-din-cadrul-proiectului-cresterea-calitatii-serviciilor-de-avort-integrate-cadrul-serviciilor-de-sanatate-reproductiva-transnistria\/vizita-de-lucru-expertilor-oms-si-participantilor-din-cadrul-proiectului-saaf-transnistria-16-aprilie-2015\/","name":"Vizita de lucru a exper\u021bilor OMS \u0219i participan\u0163ilor din cadrul proiectului SAAF in Transnistria, 16 aprilie 2015 - Centrul de Instruire \u00een Domeniul S\u0103n\u0103t\u0103\u0163ii Reproductive","isPartOf":{"@id":"https:\/\/cidsr.md\/#website"},"datePublished":"2023-11-03T16:15:42+00:00","dateModified":"2023-11-09T08:37:18+00:00","breadcrumb":{"@id":"https:\/\/cidsr.md\/regional\/sanatatea-reproductiva-transnistria\/activitatile-din-cadrul-proiectului-cresterea-calitatii-serviciilor-de-avort-integrate-cadrul-serviciilor-de-sanatate-reproductiva-transnistria\/vizita-de-lucru-expertilor-oms-si-participantilor-din-cadrul-proiectului-saaf-transnistria-16-aprilie-2015\/#breadcrumb"},"inLanguage":"en-US","potentialAction":[{"@type":"ReadAction","target":["https:\/\/cidsr.md\/regional\/sanatatea-reproductiva-transnistria\/activitatile-din-cadrul-proiectului-cresterea-calitatii-serviciilor-de-avort-integrate-cadrul-serviciilor-de-sanatate-reproductiva-transnistria\/vizita-de-lucru-expertilor-oms-si-participantilor-din-cadrul-proiectului-saaf-transnistria-16-aprilie-2015\/"]}]},{"@type":"BreadcrumbList","@id":"https:\/\/cidsr.md\/regional\/sanatatea-reproductiva-transnistria\/activitatile-din-cadrul-proiectului-cresterea-calitatii-serviciilor-de-avort-integrate-cadrul-serviciilor-de-sanatate-reproductiva-transnistria\/vizita-de-lucru-expertilor-oms-si-participantilor-din-cadrul-proiectului-saaf-transnistria-16-aprilie-2015\/#breadcrumb","itemListElement":[{"@type":"ListItem","position":1,"name":"\u0413\u043b\u0430\u0432\u043d\u0430\u044f \u0441\u0442\u0440\u0430\u043d\u0438\u0446\u0430","item":"https:\/\/new.cidsr.md\/"},{"@type":"ListItem","position":2,"name":"Coali\u021bia regional\u0103","item":"https:\/\/cidsr.md\/regional\/"},{"@type":"ListItem","position":3,"name":"S\u0103n\u0103tatea reproductiv\u0103 \u00een Transnistria","item":"https:\/\/cidsr.md\/regional\/sanatatea-reproductiva-transnistria\/"},{"@type":"ListItem","position":4,"name":"Activit\u0103\u021bile din cadrul proiectului \u201cCre\u0219terea calit\u0103\u021bii serviciilor de avort integrate \u00een cadrul serviciilor de s\u0103n\u0103tate reproductive \u00een Transnistria\u201d SAAF","item":"https:\/\/cidsr.md\/regional\/sanatatea-reproductiva-transnistria\/activitatile-din-cadrul-proiectului-cresterea-calitatii-serviciilor-de-avort-integrate-cadrul-serviciilor-de-sanatate-reproductiva-transnistria\/"},{"@type":"ListItem","position":5,"name":"Vizita de lucru a exper\u021bilor OMS \u0219i participan\u0163ilor din cadrul proiectului SAAF in Transnistria, 16 aprilie 2015"}]},{"@type":"WebSite","@id":"https:\/\/cidsr.md\/#website","url":"https:\/\/cidsr.md\/","name":"Centrul de Instruire \u00een Domeniul S\u0103n\u0103t\u0103\u0163ii Reproductive","description":"Promov\u0103m s\u0103n\u0103tatea \u0219i drepturile sexuale \u0219i reproductive!","potentialAction":[{"@type":"SearchAction","target":{"@type":"EntryPoint","urlTemplate":"https:\/\/cidsr.md\/?s={search_term_string}"},"query-input":"required name=search_term_string"}],"inLanguage":"en-US"}]}},"_links":{"self":[{"href":"https:\/\/cidsr.md\/en\/wp-json\/wp\/v2\/pages\/10979","targetHints":{"allow":["GET"]}}],"collection":[{"href":"https:\/\/cidsr.md\/en\/wp-json\/wp\/v2\/pages"}],"about":[{"href":"https:\/\/cidsr.md\/en\/wp-json\/wp\/v2\/types\/page"}],"author":[{"embeddable":true,"href":"https:\/\/cidsr.md\/en\/wp-json\/wp\/v2\/users\/4"}],"replies":[{"embeddable":true,"href":"https:\/\/cidsr.md\/en\/wp-json\/wp\/v2\/comments?post=10979"}],"version-history":[{"count":1,"href":"https:\/\/cidsr.md\/en\/wp-json\/wp\/v2\/pages\/10979\/revisions"}],"predecessor-version":[{"id":11224,"href":"https:\/\/cidsr.md\/en\/wp-json\/wp\/v2\/pages\/10979\/revisions\/11224"}],"up":[{"embeddable":true,"href":"https:\/\/cidsr.md\/en\/wp-json\/wp\/v2\/pages\/10974"}],"wp:attachment":[{"href":"https:\/\/cidsr.md\/en\/wp-json\/wp\/v2\/media?parent=10979"}],"curies":[{"name":"wp","href":"https:\/\/api.w.org\/{rel}","templated":true}]}}