{"id":10943,"date":"2023-11-03T16:15:40","date_gmt":"2023-11-03T16:15:40","guid":{"rendered":"http:\/\/www.sanatateafemeii.md\/?page_id=2006"},"modified":"2023-11-08T17:22:24","modified_gmt":"2023-11-08T14:22:24","slug":"statistici","status":"publish","type":"page","link":"https:\/\/cidsr.md\/en\/resurses\/drepturi-sexuale-si-reproductive\/statistici\/","title":{"rendered":"Statistics","raw":"Statistics"},"content":{"rendered":"<div>\n<table>\n<tbody>\n<tr>\n<td><a href=\"https:\/\/cidsr.md\/wp-content\/uploads\/2016\/09\/MIC13.jpg\" target=\"_blank\" rel=\"noopener\"><img loading=\"lazy\" decoding=\"async\" class=\"wp-image-2151 aligncenter\" src=\"https:\/\/cidsr.md\/wp-content\/uploads\/2016\/09\/MIC13.jpg\" alt=\"mic13\" width=\"338\" height=\"242\" \/><\/a><\/td>\n<td><a href=\"https:\/\/cidsr.md\/wp-content\/uploads\/2016\/09\/MIC14.jpg\" target=\"_blank\" rel=\"noopener\"><img loading=\"lazy\" decoding=\"async\" class=\"wp-image-2152 aligncenter\" src=\"https:\/\/cidsr.md\/wp-content\/uploads\/2016\/09\/MIC14.jpg\" alt=\"mic14\" width=\"338\" height=\"242\" \/><\/a><\/td>\n<\/tr>\n<\/tbody>\n<\/table>\n<\/div>\n<div>\n<table>\n<tbody>\n<tr>\n<td><a href=\"https:\/\/cidsr.md\/wp-content\/uploads\/2016\/09\/MIC17.jpg\" target=\"_blank\" rel=\"noopener\"><img loading=\"lazy\" decoding=\"async\" class=\"wp-image-2153 aligncenter\" src=\"https:\/\/cidsr.md\/wp-content\/uploads\/2016\/09\/MIC17.jpg\" alt=\"mic17\" width=\"338\" height=\"242\" \/><\/a><\/td>\n<td><a href=\"https:\/\/cidsr.md\/wp-content\/uploads\/2016\/09\/MIC18.jpg\" target=\"_blank\" rel=\"noopener\"><img loading=\"lazy\" decoding=\"async\" class=\"wp-image-2154 aligncenter\" src=\"https:\/\/cidsr.md\/wp-content\/uploads\/2016\/09\/MIC18.jpg\" alt=\"mic18\" width=\"338\" height=\"242\" \/><\/a><\/td>\n<\/tr>\n<\/tbody>\n<\/table>\n<\/div>\n","protected":false,"raw":"<div>\r\n<table>\r\n<tbody>\r\n<tr>\r\n<td><a href=\"https:\/\/cidsr.md\/wp-content\/uploads\/2016\/09\/MIC13.jpg\" target=\"_blank\" rel=\"noopener\"><img class=\"wp-image-2151 aligncenter\" src=\"https:\/\/cidsr.md\/wp-content\/uploads\/2016\/09\/MIC13.jpg\" alt=\"mic13\" width=\"338\" height=\"242\" \/><\/a><\/td>\r\n<td><a href=\"https:\/\/cidsr.md\/wp-content\/uploads\/2016\/09\/MIC14.jpg\" target=\"_blank\" rel=\"noopener\"><img class=\"wp-image-2152 aligncenter\" src=\"https:\/\/cidsr.md\/wp-content\/uploads\/2016\/09\/MIC14.jpg\" alt=\"mic14\" width=\"338\" height=\"242\" \/><\/a><\/td>\r\n<\/tr>\r\n<\/tbody>\r\n<\/table>\r\n<\/div>\r\n<div>\r\n<table>\r\n<tbody>\r\n<tr>\r\n<td><a href=\"https:\/\/cidsr.md\/wp-content\/uploads\/2016\/09\/MIC17.jpg\" target=\"_blank\" rel=\"noopener\"><img class=\"wp-image-2153 aligncenter\" src=\"https:\/\/cidsr.md\/wp-content\/uploads\/2016\/09\/MIC17.jpg\" alt=\"mic17\" width=\"338\" height=\"242\" \/><\/a><\/td>\r\n<td><a href=\"https:\/\/cidsr.md\/wp-content\/uploads\/2016\/09\/MIC18.jpg\" target=\"_blank\" rel=\"noopener\"><img class=\"wp-image-2154 aligncenter\" src=\"https:\/\/cidsr.md\/wp-content\/uploads\/2016\/09\/MIC18.jpg\" alt=\"mic18\" width=\"338\" height=\"242\" \/><\/a><\/td>\r\n<\/tr>\r\n<\/tbody>\r\n<\/table>\r\n<\/div>"},"excerpt":{"rendered":"","protected":false,"raw":""},"author":4,"featured_media":0,"parent":991,"menu_order":999,"comment_status":"closed","ping_status":"closed","template":"page-text.php","meta":{"_acf_changed":false,"_ru_post_content":"<div>\r\n<table>\r\n<tbody>\r\n<tr>\r\n<td><a href=\"https:\/\/cidsr.md\/wp-content\/uploads\/2016\/09\/MIC13.jpg\" target=\"_blank\" rel=\"noopener\"><img class=\"wp-image-2151 aligncenter\" src=\"https:\/\/cidsr.md\/wp-content\/uploads\/2016\/09\/MIC13.jpg\" alt=\"mic13\" width=\"338\" height=\"242\" \/><\/a><\/td>\r\n<td><a href=\"https:\/\/cidsr.md\/wp-content\/uploads\/2016\/09\/MIC14.jpg\" target=\"_blank\" rel=\"noopener\"><img class=\"wp-image-2152 aligncenter\" src=\"https:\/\/cidsr.md\/wp-content\/uploads\/2016\/09\/MIC14.jpg\" alt=\"mic14\" width=\"338\" height=\"242\" \/><\/a><\/td>\r\n<\/tr>\r\n<\/tbody>\r\n<\/table>\r\n<\/div>\r\n<div>\r\n<table>\r\n<tbody>\r\n<tr>\r\n<td><a href=\"https:\/\/cidsr.md\/wp-content\/uploads\/2016\/09\/MIC17.jpg\" target=\"_blank\" rel=\"noopener\"><img class=\"wp-image-2153 aligncenter\" src=\"https:\/\/cidsr.md\/wp-content\/uploads\/2016\/09\/MIC17.jpg\" alt=\"mic17\" width=\"338\" height=\"242\" \/><\/a><\/td>\r\n<td><a href=\"https:\/\/cidsr.md\/wp-content\/uploads\/2016\/09\/MIC18.jpg\" target=\"_blank\" rel=\"noopener\"><img class=\"wp-image-2154 aligncenter\" src=\"https:\/\/cidsr.md\/wp-content\/uploads\/2016\/09\/MIC18.jpg\" alt=\"mic18\" width=\"338\" height=\"242\" \/><\/a><\/td>\r\n<\/tr>\r\n<\/tbody>\r\n<\/table>\r\n<\/div>","_ru_post_name":"statistici","_ru_post_excerpt":"","_ru_post_title":"C\u0442\u0430\u0442\u0438\u0441\u0442\u0438\u043a\u0430","_en_post_content":"<div>\r\n<table>\r\n<tbody>\r\n<tr>\r\n<td><a href=\"https:\/\/cidsr.md\/wp-content\/uploads\/2016\/09\/MIC13.jpg\" target=\"_blank\" rel=\"noopener\"><img class=\"wp-image-2151 aligncenter\" src=\"https:\/\/cidsr.md\/wp-content\/uploads\/2016\/09\/MIC13.jpg\" alt=\"mic13\" width=\"338\" height=\"242\" \/><\/a><\/td>\r\n<td><a href=\"https:\/\/cidsr.md\/wp-content\/uploads\/2016\/09\/MIC14.jpg\" target=\"_blank\" rel=\"noopener\"><img class=\"wp-image-2152 aligncenter\" src=\"https:\/\/cidsr.md\/wp-content\/uploads\/2016\/09\/MIC14.jpg\" alt=\"mic14\" width=\"338\" height=\"242\" \/><\/a><\/td>\r\n<\/tr>\r\n<\/tbody>\r\n<\/table>\r\n<\/div>\r\n<div>\r\n<table>\r\n<tbody>\r\n<tr>\r\n<td><a href=\"https:\/\/cidsr.md\/wp-content\/uploads\/2016\/09\/MIC17.jpg\" target=\"_blank\" rel=\"noopener\"><img class=\"wp-image-2153 aligncenter\" src=\"https:\/\/cidsr.md\/wp-content\/uploads\/2016\/09\/MIC17.jpg\" alt=\"mic17\" width=\"338\" height=\"242\" \/><\/a><\/td>\r\n<td><a href=\"https:\/\/cidsr.md\/wp-content\/uploads\/2016\/09\/MIC18.jpg\" target=\"_blank\" rel=\"noopener\"><img class=\"wp-image-2154 aligncenter\" src=\"https:\/\/cidsr.md\/wp-content\/uploads\/2016\/09\/MIC18.jpg\" alt=\"mic18\" width=\"338\" height=\"242\" \/><\/a><\/td>\r\n<\/tr>\r\n<\/tbody>\r\n<\/table>\r\n<\/div>","_en_post_name":"statistici","_en_post_excerpt":"","_en_post_title":"Statistics","_ro_post_content":"<div>\r\n<table>\r\n<tbody>\r\n<tr>\r\n<td><a href=\"https:\/\/cidsr.md\/wp-content\/uploads\/2016\/09\/MIC13.jpg\" target=\"_blank\" rel=\"noopener\"><img class=\"wp-image-2151 aligncenter\" src=\"https:\/\/cidsr.md\/wp-content\/uploads\/2016\/09\/MIC13.jpg\" alt=\"mic13\" width=\"338\" height=\"242\" \/><\/a><\/td>\r\n<td><a href=\"https:\/\/cidsr.md\/wp-content\/uploads\/2016\/09\/MIC14.jpg\" target=\"_blank\" rel=\"noopener\"><img class=\"wp-image-2152 aligncenter\" src=\"https:\/\/cidsr.md\/wp-content\/uploads\/2016\/09\/MIC14.jpg\" alt=\"mic14\" width=\"338\" height=\"242\" \/><\/a><\/td>\r\n<\/tr>\r\n<\/tbody>\r\n<\/table>\r\n<\/div>\r\n<div>\r\n<table>\r\n<tbody>\r\n<tr>\r\n<td><a href=\"https:\/\/cidsr.md\/wp-content\/uploads\/2016\/09\/MIC17.jpg\" target=\"_blank\" rel=\"noopener\"><img class=\"wp-image-2153 aligncenter\" src=\"https:\/\/cidsr.md\/wp-content\/uploads\/2016\/09\/MIC17.jpg\" alt=\"mic17\" width=\"338\" height=\"242\" \/><\/a><\/td>\r\n<td><a href=\"https:\/\/cidsr.md\/wp-content\/uploads\/2016\/09\/MIC18.jpg\" target=\"_blank\" rel=\"noopener\"><img class=\"wp-image-2154 aligncenter\" src=\"https:\/\/cidsr.md\/wp-content\/uploads\/2016\/09\/MIC18.jpg\" alt=\"mic18\" width=\"338\" height=\"242\" \/><\/a><\/td>\r\n<\/tr>\r\n<\/tbody>\r\n<\/table>\r\n<\/div>","_ro_post_name":"statistici","_ro_post_excerpt":"","_ro_post_title":"Statistici","edit_language":"en","footnotes":""},"class_list":["post-10943","page","type-page","status-publish","hentry"],"acf":[],"yoast_head":"<!-- This site is optimized with the Yoast SEO plugin v22.0 - https:\/\/yoast.com\/wordpress\/plugins\/seo\/ -->\n<title>Statistici - Centrul de Instruire \u00een Domeniul S\u0103n\u0103t\u0103\u0163ii Reproductive<\/title>\n<meta name=\"robots\" content=\"index, follow, max-snippet:-1, max-image-preview:large, max-video-preview:-1\" \/>\n<link rel=\"canonical\" href=\"https:\/\/cidsr.md\/resurses\/drepturi-sexuale-si-reproductive\/statistici\/\" \/>\n<meta property=\"og:locale\" content=\"en_US\" \/>\n<meta property=\"og:type\" content=\"article\" \/>\n<meta property=\"og:title\" content=\"Statistici - Centrul de Instruire \u00een Domeniul S\u0103n\u0103t\u0103\u0163ii Reproductive\" \/>\n<meta property=\"og:url\" content=\"https:\/\/cidsr.md\/resurses\/drepturi-sexuale-si-reproductive\/statistici\/\" \/>\n<meta property=\"og:site_name\" content=\"Centrul de Instruire \u00een Domeniul S\u0103n\u0103t\u0103\u0163ii Reproductive\" \/>\n<meta property=\"article:modified_time\" content=\"2023-11-08T14:22:24+00:00\" \/>\n<meta property=\"og:image\" content=\"https:\/\/cidsr.md\/wp-content\/uploads\/2016\/09\/MIC13.jpg\" \/>\n<meta name=\"twitter:card\" content=\"summary_large_image\" \/>\n<script type=\"application\/ld+json\" class=\"yoast-schema-graph\">{\"@context\":\"https:\/\/schema.org\",\"@graph\":[{\"@type\":\"WebPage\",\"@id\":\"https:\/\/cidsr.md\/resurses\/drepturi-sexuale-si-reproductive\/statistici\/\",\"url\":\"https:\/\/cidsr.md\/resurses\/drepturi-sexuale-si-reproductive\/statistici\/\",\"name\":\"Statistici - Centrul de Instruire \u00een Domeniul S\u0103n\u0103t\u0103\u0163ii Reproductive\",\"isPartOf\":{\"@id\":\"https:\/\/cidsr.md\/#website\"},\"datePublished\":\"2023-11-03T16:15:40+00:00\",\"dateModified\":\"2023-11-08T14:22:24+00:00\",\"breadcrumb\":{\"@id\":\"https:\/\/cidsr.md\/resurses\/drepturi-sexuale-si-reproductive\/statistici\/#breadcrumb\"},\"inLanguage\":\"en-US\",\"potentialAction\":[{\"@type\":\"ReadAction\",\"target\":[\"https:\/\/cidsr.md\/resurses\/drepturi-sexuale-si-reproductive\/statistici\/\"]}]},{\"@type\":\"BreadcrumbList\",\"@id\":\"https:\/\/cidsr.md\/resurses\/drepturi-sexuale-si-reproductive\/statistici\/#breadcrumb\",\"itemListElement\":[{\"@type\":\"ListItem\",\"position\":1,\"name\":\"\u0413\u043b\u0430\u0432\u043d\u0430\u044f \u0441\u0442\u0440\u0430\u043d\u0438\u0446\u0430\",\"item\":\"https:\/\/new.cidsr.md\/\"},{\"@type\":\"ListItem\",\"position\":2,\"name\":\"Resurse\",\"item\":\"https:\/\/cidsr.md\/resurses\/\"},{\"@type\":\"ListItem\",\"position\":3,\"name\":\"Drepturi sexuale \u0219i reproductive\",\"item\":\"https:\/\/cidsr.md\/resurses\/drepturi-sexuale-si-reproductive\/\"},{\"@type\":\"ListItem\",\"position\":4,\"name\":\"Statistici\"}]},{\"@type\":\"WebSite\",\"@id\":\"https:\/\/cidsr.md\/#website\",\"url\":\"https:\/\/cidsr.md\/\",\"name\":\"Centrul de Instruire \u00een Domeniul S\u0103n\u0103t\u0103\u0163ii Reproductive\",\"description\":\"Promov\u0103m s\u0103n\u0103tatea \u0219i drepturile sexuale \u0219i reproductive!\",\"potentialAction\":[{\"@type\":\"SearchAction\",\"target\":{\"@type\":\"EntryPoint\",\"urlTemplate\":\"https:\/\/cidsr.md\/?s={search_term_string}\"},\"query-input\":\"required name=search_term_string\"}],\"inLanguage\":\"en-US\"}]}<\/script>\n<!-- \/ Yoast SEO plugin. -->","yoast_head_json":{"title":"Statistici - Centrul de Instruire \u00een Domeniul S\u0103n\u0103t\u0103\u0163ii Reproductive","robots":{"index":"index","follow":"follow","max-snippet":"max-snippet:-1","max-image-preview":"max-image-preview:large","max-video-preview":"max-video-preview:-1"},"canonical":"https:\/\/cidsr.md\/resurses\/drepturi-sexuale-si-reproductive\/statistici\/","og_locale":"en_US","og_type":"article","og_title":"Statistici - Centrul de Instruire \u00een Domeniul S\u0103n\u0103t\u0103\u0163ii Reproductive","og_url":"https:\/\/cidsr.md\/resurses\/drepturi-sexuale-si-reproductive\/statistici\/","og_site_name":"Centrul de Instruire \u00een Domeniul S\u0103n\u0103t\u0103\u0163ii Reproductive","article_modified_time":"2023-11-08T14:22:24+00:00","og_image":[{"url":"https:\/\/cidsr.md\/wp-content\/uploads\/2016\/09\/MIC13.jpg"}],"twitter_card":"summary_large_image","schema":{"@context":"https:\/\/schema.org","@graph":[{"@type":"WebPage","@id":"https:\/\/cidsr.md\/resurses\/drepturi-sexuale-si-reproductive\/statistici\/","url":"https:\/\/cidsr.md\/resurses\/drepturi-sexuale-si-reproductive\/statistici\/","name":"Statistici - Centrul de Instruire \u00een Domeniul S\u0103n\u0103t\u0103\u0163ii Reproductive","isPartOf":{"@id":"https:\/\/cidsr.md\/#website"},"datePublished":"2023-11-03T16:15:40+00:00","dateModified":"2023-11-08T14:22:24+00:00","breadcrumb":{"@id":"https:\/\/cidsr.md\/resurses\/drepturi-sexuale-si-reproductive\/statistici\/#breadcrumb"},"inLanguage":"en-US","potentialAction":[{"@type":"ReadAction","target":["https:\/\/cidsr.md\/resurses\/drepturi-sexuale-si-reproductive\/statistici\/"]}]},{"@type":"BreadcrumbList","@id":"https:\/\/cidsr.md\/resurses\/drepturi-sexuale-si-reproductive\/statistici\/#breadcrumb","itemListElement":[{"@type":"ListItem","position":1,"name":"\u0413\u043b\u0430\u0432\u043d\u0430\u044f \u0441\u0442\u0440\u0430\u043d\u0438\u0446\u0430","item":"https:\/\/new.cidsr.md\/"},{"@type":"ListItem","position":2,"name":"Resurse","item":"https:\/\/cidsr.md\/resurses\/"},{"@type":"ListItem","position":3,"name":"Drepturi sexuale \u0219i reproductive","item":"https:\/\/cidsr.md\/resurses\/drepturi-sexuale-si-reproductive\/"},{"@type":"ListItem","position":4,"name":"Statistici"}]},{"@type":"WebSite","@id":"https:\/\/cidsr.md\/#website","url":"https:\/\/cidsr.md\/","name":"Centrul de Instruire \u00een Domeniul S\u0103n\u0103t\u0103\u0163ii Reproductive","description":"Promov\u0103m s\u0103n\u0103tatea \u0219i drepturile sexuale \u0219i reproductive!","potentialAction":[{"@type":"SearchAction","target":{"@type":"EntryPoint","urlTemplate":"https:\/\/cidsr.md\/?s={search_term_string}"},"query-input":"required name=search_term_string"}],"inLanguage":"en-US"}]}},"_links":{"self":[{"href":"https:\/\/cidsr.md\/en\/wp-json\/wp\/v2\/pages\/10943","targetHints":{"allow":["GET"]}}],"collection":[{"href":"https:\/\/cidsr.md\/en\/wp-json\/wp\/v2\/pages"}],"about":[{"href":"https:\/\/cidsr.md\/en\/wp-json\/wp\/v2\/types\/page"}],"author":[{"embeddable":true,"href":"https:\/\/cidsr.md\/en\/wp-json\/wp\/v2\/users\/4"}],"replies":[{"embeddable":true,"href":"https:\/\/cidsr.md\/en\/wp-json\/wp\/v2\/comments?post=10943"}],"version-history":[{"count":2,"href":"https:\/\/cidsr.md\/en\/wp-json\/wp\/v2\/pages\/10943\/revisions"}],"predecessor-version":[{"id":11130,"href":"https:\/\/cidsr.md\/en\/wp-json\/wp\/v2\/pages\/10943\/revisions\/11130"}],"up":[{"embeddable":true,"href":"https:\/\/cidsr.md\/en\/wp-json\/wp\/v2\/pages\/991"}],"wp:attachment":[{"href":"https:\/\/cidsr.md\/en\/wp-json\/wp\/v2\/media?parent=10943"}],"curies":[{"name":"wp","href":"https:\/\/api.w.org\/{rel}","templated":true}]}}