{"id":10936,"date":"2023-11-03T16:15:40","date_gmt":"2023-11-03T16:15:40","guid":{"rendered":"http:\/\/www.sanatateafemeii.md\/?page_id=1948"},"modified":"2023-11-08T17:23:39","modified_gmt":"2023-11-08T14:23:39","slug":"cadrul-legal","status":"publish","type":"page","link":"https:\/\/cidsr.md\/en\/resurses\/drepturi-sexuale-si-reproductive\/cadrul-legal\/","title":{"rendered":"Legal and normative acts","raw":"Legal and normative acts"},"content":{"rendered":"","protected":false,"raw":""},"excerpt":{"rendered":"","protected":false,"raw":""},"author":4,"featured_media":0,"parent":991,"menu_order":999,"comment_status":"closed","ping_status":"closed","template":"page-text.php","meta":{"_acf_changed":false,"_ru_post_content":"","_ru_post_name":"cadrul-legal","_ru_post_excerpt":"","_ru_post_title":"\u0417\u0430\u043a\u043e\u043d\u043e\u0434\u0430\u0442\u0435\u043b\u044c\u0441\u0442\u0432\u043e \u0438 \u043f\u0440\u0430\u0432\u043e\u0432\u044b\u0435 \u0440\u0430\u043c\u043a\u0438","_en_post_content":"","_en_post_name":"cadrul-legal","_en_post_excerpt":"","_en_post_title":"Legal and normative acts","_ro_post_content":"<strong>LEGISLA\u021aIA INTERNA\u021aIONAL\u0102<\/strong>\r\n\r\nRepublica Moldova a semnat \u0219i ratificat majoritatea Conven\u021biilor din sistemul de tratate ONU privind drepturile omului, prevederi ale c\u0103rora sunt relevante pentru protejarea drepturilor sexuale \u0219i reproductive ale persoanelor cu dizabilit\u0103\u021bi.\r\n<ul>\r\n \t<li><a href=\"https:\/\/cidsr.md\/wp-content\/uploads\/2016\/09\/Pactul-Int-PRIVIRE-Drepturile-Civile-Politic.pdf\" target=\"_blank\" rel=\"noopener\">Pactul interna\u021bional cu privire la drepturile civile \u0219i politice (PIDCP)<\/a>; (RO)<\/li>\r\n \t<li><a href=\"http:\/\/drepturi.md\/sites\/default\/files\/materials\/pactul_drepturile_economice_sociale_si_culturale.pdf\" target=\"_blank\" rel=\"noopener\">Pactul interna\u021bional privind drepturile economice, sociale \u0219i culturale (PIDESC)<\/a>; (RO)<\/li>\r\n \t<li><a href=\"http:\/\/www.hotararicedo.ro\/files\/files\/CONVENTIA%20INTERNATIONALA%20PRIVIND%20ELIMINAREA%20TUTUROR%20FORMELOR%20DE%20DISCRIMINARE%20RASIALA.pdf\" target=\"_blank\" rel=\"noopener\">Conven\u021bia interna\u021bional\u0103 privind eliminarea tuturor formelor de discriminare rasial\u0103 (CIETFDR)<\/a>; (RO)<\/li>\r\n \t<li><a href=\"http:\/\/www.hotararicedo.ro\/files\/files\/CONVENTIA%20ASUPRA%20ELIMINARII%20TUTUROR%20FORMELOR%20DE%20DISCRIMINARE%20FATA%20DE%20FEMEI.pdf\" target=\"_blank\" rel=\"noopener\">Conven\u021bia asupra elimin\u0103rii tuturor formelor de discriminare fa\u021b\u0103 de femei (CETFDF)<\/a>; (RO)<\/li>\r\n \t<li><a href=\"http:\/\/www.hotararicedo.ro\/files\/files\/CONVENTIA%20IMPOTRIVA%20TORTURII%20SI%20ALTOR%20PEDEPSE%20ORI%20TRATAMENTE%20CU%20CRUZIME,%20INUMANE%20SAU%20DEGRADANTE.pdf\" target=\"_blank\" rel=\"noopener\">Conven\u021bia \u00eempotriva torturii \u0219i altor pedepse sau tratamente crude, inumane sau degradante (CAT)<\/a>; (RO)<\/li>\r\n \t<li>Conven\u021bia privind drepturile persoanelor cu dizabilit\u0103\u021bi (CDPD) <a href=\"http:\/\/www.infocons.ro\/vault\/upload\/afiles\/1454492120402-conventiaprivinddrepturilepersoanelorcudizabilitati.pdf\" target=\"_blank\" rel=\"noopener\">RO<\/a>, \u00a0<a href=\"http:\/\/www.un.org\/disabilities\/documents\/convention\/convoptprot-r.pdf\" target=\"_blank\" rel=\"noopener\">RU<\/a>, \u00a0<a href=\"http:\/\/www.un.org\/disabilities\/documents\/convention\/convoptprot-e.pdf\" target=\"_blank\" rel=\"noopener\">EN<\/a>;<\/li>\r\n \t<li><a href=\"https:\/\/www.unicef.org\/moldova\/CRC_RO.pdf\" target=\"_blank\" rel=\"noopener\">Conven\u021bia cu privire la drepturile copilului (CDC) <\/a>\u00a0(RO).<\/li>\r\n<\/ul>\r\n<strong>Dreptul la egalitate \u0219i nediscriminare<\/strong>\r\n<ul>\r\n \t<li><a href=\"http:\/\/www.ohchr.org\/EN\/UDHR\/Documents\/UDHR_Translations\/rum.pdf\" target=\"_blank\" rel=\"noopener\">Declara\u021bia Universal\u0103 a Drepturilor Omului (<em>Articolele 1, 2, 7)<\/em><\/a>; (RO)<\/li>\r\n \t<li><a href=\"http:\/\/www.irdo.ro\/file.php?fisiere_id=80&amp;inline\" target=\"_blank\" rel=\"noopener\">Pactul interna\u021bional cu privire la drepturile civile \u0219i politice (<em>Articolele 2, 26)<\/em><\/a>; (RO)<\/li>\r\n \t<li><a href=\"http:\/\/www.irdo.ro\/file.php?fisiere_id=79&amp;inline\" target=\"_blank\" rel=\"noopener\">Pactul interna\u021bional cu privire la drepturile economice, sociale \u0219i culturale (<em>Articolul 2)<\/em><\/a>; (RO)<\/li>\r\n \t<li>Conven\u021bia cu privire Drepturile Persoanelor cu Dizabilit\u0103\u021bi (<em>Articolele 2, 3, 4, 5, 12); <\/em><a href=\"http:\/\/www.infocons.ro\/vault\/upload\/afiles\/1454492120402-conventiaprivinddrepturilepersoanelorcudizabilitati.pdf\" target=\"_blank\" rel=\"noopener\">RO<\/a>, <a href=\"http:\/\/www.un.org\/disabilities\/documents\/convention\/convoptprot-r.pdf\" target=\"_blank\" rel=\"noopener\">RU<\/a>, <a href=\"http:\/\/www.un.org\/disabilities\/documents\/convention\/convoptprot-e.pdf\" target=\"_blank\" rel=\"noopener\">EN<\/a><\/li>\r\n \t<li><a href=\"http:\/\/www.hotararicedo.ro\/files\/files\/CONVENTIA%20ASUPRA%20ELIMINARII%20TUTUROR%20FORMELOR%20DE%20DISCRIMINARE%20FATA%20DE%20FEMEI.pdf\" target=\"_blank\" rel=\"noopener\">Conven\u021bia asupra elimin\u0103rii tuturor formelor de discriminare fa\u021b\u0103 de femei (<em>Articolele 1, 2, 3, 4); <\/em> (RO)<\/a><\/li>\r\n \t<li><a href=\"http:\/\/www.hotararicedo.ro\/files\/files\/CONVENTIA%20IMPOTRIVA%20TORTURII%20SI%20ALTOR%20PEDEPSE%20ORI%20TRATAMENTE%20CU%20CRUZIME,%20INUMANE%20SAU%20DEGRADANTE.pdf\" target=\"_blank\" rel=\"noopener\">Conven\u021bia \u00cempotriva Torturii (<em>Articolul 1);<\/em><\/a> (RO)<\/li>\r\n \t<li><a href=\"https:\/\/www.unicef.org\/moldova\/CRC_RO.pdf\" target=\"_blank\" rel=\"noopener\">Conven\u021bia cu privire la Drepturile Copilului (<em>Articolele 2<\/em>, 5)<\/a>; (RO)<\/li>\r\n \t<li><a href=\"http:\/\/www.echr.coe.int\/documents\/convention_ron.pdf\" target=\"_blank\" rel=\"noopener\">Conven\u021bia European\u0103 a Drepturilor Omului (<em>Articolul 14, Protocolul nr. 12: Articolul 1, Protocolul nr.7: Articolul 5)<\/em><\/a> (RO).<\/li>\r\n<\/ul>\r\n<strong>Dreptul la c\u0103s\u0103torie \u0219i creare a familiei<\/strong>\r\n<ul>\r\n \t<li><a href=\"http:\/\/www.ohchr.org\/EN\/UDHR\/Documents\/UDHR_Translations\/rum.pdf\" target=\"_blank\" rel=\"noopener\">Declara\u021bia Universal\u0103 a Drepturilor Omului (<em>Articolul 16)<\/em><\/a>; (RO)<\/li>\r\n \t<li><a href=\"http:\/\/www.irdo.ro\/file.php?fisiere_id=80&amp;inline\" target=\"_blank\" rel=\"noopener\">Pactul Interna\u021bional cu privire la Drepturile Civile \u0219i Politice (<em>Articolele 7, 22, 23)<\/em><\/a>;\u00a0 (RO)<\/li>\r\n \t<li><a href=\"http:\/\/www.irdo.ro\/file.php?fisiere_id=79&amp;inline\" target=\"_blank\" rel=\"noopener\">Pactul Interna\u021bional cu privire la Drepturile Economice, Sociale \u0219i Culturale (<em>Articolul 10)<\/em><\/a>;\u00a0 (RO)<\/li>\r\n \t<li>Conven\u021bia privind Drepturile Persoanelor cu Dizabilit\u0103\u021bi (<em>Articolul 23)<\/em>\u00a0<a href=\"http:\/\/www.infocons.ro\/vault\/upload\/afiles\/1454492120402-conventiaprivinddrepturilepersoanelorcudizabilitati.pdf\" target=\"_blank\" rel=\"noopener\">RO<\/a>, <a href=\"http:\/\/www.un.org\/disabilities\/documents\/convention\/convoptprot-r.pdf\" target=\"_blank\" rel=\"noopener\">RU<\/a>, <a href=\"http:\/\/www.un.org\/disabilities\/documents\/convention\/convoptprot-e.pdf\" target=\"_blank\" rel=\"noopener\">EN<\/a><\/li>\r\n \t<li><a href=\"http:\/\/www.hotararicedo.ro\/files\/files\/CONVENTIA%20ASUPRA%20ELIMINARII%20TUTUROR%20FORMELOR%20DE%20DISCRIMINARE%20FATA%20DE%20FEMEI.pdf\" target=\"_blank\" rel=\"noopener\">Conven\u021bia privind eliminarea tuturor formelor de discriminare fa\u021b\u0103 de femei (<em>Articolul 16)<\/em><\/a>;\u00a0 (RO)<\/li>\r\n \t<li><a href=\"http:\/\/www.echr.coe.int\/documents\/convention_ron.pdf\" target=\"_blank\" rel=\"noopener\">Conven\u021bia European\u0103 a Drepturilor Omului (<em>Articolul 12)<\/em><\/a>;\u00a0 (RO)<\/li>\r\n<\/ul>\r\n<strong>Dreptul la s\u0103n\u0103tate reproductiv\u0103, planificare familial\u0103, servicii de s\u0103n\u0103tate maternal\u0103, informa\u021bie \u0219i educa\u021bie<\/strong>\r\n<ul>\r\n \t<li>Conven\u021bia privind Drepturile Persoanelor cu Dizabilit\u0103\u021bi (<em>Articolul 6, 25);\u00a0<\/em><a href=\"http:\/\/www.infocons.ro\/vault\/upload\/afiles\/1454492120402-conventiaprivinddrepturilepersoanelorcudizabilitati.pdf\" target=\"_blank\" rel=\"noopener\">RO<\/a>, <a href=\"http:\/\/www.un.org\/disabilities\/documents\/convention\/convoptprot-r.pdf\" target=\"_blank\" rel=\"noopener\">RU<\/a>, <a href=\"http:\/\/www.un.org\/disabilities\/documents\/convention\/convoptprot-e.pdf\" target=\"_blank\" rel=\"noopener\">EN<\/a><\/li>\r\n \t<li><a href=\"http:\/\/www.ohchr.org\/EN\/UDHR\/Documents\/UDHR_Translations\/rum.pdf\" target=\"_blank\" rel=\"noopener\">Declara\u021bia Universal\u0103 a Drepturilor Omului (Articolele 2, 25)<\/a>;\u00a0(RO)<\/li>\r\n \t<li><a href=\"http:\/\/www.irdo.ro\/file.php?fisiere_id=79&amp;inline\" target=\"_blank\" rel=\"noopener\">Pactul interna\u021bional privind drepturile economice, sociale \u0219i culturale interpretate \u00een Comentariul general nr. 14 al Comisiei pentru drepturi economice, sociale \u0219i culturale din cadrul Organiza\u021biei Na\u021biunilor Unite<\/a>;\u00a0(RO)<\/li>\r\n \t<li><a href=\"http:\/\/www.hotararicedo.ro\/files\/files\/CONVENTIA%20ASUPRA%20ELIMINARII%20TUTUROR%20FORMELOR%20DE%20DISCRIMINARE%20FATA%20DE%20FEMEI.pdf\" target=\"_blank\" rel=\"noopener\">Conven\u021bia privind eliminarea tuturor formelor de discriminare fa\u021b\u0103 de femei (Articolele 2, 12 alineatul (1), 16 alineatul (1), recomand\u0103rile generale nr. 21 (1994) \u0219i nr. 24 (1999))<\/a>;\u00a0(RO)<\/li>\r\n \t<li><a href=\"https:\/\/www.unicef.org\/moldova\/CRC_RO.pdf\" target=\"_blank\" rel=\"noopener\">Conven\u021bia cu privire la drepturile copilului (Articolele 2, 12, 24)<\/a>;\u00a0(RO)<\/li>\r\n \t<li>Altele (detalii \u00een Raportul \u201dAnaliza\u2026\u201d).<\/li>\r\n<\/ul>\r\n<strong>Dreptul la integritate fizic\u0103 \u0219i psihic\u0103<\/strong>\r\n<ul>\r\n \t<li><a href=\"http:\/\/www.hotararicedo.ro\/files\/files\/CONVENTIA%20IMPOTRIVA%20TORTURII%20SI%20ALTOR%20PEDEPSE%20ORI%20TRATAMENTE%20CU%20CRUZIME,%20INUMANE%20SAU%20DEGRADANTE.pdf\" target=\"_blank\" rel=\"noopener\">Conven\u021bia \u00eempotriva torturii \u0219i a altor pedepse sau tratamente cu cruzime, inumane sau degradante (<em>Articolul 1);<\/em><\/a>\u00a0(RO)<\/li>\r\n \t<li><a href=\"http:\/\/www.echr.coe.int\/documents\/convention_ron.pdf\" target=\"_blank\" rel=\"noopener\">Conven\u021bia European\u0103 a Drepturilor Omului (<em>Articolele 2, 3, 5).<\/em><\/a>\u00a0(RO)<\/li>\r\n<\/ul>\r\n&nbsp;\r\n\r\n<strong>LEGISLA\u021aIA NA\u021aIONAL\u0102<\/strong>\r\n\r\n<strong>Dreptul la egalitate \u0219i nediscriminare<\/strong>\r\n\r\nLegisla\u021bia na\u021bional\u0103 relevant\u0103 \u00een domeniul egalit\u0103\u021bii \u0219i nediscrimin\u0103rii din perspectiva respect\u0103rii drepturilor sexuale \u0219i reproductive a persoanelor cu dizabilit\u0103\u021bi:\r\n<ul>\r\n \t<li><a href=\"http:\/\/lex.justice.md\/document_rom.php?id=44B9F30E:7AC17731\" target=\"_blank\" rel=\"noopener\">Constitu\u021bia Republicii Moldova (Articolele 16, 51, 54)<\/a>;\u00a0(RO)<\/li>\r\n \t<li><a href=\"http:\/\/lex.justice.md\/md\/343361\/\" target=\"_blank\" rel=\"noopener\">Legea nr. 121 din 05.2012 cu privire la asigurarea egalit\u0103\u021bii (Articolele 1, 2, 7, 8, 9)<\/a>;\u00a0(RO)<\/li>\r\n \t<li>Legea nr.5\/2006 cu privire la asigurarea egalit\u0103\u021bii de \u0219anse \u00eentre femei \u0219i b\u0103rba\u021bi (Articolele 1, 2, 4, 5);<\/li>\r\n \t<li><a href=\"http:\/\/lex.justice.md\/md\/344149\/\" target=\"_blank\" rel=\"noopener\">Legea Nr. 60 din 03.2012 privind incluziunea social\u0103 a persoanelor cu dizabilit\u0103\u021bi (Articolele 6, 8)<\/a>.\u00a0(RO)<\/li>\r\n<\/ul>\r\n\u00cen afar\u0103 de actele normative specifice \u00een domeniul nediscrimin\u0103rii (men\u021bionate mai sus) sunt diferite acte legislative ale Republicii Moldova ce con\u021bin prevederi care direct sau indirect se refer\u0103 la principiile nediscrimin\u0103rii \u0219i egalit\u0103\u021bii:\r\n<ul>\r\n \t<li><a href=\"http:\/\/lex.justice.md\/md\/325085\/\" target=\"_blank\" rel=\"noopener\">Codul Civil (Articolele 1, 11, 7, 24)<\/a>;\u00a0(RO)<\/li>\r\n \t<li><a href=\"http:\/\/lex.justice.md\/index.php?action=view&amp;view=doc&amp;id=348338\" target=\"_blank\" rel=\"noopener\">Codul de procedur\u0103 civil\u0103 (Articolele 22, 58, 85, 170, 267, 306)<\/a>;(RO)<\/li>\r\n \t<li><a href=\"http:\/\/lex.justice.md\/index.php?action=view&amp;view=doc&amp;id=348338\" target=\"_blank\" rel=\"noopener\">Codul Contraven\u021bional ( Articolele 7, 65, 75, 423, 542)<\/a>;\u00a0(RO)<\/li>\r\n \t<li><a href=\"http:\/\/lex.justice.md\/md\/331268\/\" target=\"_blank\" rel=\"noopener\">Codul Penal (Articolele 5, 173, 176)<\/a>;\u00a0(RO)<\/li>\r\n \t<li><a href=\"http:\/\/lex.justice.md\/md\/355156\/\" target=\"_blank\" rel=\"noopener\">Codul Educa\u021biei (Articolele 2, 5, 7, 75)<\/a>;\u00a0(RO)<\/li>\r\n \t<li><a href=\"http:\/\/lex.justice.md\/viewdoc.php?action=view&amp;view=doc&amp;id=312970&amp;lang=1\" target=\"_blank\" rel=\"noopener\">Legea cu privire la s\u0103n\u0103tatea mintal\u0103 (Articolele 5, 11, 28)<\/a>.\u00a0(RO)<\/li>\r\n<\/ul>\r\n<strong>Dreptul la c\u0103s\u0103torie \u0219i creare a familiei<\/strong>\r\n<ul>\r\n \t<li><a href=\"http:\/\/lex.justice.md\/md\/286119\/\" target=\"_blank\" rel=\"noopener\">Codul Familiei (Articolele 2, 62)<\/a>.\u00a0(RO)<\/li>\r\n<\/ul>\r\n<strong>Dreptul la s\u0103n\u0103tate reproductiv\u0103, planificare familial\u0103, servicii de s\u0103n\u0103tate maternal\u0103, informa\u021bie \u0219i educa\u021bie<\/strong>\r\n<ul>\r\n \t<li><a href=\"http:\/\/lex.justice.md\/index.php?action=view&amp;view=doc&amp;lang=1&amp;id=344838\" target=\"_blank\" rel=\"noopener\">Legea privind s\u0103n\u0103tatea reproducerii<\/a>;\u00a0(RO)<\/li>\r\n \t<li><a href=\"http:\/\/lex.justice.md\/index.php?action=view&amp;view=doc&amp;lang=1&amp;id=312794\" target=\"_blank\" rel=\"noopener\">Legea cu privire la ocrotirea s\u0103n\u0103t\u0103\u021bii reproductive \u0219i planificarea familial\u0103<\/a>;\u00a0(RO)<\/li>\r\n \t<li><a href=\"http:\/\/lex.justice.md\/viewdoc.php?action=view&amp;view=doc&amp;id=336941&amp;lang=1\" target=\"_blank\" rel=\"noopener\">Ordinul Ministerului S\u0103n\u0103t\u0103\u021bii R. Moldova nr. 647 din 21.09.2010<\/a>\u00a0(RO)<\/li>\r\n \t<li><a href=\"http:\/\/lex.justice.md\/md\/331268\/\" target=\"_blank\" rel=\"noopener\">Codul Penal (articolul 159 \u2013 Provocarea ilegal\u0103 a avortului; articolul 160 - efectuarea ilegal\u0103 a steriliz\u0103rii chirurgicale; articolul 166 - priva\u021biunea ilegal\u0103 de libertate; articolul 171 \u2013 Violul, articolul 172 - ac\u021biuni violente cu caracter sexual, articolul 173 - h\u00e2r\u021buirea sexual\u0103,\u00a0 articolul 174 - raportul sexual cu o persoan\u0103 care nu a \u00eemplinit v\u00e2rsta de 16 ani, articolul 175 - ac\u021biuni perverse)<\/a>.\u00a0(RO)<\/li>\r\n<\/ul>\r\n<strong>Dreptul la integritate fizic\u0103 \u0219i psihic\u0103<\/strong>\r\n<ul>\r\n \t<li><a href=\"http:\/\/lex.justice.md\/viewdoc.php?id=313060\" target=\"_blank\" rel=\"noopener\">Legea cu privire la drepturile \u0219i libert\u0103\u021bile pacientului (Articolele 2, 5)<\/a>;\u00a0(RO)<\/li>\r\n \t<li><a href=\"http:\/\/lex.justice.md\/viewdoc.php?action=view&amp;view=doc&amp;id=312970&amp;lang=1\" target=\"_blank\" rel=\"noopener\">Legea privind s\u0103n\u0103tatea mental\u0103 (Articolele 5, 37)<\/a>;\u00a0(RO)<\/li>\r\n \t<li><a href=\"http:\/\/lex.justice.md\/viewdoc.php?action=view&amp;view=doc&amp;id=313062&amp;lang=1\" target=\"_blank\" rel=\"noopener\">Legea cu privire la exercitarea profesiunii de medic (<em>Articolele 3<\/em>, 7)<\/a>;\u00a0(RO)<\/li>\r\n \t<li><a href=\"http:\/\/lex.justice.md\/md\/331268\/\" target=\"_blank\" rel=\"noopener\">Codul Penal al Republicii Moldova (Articolul 166\/1)<\/a>\u00a0(RO)<\/li>\r\n<\/ul>\r\n&nbsp;\r\n\r\n&nbsp;\r\n\r\n&nbsp;\r\n\r\n&nbsp;","_ro_post_name":"cadrul-legal","_ro_post_excerpt":"","_ro_post_title":"Cadrul legal \u0219i acte normative","edit_language":"en","footnotes":""},"class_list":["post-10936","page","type-page","status-publish","hentry"],"acf":[],"yoast_head":"<!-- This site is optimized with the Yoast SEO plugin v22.0 - https:\/\/yoast.com\/wordpress\/plugins\/seo\/ -->\n<title>Cadrul legal \u0219i acte normative - Centrul de Instruire \u00een Domeniul S\u0103n\u0103t\u0103\u0163ii Reproductive<\/title>\n<meta name=\"robots\" content=\"index, follow, max-snippet:-1, max-image-preview:large, max-video-preview:-1\" \/>\n<link rel=\"canonical\" href=\"https:\/\/cidsr.md\/resurses\/drepturi-sexuale-si-reproductive\/cadrul-legal\/\" \/>\n<meta property=\"og:locale\" content=\"en_US\" \/>\n<meta property=\"og:type\" content=\"article\" \/>\n<meta property=\"og:title\" content=\"Cadrul legal \u0219i acte normative - Centrul de Instruire \u00een Domeniul S\u0103n\u0103t\u0103\u0163ii Reproductive\" \/>\n<meta property=\"og:description\" content=\"LEGISLA\u021aIA INTERNA\u021aIONAL\u0102 Republica Moldova a semnat \u0219i ratificat majoritatea Conven\u021biilor din sistemul de tratate ONU privind drepturile omului, prevederi ale c\u0103rora sunt relevante pentru protejarea drepturilor sexuale \u0219i reproductive ale persoanelor cu dizabilit\u0103\u021bi. Pactul interna\u021bional cu privire la drepturile civile \u0219i politice (PIDCP); (RO) Pactul interna\u021bional privind drepturile economice, sociale \u0219i culturale (PIDESC); (RO) Conven\u021bia [&hellip;]\" \/>\n<meta property=\"og:url\" content=\"https:\/\/cidsr.md\/resurses\/drepturi-sexuale-si-reproductive\/cadrul-legal\/\" \/>\n<meta property=\"og:site_name\" content=\"Centrul de Instruire \u00een Domeniul S\u0103n\u0103t\u0103\u0163ii Reproductive\" \/>\n<meta property=\"article:modified_time\" content=\"2023-11-08T14:23:39+00:00\" \/>\n<meta name=\"twitter:card\" content=\"summary_large_image\" \/>\n<script type=\"application\/ld+json\" class=\"yoast-schema-graph\">{\"@context\":\"https:\/\/schema.org\",\"@graph\":[{\"@type\":\"WebPage\",\"@id\":\"https:\/\/cidsr.md\/resurses\/drepturi-sexuale-si-reproductive\/cadrul-legal\/\",\"url\":\"https:\/\/cidsr.md\/resurses\/drepturi-sexuale-si-reproductive\/cadrul-legal\/\",\"name\":\"Cadrul legal \u0219i acte normative - Centrul de Instruire \u00een Domeniul S\u0103n\u0103t\u0103\u0163ii Reproductive\",\"isPartOf\":{\"@id\":\"https:\/\/cidsr.md\/#website\"},\"datePublished\":\"2023-11-03T16:15:40+00:00\",\"dateModified\":\"2023-11-08T14:23:39+00:00\",\"breadcrumb\":{\"@id\":\"https:\/\/cidsr.md\/resurses\/drepturi-sexuale-si-reproductive\/cadrul-legal\/#breadcrumb\"},\"inLanguage\":\"en-US\",\"potentialAction\":[{\"@type\":\"ReadAction\",\"target\":[\"https:\/\/cidsr.md\/resurses\/drepturi-sexuale-si-reproductive\/cadrul-legal\/\"]}]},{\"@type\":\"BreadcrumbList\",\"@id\":\"https:\/\/cidsr.md\/resurses\/drepturi-sexuale-si-reproductive\/cadrul-legal\/#breadcrumb\",\"itemListElement\":[{\"@type\":\"ListItem\",\"position\":1,\"name\":\"\u0413\u043b\u0430\u0432\u043d\u0430\u044f \u0441\u0442\u0440\u0430\u043d\u0438\u0446\u0430\",\"item\":\"https:\/\/new.cidsr.md\/\"},{\"@type\":\"ListItem\",\"position\":2,\"name\":\"Resurse\",\"item\":\"https:\/\/cidsr.md\/resurses\/\"},{\"@type\":\"ListItem\",\"position\":3,\"name\":\"Drepturi sexuale \u0219i reproductive\",\"item\":\"https:\/\/cidsr.md\/resurses\/drepturi-sexuale-si-reproductive\/\"},{\"@type\":\"ListItem\",\"position\":4,\"name\":\"Cadrul legal \u0219i acte normative\"}]},{\"@type\":\"WebSite\",\"@id\":\"https:\/\/cidsr.md\/#website\",\"url\":\"https:\/\/cidsr.md\/\",\"name\":\"Centrul de Instruire \u00een Domeniul S\u0103n\u0103t\u0103\u0163ii Reproductive\",\"description\":\"Promov\u0103m s\u0103n\u0103tatea \u0219i drepturile sexuale \u0219i reproductive!\",\"potentialAction\":[{\"@type\":\"SearchAction\",\"target\":{\"@type\":\"EntryPoint\",\"urlTemplate\":\"https:\/\/cidsr.md\/?s={search_term_string}\"},\"query-input\":\"required name=search_term_string\"}],\"inLanguage\":\"en-US\"}]}<\/script>\n<!-- \/ Yoast SEO plugin. -->","yoast_head_json":{"title":"Cadrul legal \u0219i acte normative - Centrul de Instruire \u00een Domeniul S\u0103n\u0103t\u0103\u0163ii Reproductive","robots":{"index":"index","follow":"follow","max-snippet":"max-snippet:-1","max-image-preview":"max-image-preview:large","max-video-preview":"max-video-preview:-1"},"canonical":"https:\/\/cidsr.md\/resurses\/drepturi-sexuale-si-reproductive\/cadrul-legal\/","og_locale":"en_US","og_type":"article","og_title":"Cadrul legal \u0219i acte normative - Centrul de Instruire \u00een Domeniul S\u0103n\u0103t\u0103\u0163ii Reproductive","og_description":"LEGISLA\u021aIA INTERNA\u021aIONAL\u0102 Republica Moldova a semnat \u0219i ratificat majoritatea Conven\u021biilor din sistemul de tratate ONU privind drepturile omului, prevederi ale c\u0103rora sunt relevante pentru protejarea drepturilor sexuale \u0219i reproductive ale persoanelor cu dizabilit\u0103\u021bi. Pactul interna\u021bional cu privire la drepturile civile \u0219i politice (PIDCP); (RO) Pactul interna\u021bional privind drepturile economice, sociale \u0219i culturale (PIDESC); (RO) Conven\u021bia [&hellip;]","og_url":"https:\/\/cidsr.md\/resurses\/drepturi-sexuale-si-reproductive\/cadrul-legal\/","og_site_name":"Centrul de Instruire \u00een Domeniul S\u0103n\u0103t\u0103\u0163ii Reproductive","article_modified_time":"2023-11-08T14:23:39+00:00","twitter_card":"summary_large_image","schema":{"@context":"https:\/\/schema.org","@graph":[{"@type":"WebPage","@id":"https:\/\/cidsr.md\/resurses\/drepturi-sexuale-si-reproductive\/cadrul-legal\/","url":"https:\/\/cidsr.md\/resurses\/drepturi-sexuale-si-reproductive\/cadrul-legal\/","name":"Cadrul legal \u0219i acte normative - Centrul de Instruire \u00een Domeniul S\u0103n\u0103t\u0103\u0163ii Reproductive","isPartOf":{"@id":"https:\/\/cidsr.md\/#website"},"datePublished":"2023-11-03T16:15:40+00:00","dateModified":"2023-11-08T14:23:39+00:00","breadcrumb":{"@id":"https:\/\/cidsr.md\/resurses\/drepturi-sexuale-si-reproductive\/cadrul-legal\/#breadcrumb"},"inLanguage":"en-US","potentialAction":[{"@type":"ReadAction","target":["https:\/\/cidsr.md\/resurses\/drepturi-sexuale-si-reproductive\/cadrul-legal\/"]}]},{"@type":"BreadcrumbList","@id":"https:\/\/cidsr.md\/resurses\/drepturi-sexuale-si-reproductive\/cadrul-legal\/#breadcrumb","itemListElement":[{"@type":"ListItem","position":1,"name":"\u0413\u043b\u0430\u0432\u043d\u0430\u044f \u0441\u0442\u0440\u0430\u043d\u0438\u0446\u0430","item":"https:\/\/new.cidsr.md\/"},{"@type":"ListItem","position":2,"name":"Resurse","item":"https:\/\/cidsr.md\/resurses\/"},{"@type":"ListItem","position":3,"name":"Drepturi sexuale \u0219i reproductive","item":"https:\/\/cidsr.md\/resurses\/drepturi-sexuale-si-reproductive\/"},{"@type":"ListItem","position":4,"name":"Cadrul legal \u0219i acte normative"}]},{"@type":"WebSite","@id":"https:\/\/cidsr.md\/#website","url":"https:\/\/cidsr.md\/","name":"Centrul de Instruire \u00een Domeniul S\u0103n\u0103t\u0103\u0163ii Reproductive","description":"Promov\u0103m s\u0103n\u0103tatea \u0219i drepturile sexuale \u0219i reproductive!","potentialAction":[{"@type":"SearchAction","target":{"@type":"EntryPoint","urlTemplate":"https:\/\/cidsr.md\/?s={search_term_string}"},"query-input":"required name=search_term_string"}],"inLanguage":"en-US"}]}},"_links":{"self":[{"href":"https:\/\/cidsr.md\/en\/wp-json\/wp\/v2\/pages\/10936","targetHints":{"allow":["GET"]}}],"collection":[{"href":"https:\/\/cidsr.md\/en\/wp-json\/wp\/v2\/pages"}],"about":[{"href":"https:\/\/cidsr.md\/en\/wp-json\/wp\/v2\/types\/page"}],"author":[{"embeddable":true,"href":"https:\/\/cidsr.md\/en\/wp-json\/wp\/v2\/users\/4"}],"replies":[{"embeddable":true,"href":"https:\/\/cidsr.md\/en\/wp-json\/wp\/v2\/comments?post=10936"}],"version-history":[{"count":1,"href":"https:\/\/cidsr.md\/en\/wp-json\/wp\/v2\/pages\/10936\/revisions"}],"predecessor-version":[{"id":11128,"href":"https:\/\/cidsr.md\/en\/wp-json\/wp\/v2\/pages\/10936\/revisions\/11128"}],"up":[{"embeddable":true,"href":"https:\/\/cidsr.md\/en\/wp-json\/wp\/v2\/pages\/991"}],"wp:attachment":[{"href":"https:\/\/cidsr.md\/en\/wp-json\/wp\/v2\/media?parent=10936"}],"curies":[{"name":"wp","href":"https:\/\/api.w.org\/{rel}","templated":true}]}}