{"id":10932,"date":"2023-11-03T16:15:40","date_gmt":"2023-11-03T16:15:40","guid":{"rendered":"http:\/\/www.sanatateafemeii.md\/?page_id=1680"},"modified":"2023-11-08T16:25:24","modified_gmt":"2023-11-08T13:25:24","slug":"acte-normative-si-cadrul-legal","status":"publish","type":"page","link":"https:\/\/cidsr.md\/en\/resurses\/cancer-de-col-uterin\/acte-normative-si-cadrul-legal\/","title":{"rendered":"Normative and legal framework","raw":"Normative and legal framework"},"content":{"rendered":"<p><img loading=\"lazy\" decoding=\"async\" class=\" wp-image-1685 alignleft\" src=\"https:\/\/cidsr.md\/wp-content\/uploads\/2016\/07\/Acte.jpg\" alt=\"Acte\" width=\"756\" height=\"217\" \/><\/p>\n<table>\n<tbody>\n<tr>\n<td>\n<ul>\n<li><a href=\"https:\/\/cidsr.md\/wp-content\/uploads\/2016\/07\/PNCC-2016-25.pdf\" target=\"_blank\">Programul na\u0163ional de control al cancerului pentru anii 2016-2025<\/a><\/li>\n<li><a href=\"https:\/\/cidsr.md\/wp-content\/uploads\/2016\/07\/assessmentrecommendations_cervical-cancer-screening-moldova-2014_en.pdf\" target=\"_blank\">Capacity Assessment and Recommendations for a National Cervical Cancer Screening Program in the Republic of Moldova, 2014<\/a><\/li>\n<li><a href=\"https:\/\/cidsr.md\/wp-content\/uploads\/2016\/07\/Ordinul-aprobarea-protocol.pdf\" target=\"_blank\">Ordin nr. 390 din 26.05.2015 cu privire la aprobarea Protocolului clinic national \u201eCancerul cervical\u201d<\/a><\/li>\n<li><a href=\"https:\/\/cidsr.md\/wp-content\/uploads\/2016\/07\/Protocol-Clinic-National.pdf\"> Protocol clinic na\u0163ional \u201eCancerul cervical\u201d aprobat de Consiliul de Exper\u0163i al MS<\/a><\/li>\n<\/ul>\n<\/td>\n<\/tr>\n<\/tbody>\n<\/table>\n","protected":false,"raw":"<img class=\" wp-image-1685 alignleft\" src=\"https:\/\/cidsr.md\/wp-content\/uploads\/2016\/07\/Acte.jpg\" alt=\"Acte\" width=\"756\" height=\"217\" \/>\n<table>\n<tbody>\n<tr>\n<td>\n<ul>\n<li><a href=\"https:\/\/cidsr.md\/wp-content\/uploads\/2016\/07\/PNCC-2016-25.pdf\" target=\"_blank\">Programul na\u0163ional de control al cancerului pentru anii 2016-2025<\/a><\/li> \t\n<li><a href=\"https:\/\/cidsr.md\/wp-content\/uploads\/2016\/07\/assessmentrecommendations_cervical-cancer-screening-moldova-2014_en.pdf\" target=\"_blank\">Capacity Assessment and Recommendations for a National Cervical Cancer Screening Program in the Republic of Moldova, 2014<\/a><\/li>\n \t<li><a href=\"https:\/\/cidsr.md\/wp-content\/uploads\/2016\/07\/Ordinul-aprobarea-protocol.pdf\" target=\"_blank\">Ordin nr. 390 din 26.05.2015 cu privire la aprobarea Protocolului clinic national \u201eCancerul cervical\u201d<\/a><\/li>\n \t<li><a href=\"https:\/\/cidsr.md\/wp-content\/uploads\/2016\/07\/Protocol-Clinic-National.pdf\"> Protocol clinic na\u0163ional \u201eCancerul cervical\u201d aprobat de Consiliul de Exper\u0163i al MS<\/a><\/li>\n<\/ul>\n<\/td>\n<\/tr>\n<\/tbody>\n<\/table>"},"excerpt":{"rendered":"","protected":false,"raw":""},"author":4,"featured_media":0,"parent":987,"menu_order":999,"comment_status":"closed","ping_status":"closed","template":"page-text.php","meta":{"_acf_changed":false,"_ru_post_content":"<img class=\" wp-image-1685 alignleft\" src=\"https:\/\/cidsr.md\/wp-content\/uploads\/2016\/07\/Acte.jpg\" alt=\"Acte\" width=\"756\" height=\"217\" \/>\n<table>\n<tbody>\n<tr>\n<td>\n<ul>\n<li><a href=\"https:\/\/cidsr.md\/wp-content\/uploads\/2016\/07\/PNCC-2016-25.pdf\" target=\"_blank\">Programul na\u0163ional de control al cancerului pentru anii 2016-2025<\/a><\/li> \t\n<li><a href=\"https:\/\/cidsr.md\/wp-content\/uploads\/2016\/07\/assessmentrecommendations_cervical-cancer-screening-moldova-2014_en.pdf\" target=\"_blank\">Capacity Assessment and Recommendations for a National Cervical Cancer Screening Program in the Republic of Moldova, 2014<\/a><\/li>\n \t<li><a href=\"https:\/\/cidsr.md\/wp-content\/uploads\/2016\/07\/Ordinul-aprobarea-protocol.pdf\" target=\"_blank\">Ordin nr. 390 din 26.05.2015 cu privire la aprobarea Protocolului clinic national \u201eCancerul cervical\u201d<\/a><\/li>\n \t<li><a href=\"https:\/\/cidsr.md\/wp-content\/uploads\/2016\/07\/Protocol-Clinic-National.pdf\"> Protocol clinic na\u0163ional \u201eCancerul cervical\u201d aprobat de Consiliul de Exper\u0163i al MS<\/a><\/li>\n<\/ul>\n<\/td>\n<\/tr>\n<\/tbody>\n<\/table>","_ru_post_name":"acte-normative-si-cadrul-legal","_ru_post_excerpt":"","_ru_post_title":"\u041d\u043e\u0440\u043c\u0430\u0442\u0438\u0432\u043d\u043e-\u043f\u0440\u0430\u0432\u043e\u0432\u0430\u044f \u0431\u0430\u0437\u0430","_en_post_content":"<img class=\" wp-image-1685 alignleft\" src=\"https:\/\/cidsr.md\/wp-content\/uploads\/2016\/07\/Acte.jpg\" alt=\"Acte\" width=\"756\" height=\"217\" \/>\n<table>\n<tbody>\n<tr>\n<td>\n<ul>\n<li><a href=\"https:\/\/cidsr.md\/wp-content\/uploads\/2016\/07\/PNCC-2016-25.pdf\" target=\"_blank\">Programul na\u0163ional de control al cancerului pentru anii 2016-2025<\/a><\/li> \t\n<li><a href=\"https:\/\/cidsr.md\/wp-content\/uploads\/2016\/07\/assessmentrecommendations_cervical-cancer-screening-moldova-2014_en.pdf\" target=\"_blank\">Capacity Assessment and Recommendations for a National Cervical Cancer Screening Program in the Republic of Moldova, 2014<\/a><\/li>\n \t<li><a href=\"https:\/\/cidsr.md\/wp-content\/uploads\/2016\/07\/Ordinul-aprobarea-protocol.pdf\" target=\"_blank\">Ordin nr. 390 din 26.05.2015 cu privire la aprobarea Protocolului clinic national \u201eCancerul cervical\u201d<\/a><\/li>\n \t<li><a href=\"https:\/\/cidsr.md\/wp-content\/uploads\/2016\/07\/Protocol-Clinic-National.pdf\"> Protocol clinic na\u0163ional \u201eCancerul cervical\u201d aprobat de Consiliul de Exper\u0163i al MS<\/a><\/li>\n<\/ul>\n<\/td>\n<\/tr>\n<\/tbody>\n<\/table>","_en_post_name":"acte-normative-si-cadrul-legal","_en_post_excerpt":"","_en_post_title":"Normative and legal framework","_ro_post_content":"<img class=\" wp-image-1685 alignleft\" src=\"https:\/\/cidsr.md\/wp-content\/uploads\/2016\/07\/Acte.jpg\" alt=\"Acte\" width=\"756\" height=\"217\" \/>\r\n<table>\r\n<tbody>\r\n<tr>\r\n<td>\r\n<ul>\r\n \t<li><a href=\"https:\/\/cidsr.md\/wp-content\/uploads\/2016\/07\/PNCC-2016-25.pdf\" target=\"_blank\" rel=\"noopener\">Programul na\u0163ional de control al cancerului pentru anii 2016-2025<\/a><\/li>\r\n \t<li><a href=\"https:\/\/cidsr.md\/wp-content\/uploads\/2016\/07\/assessmentrecommendations_cervical-cancer-screening-moldova-2014_en.pdf\" target=\"_blank\" rel=\"noopener\">Capacity Assessment and Recommendations for a National Cervical Cancer Screening Program in the Republic of Moldova, 2014<\/a><\/li>\r\n \t<li><a href=\"https:\/\/cidsr.md\/wp-content\/uploads\/2016\/07\/Ordinul-aprobarea-protocol.pdf\" target=\"_blank\" rel=\"noopener\">Ordin nr. 390 din 26.05.2015 cu privire la aprobarea Protocolului clinic national \u201eCancerul cervical\u201d<\/a><\/li>\r\n \t<li><a href=\"https:\/\/cidsr.md\/wp-content\/uploads\/2016\/07\/Protocol-Clinic-National.pdf\" target=\"_blank\" rel=\"noopener\"> Protocol clinic na\u0163ional \u201eCancerul cervical\u201d aprobat de Consiliul de Exper\u0163i al MS<\/a><\/li>\r\n<\/ul>\r\n<\/td>\r\n<\/tr>\r\n<\/tbody>\r\n<\/table>","_ro_post_name":"acte-normative-si-cadrul-legal","_ro_post_excerpt":"","_ro_post_title":"Acte normative \u0219i cadrul legal","edit_language":"en","footnotes":""},"class_list":["post-10932","page","type-page","status-publish","hentry"],"acf":[],"yoast_head":"<!-- This site is optimized with the Yoast SEO plugin v22.0 - https:\/\/yoast.com\/wordpress\/plugins\/seo\/ -->\n<title>Acte normative \u0219i cadrul legal - Centrul de Instruire \u00een Domeniul S\u0103n\u0103t\u0103\u0163ii Reproductive<\/title>\n<meta name=\"robots\" content=\"index, follow, max-snippet:-1, max-image-preview:large, max-video-preview:-1\" \/>\n<link rel=\"canonical\" href=\"https:\/\/cidsr.md\/resurses\/cancer-de-col-uterin\/acte-normative-si-cadrul-legal\/\" \/>\n<meta property=\"og:locale\" content=\"en_US\" \/>\n<meta property=\"og:type\" content=\"article\" \/>\n<meta property=\"og:title\" content=\"Acte normative \u0219i cadrul legal - Centrul de Instruire \u00een Domeniul S\u0103n\u0103t\u0103\u0163ii Reproductive\" \/>\n<meta property=\"og:description\" content=\"Programul na\u0163ional de control al cancerului pentru anii 2016-2025 Capacity Assessment and Recommendations for a National Cervical Cancer Screening Program in the Republic of Moldova, 2014 Ordin nr. 390 din 26.05.2015 cu privire la aprobarea Protocolului clinic national \u201eCancerul cervical\u201d Protocol clinic na\u0163ional \u201eCancerul cervical\u201d aprobat de Consiliul de Exper\u0163i al MS\" \/>\n<meta property=\"og:url\" content=\"https:\/\/cidsr.md\/resurses\/cancer-de-col-uterin\/acte-normative-si-cadrul-legal\/\" \/>\n<meta property=\"og:site_name\" content=\"Centrul de Instruire \u00een Domeniul S\u0103n\u0103t\u0103\u0163ii Reproductive\" \/>\n<meta property=\"article:modified_time\" content=\"2023-11-08T13:25:24+00:00\" \/>\n<meta property=\"og:image\" content=\"https:\/\/cidsr.md\/wp-content\/uploads\/2016\/07\/Acte.jpg\" \/>\n<meta name=\"twitter:card\" content=\"summary_large_image\" \/>\n<meta name=\"twitter:label1\" content=\"Est. reading time\" \/>\n\t<meta name=\"twitter:data1\" content=\"1 minute\" \/>\n<script type=\"application\/ld+json\" class=\"yoast-schema-graph\">{\"@context\":\"https:\/\/schema.org\",\"@graph\":[{\"@type\":\"WebPage\",\"@id\":\"https:\/\/cidsr.md\/resurses\/cancer-de-col-uterin\/acte-normative-si-cadrul-legal\/\",\"url\":\"https:\/\/cidsr.md\/resurses\/cancer-de-col-uterin\/acte-normative-si-cadrul-legal\/\",\"name\":\"Acte normative \u0219i cadrul legal - Centrul de Instruire \u00een Domeniul S\u0103n\u0103t\u0103\u0163ii Reproductive\",\"isPartOf\":{\"@id\":\"https:\/\/cidsr.md\/#website\"},\"datePublished\":\"2023-11-03T16:15:40+00:00\",\"dateModified\":\"2023-11-08T13:25:24+00:00\",\"breadcrumb\":{\"@id\":\"https:\/\/cidsr.md\/resurses\/cancer-de-col-uterin\/acte-normative-si-cadrul-legal\/#breadcrumb\"},\"inLanguage\":\"en-US\",\"potentialAction\":[{\"@type\":\"ReadAction\",\"target\":[\"https:\/\/cidsr.md\/resurses\/cancer-de-col-uterin\/acte-normative-si-cadrul-legal\/\"]}]},{\"@type\":\"BreadcrumbList\",\"@id\":\"https:\/\/cidsr.md\/resurses\/cancer-de-col-uterin\/acte-normative-si-cadrul-legal\/#breadcrumb\",\"itemListElement\":[{\"@type\":\"ListItem\",\"position\":1,\"name\":\"\u0413\u043b\u0430\u0432\u043d\u0430\u044f \u0441\u0442\u0440\u0430\u043d\u0438\u0446\u0430\",\"item\":\"https:\/\/new.cidsr.md\/\"},{\"@type\":\"ListItem\",\"position\":2,\"name\":\"Resurse\",\"item\":\"https:\/\/cidsr.md\/resurses\/\"},{\"@type\":\"ListItem\",\"position\":3,\"name\":\"Prevenirea cancerului de col uterin\",\"item\":\"https:\/\/cidsr.md\/resurses\/cancer-de-col-uterin\/\"},{\"@type\":\"ListItem\",\"position\":4,\"name\":\"Acte normative \u0219i cadrul legal\"}]},{\"@type\":\"WebSite\",\"@id\":\"https:\/\/cidsr.md\/#website\",\"url\":\"https:\/\/cidsr.md\/\",\"name\":\"Centrul de Instruire \u00een Domeniul S\u0103n\u0103t\u0103\u0163ii Reproductive\",\"description\":\"Promov\u0103m s\u0103n\u0103tatea \u0219i drepturile sexuale \u0219i reproductive!\",\"potentialAction\":[{\"@type\":\"SearchAction\",\"target\":{\"@type\":\"EntryPoint\",\"urlTemplate\":\"https:\/\/cidsr.md\/?s={search_term_string}\"},\"query-input\":\"required name=search_term_string\"}],\"inLanguage\":\"en-US\"}]}<\/script>\n<!-- \/ Yoast SEO plugin. -->","yoast_head_json":{"title":"Acte normative \u0219i cadrul legal - Centrul de Instruire \u00een Domeniul S\u0103n\u0103t\u0103\u0163ii Reproductive","robots":{"index":"index","follow":"follow","max-snippet":"max-snippet:-1","max-image-preview":"max-image-preview:large","max-video-preview":"max-video-preview:-1"},"canonical":"https:\/\/cidsr.md\/resurses\/cancer-de-col-uterin\/acte-normative-si-cadrul-legal\/","og_locale":"en_US","og_type":"article","og_title":"Acte normative \u0219i cadrul legal - Centrul de Instruire \u00een Domeniul S\u0103n\u0103t\u0103\u0163ii Reproductive","og_description":"Programul na\u0163ional de control al cancerului pentru anii 2016-2025 Capacity Assessment and Recommendations for a National Cervical Cancer Screening Program in the Republic of Moldova, 2014 Ordin nr. 390 din 26.05.2015 cu privire la aprobarea Protocolului clinic national \u201eCancerul cervical\u201d Protocol clinic na\u0163ional \u201eCancerul cervical\u201d aprobat de Consiliul de Exper\u0163i al MS","og_url":"https:\/\/cidsr.md\/resurses\/cancer-de-col-uterin\/acte-normative-si-cadrul-legal\/","og_site_name":"Centrul de Instruire \u00een Domeniul S\u0103n\u0103t\u0103\u0163ii Reproductive","article_modified_time":"2023-11-08T13:25:24+00:00","og_image":[{"url":"https:\/\/cidsr.md\/wp-content\/uploads\/2016\/07\/Acte.jpg"}],"twitter_card":"summary_large_image","twitter_misc":{"Est. reading time":"1 minute"},"schema":{"@context":"https:\/\/schema.org","@graph":[{"@type":"WebPage","@id":"https:\/\/cidsr.md\/resurses\/cancer-de-col-uterin\/acte-normative-si-cadrul-legal\/","url":"https:\/\/cidsr.md\/resurses\/cancer-de-col-uterin\/acte-normative-si-cadrul-legal\/","name":"Acte normative \u0219i cadrul legal - Centrul de Instruire \u00een Domeniul S\u0103n\u0103t\u0103\u0163ii Reproductive","isPartOf":{"@id":"https:\/\/cidsr.md\/#website"},"datePublished":"2023-11-03T16:15:40+00:00","dateModified":"2023-11-08T13:25:24+00:00","breadcrumb":{"@id":"https:\/\/cidsr.md\/resurses\/cancer-de-col-uterin\/acte-normative-si-cadrul-legal\/#breadcrumb"},"inLanguage":"en-US","potentialAction":[{"@type":"ReadAction","target":["https:\/\/cidsr.md\/resurses\/cancer-de-col-uterin\/acte-normative-si-cadrul-legal\/"]}]},{"@type":"BreadcrumbList","@id":"https:\/\/cidsr.md\/resurses\/cancer-de-col-uterin\/acte-normative-si-cadrul-legal\/#breadcrumb","itemListElement":[{"@type":"ListItem","position":1,"name":"\u0413\u043b\u0430\u0432\u043d\u0430\u044f \u0441\u0442\u0440\u0430\u043d\u0438\u0446\u0430","item":"https:\/\/new.cidsr.md\/"},{"@type":"ListItem","position":2,"name":"Resurse","item":"https:\/\/cidsr.md\/resurses\/"},{"@type":"ListItem","position":3,"name":"Prevenirea cancerului de col uterin","item":"https:\/\/cidsr.md\/resurses\/cancer-de-col-uterin\/"},{"@type":"ListItem","position":4,"name":"Acte normative \u0219i cadrul legal"}]},{"@type":"WebSite","@id":"https:\/\/cidsr.md\/#website","url":"https:\/\/cidsr.md\/","name":"Centrul de Instruire \u00een Domeniul S\u0103n\u0103t\u0103\u0163ii Reproductive","description":"Promov\u0103m s\u0103n\u0103tatea \u0219i drepturile sexuale \u0219i reproductive!","potentialAction":[{"@type":"SearchAction","target":{"@type":"EntryPoint","urlTemplate":"https:\/\/cidsr.md\/?s={search_term_string}"},"query-input":"required name=search_term_string"}],"inLanguage":"en-US"}]}},"_links":{"self":[{"href":"https:\/\/cidsr.md\/en\/wp-json\/wp\/v2\/pages\/10932","targetHints":{"allow":["GET"]}}],"collection":[{"href":"https:\/\/cidsr.md\/en\/wp-json\/wp\/v2\/pages"}],"about":[{"href":"https:\/\/cidsr.md\/en\/wp-json\/wp\/v2\/types\/page"}],"author":[{"embeddable":true,"href":"https:\/\/cidsr.md\/en\/wp-json\/wp\/v2\/users\/4"}],"replies":[{"embeddable":true,"href":"https:\/\/cidsr.md\/en\/wp-json\/wp\/v2\/comments?post=10932"}],"version-history":[{"count":1,"href":"https:\/\/cidsr.md\/en\/wp-json\/wp\/v2\/pages\/10932\/revisions"}],"predecessor-version":[{"id":11110,"href":"https:\/\/cidsr.md\/en\/wp-json\/wp\/v2\/pages\/10932\/revisions\/11110"}],"up":[{"embeddable":true,"href":"https:\/\/cidsr.md\/en\/wp-json\/wp\/v2\/pages\/987"}],"wp:attachment":[{"href":"https:\/\/cidsr.md\/en\/wp-json\/wp\/v2\/media?parent=10932"}],"curies":[{"name":"wp","href":"https:\/\/api.w.org\/{rel}","templated":true}]}}