{"id":10931,"date":"2023-11-03T16:15:39","date_gmt":"2023-11-03T16:15:39","guid":{"rendered":"http:\/\/www.sanatateafemeii.md\/?page_id=1564"},"modified":"2023-11-09T13:53:34","modified_gmt":"2023-11-09T10:53:34","slug":"proiectul-cresterea-calitatii-serviciilor-comptehensive-in-avort-in-2-centre-perinatale-in-moldova-oms","status":"publish","type":"page","link":"https:\/\/cidsr.md\/en\/portofolio\/proiecte\/proiecte-implementate-anul-2012-2013\/proiectul-cresterea-calitatii-serviciilor-comptehensive-in-avort-in-2-centre-perinatale-in-moldova-oms\/","title":{"rendered":"Project \"Scaling up ambulatory comprehensive abortion care in two perinatal centres in Moldova\"","raw":"Project \"Scaling up ambulatory comprehensive abortion care in two perinatal centres in Moldova\""},"content":{"rendered":"<p><img loading=\"lazy\" decoding=\"async\" class=\" wp-image-4508 aligncenter\" src=\"https:\/\/cidsr.md\/wp-content\/uploads\/2018\/03\/COMSOON.jpg\" alt=\"\" width=\"200\" height=\"204\" \/><\/p>\n","protected":false,"raw":"<img class=\" wp-image-4508 aligncenter\" src=\"https:\/\/cidsr.md\/wp-content\/uploads\/2018\/03\/COMSOON.jpg\" alt=\"\" width=\"200\" height=\"204\" \/>"},"excerpt":{"rendered":"","protected":false,"raw":""},"author":4,"featured_media":0,"parent":10997,"menu_order":999,"comment_status":"closed","ping_status":"closed","template":"page-text.php","meta":{"_acf_changed":false,"_ru_post_content":"<img class=\" wp-image-4508 aligncenter\" src=\"https:\/\/cidsr.md\/wp-content\/uploads\/2018\/03\/COMSOON.jpg\" alt=\"\" width=\"200\" height=\"204\" \/>","_ru_post_name":"proiectul-cresterea-calitatii-serviciilor-comptehensive-in-avort-in-2-centre-perinatale-in-moldova-oms","_ru_post_excerpt":"","_ru_post_title":"\u041f\u0440\u043e\u0435\u043a\u0442 \"\u0420\u0430\u0441\u0448\u0438\u0440\u0435\u043d\u0438\u0435 \u0430\u043c\u0431\u0443\u043b\u0430\u0442\u043e\u0440\u043d\u044b\u0445 \u043a\u0430\u0447\u0435\u0441\u0442\u0432\u0435\u043d\u043d\u044b\u0445 \u0443\u0441\u043b\u0443\u0433 \u043f\u043e \u0430\u0431\u043e\u0440\u0442\u0430\u043c \u0432 \u0434\u0432\u0443\u0445 \u043f\u0435\u0440\u0438\u043d\u0430\u0442\u0430\u043b\u044c\u043d\u044b\u0445 \u0446\u0435\u043d\u0442\u0440\u0430\u0445 \u0432 \u041c\u043e\u043b\u0434\u043e\u0432\u0435\"","_en_post_content":"<img class=\" wp-image-4508 aligncenter\" src=\"https:\/\/cidsr.md\/wp-content\/uploads\/2018\/03\/COMSOON.jpg\" alt=\"\" width=\"200\" height=\"204\" \/>","_en_post_name":"proiectul-cresterea-calitatii-serviciilor-comptehensive-in-avort-in-2-centre-perinatale-in-moldova-oms","_en_post_excerpt":"","_en_post_title":"Project \"Scaling up ambulatory comprehensive abortion care in two perinatal centres in Moldova\"","_ro_post_content":"<strong>PROIECT: <\/strong>Cresterea calitatii serviciilor comprehensive in avort in 2 centre perinatale in Moldova\r\n\r\n<strong>PERIOADA DE IMPLEMENTARE: <\/strong>01<strong>\u00a0<\/strong>aprilie 2012 \u2013 31 martie 2013\r\n\r\n<strong>FINANTATORI: <\/strong><a href=\"http:\/\/www.who.int\/\" target=\"_blank\" rel=\"noopener\">WHO<\/a>\r\n\r\n<strong>SCOPUL PROIECTULUI: <\/strong>Extinderea disponibilit\u0103\u0163ii serviciilor comprehensive \u00een avort la dou\u0103 centre perinatale regionale ambulatoriu.\r\n\r\n<strong>OBIECTIVELE PROIECTULUI<\/strong>:\r\n<ul>\r\n \t<li>Efectuarea \u00eentreruperii sarcinii \u00een conformitate cu Regulamentul \u015fi Standardul cu privire la efectuarea \u00eentreruperii voluntare a cursului sarcinii \u00een condi\u0163ii de siguran\u0163\u0103<\/li>\r\n \t<li>Imbunatatirea calit\u0103\u0163ii serviciilor de avort<\/li>\r\n \t<li>Diminuarea complica\u0163iilor post-avort, protejarea s\u0103n\u0103t\u0103\u0163ii reproductive a femeilor \u015fi diminuarea mortalit\u0103\u0163ii materne, relatate c\u0103tre avort<\/li>\r\n \t<li>Implementarea unui sistem de prestare a serviciilor \u201ecentrat spre pacient\u0103\u201d \u015fi prin aceasta \u2013 ridicarea nivelului de satisfac\u0163ie a pacientelor.<\/li>\r\n<\/ul>\r\n<strong>IMPACTUL PROIECTULUI:\u00a0<\/strong>\r\n<ul>\r\n \t<li>Au fost efectuate lucr\u0103ri de repara\u021bie \u00een cadrul Centrului de S\u0103n\u0103tate a Femeii din or. Drochia \u0219i a cabinetului ginecologic din IMSP SR Cahul, dup\u0103 care ambele spa\u021bii au fost transformate \u00een centre model.<\/li>\r\n \t<li>Ambele centre model au fost asigurate cu seturi pentru aspira\u021bie vacuum manual\u0103 \u00een num\u0103r de 26\u00a0unit\u0103\u021bi (c\u00eete 13 pentru fiecare centru model \u00een parte).<\/li>\r\n \t<li>17 medici \u0219i asistente medicale din sec\u021biile obstetric\u0103 \u0219i ginecologie din Drochia\u00a0\u0219i\u00a0Cahul au fost instrui\u021bi \u00een cadrul <a href=\"https:\/\/cidsr.md\/news\/romana-seminarul-de-instruire-servicii-comprehensive-si-de-calitate-in-avort-aspirarea-vacuum-manuala-si-avortul-medicamentos\/\" target=\"_blank\" rel=\"noopener\">seminarului de instruire ,,Servicii comprehensive \u015fi de calitate \u00een avort: Aspirarea Vacuum Manual\u0103 \u015fi Avortul Medicamentos\u201d<\/a>.<\/li>\r\n<\/ul>","_ro_post_name":"proiectul-cresterea-calitatii-serviciilor-comptehensive-in-avort-in-2-centre-perinatale-in-moldova-oms","_ro_post_excerpt":"","_ro_post_title":"Proiectul \u201eCresterea calit\u0103\u021bii serviciilor comprehensive \u00een avort \u00een 2 centre perinatale \u00een Moldova\u201d, OMS","edit_language":"en","footnotes":""},"class_list":["post-10931","page","type-page","status-publish","hentry"],"acf":[],"yoast_head":"<!-- This site is optimized with the Yoast SEO plugin v22.0 - https:\/\/yoast.com\/wordpress\/plugins\/seo\/ -->\n<title>Proiectul \u201eCresterea calit\u0103\u021bii serviciilor comprehensive \u00een avort \u00een 2 centre perinatale \u00een Moldova\u201d, OMS - Centrul de Instruire \u00een Domeniul S\u0103n\u0103t\u0103\u0163ii Reproductive<\/title>\n<meta name=\"robots\" content=\"index, follow, max-snippet:-1, max-image-preview:large, max-video-preview:-1\" \/>\n<link rel=\"canonical\" href=\"https:\/\/cidsr.md\/portofolio\/proiecte\/proiecte-implementate-anul-2012-2013\/proiectul-cresterea-calitatii-serviciilor-comptehensive-in-avort-in-2-centre-perinatale-in-moldova-oms\/\" \/>\n<meta property=\"og:locale\" content=\"en_US\" \/>\n<meta property=\"og:type\" content=\"article\" \/>\n<meta property=\"og:title\" content=\"Proiectul \u201eCresterea calit\u0103\u021bii serviciilor comprehensive \u00een avort \u00een 2 centre perinatale \u00een Moldova\u201d, OMS - Centrul de Instruire \u00een Domeniul S\u0103n\u0103t\u0103\u0163ii Reproductive\" \/>\n<meta property=\"og:url\" content=\"https:\/\/cidsr.md\/portofolio\/proiecte\/proiecte-implementate-anul-2012-2013\/proiectul-cresterea-calitatii-serviciilor-comptehensive-in-avort-in-2-centre-perinatale-in-moldova-oms\/\" \/>\n<meta property=\"og:site_name\" content=\"Centrul de Instruire \u00een Domeniul S\u0103n\u0103t\u0103\u0163ii Reproductive\" \/>\n<meta property=\"article:modified_time\" content=\"2023-11-09T10:53:34+00:00\" \/>\n<meta name=\"twitter:card\" content=\"summary_large_image\" \/>\n<meta name=\"twitter:label1\" content=\"Est. reading time\" \/>\n\t<meta name=\"twitter:data1\" content=\"2 minutes\" \/>\n<script type=\"application\/ld+json\" class=\"yoast-schema-graph\">{\"@context\":\"https:\/\/schema.org\",\"@graph\":[{\"@type\":\"WebPage\",\"@id\":\"https:\/\/cidsr.md\/portofolio\/proiecte\/proiecte-implementate-anul-2012-2013\/proiectul-cresterea-calitatii-serviciilor-comptehensive-in-avort-in-2-centre-perinatale-in-moldova-oms\/\",\"url\":\"https:\/\/cidsr.md\/portofolio\/proiecte\/proiecte-implementate-anul-2012-2013\/proiectul-cresterea-calitatii-serviciilor-comptehensive-in-avort-in-2-centre-perinatale-in-moldova-oms\/\",\"name\":\"Proiectul \u201eCresterea calit\u0103\u021bii serviciilor comprehensive \u00een avort \u00een 2 centre perinatale \u00een Moldova\u201d, OMS - Centrul de Instruire \u00een Domeniul S\u0103n\u0103t\u0103\u0163ii Reproductive\",\"isPartOf\":{\"@id\":\"https:\/\/cidsr.md\/#website\"},\"datePublished\":\"2023-11-03T16:15:39+00:00\",\"dateModified\":\"2023-11-09T10:53:34+00:00\",\"breadcrumb\":{\"@id\":\"https:\/\/cidsr.md\/portofolio\/proiecte\/proiecte-implementate-anul-2012-2013\/proiectul-cresterea-calitatii-serviciilor-comptehensive-in-avort-in-2-centre-perinatale-in-moldova-oms\/#breadcrumb\"},\"inLanguage\":\"en-US\",\"potentialAction\":[{\"@type\":\"ReadAction\",\"target\":[\"https:\/\/cidsr.md\/portofolio\/proiecte\/proiecte-implementate-anul-2012-2013\/proiectul-cresterea-calitatii-serviciilor-comptehensive-in-avort-in-2-centre-perinatale-in-moldova-oms\/\"]}]},{\"@type\":\"BreadcrumbList\",\"@id\":\"https:\/\/cidsr.md\/portofolio\/proiecte\/proiecte-implementate-anul-2012-2013\/proiectul-cresterea-calitatii-serviciilor-comptehensive-in-avort-in-2-centre-perinatale-in-moldova-oms\/#breadcrumb\",\"itemListElement\":[{\"@type\":\"ListItem\",\"position\":1,\"name\":\"\u0413\u043b\u0430\u0432\u043d\u0430\u044f \u0441\u0442\u0440\u0430\u043d\u0438\u0446\u0430\",\"item\":\"https:\/\/new.cidsr.md\/\"},{\"@type\":\"ListItem\",\"position\":2,\"name\":\"Portofoliu\",\"item\":\"https:\/\/cidsr.md\/portofolio\/\"},{\"@type\":\"ListItem\",\"position\":3,\"name\":\"Proiecte\",\"item\":\"https:\/\/cidsr.md\/portofolio\/proiecte\/\"},{\"@type\":\"ListItem\",\"position\":4,\"name\":\"Proiecte implementate anul 2012-2013\",\"item\":\"https:\/\/cidsr.md\/portofolio\/proiecte\/proiecte-implementate-anul-2012-2013\/\"},{\"@type\":\"ListItem\",\"position\":5,\"name\":\"Proiectul \u201eCresterea calit\u0103\u021bii serviciilor comprehensive \u00een avort \u00een 2 centre perinatale \u00een Moldova\u201d, OMS\"}]},{\"@type\":\"WebSite\",\"@id\":\"https:\/\/cidsr.md\/#website\",\"url\":\"https:\/\/cidsr.md\/\",\"name\":\"Centrul de Instruire \u00een Domeniul S\u0103n\u0103t\u0103\u0163ii Reproductive\",\"description\":\"Promov\u0103m s\u0103n\u0103tatea \u0219i drepturile sexuale \u0219i reproductive!\",\"potentialAction\":[{\"@type\":\"SearchAction\",\"target\":{\"@type\":\"EntryPoint\",\"urlTemplate\":\"https:\/\/cidsr.md\/?s={search_term_string}\"},\"query-input\":\"required name=search_term_string\"}],\"inLanguage\":\"en-US\"}]}<\/script>\n<!-- \/ Yoast SEO plugin. -->","yoast_head_json":{"title":"Proiectul \u201eCresterea calit\u0103\u021bii serviciilor comprehensive \u00een avort \u00een 2 centre perinatale \u00een Moldova\u201d, OMS - Centrul de Instruire \u00een Domeniul S\u0103n\u0103t\u0103\u0163ii Reproductive","robots":{"index":"index","follow":"follow","max-snippet":"max-snippet:-1","max-image-preview":"max-image-preview:large","max-video-preview":"max-video-preview:-1"},"canonical":"https:\/\/cidsr.md\/portofolio\/proiecte\/proiecte-implementate-anul-2012-2013\/proiectul-cresterea-calitatii-serviciilor-comptehensive-in-avort-in-2-centre-perinatale-in-moldova-oms\/","og_locale":"en_US","og_type":"article","og_title":"Proiectul \u201eCresterea calit\u0103\u021bii serviciilor comprehensive \u00een avort \u00een 2 centre perinatale \u00een Moldova\u201d, OMS - Centrul de Instruire \u00een Domeniul S\u0103n\u0103t\u0103\u0163ii Reproductive","og_url":"https:\/\/cidsr.md\/portofolio\/proiecte\/proiecte-implementate-anul-2012-2013\/proiectul-cresterea-calitatii-serviciilor-comptehensive-in-avort-in-2-centre-perinatale-in-moldova-oms\/","og_site_name":"Centrul de Instruire \u00een Domeniul S\u0103n\u0103t\u0103\u0163ii Reproductive","article_modified_time":"2023-11-09T10:53:34+00:00","twitter_card":"summary_large_image","twitter_misc":{"Est. reading time":"2 minutes"},"schema":{"@context":"https:\/\/schema.org","@graph":[{"@type":"WebPage","@id":"https:\/\/cidsr.md\/portofolio\/proiecte\/proiecte-implementate-anul-2012-2013\/proiectul-cresterea-calitatii-serviciilor-comptehensive-in-avort-in-2-centre-perinatale-in-moldova-oms\/","url":"https:\/\/cidsr.md\/portofolio\/proiecte\/proiecte-implementate-anul-2012-2013\/proiectul-cresterea-calitatii-serviciilor-comptehensive-in-avort-in-2-centre-perinatale-in-moldova-oms\/","name":"Proiectul \u201eCresterea calit\u0103\u021bii serviciilor comprehensive \u00een avort \u00een 2 centre perinatale \u00een Moldova\u201d, OMS - Centrul de Instruire \u00een Domeniul S\u0103n\u0103t\u0103\u0163ii Reproductive","isPartOf":{"@id":"https:\/\/cidsr.md\/#website"},"datePublished":"2023-11-03T16:15:39+00:00","dateModified":"2023-11-09T10:53:34+00:00","breadcrumb":{"@id":"https:\/\/cidsr.md\/portofolio\/proiecte\/proiecte-implementate-anul-2012-2013\/proiectul-cresterea-calitatii-serviciilor-comptehensive-in-avort-in-2-centre-perinatale-in-moldova-oms\/#breadcrumb"},"inLanguage":"en-US","potentialAction":[{"@type":"ReadAction","target":["https:\/\/cidsr.md\/portofolio\/proiecte\/proiecte-implementate-anul-2012-2013\/proiectul-cresterea-calitatii-serviciilor-comptehensive-in-avort-in-2-centre-perinatale-in-moldova-oms\/"]}]},{"@type":"BreadcrumbList","@id":"https:\/\/cidsr.md\/portofolio\/proiecte\/proiecte-implementate-anul-2012-2013\/proiectul-cresterea-calitatii-serviciilor-comptehensive-in-avort-in-2-centre-perinatale-in-moldova-oms\/#breadcrumb","itemListElement":[{"@type":"ListItem","position":1,"name":"\u0413\u043b\u0430\u0432\u043d\u0430\u044f \u0441\u0442\u0440\u0430\u043d\u0438\u0446\u0430","item":"https:\/\/new.cidsr.md\/"},{"@type":"ListItem","position":2,"name":"Portofoliu","item":"https:\/\/cidsr.md\/portofolio\/"},{"@type":"ListItem","position":3,"name":"Proiecte","item":"https:\/\/cidsr.md\/portofolio\/proiecte\/"},{"@type":"ListItem","position":4,"name":"Proiecte implementate anul 2012-2013","item":"https:\/\/cidsr.md\/portofolio\/proiecte\/proiecte-implementate-anul-2012-2013\/"},{"@type":"ListItem","position":5,"name":"Proiectul \u201eCresterea calit\u0103\u021bii serviciilor comprehensive \u00een avort \u00een 2 centre perinatale \u00een Moldova\u201d, OMS"}]},{"@type":"WebSite","@id":"https:\/\/cidsr.md\/#website","url":"https:\/\/cidsr.md\/","name":"Centrul de Instruire \u00een Domeniul S\u0103n\u0103t\u0103\u0163ii Reproductive","description":"Promov\u0103m s\u0103n\u0103tatea \u0219i drepturile sexuale \u0219i reproductive!","potentialAction":[{"@type":"SearchAction","target":{"@type":"EntryPoint","urlTemplate":"https:\/\/cidsr.md\/?s={search_term_string}"},"query-input":"required name=search_term_string"}],"inLanguage":"en-US"}]}},"_links":{"self":[{"href":"https:\/\/cidsr.md\/en\/wp-json\/wp\/v2\/pages\/10931","targetHints":{"allow":["GET"]}}],"collection":[{"href":"https:\/\/cidsr.md\/en\/wp-json\/wp\/v2\/pages"}],"about":[{"href":"https:\/\/cidsr.md\/en\/wp-json\/wp\/v2\/types\/page"}],"author":[{"embeddable":true,"href":"https:\/\/cidsr.md\/en\/wp-json\/wp\/v2\/users\/4"}],"replies":[{"embeddable":true,"href":"https:\/\/cidsr.md\/en\/wp-json\/wp\/v2\/comments?post=10931"}],"version-history":[{"count":1,"href":"https:\/\/cidsr.md\/en\/wp-json\/wp\/v2\/pages\/10931\/revisions"}],"predecessor-version":[{"id":11270,"href":"https:\/\/cidsr.md\/en\/wp-json\/wp\/v2\/pages\/10931\/revisions\/11270"}],"up":[{"embeddable":true,"href":"https:\/\/cidsr.md\/en\/wp-json\/wp\/v2\/pages\/10997"}],"wp:attachment":[{"href":"https:\/\/cidsr.md\/en\/wp-json\/wp\/v2\/media?parent=10931"}],"curies":[{"name":"wp","href":"https:\/\/api.w.org\/{rel}","templated":true}]}}