{"id":10920,"date":"2023-11-03T16:15:39","date_gmt":"2023-11-03T16:15:39","guid":{"rendered":"http:\/\/www.sanatateafemeii.md\/?page_id=1164"},"modified":"2023-11-08T15:23:55","modified_gmt":"2023-11-08T12:23:55","slug":"video-model-de-seminar-de-instruire-pentru-medicii-de-familie-din-tara-in-planificarea-familiei-recomandarile-ghidurile-si-protocoalele-clinice-ale-oms","status":"publish","type":"page","link":"https:\/\/cidsr.md\/en\/resurses\/planificarea-familiala\/video-model-de-seminar-de-instruire-pentru-medicii-de-familie-din-tara-in-planificarea-familiei-recomandarile-ghidurile-si-protocoalele-clinice-ale-oms\/","title":{"rendered":"(VIDEO) Training for family doctors of RM in family planning: recommendations, clinical guidelines and protocols WHO ","raw":"(VIDEO) Training for family doctors of RM in family planning: recommendations, clinical guidelines and protocols WHO "},"content":{"rendered":"","protected":false,"raw":""},"excerpt":{"rendered":"","protected":false,"raw":""},"author":4,"featured_media":0,"parent":983,"menu_order":999,"comment_status":"closed","ping_status":"closed","template":"page-text.php","meta":{"_acf_changed":false,"_ru_post_content":"","_ru_post_name":"video-model-de-seminar-de-instruire-pentru-medicii-de-familie-din-tara-in-planificarea-familiei-recomandarile-ghidurile-si-protocoalele-clinice-ale-oms","_ru_post_excerpt":"","_ru_post_title":"(\u0412\u0418\u0414\u0415\u041e) \u0421\u0435\u043c\u0438\u043d\u0430\u0440 \u0434\u043b\u044f \u0441\u0435\u043c\u0435\u0439\u043d\u044b\u0445 \u0432\u0440\u0430\u0447\u0435\u0439 \u0441\u0442\u0440\u0430\u043d\u044b \u043f\u043e \u043f\u043b\u0430\u043d\u0438\u0440\u043e\u0432\u0430\u043d\u0438\u044e \u0441\u0435\u043c\u044c\u0438: \u0440\u0435\u043a\u043e\u043c\u0435\u043d\u0434\u0430\u0446\u0438\u0438, \u043a\u043b\u0438\u043d\u0438\u0447\u0435\u0441\u043a\u0438\u0435 \u0440\u0443\u043a\u043e\u0432\u043e\u0434\u0441\u0442\u0432\u0430 \u0438 \u043f\u0440\u043e\u0442\u043e\u043a\u043e\u043b\u044b \u0412\u041e\u0417","_en_post_content":"","_en_post_name":"video-model-de-seminar-de-instruire-pentru-medicii-de-familie-din-tara-in-planificarea-familiei-recomandarile-ghidurile-si-protocoalele-clinice-ale-oms","_en_post_excerpt":"","_en_post_title":"(VIDEO) Training for family doctors of RM in family planning: recommendations, clinical guidelines and protocols WHO ","_ro_post_content":"<table>\r\n<tbody>\r\n<tr>\r\n<td><img class=\"wp-image-1166 alignleft\" src=\"https:\/\/cidsr.md\/wp-content\/uploads\/2016\/02\/Seminar.jpg\" alt=\"Seminar\" width=\"401\" height=\"225\" \/><\/td>\r\n<\/tr>\r\n<tr>\r\n<td>\r\n<ul>\r\n \t<li><a href=\"https:\/\/www.youtube.com\/watch?v=zbGLqmwEQv0\" target=\"_blank\" rel=\"noopener\">Modulul 1: Planificarea familial\u0103. Drepturile reproductive. No\u021biunea de contracep\u021bie.Utilizarea contracep\u0163iei \u00een Republica Moldova <\/a><\/li>\r\n \t<li><a href=\"https:\/\/www.youtube.com\/watch?v=Ev7LkP-Cxzc\" target=\"_blank\" rel=\"noopener\">Modulul 2: Privire de ansamblu asupra metodelor de contracep\u021bie<\/a><\/li>\r\n \t<li><a href=\"https:\/\/www.youtube.com\/watch?v=1xTJmMlv_aY\" target=\"_blank\" rel=\"noopener\">Modulul 3: Contracep\u021bia hormonal\u0103. Contraceptivele orale combinate<\/a><\/li>\r\n \t<li><a href=\"https:\/\/www.youtube.com\/watch?v=yB2sskuX1HY\" target=\"_blank\" rel=\"noopener\">Modulul 4: Contraceptivele injectabile numai cu progestativ (INP)<\/a><\/li>\r\n \t<li><a href=\"https:\/\/www.youtube.com\/watch?v=P685SWRzEBk\" target=\"_blank\" rel=\"noopener\">Modulul 5: Contracep\u021bia de urgen\u021b\u0103. Metodele de barier\u0103. Contracep\u021bia permanent\u0103<\/a><\/li>\r\n \t<li><a href=\"https:\/\/www.youtube.com\/watch?v=tRuBsE8VJ2U\" target=\"_blank\" rel=\"noopener\">Modulul 6: DIU Riscuri reale sau concep\u021bii gre\u0219ite?<\/a><\/li>\r\n \t<li><a href=\"https:\/\/www.youtube.com\/watch?v=B8ZWoON9EqY\" target=\"_blank\" rel=\"noopener\">Modulul 7: Contracep\u021bia \u00een unele afec\u021biuni ginecologice \u0219i somatice<\/a><\/li>\r\n<\/ul>\r\n<\/td>\r\n<\/tr>\r\n<\/tbody>\r\n<\/table>","_ro_post_name":"video-model-de-seminar-de-instruire-pentru-medicii-de-familie-din-tara-in-planificarea-familiei-recomandarile-ghidurile-si-protocoalele-clinice-ale-oms","_ro_post_excerpt":"","_ro_post_title":"(VIDEO) Seminar de instruire pentru medicii de familie din \u021bar\u0103 \u00een planificarea familiei: recomand\u0103rile, ghidurile \u0219i protocoalele clinice ale OMS","edit_language":"en","footnotes":""},"class_list":["post-10920","page","type-page","status-publish","hentry"],"acf":[],"yoast_head":"<!-- This site is optimized with the Yoast SEO plugin v22.0 - https:\/\/yoast.com\/wordpress\/plugins\/seo\/ -->\n<title>(VIDEO) Seminar de instruire pentru medicii de familie din \u021bar\u0103 \u00een planificarea familiei: recomand\u0103rile, ghidurile \u0219i protocoalele clinice ale OMS - Centrul de Instruire \u00een Domeniul S\u0103n\u0103t\u0103\u0163ii Reproductive<\/title>\n<meta name=\"robots\" content=\"index, follow, max-snippet:-1, max-image-preview:large, max-video-preview:-1\" \/>\n<link rel=\"canonical\" href=\"https:\/\/cidsr.md\/ru\/\u0440\u0435\u0441\u0443\u0440\u0441\u044b\/planificarea-familiala\/video-model-de-seminar-de-instruire-pentru-medicii-de-familie-din-tara-in-planificarea-familiei-recomandarile-ghidurile-si-protocoalele-clinice-ale-oms\/\" \/>\n<meta property=\"og:locale\" content=\"en_US\" \/>\n<meta property=\"og:type\" content=\"article\" \/>\n<meta property=\"og:title\" content=\"(VIDEO) Seminar de instruire pentru medicii de familie din \u021bar\u0103 \u00een planificarea familiei: recomand\u0103rile, ghidurile \u0219i protocoalele clinice ale OMS - Centrul de Instruire \u00een Domeniul S\u0103n\u0103t\u0103\u0163ii Reproductive\" \/>\n<meta property=\"og:description\" content=\"Modulul 1: Planificarea familial\u0103. Drepturile reproductive. No\u021biunea de contracep\u021bie.Utilizarea contracep\u0163iei \u00een Republica Moldova Modulul 2: Privire de ansamblu asupra metodelor de contracep\u021bie Modulul 3: Contracep\u021bia hormonal\u0103. Contraceptivele orale combinate Modulul 4: Contraceptivele injectabile numai cu progestativ (INP) Modulul 5: Contracep\u021bia de urgen\u021b\u0103. Metodele de barier\u0103. Contracep\u021bia permanent\u0103 Modulul 6: DIU Riscuri reale sau concep\u021bii gre\u0219ite? [&hellip;]\" \/>\n<meta property=\"og:url\" content=\"https:\/\/cidsr.md\/ru\/\u0440\u0435\u0441\u0443\u0440\u0441\u044b\/planificarea-familiala\/video-model-de-seminar-de-instruire-pentru-medicii-de-familie-din-tara-in-planificarea-familiei-recomandarile-ghidurile-si-protocoalele-clinice-ale-oms\/\" \/>\n<meta property=\"og:site_name\" content=\"Centrul de Instruire \u00een Domeniul S\u0103n\u0103t\u0103\u0163ii Reproductive\" \/>\n<meta property=\"article:modified_time\" content=\"2023-11-08T12:23:55+00:00\" \/>\n<meta property=\"og:image\" content=\"https:\/\/cidsr.md\/wp-content\/uploads\/2016\/02\/Seminar.jpg\" \/>\n<meta name=\"twitter:card\" content=\"summary_large_image\" \/>\n<meta name=\"twitter:label1\" content=\"Est. reading time\" \/>\n\t<meta name=\"twitter:data1\" content=\"1 minute\" \/>\n<script type=\"application\/ld+json\" class=\"yoast-schema-graph\">{\"@context\":\"https:\/\/schema.org\",\"@graph\":[{\"@type\":\"WebPage\",\"@id\":\"https:\/\/cidsr.md\/ru\/%d1%80%d0%b5%d1%81%d1%83%d1%80%d1%81%d1%8b\/planificarea-familiala\/video-model-de-seminar-de-instruire-pentru-medicii-de-familie-din-tara-in-planificarea-familiei-recomandarile-ghidurile-si-protocoalele-clinice-ale-oms\/\",\"url\":\"https:\/\/cidsr.md\/ru\/%d1%80%d0%b5%d1%81%d1%83%d1%80%d1%81%d1%8b\/planificarea-familiala\/video-model-de-seminar-de-instruire-pentru-medicii-de-familie-din-tara-in-planificarea-familiei-recomandarile-ghidurile-si-protocoalele-clinice-ale-oms\/\",\"name\":\"(VIDEO) Seminar de instruire pentru medicii de familie din \u021bar\u0103 \u00een planificarea familiei: recomand\u0103rile, ghidurile \u0219i protocoalele clinice ale OMS - Centrul de Instruire \u00een Domeniul S\u0103n\u0103t\u0103\u0163ii Reproductive\",\"isPartOf\":{\"@id\":\"https:\/\/cidsr.md\/#website\"},\"datePublished\":\"2023-11-03T16:15:39+00:00\",\"dateModified\":\"2023-11-08T12:23:55+00:00\",\"breadcrumb\":{\"@id\":\"https:\/\/cidsr.md\/ru\/%d1%80%d0%b5%d1%81%d1%83%d1%80%d1%81%d1%8b\/planificarea-familiala\/video-model-de-seminar-de-instruire-pentru-medicii-de-familie-din-tara-in-planificarea-familiei-recomandarile-ghidurile-si-protocoalele-clinice-ale-oms\/#breadcrumb\"},\"inLanguage\":\"en-US\",\"potentialAction\":[{\"@type\":\"ReadAction\",\"target\":[\"https:\/\/cidsr.md\/ru\/%d1%80%d0%b5%d1%81%d1%83%d1%80%d1%81%d1%8b\/planificarea-familiala\/video-model-de-seminar-de-instruire-pentru-medicii-de-familie-din-tara-in-planificarea-familiei-recomandarile-ghidurile-si-protocoalele-clinice-ale-oms\/\"]}]},{\"@type\":\"BreadcrumbList\",\"@id\":\"https:\/\/cidsr.md\/ru\/%d1%80%d0%b5%d1%81%d1%83%d1%80%d1%81%d1%8b\/planificarea-familiala\/video-model-de-seminar-de-instruire-pentru-medicii-de-familie-din-tara-in-planificarea-familiei-recomandarile-ghidurile-si-protocoalele-clinice-ale-oms\/#breadcrumb\",\"itemListElement\":[{\"@type\":\"ListItem\",\"position\":1,\"name\":\"\u0413\u043b\u0430\u0432\u043d\u0430\u044f \u0441\u0442\u0440\u0430\u043d\u0438\u0446\u0430\",\"item\":\"https:\/\/new.cidsr.md\/\"},{\"@type\":\"ListItem\",\"position\":2,\"name\":\"Resurse\",\"item\":\"https:\/\/cidsr.md\/resurses\/\"},{\"@type\":\"ListItem\",\"position\":3,\"name\":\"\u041f\u043b\u0430\u043d\u0438\u0440\u043e\u0432\u0430\u043d\u0438\u0435 \u0441\u0435\u043c\u044c\u0438\",\"item\":\"https:\/\/cidsr.md\/ru\/%d1%80%d0%b5%d1%81%d1%83%d1%80%d1%81%d1%8b\/planificarea-familiala\/\"},{\"@type\":\"ListItem\",\"position\":4,\"name\":\"(\u0412\u0418\u0414\u0415\u041e) \u0421\u0435\u043c\u0438\u043d\u0430\u0440 \u0434\u043b\u044f \u0441\u0435\u043c\u0435\u0439\u043d\u044b\u0445 \u0432\u0440\u0430\u0447\u0435\u0439 \u0441\u0442\u0440\u0430\u043d\u044b \u043f\u043e \u043f\u043b\u0430\u043d\u0438\u0440\u043e\u0432\u0430\u043d\u0438\u044e \u0441\u0435\u043c\u044c\u0438: \u0440\u0435\u043a\u043e\u043c\u0435\u043d\u0434\u0430\u0446\u0438\u0438, \u043a\u043b\u0438\u043d\u0438\u0447\u0435\u0441\u043a\u0438\u0435 \u0440\u0443\u043a\u043e\u0432\u043e\u0434\u0441\u0442\u0432\u0430 \u0438 \u043f\u0440\u043e\u0442\u043e\u043a\u043e\u043b\u044b \u0412\u041e\u0417\"}]},{\"@type\":\"WebSite\",\"@id\":\"https:\/\/cidsr.md\/#website\",\"url\":\"https:\/\/cidsr.md\/\",\"name\":\"Centrul de Instruire \u00een Domeniul S\u0103n\u0103t\u0103\u0163ii Reproductive\",\"description\":\"Promov\u0103m s\u0103n\u0103tatea \u0219i drepturile sexuale \u0219i reproductive!\",\"potentialAction\":[{\"@type\":\"SearchAction\",\"target\":{\"@type\":\"EntryPoint\",\"urlTemplate\":\"https:\/\/cidsr.md\/?s={search_term_string}\"},\"query-input\":\"required name=search_term_string\"}],\"inLanguage\":\"en-US\"}]}<\/script>\n<!-- \/ Yoast SEO plugin. -->","yoast_head_json":{"title":"(VIDEO) Seminar de instruire pentru medicii de familie din \u021bar\u0103 \u00een planificarea familiei: recomand\u0103rile, ghidurile \u0219i protocoalele clinice ale OMS - Centrul de Instruire \u00een Domeniul S\u0103n\u0103t\u0103\u0163ii Reproductive","robots":{"index":"index","follow":"follow","max-snippet":"max-snippet:-1","max-image-preview":"max-image-preview:large","max-video-preview":"max-video-preview:-1"},"canonical":"https:\/\/cidsr.md\/ru\/\u0440\u0435\u0441\u0443\u0440\u0441\u044b\/planificarea-familiala\/video-model-de-seminar-de-instruire-pentru-medicii-de-familie-din-tara-in-planificarea-familiei-recomandarile-ghidurile-si-protocoalele-clinice-ale-oms\/","og_locale":"en_US","og_type":"article","og_title":"(VIDEO) Seminar de instruire pentru medicii de familie din \u021bar\u0103 \u00een planificarea familiei: recomand\u0103rile, ghidurile \u0219i protocoalele clinice ale OMS - Centrul de Instruire \u00een Domeniul S\u0103n\u0103t\u0103\u0163ii Reproductive","og_description":"Modulul 1: Planificarea familial\u0103. Drepturile reproductive. No\u021biunea de contracep\u021bie.Utilizarea contracep\u0163iei \u00een Republica Moldova Modulul 2: Privire de ansamblu asupra metodelor de contracep\u021bie Modulul 3: Contracep\u021bia hormonal\u0103. Contraceptivele orale combinate Modulul 4: Contraceptivele injectabile numai cu progestativ (INP) Modulul 5: Contracep\u021bia de urgen\u021b\u0103. Metodele de barier\u0103. Contracep\u021bia permanent\u0103 Modulul 6: DIU Riscuri reale sau concep\u021bii gre\u0219ite? [&hellip;]","og_url":"https:\/\/cidsr.md\/ru\/\u0440\u0435\u0441\u0443\u0440\u0441\u044b\/planificarea-familiala\/video-model-de-seminar-de-instruire-pentru-medicii-de-familie-din-tara-in-planificarea-familiei-recomandarile-ghidurile-si-protocoalele-clinice-ale-oms\/","og_site_name":"Centrul de Instruire \u00een Domeniul S\u0103n\u0103t\u0103\u0163ii Reproductive","article_modified_time":"2023-11-08T12:23:55+00:00","og_image":[{"url":"https:\/\/cidsr.md\/wp-content\/uploads\/2016\/02\/Seminar.jpg"}],"twitter_card":"summary_large_image","twitter_misc":{"Est. reading time":"1 minute"},"schema":{"@context":"https:\/\/schema.org","@graph":[{"@type":"WebPage","@id":"https:\/\/cidsr.md\/ru\/%d1%80%d0%b5%d1%81%d1%83%d1%80%d1%81%d1%8b\/planificarea-familiala\/video-model-de-seminar-de-instruire-pentru-medicii-de-familie-din-tara-in-planificarea-familiei-recomandarile-ghidurile-si-protocoalele-clinice-ale-oms\/","url":"https:\/\/cidsr.md\/ru\/%d1%80%d0%b5%d1%81%d1%83%d1%80%d1%81%d1%8b\/planificarea-familiala\/video-model-de-seminar-de-instruire-pentru-medicii-de-familie-din-tara-in-planificarea-familiei-recomandarile-ghidurile-si-protocoalele-clinice-ale-oms\/","name":"(VIDEO) Seminar de instruire pentru medicii de familie din \u021bar\u0103 \u00een planificarea familiei: recomand\u0103rile, ghidurile \u0219i protocoalele clinice ale OMS - Centrul de Instruire \u00een Domeniul S\u0103n\u0103t\u0103\u0163ii Reproductive","isPartOf":{"@id":"https:\/\/cidsr.md\/#website"},"datePublished":"2023-11-03T16:15:39+00:00","dateModified":"2023-11-08T12:23:55+00:00","breadcrumb":{"@id":"https:\/\/cidsr.md\/ru\/%d1%80%d0%b5%d1%81%d1%83%d1%80%d1%81%d1%8b\/planificarea-familiala\/video-model-de-seminar-de-instruire-pentru-medicii-de-familie-din-tara-in-planificarea-familiei-recomandarile-ghidurile-si-protocoalele-clinice-ale-oms\/#breadcrumb"},"inLanguage":"en-US","potentialAction":[{"@type":"ReadAction","target":["https:\/\/cidsr.md\/ru\/%d1%80%d0%b5%d1%81%d1%83%d1%80%d1%81%d1%8b\/planificarea-familiala\/video-model-de-seminar-de-instruire-pentru-medicii-de-familie-din-tara-in-planificarea-familiei-recomandarile-ghidurile-si-protocoalele-clinice-ale-oms\/"]}]},{"@type":"BreadcrumbList","@id":"https:\/\/cidsr.md\/ru\/%d1%80%d0%b5%d1%81%d1%83%d1%80%d1%81%d1%8b\/planificarea-familiala\/video-model-de-seminar-de-instruire-pentru-medicii-de-familie-din-tara-in-planificarea-familiei-recomandarile-ghidurile-si-protocoalele-clinice-ale-oms\/#breadcrumb","itemListElement":[{"@type":"ListItem","position":1,"name":"\u0413\u043b\u0430\u0432\u043d\u0430\u044f \u0441\u0442\u0440\u0430\u043d\u0438\u0446\u0430","item":"https:\/\/new.cidsr.md\/"},{"@type":"ListItem","position":2,"name":"Resurse","item":"https:\/\/cidsr.md\/resurses\/"},{"@type":"ListItem","position":3,"name":"\u041f\u043b\u0430\u043d\u0438\u0440\u043e\u0432\u0430\u043d\u0438\u0435 \u0441\u0435\u043c\u044c\u0438","item":"https:\/\/cidsr.md\/ru\/%d1%80%d0%b5%d1%81%d1%83%d1%80%d1%81%d1%8b\/planificarea-familiala\/"},{"@type":"ListItem","position":4,"name":"(\u0412\u0418\u0414\u0415\u041e) \u0421\u0435\u043c\u0438\u043d\u0430\u0440 \u0434\u043b\u044f \u0441\u0435\u043c\u0435\u0439\u043d\u044b\u0445 \u0432\u0440\u0430\u0447\u0435\u0439 \u0441\u0442\u0440\u0430\u043d\u044b \u043f\u043e \u043f\u043b\u0430\u043d\u0438\u0440\u043e\u0432\u0430\u043d\u0438\u044e \u0441\u0435\u043c\u044c\u0438: \u0440\u0435\u043a\u043e\u043c\u0435\u043d\u0434\u0430\u0446\u0438\u0438, \u043a\u043b\u0438\u043d\u0438\u0447\u0435\u0441\u043a\u0438\u0435 \u0440\u0443\u043a\u043e\u0432\u043e\u0434\u0441\u0442\u0432\u0430 \u0438 \u043f\u0440\u043e\u0442\u043e\u043a\u043e\u043b\u044b \u0412\u041e\u0417"}]},{"@type":"WebSite","@id":"https:\/\/cidsr.md\/#website","url":"https:\/\/cidsr.md\/","name":"Centrul de Instruire \u00een Domeniul S\u0103n\u0103t\u0103\u0163ii Reproductive","description":"Promov\u0103m s\u0103n\u0103tatea \u0219i drepturile sexuale \u0219i reproductive!","potentialAction":[{"@type":"SearchAction","target":{"@type":"EntryPoint","urlTemplate":"https:\/\/cidsr.md\/?s={search_term_string}"},"query-input":"required name=search_term_string"}],"inLanguage":"en-US"}]}},"_links":{"self":[{"href":"https:\/\/cidsr.md\/en\/wp-json\/wp\/v2\/pages\/10920","targetHints":{"allow":["GET"]}}],"collection":[{"href":"https:\/\/cidsr.md\/en\/wp-json\/wp\/v2\/pages"}],"about":[{"href":"https:\/\/cidsr.md\/en\/wp-json\/wp\/v2\/types\/page"}],"author":[{"embeddable":true,"href":"https:\/\/cidsr.md\/en\/wp-json\/wp\/v2\/users\/4"}],"replies":[{"embeddable":true,"href":"https:\/\/cidsr.md\/en\/wp-json\/wp\/v2\/comments?post=10920"}],"version-history":[{"count":1,"href":"https:\/\/cidsr.md\/en\/wp-json\/wp\/v2\/pages\/10920\/revisions"}],"predecessor-version":[{"id":11087,"href":"https:\/\/cidsr.md\/en\/wp-json\/wp\/v2\/pages\/10920\/revisions\/11087"}],"up":[{"embeddable":true,"href":"https:\/\/cidsr.md\/en\/wp-json\/wp\/v2\/pages\/983"}],"wp:attachment":[{"href":"https:\/\/cidsr.md\/en\/wp-json\/wp\/v2\/media?parent=10920"}],"curies":[{"name":"wp","href":"https:\/\/api.w.org\/{rel}","templated":true}]}}