{"id":10900,"date":"2023-11-03T16:15:37","date_gmt":"2023-11-03T16:15:37","guid":{"rendered":"http:\/\/www.sanatateafemeii.md\/?page_id=873"},"modified":"2023-11-08T15:25:05","modified_gmt":"2023-11-08T12:25:05","slug":"","status":"publish","type":"page","link":"https:\/\/cidsr.md\/en\/resurses\/planificarea-familiala\/873-2\/","title":{"rendered":"","raw":""},"content":{"rendered":"<p><img loading=\"lazy\" decoding=\"async\" class=\"wp-image-874 alignleft\" src=\"https:\/\/cidsr.md\/wp-content\/uploads\/2015\/09\/VIC-FOTO.jpg\" alt=\"VIC FOTO\" width=\"670\" height=\"378\" \/><\/p>\n<p style=\"text-align: center;\"><img loading=\"lazy\" decoding=\"async\" class=\"wp-image-875 aligncenter\" src=\"https:\/\/cidsr.md\/wp-content\/uploads\/2015\/09\/Arrow_sharp_red_down.png\" alt=\"Arrow_sharp_red_down\" width=\"62\" height=\"82\" \/><\/p>\n<p style=\"text-align: center;\"><span style=\"font-size: 14pt;\"><strong><a href=\"http:\/\/www.vic.eeirh.org\/\" target=\"_blank\" rel=\"noopener\">http:\/\/www.vic.eeirh.org\/<\/a><\/strong><\/span><\/p>\n","protected":false,"raw":"<img class=\"wp-image-874 alignleft\" src=\"https:\/\/cidsr.md\/wp-content\/uploads\/2015\/09\/VIC-FOTO.jpg\" alt=\"VIC FOTO\" width=\"670\" height=\"378\" \/>\n<p style=\"text-align: center;\"><img class=\"wp-image-875 aligncenter\" src=\"https:\/\/cidsr.md\/wp-content\/uploads\/2015\/09\/Arrow_sharp_red_down.png\" alt=\"Arrow_sharp_red_down\" width=\"62\" height=\"82\" \/><\/p>\n<p style=\"text-align: center;\"><span style=\"font-size: 14pt;\"><strong><a href=\"http:\/\/www.vic.eeirh.org\/\" target=\"_blank\" rel=\"noopener\">http:\/\/www.vic.eeirh.org\/<\/a><\/strong><\/span><\/p>"},"excerpt":{"rendered":"","protected":false,"raw":""},"author":4,"featured_media":0,"parent":983,"menu_order":999,"comment_status":"closed","ping_status":"closed","template":"page-text.php","meta":{"_acf_changed":false,"_ru_post_content":"<img class=\"wp-image-874 alignleft\" src=\"https:\/\/cidsr.md\/wp-content\/uploads\/2015\/09\/VIC-FOTO.jpg\" alt=\"VIC FOTO\" width=\"670\" height=\"378\" \/>\n<p style=\"text-align: center;\"><img class=\"wp-image-875 aligncenter\" src=\"https:\/\/cidsr.md\/wp-content\/uploads\/2015\/09\/Arrow_sharp_red_down.png\" alt=\"Arrow_sharp_red_down\" width=\"62\" height=\"82\" \/><\/p>\n<p style=\"text-align: center;\"><span style=\"font-size: 14pt;\"><strong><a href=\"http:\/\/www.vic.eeirh.org\/\" target=\"_blank\" rel=\"noopener\">http:\/\/www.vic.eeirh.org\/<\/a><\/strong><\/span><\/p>","_ru_post_name":"","_ru_post_excerpt":"","_ru_post_title":"","_en_post_content":"<img class=\"wp-image-874 alignleft\" src=\"https:\/\/cidsr.md\/wp-content\/uploads\/2015\/09\/VIC-FOTO.jpg\" alt=\"VIC FOTO\" width=\"670\" height=\"378\" \/>\n<p style=\"text-align: center;\"><img class=\"wp-image-875 aligncenter\" src=\"https:\/\/cidsr.md\/wp-content\/uploads\/2015\/09\/Arrow_sharp_red_down.png\" alt=\"Arrow_sharp_red_down\" width=\"62\" height=\"82\" \/><\/p>\n<p style=\"text-align: center;\"><span style=\"font-size: 14pt;\"><strong><a href=\"http:\/\/www.vic.eeirh.org\/\" target=\"_blank\" rel=\"noopener\">http:\/\/www.vic.eeirh.org\/<\/a><\/strong><\/span><\/p>","_en_post_name":"","_en_post_excerpt":"","_en_post_title":"","_ro_post_content":"ViC (\"Virtual Contraceptive Consultation\") este un pachet de \u00eenv\u0103\u021bare interactiv\u0103 pentru planificarea familial\u0103 bazat\u0103 pe dovezi dezvoltat de Biroul Regional UNFPA pentru Europa de Est \u0219i Asia Central\u0103 \u0219i Institutul Est European de S\u0103n\u0103tate a Reproducerii (IEESR).\r\n<p style=\"text-align: center;\"><img class=\"wp-image-875 aligncenter\" src=\"https:\/\/cidsr.md\/wp-content\/uploads\/2015\/09\/Arrow_sharp_red_down.png\" alt=\"Arrow_sharp_red_down\" width=\"62\" height=\"82\" \/><\/p>\r\n<p style=\"text-align: center;\"><span style=\"font-size: 14pt;\"><strong><a href=\"http:\/\/http:\/\/www.vic.eeirh.org\/?lang=ro\/\" target=\"_blank\" rel=\"noopener\">http:\/\/www.vic.eeirh.org\/?lang=ro\/<\/a><\/strong><\/span><\/p>","_ro_post_name":"873-2","_ro_post_excerpt":"","_ro_post_title":"Virtual Contraceptive Consultation (VIC)","edit_language":"en","footnotes":""},"class_list":["post-10900","page","type-page","status-publish","hentry"],"acf":[],"yoast_head":"<!-- This site is optimized with the Yoast SEO plugin v22.0 - https:\/\/yoast.com\/wordpress\/plugins\/seo\/ -->\n<title>Virtual Contraceptive Consultation (VIC) - Centrul de Instruire \u00een Domeniul S\u0103n\u0103t\u0103\u0163ii Reproductive<\/title>\n<meta name=\"robots\" content=\"index, follow, max-snippet:-1, max-image-preview:large, max-video-preview:-1\" \/>\n<link rel=\"canonical\" href=\"https:\/\/cidsr.md\/resurses\/planificarea-familiala\/873-2\/\" \/>\n<meta property=\"og:locale\" content=\"en_US\" \/>\n<meta property=\"og:type\" content=\"article\" \/>\n<meta property=\"og:title\" content=\"Virtual Contraceptive Consultation (VIC) - Centrul de Instruire \u00een Domeniul S\u0103n\u0103t\u0103\u0163ii Reproductive\" \/>\n<meta property=\"og:description\" content=\"http:\/\/www.vic.eeirh.org\/\" \/>\n<meta property=\"og:url\" content=\"https:\/\/cidsr.md\/resurses\/planificarea-familiala\/873-2\/\" \/>\n<meta property=\"og:site_name\" content=\"Centrul de Instruire \u00een Domeniul S\u0103n\u0103t\u0103\u0163ii Reproductive\" \/>\n<meta property=\"article:modified_time\" content=\"2023-11-08T12:25:05+00:00\" \/>\n<meta property=\"og:image\" content=\"https:\/\/cidsr.md\/wp-content\/uploads\/2015\/09\/Arrow_sharp_red_down.png\" \/>\n<meta name=\"twitter:card\" content=\"summary_large_image\" \/>\n<meta name=\"twitter:label1\" content=\"Est. reading time\" \/>\n\t<meta name=\"twitter:data1\" content=\"1 minute\" \/>\n<script type=\"application\/ld+json\" class=\"yoast-schema-graph\">{\"@context\":\"https:\/\/schema.org\",\"@graph\":[{\"@type\":\"WebPage\",\"@id\":\"https:\/\/cidsr.md\/resurses\/planificarea-familiala\/873-2\/\",\"url\":\"https:\/\/cidsr.md\/resurses\/planificarea-familiala\/873-2\/\",\"name\":\"Virtual Contraceptive Consultation (VIC) - Centrul de Instruire \u00een Domeniul S\u0103n\u0103t\u0103\u0163ii Reproductive\",\"isPartOf\":{\"@id\":\"https:\/\/cidsr.md\/#website\"},\"datePublished\":\"2023-11-03T16:15:37+00:00\",\"dateModified\":\"2023-11-08T12:25:05+00:00\",\"breadcrumb\":{\"@id\":\"https:\/\/cidsr.md\/resurses\/planificarea-familiala\/873-2\/#breadcrumb\"},\"inLanguage\":\"en-US\",\"potentialAction\":[{\"@type\":\"ReadAction\",\"target\":[\"https:\/\/cidsr.md\/resurses\/planificarea-familiala\/873-2\/\"]}]},{\"@type\":\"BreadcrumbList\",\"@id\":\"https:\/\/cidsr.md\/resurses\/planificarea-familiala\/873-2\/#breadcrumb\",\"itemListElement\":[{\"@type\":\"ListItem\",\"position\":1,\"name\":\"\u0413\u043b\u0430\u0432\u043d\u0430\u044f \u0441\u0442\u0440\u0430\u043d\u0438\u0446\u0430\",\"item\":\"https:\/\/new.cidsr.md\/\"},{\"@type\":\"ListItem\",\"position\":2,\"name\":\"Resurse\",\"item\":\"https:\/\/cidsr.md\/resurses\/\"},{\"@type\":\"ListItem\",\"position\":3,\"name\":\"\u041f\u043b\u0430\u043d\u0438\u0440\u043e\u0432\u0430\u043d\u0438\u0435 \u0441\u0435\u043c\u044c\u0438\",\"item\":\"https:\/\/cidsr.md\/ru\/%d1%80%d0%b5%d1%81%d1%83%d1%80%d1%81%d1%8b\/planificarea-familiala\/\"},{\"@type\":\"ListItem\",\"position\":4,\"name\":\"Virtual Contraceptive Consultation (VIC)\"}]},{\"@type\":\"WebSite\",\"@id\":\"https:\/\/cidsr.md\/#website\",\"url\":\"https:\/\/cidsr.md\/\",\"name\":\"Centrul de Instruire \u00een Domeniul S\u0103n\u0103t\u0103\u0163ii Reproductive\",\"description\":\"Promov\u0103m s\u0103n\u0103tatea \u0219i drepturile sexuale \u0219i reproductive!\",\"potentialAction\":[{\"@type\":\"SearchAction\",\"target\":{\"@type\":\"EntryPoint\",\"urlTemplate\":\"https:\/\/cidsr.md\/?s={search_term_string}\"},\"query-input\":\"required name=search_term_string\"}],\"inLanguage\":\"en-US\"}]}<\/script>\n<!-- \/ Yoast SEO plugin. -->","yoast_head_json":{"title":"Virtual Contraceptive Consultation (VIC) - Centrul de Instruire \u00een Domeniul S\u0103n\u0103t\u0103\u0163ii Reproductive","robots":{"index":"index","follow":"follow","max-snippet":"max-snippet:-1","max-image-preview":"max-image-preview:large","max-video-preview":"max-video-preview:-1"},"canonical":"https:\/\/cidsr.md\/resurses\/planificarea-familiala\/873-2\/","og_locale":"en_US","og_type":"article","og_title":"Virtual Contraceptive Consultation (VIC) - Centrul de Instruire \u00een Domeniul S\u0103n\u0103t\u0103\u0163ii Reproductive","og_description":"http:\/\/www.vic.eeirh.org\/","og_url":"https:\/\/cidsr.md\/resurses\/planificarea-familiala\/873-2\/","og_site_name":"Centrul de Instruire \u00een Domeniul S\u0103n\u0103t\u0103\u0163ii Reproductive","article_modified_time":"2023-11-08T12:25:05+00:00","og_image":[{"url":"https:\/\/cidsr.md\/wp-content\/uploads\/2015\/09\/Arrow_sharp_red_down.png"}],"twitter_card":"summary_large_image","twitter_misc":{"Est. reading time":"1 minute"},"schema":{"@context":"https:\/\/schema.org","@graph":[{"@type":"WebPage","@id":"https:\/\/cidsr.md\/resurses\/planificarea-familiala\/873-2\/","url":"https:\/\/cidsr.md\/resurses\/planificarea-familiala\/873-2\/","name":"Virtual Contraceptive Consultation (VIC) - Centrul de Instruire \u00een Domeniul S\u0103n\u0103t\u0103\u0163ii Reproductive","isPartOf":{"@id":"https:\/\/cidsr.md\/#website"},"datePublished":"2023-11-03T16:15:37+00:00","dateModified":"2023-11-08T12:25:05+00:00","breadcrumb":{"@id":"https:\/\/cidsr.md\/resurses\/planificarea-familiala\/873-2\/#breadcrumb"},"inLanguage":"en-US","potentialAction":[{"@type":"ReadAction","target":["https:\/\/cidsr.md\/resurses\/planificarea-familiala\/873-2\/"]}]},{"@type":"BreadcrumbList","@id":"https:\/\/cidsr.md\/resurses\/planificarea-familiala\/873-2\/#breadcrumb","itemListElement":[{"@type":"ListItem","position":1,"name":"\u0413\u043b\u0430\u0432\u043d\u0430\u044f \u0441\u0442\u0440\u0430\u043d\u0438\u0446\u0430","item":"https:\/\/new.cidsr.md\/"},{"@type":"ListItem","position":2,"name":"Resurse","item":"https:\/\/cidsr.md\/resurses\/"},{"@type":"ListItem","position":3,"name":"\u041f\u043b\u0430\u043d\u0438\u0440\u043e\u0432\u0430\u043d\u0438\u0435 \u0441\u0435\u043c\u044c\u0438","item":"https:\/\/cidsr.md\/ru\/%d1%80%d0%b5%d1%81%d1%83%d1%80%d1%81%d1%8b\/planificarea-familiala\/"},{"@type":"ListItem","position":4,"name":"Virtual Contraceptive Consultation (VIC)"}]},{"@type":"WebSite","@id":"https:\/\/cidsr.md\/#website","url":"https:\/\/cidsr.md\/","name":"Centrul de Instruire \u00een Domeniul S\u0103n\u0103t\u0103\u0163ii Reproductive","description":"Promov\u0103m s\u0103n\u0103tatea \u0219i drepturile sexuale \u0219i reproductive!","potentialAction":[{"@type":"SearchAction","target":{"@type":"EntryPoint","urlTemplate":"https:\/\/cidsr.md\/?s={search_term_string}"},"query-input":"required name=search_term_string"}],"inLanguage":"en-US"}]}},"_links":{"self":[{"href":"https:\/\/cidsr.md\/en\/wp-json\/wp\/v2\/pages\/10900","targetHints":{"allow":["GET"]}}],"collection":[{"href":"https:\/\/cidsr.md\/en\/wp-json\/wp\/v2\/pages"}],"about":[{"href":"https:\/\/cidsr.md\/en\/wp-json\/wp\/v2\/types\/page"}],"author":[{"embeddable":true,"href":"https:\/\/cidsr.md\/en\/wp-json\/wp\/v2\/users\/4"}],"replies":[{"embeddable":true,"href":"https:\/\/cidsr.md\/en\/wp-json\/wp\/v2\/comments?post=10900"}],"version-history":[{"count":1,"href":"https:\/\/cidsr.md\/en\/wp-json\/wp\/v2\/pages\/10900\/revisions"}],"predecessor-version":[{"id":11088,"href":"https:\/\/cidsr.md\/en\/wp-json\/wp\/v2\/pages\/10900\/revisions\/11088"}],"up":[{"embeddable":true,"href":"https:\/\/cidsr.md\/en\/wp-json\/wp\/v2\/pages\/983"}],"wp:attachment":[{"href":"https:\/\/cidsr.md\/en\/wp-json\/wp\/v2\/media?parent=10900"}],"curies":[{"name":"wp","href":"https:\/\/api.w.org\/{rel}","templated":true}]}}