{"id":10883,"date":"2023-11-03T16:15:36","date_gmt":"2023-11-03T16:15:36","guid":{"rendered":"http:\/\/www.sanatateafemeii.md\/?page_id=548"},"modified":"2023-11-08T15:27:44","modified_gmt":"2023-11-08T12:27:44","slug":"cadrul-legal-si-acte-normative","status":"publish","type":"page","link":"https:\/\/cidsr.md\/en\/resurses\/planificarea-familiala\/cadrul-legal-si-acte-normative\/","title":{"rendered":"Legal and normative acts","raw":"Legal and normative acts"},"content":{"rendered":"<p><img loading=\"lazy\" decoding=\"async\" class=\"wp-image-1071 aligncenter\" src=\"https:\/\/cidsr.md\/wp-content\/uploads\/2015\/02\/LAW1-1024x478.jpg\" alt=\"LAW\" width=\"701\" height=\"327\" \/><\/p>\n<ul>\n<li><a href=\"http:\/\/www.avort.md\/wp-content\/uploads\/2014\/07\/Legea-SR-2012.pdf\" target=\"_blank\">Legea nr. 138 din 15.06.2012 privind s\u0103n\u0103tatea reproducerii<\/a>\u00a0(Publicat :\u00a028.09.2012 \u00een Monitorul Oficial Nr. 205-207 \u00a0 \u00a0 art Nr : 673 \u00a0 \u00a0 Data intrarii in vigoare : 28.10.2012\u00a0<a href=\"http:\/\/lex.justice.md\/index.php?action=view&amp;view=doc&amp;lang=1&amp;id=344838\" target=\"_blank\">http:\/\/lex.justice.md\/index.php?action=view&amp;view=doc&amp;lang=1&amp;id=344838<\/a>\u00a0)<\/li>\n<li><a href=\"http:\/\/old.ms.gov.md\/_files\/113-Legea_cu_privire_la_sanatatea_reproductiva_si_planificare_familiala.pdf\" target=\"_blank\">Legea nr. 185-XV din 24 mai 2001 cu privire la ocrotirea s\u0103n\u0103t\u0103\u0163ii reproductive \u015fi planificarea familial\u0103<\/a> (Monitorul Oficial al Republicii Moldova, 2001, nr. 90 \u2013 91, art. 697)<\/li>\n<li>Legea ocrotirii s\u0103n\u0103t\u0103\u0163ii nr. 411-XIII din 28 martie 1995 (Monitorul Oficial al Republicii Moldova, 1995, nr. 34, art. 373)<\/li>\n<\/ul>\n<p>&nbsp;<\/p>\n<ul>\n<li><a href=\"https:\/\/cidsr.md\/wp-content\/uploads\/2015\/02\/ord-nr.-46-din-10.02.2016-Cu-privire-la-modificarea-si-completarea-ord-nr.695-din-13.10.2010.pdf\" target=\"_blank\">Ordinul MS nr. 46 din 10.02.2016 \u201cCu privire Ia modificarea \u015fi completarea ordinului nr. 695 din 13 octombrie 2010\u2033<\/a><\/li>\n<li><a href=\"https:\/\/cidsr.md\/wp-content\/uploads\/2015\/02\/Ord_nr._812-414-a_din_14.08.2014-cu_privire_la_aprobarea_planului_de_actiuni_privind_asigurarea_cu_contraceptive_a_grupurilor_vulnerabile_ale_populatiei_la_nivel_de_amp.pdf\" target=\"_blank\">Ordinul MS nr 812\/414-A din 14.08.2014 &#8220;Cu privire la aprobarea planului de actiuni privind asigurarea cu contraceptive a grupurilor vulnerabile ale populatiei<\/a>&#8220;<\/li>\n<li><a href=\"https:\/\/cidsr.md\/wp-content\/uploads\/2015\/02\/Ordin_no_695_din_13.10.2010-Cu-privire-Asistenta-med-primara.pdf\" target=\"_blank\">Ordinul MS nr\u00a0695 din 13.10.2010 &#8220;Cu privire la asistenta medical\u0103 primar\u0103<\/a>&#8220;<\/li>\n<li>Ordinul MS\u00a0nr.89 din 17.05.1994 Despre organizarea serviciului republican al s\u0103n\u0103t\u0103\u0163ii reproducerii \u015fi planific\u0103rii familiei<\/li>\n<\/ul>\n<p>&nbsp;<\/p>\n<ul>\n<li><a href=\"https:\/\/cidsr.md\/wp-content\/uploads\/2015\/04\/ord-nr.-658-din-18.08.2015-Cu-privire-la-asigurarea-cu-contraceptive.pdf\" target=\"_blank\">Regulamentul cu privire la asigurarea grupurilor vulnerabile ale popula\u021biei cu contraceptive procurate la nivel de asisten\u021b\u0103 medical\u0103 primar\u0103,<\/a> aprobat prin Ordinul MS nr. 658 din 18.08.2015<\/li>\n<\/ul>\n<p>&nbsp;<\/p>\n<ul>\n<li><a href=\"https:\/\/cidsr.md\/wp-content\/uploads\/2015\/02\/Strategia-Nat-a-SR-2005.pdf\" target=\"_blank\">Strategia Na\u021bional\u0103 a S\u0103n\u0103t\u0103\u021bii Reproducerii aprobate prin Hot\u0103r\u00e2rea Guvernului nr.913 din 26 august, 2005<\/a><\/li>\n<\/ul>\n","protected":false,"raw":"<img class=\"wp-image-1071 aligncenter\" src=\"https:\/\/cidsr.md\/wp-content\/uploads\/2015\/02\/LAW1-1024x478.jpg\" alt=\"LAW\" width=\"701\" height=\"327\" \/>\n<ul>\n \t<li><a href=\"http:\/\/www.avort.md\/wp-content\/uploads\/2014\/07\/Legea-SR-2012.pdf\" target=\"_blank\">Legea nr. 138 din 15.06.2012 privind s\u0103n\u0103tatea reproducerii<\/a>\u00a0(Publicat :\u00a028.09.2012 \u00een Monitorul Oficial Nr. 205-207 \u00a0 \u00a0 art Nr : 673 \u00a0 \u00a0 Data intrarii in vigoare : 28.10.2012\u00a0<a href=\"http:\/\/lex.justice.md\/index.php?action=view&amp;view=doc&amp;lang=1&amp;id=344838\" target=\"_blank\">http:\/\/lex.justice.md\/index.php?action=view&amp;view=doc&amp;lang=1&amp;id=344838<\/a>\u00a0)<\/li>\n \t<li><a href=\"http:\/\/old.ms.gov.md\/_files\/113-Legea_cu_privire_la_sanatatea_reproductiva_si_planificare_familiala.pdf\" target=\"_blank\">Legea nr. 185-XV din 24 mai 2001 cu privire la ocrotirea s\u0103n\u0103t\u0103\u0163ii reproductive \u015fi planificarea familial\u0103<\/a> (Monitorul Oficial al Republicii Moldova, 2001, nr. 90 \u2013 91, art. 697)<\/li>\n \t<li>Legea ocrotirii s\u0103n\u0103t\u0103\u0163ii nr. 411-XIII din 28 martie 1995 (Monitorul Oficial al Republicii Moldova, 1995, nr. 34, art. 373)<\/li>\n<\/ul>\n&nbsp;\n<ul>\n \t<li><a href=\"https:\/\/cidsr.md\/wp-content\/uploads\/2015\/02\/ord-nr.-46-din-10.02.2016-Cu-privire-la-modificarea-si-completarea-ord-nr.695-din-13.10.2010.pdf\" target=\"_blank\">Ordinul MS nr. 46 din 10.02.2016 \u201cCu privire Ia modificarea \u015fi completarea ordinului nr. 695 din 13 octombrie 2010\u2033<\/a><\/li>\n \t<li><a href=\"https:\/\/cidsr.md\/wp-content\/uploads\/2015\/02\/Ord_nr._812-414-a_din_14.08.2014-cu_privire_la_aprobarea_planului_de_actiuni_privind_asigurarea_cu_contraceptive_a_grupurilor_vulnerabile_ale_populatiei_la_nivel_de_amp.pdf\" target=\"_blank\">Ordinul MS nr 812\/414-A din 14.08.2014 \"Cu privire la aprobarea planului de actiuni privind asigurarea cu contraceptive a grupurilor vulnerabile ale populatiei<\/a>\"<\/li>\n \t<li><a href=\"https:\/\/cidsr.md\/wp-content\/uploads\/2015\/02\/Ordin_no_695_din_13.10.2010-Cu-privire-Asistenta-med-primara.pdf\" target=\"_blank\">Ordinul MS nr\u00a0695 din 13.10.2010 \"Cu privire la asistenta medical\u0103 primar\u0103<\/a>\"<\/li>\n \t<li>Ordinul MS\u00a0nr.89 din 17.05.1994 Despre organizarea serviciului republican al s\u0103n\u0103t\u0103\u0163ii reproducerii \u015fi planific\u0103rii familiei<\/li>\n<\/ul>\n&nbsp;\n<ul>\n \t<li><a href=\"https:\/\/cidsr.md\/wp-content\/uploads\/2015\/04\/ord-nr.-658-din-18.08.2015-Cu-privire-la-asigurarea-cu-contraceptive.pdf\" target=\"_blank\">Regulamentul cu privire la asigurarea grupurilor vulnerabile ale popula\u021biei cu contraceptive procurate la nivel de asisten\u021b\u0103 medical\u0103 primar\u0103,<\/a> aprobat prin Ordinul MS nr. 658 din 18.08.2015<\/li>\n<\/ul>\n&nbsp;\n<ul>\n \t<li><a href=\"https:\/\/cidsr.md\/wp-content\/uploads\/2015\/02\/Strategia-Nat-a-SR-2005.pdf\" target=\"_blank\">Strategia Na\u021bional\u0103 a S\u0103n\u0103t\u0103\u021bii Reproducerii aprobate prin Hot\u0103r\u00e2rea Guvernului nr.913 din 26 august, 2005<\/a><\/li>\n<\/ul>"},"excerpt":{"rendered":"","protected":false,"raw":""},"author":4,"featured_media":0,"parent":983,"menu_order":999,"comment_status":"open","ping_status":"open","template":"page-text.php","meta":{"_acf_changed":false,"_ru_post_content":"<img class=\"wp-image-1071 aligncenter\" src=\"https:\/\/cidsr.md\/wp-content\/uploads\/2015\/02\/LAW1-1024x478.jpg\" alt=\"LAW\" width=\"701\" height=\"327\" \/>\n<ul>\n \t<li><a href=\"http:\/\/www.avort.md\/wp-content\/uploads\/2014\/07\/Legea-SR-2012.pdf\" target=\"_blank\">Legea nr. 138 din 15.06.2012 privind s\u0103n\u0103tatea reproducerii<\/a>\u00a0(Publicat :\u00a028.09.2012 \u00een Monitorul Oficial Nr. 205-207 \u00a0 \u00a0 art Nr : 673 \u00a0 \u00a0 Data intrarii in vigoare : 28.10.2012\u00a0<a href=\"http:\/\/lex.justice.md\/index.php?action=view&amp;view=doc&amp;lang=1&amp;id=344838\" target=\"_blank\">http:\/\/lex.justice.md\/index.php?action=view&amp;view=doc&amp;lang=1&amp;id=344838<\/a>\u00a0)<\/li>\n \t<li><a href=\"http:\/\/old.ms.gov.md\/_files\/113-Legea_cu_privire_la_sanatatea_reproductiva_si_planificare_familiala.pdf\" target=\"_blank\">Legea nr. 185-XV din 24 mai 2001 cu privire la ocrotirea s\u0103n\u0103t\u0103\u0163ii reproductive \u015fi planificarea familial\u0103<\/a> (Monitorul Oficial al Republicii Moldova, 2001, nr. 90 \u2013 91, art. 697)<\/li>\n \t<li>Legea ocrotirii s\u0103n\u0103t\u0103\u0163ii nr. 411-XIII din 28 martie 1995 (Monitorul Oficial al Republicii Moldova, 1995, nr. 34, art. 373)<\/li>\n<\/ul>\n&nbsp;\n<ul>\n \t<li><a href=\"https:\/\/cidsr.md\/wp-content\/uploads\/2015\/02\/ord-nr.-46-din-10.02.2016-Cu-privire-la-modificarea-si-completarea-ord-nr.695-din-13.10.2010.pdf\" target=\"_blank\">Ordinul MS nr. 46 din 10.02.2016 \u201cCu privire Ia modificarea \u015fi completarea ordinului nr. 695 din 13 octombrie 2010\u2033<\/a><\/li>\n \t<li><a href=\"https:\/\/cidsr.md\/wp-content\/uploads\/2015\/02\/Ord_nr._812-414-a_din_14.08.2014-cu_privire_la_aprobarea_planului_de_actiuni_privind_asigurarea_cu_contraceptive_a_grupurilor_vulnerabile_ale_populatiei_la_nivel_de_amp.pdf\" target=\"_blank\">Ordinul MS nr 812\/414-A din 14.08.2014 \"Cu privire la aprobarea planului de actiuni privind asigurarea cu contraceptive a grupurilor vulnerabile ale populatiei<\/a>\"<\/li>\n \t<li><a href=\"https:\/\/cidsr.md\/wp-content\/uploads\/2015\/02\/Ordin_no_695_din_13.10.2010-Cu-privire-Asistenta-med-primara.pdf\" target=\"_blank\">Ordinul MS nr\u00a0695 din 13.10.2010 \"Cu privire la asistenta medical\u0103 primar\u0103<\/a>\"<\/li>\n \t<li>Ordinul MS\u00a0nr.89 din 17.05.1994 Despre organizarea serviciului republican al s\u0103n\u0103t\u0103\u0163ii reproducerii \u015fi planific\u0103rii familiei<\/li>\n<\/ul>\n&nbsp;\n<ul>\n \t<li><a href=\"https:\/\/cidsr.md\/wp-content\/uploads\/2015\/04\/ord-nr.-658-din-18.08.2015-Cu-privire-la-asigurarea-cu-contraceptive.pdf\" target=\"_blank\">Regulamentul cu privire la asigurarea grupurilor vulnerabile ale popula\u021biei cu contraceptive procurate la nivel de asisten\u021b\u0103 medical\u0103 primar\u0103,<\/a> aprobat prin Ordinul MS nr. 658 din 18.08.2015<\/li>\n<\/ul>\n&nbsp;\n<ul>\n \t<li><a href=\"https:\/\/cidsr.md\/wp-content\/uploads\/2015\/02\/Strategia-Nat-a-SR-2005.pdf\" target=\"_blank\">Strategia Na\u021bional\u0103 a S\u0103n\u0103t\u0103\u021bii Reproducerii aprobate prin Hot\u0103r\u00e2rea Guvernului nr.913 din 26 august, 2005<\/a><\/li>\n<\/ul>","_ru_post_name":"cadrul-legal-si-acte-normative","_ru_post_excerpt":"","_ru_post_title":"\u0417\u0430\u043a\u043e\u043d\u043e\u0434\u0430\u0442\u0435\u043b\u044c\u0441\u0442\u0432\u043e \u0438 \u043f\u0440\u0430\u0432\u043e\u0432\u044b\u0435 \u0440\u0430\u043c\u043a\u0438","_en_post_content":"<img class=\"wp-image-1071 aligncenter\" src=\"https:\/\/cidsr.md\/wp-content\/uploads\/2015\/02\/LAW1-1024x478.jpg\" alt=\"LAW\" width=\"701\" height=\"327\" \/>\n<ul>\n \t<li><a href=\"http:\/\/www.avort.md\/wp-content\/uploads\/2014\/07\/Legea-SR-2012.pdf\" target=\"_blank\">Legea nr. 138 din 15.06.2012 privind s\u0103n\u0103tatea reproducerii<\/a>\u00a0(Publicat :\u00a028.09.2012 \u00een Monitorul Oficial Nr. 205-207 \u00a0 \u00a0 art Nr : 673 \u00a0 \u00a0 Data intrarii in vigoare : 28.10.2012\u00a0<a href=\"http:\/\/lex.justice.md\/index.php?action=view&amp;view=doc&amp;lang=1&amp;id=344838\" target=\"_blank\">http:\/\/lex.justice.md\/index.php?action=view&amp;view=doc&amp;lang=1&amp;id=344838<\/a>\u00a0)<\/li>\n \t<li><a href=\"http:\/\/old.ms.gov.md\/_files\/113-Legea_cu_privire_la_sanatatea_reproductiva_si_planificare_familiala.pdf\" target=\"_blank\">Legea nr. 185-XV din 24 mai 2001 cu privire la ocrotirea s\u0103n\u0103t\u0103\u0163ii reproductive \u015fi planificarea familial\u0103<\/a> (Monitorul Oficial al Republicii Moldova, 2001, nr. 90 \u2013 91, art. 697)<\/li>\n \t<li>Legea ocrotirii s\u0103n\u0103t\u0103\u0163ii nr. 411-XIII din 28 martie 1995 (Monitorul Oficial al Republicii Moldova, 1995, nr. 34, art. 373)<\/li>\n<\/ul>\n&nbsp;\n<ul>\n \t<li><a href=\"https:\/\/cidsr.md\/wp-content\/uploads\/2015\/02\/ord-nr.-46-din-10.02.2016-Cu-privire-la-modificarea-si-completarea-ord-nr.695-din-13.10.2010.pdf\" target=\"_blank\">Ordinul MS nr. 46 din 10.02.2016 \u201cCu privire Ia modificarea \u015fi completarea ordinului nr. 695 din 13 octombrie 2010\u2033<\/a><\/li>\n \t<li><a href=\"https:\/\/cidsr.md\/wp-content\/uploads\/2015\/02\/Ord_nr._812-414-a_din_14.08.2014-cu_privire_la_aprobarea_planului_de_actiuni_privind_asigurarea_cu_contraceptive_a_grupurilor_vulnerabile_ale_populatiei_la_nivel_de_amp.pdf\" target=\"_blank\">Ordinul MS nr 812\/414-A din 14.08.2014 \"Cu privire la aprobarea planului de actiuni privind asigurarea cu contraceptive a grupurilor vulnerabile ale populatiei<\/a>\"<\/li>\n \t<li><a href=\"https:\/\/cidsr.md\/wp-content\/uploads\/2015\/02\/Ordin_no_695_din_13.10.2010-Cu-privire-Asistenta-med-primara.pdf\" target=\"_blank\">Ordinul MS nr\u00a0695 din 13.10.2010 \"Cu privire la asistenta medical\u0103 primar\u0103<\/a>\"<\/li>\n \t<li>Ordinul MS\u00a0nr.89 din 17.05.1994 Despre organizarea serviciului republican al s\u0103n\u0103t\u0103\u0163ii reproducerii \u015fi planific\u0103rii familiei<\/li>\n<\/ul>\n&nbsp;\n<ul>\n \t<li><a href=\"https:\/\/cidsr.md\/wp-content\/uploads\/2015\/04\/ord-nr.-658-din-18.08.2015-Cu-privire-la-asigurarea-cu-contraceptive.pdf\" target=\"_blank\">Regulamentul cu privire la asigurarea grupurilor vulnerabile ale popula\u021biei cu contraceptive procurate la nivel de asisten\u021b\u0103 medical\u0103 primar\u0103,<\/a> aprobat prin Ordinul MS nr. 658 din 18.08.2015<\/li>\n<\/ul>\n&nbsp;\n<ul>\n \t<li><a href=\"https:\/\/cidsr.md\/wp-content\/uploads\/2015\/02\/Strategia-Nat-a-SR-2005.pdf\" target=\"_blank\">Strategia Na\u021bional\u0103 a S\u0103n\u0103t\u0103\u021bii Reproducerii aprobate prin Hot\u0103r\u00e2rea Guvernului nr.913 din 26 august, 2005<\/a><\/li>\n<\/ul>","_en_post_name":"cadrul-legal-si-acte-normative","_en_post_excerpt":"","_en_post_title":"Legal and normative acts","_ro_post_content":"<img class=\"wp-image-1071 aligncenter\" src=\"https:\/\/cidsr.md\/wp-content\/uploads\/2015\/02\/LAW1-1024x478.jpg\" alt=\"LAW\" width=\"701\" height=\"327\" \/>\r\n<ul>\r\n \t<li><a href=\"http:\/\/www.avort.md\/wp-content\/uploads\/2014\/07\/Legea-SR-2012.pdf\" target=\"_blank\" rel=\"noopener\">Legea nr. 138 din 15.06.2012 privind s\u0103n\u0103tatea reproducerii<\/a>\u00a0(Publicat :\u00a028.09.2012 \u00een Monitorul Oficial Nr. 205-207 \u00a0 \u00a0 art Nr : 673 \u00a0 \u00a0 Data intrarii in vigoare : 28.10.2012\u00a0<a href=\"http:\/\/lex.justice.md\/index.php?action=view&amp;view=doc&amp;lang=1&amp;id=344838\" target=\"_blank\" rel=\"noopener\">http:\/\/lex.justice.md\/index.php?action=view&amp;view=doc&amp;lang=1&amp;id=344838<\/a>\u00a0)<\/li>\r\n \t<li><a href=\"http:\/\/old.ms.gov.md\/_files\/113-Legea_cu_privire_la_sanatatea_reproductiva_si_planificare_familiala.pdf\" target=\"_blank\" rel=\"noopener\">Legea nr. 185-XV din 24 mai 2001 cu privire la ocrotirea s\u0103n\u0103t\u0103\u0163ii reproductive \u015fi planificarea familial\u0103<\/a> (Monitorul Oficial al Republicii Moldova, 2001, nr. 90 \u2013 91, art. 697)<\/li>\r\n \t<li>Legea ocrotirii s\u0103n\u0103t\u0103\u0163ii nr. 411-XIII din 28 martie 1995 (Monitorul Oficial al Republicii Moldova, 1995, nr. 34, art. 373)<\/li>\r\n<\/ul>\r\n&nbsp;\r\n<ul>\r\n \t<li><a href=\"https:\/\/cidsr.md\/wp-content\/uploads\/2015\/02\/ord-nr.-46-din-10.02.2016-Cu-privire-la-modificarea-si-completarea-ord-nr.695-din-13.10.2010.pdf\" target=\"_blank\" rel=\"noopener\">Ordinul MS nr. 46 din 10.02.2016 \u201cCu privire Ia modificarea \u015fi completarea ordinului nr. 695 din 13 octombrie 2010\u2033<\/a><\/li>\r\n \t<li><a href=\"https:\/\/cidsr.md\/wp-content\/uploads\/2015\/02\/Ord_nr._812-414-a_din_14.08.2014-cu_privire_la_aprobarea_planului_de_actiuni_privind_asigurarea_cu_contraceptive_a_grupurilor_vulnerabile_ale_populatiei_la_nivel_de_amp.pdf\" target=\"_blank\" rel=\"noopener\">Ordinul MS nr. 812\/414-A din 14.08.2014 \"Cu privire la aprobarea planului de actiuni privind asigurarea cu contraceptive a grupurilor vulnerabile ale populatiei<\/a>\"<\/li>\r\n \t<li><a href=\"https:\/\/cidsr.md\/wp-content\/uploads\/2015\/02\/Ordin_no_695_din_13.10.2010-Cu-privire-Asistenta-med-primara.pdf\" target=\"_blank\" rel=\"noopener\">Ordinul MS nr. 695 din 13.10.2010 \"Cu privire la asistenta medical\u0103 primar\u0103<\/a>\"<\/li>\r\n \t<li>Ordinul MS\u00a0nr.89 din 17.05.1994 Despre organizarea serviciului republican al s\u0103n\u0103t\u0103\u0163ii reproducerii \u015fi planific\u0103rii familiei<\/li>\r\n<\/ul>\r\n&nbsp;\r\n<ul>\r\n \t<li><a href=\"https:\/\/cidsr.md\/wp-content\/uploads\/2015\/04\/ord-nr.-658-din-18.08.2015-Cu-privire-la-asigurarea-cu-contraceptive.pdf\" target=\"_blank\" rel=\"noopener\">Regulamentul cu privire la asigurarea grupurilor vulnerabile ale popula\u021biei cu contraceptive procurate la nivel de asisten\u021b\u0103 medical\u0103 primar\u0103,<\/a> aprobat prin Ordinul MS nr. 658 din 18.08.2015<\/li>\r\n<\/ul>\r\n&nbsp;\r\n<ul>\r\n \t<li><a href=\"https:\/\/cidsr.md\/wp-content\/uploads\/2015\/02\/Strategia-Nat-a-SR-2005.pdf\" target=\"_blank\" rel=\"noopener\">Strategia Na\u021bional\u0103 a S\u0103n\u0103t\u0103\u021bii Reproducerii aprobate prin Hot\u0103r\u00e2rea Guvernului nr.913 din 26 august, 2005<\/a><\/li>\r\n<\/ul>","_ro_post_name":"cadrul-legal-si-acte-normative","_ro_post_excerpt":"","_ro_post_title":"Cadrul legal si acte normative","edit_language":"en","footnotes":""},"class_list":["post-10883","page","type-page","status-publish","hentry"],"acf":[],"yoast_head":"<!-- This site is optimized with the Yoast SEO plugin v22.0 - https:\/\/yoast.com\/wordpress\/plugins\/seo\/ -->\n<title>Cadrul legal si acte normative - Centrul de Instruire \u00een Domeniul S\u0103n\u0103t\u0103\u0163ii Reproductive<\/title>\n<meta name=\"robots\" content=\"index, follow, max-snippet:-1, max-image-preview:large, max-video-preview:-1\" \/>\n<link rel=\"canonical\" href=\"https:\/\/cidsr.md\/resurses\/planificarea-familiala\/cadrul-legal-si-acte-normative\/\" \/>\n<meta property=\"og:locale\" content=\"en_US\" \/>\n<meta property=\"og:type\" content=\"article\" \/>\n<meta property=\"og:title\" content=\"Cadrul legal si acte normative - Centrul de Instruire \u00een Domeniul S\u0103n\u0103t\u0103\u0163ii Reproductive\" \/>\n<meta property=\"og:description\" content=\"Legea nr. 138 din 15.06.2012 privind s\u0103n\u0103tatea reproducerii\u00a0(Publicat :\u00a028.09.2012 \u00een Monitorul Oficial Nr. 205-207 \u00a0 \u00a0 art Nr : 673 \u00a0 \u00a0 Data intrarii in vigoare : 28.10.2012\u00a0http:\/\/lex.justice.md\/index.php?action=view&amp;view=doc&amp;lang=1&amp;id=344838\u00a0) Legea nr. 185-XV din 24 mai 2001 cu privire la ocrotirea s\u0103n\u0103t\u0103\u0163ii reproductive \u015fi planificarea familial\u0103 (Monitorul Oficial al Republicii Moldova, 2001, nr. 90 \u2013 91, art. [&hellip;]\" \/>\n<meta property=\"og:url\" content=\"https:\/\/cidsr.md\/resurses\/planificarea-familiala\/cadrul-legal-si-acte-normative\/\" \/>\n<meta property=\"og:site_name\" content=\"Centrul de Instruire \u00een Domeniul S\u0103n\u0103t\u0103\u0163ii Reproductive\" \/>\n<meta property=\"article:modified_time\" content=\"2023-11-08T12:27:44+00:00\" \/>\n<meta property=\"og:image\" content=\"https:\/\/cidsr.md\/wp-content\/uploads\/2015\/02\/LAW1-1024x478.jpg\" \/>\n<meta name=\"twitter:card\" content=\"summary_large_image\" \/>\n<meta name=\"twitter:label1\" content=\"Est. reading time\" \/>\n\t<meta name=\"twitter:data1\" content=\"2 minutes\" \/>\n<script type=\"application\/ld+json\" class=\"yoast-schema-graph\">{\"@context\":\"https:\/\/schema.org\",\"@graph\":[{\"@type\":\"WebPage\",\"@id\":\"https:\/\/cidsr.md\/resurses\/planificarea-familiala\/cadrul-legal-si-acte-normative\/\",\"url\":\"https:\/\/cidsr.md\/resurses\/planificarea-familiala\/cadrul-legal-si-acte-normative\/\",\"name\":\"Cadrul legal si acte normative - Centrul de Instruire \u00een Domeniul S\u0103n\u0103t\u0103\u0163ii Reproductive\",\"isPartOf\":{\"@id\":\"https:\/\/cidsr.md\/#website\"},\"datePublished\":\"2023-11-03T16:15:36+00:00\",\"dateModified\":\"2023-11-08T12:27:44+00:00\",\"breadcrumb\":{\"@id\":\"https:\/\/cidsr.md\/resurses\/planificarea-familiala\/cadrul-legal-si-acte-normative\/#breadcrumb\"},\"inLanguage\":\"en-US\",\"potentialAction\":[{\"@type\":\"ReadAction\",\"target\":[\"https:\/\/cidsr.md\/resurses\/planificarea-familiala\/cadrul-legal-si-acte-normative\/\"]}]},{\"@type\":\"BreadcrumbList\",\"@id\":\"https:\/\/cidsr.md\/resurses\/planificarea-familiala\/cadrul-legal-si-acte-normative\/#breadcrumb\",\"itemListElement\":[{\"@type\":\"ListItem\",\"position\":1,\"name\":\"\u0413\u043b\u0430\u0432\u043d\u0430\u044f \u0441\u0442\u0440\u0430\u043d\u0438\u0446\u0430\",\"item\":\"https:\/\/new.cidsr.md\/\"},{\"@type\":\"ListItem\",\"position\":2,\"name\":\"Resurse\",\"item\":\"https:\/\/cidsr.md\/resurses\/\"},{\"@type\":\"ListItem\",\"position\":3,\"name\":\"\u041f\u043b\u0430\u043d\u0438\u0440\u043e\u0432\u0430\u043d\u0438\u0435 \u0441\u0435\u043c\u044c\u0438\",\"item\":\"https:\/\/cidsr.md\/ru\/%d1%80%d0%b5%d1%81%d1%83%d1%80%d1%81%d1%8b\/planificarea-familiala\/\"},{\"@type\":\"ListItem\",\"position\":4,\"name\":\"Cadrul legal si acte normative\"}]},{\"@type\":\"WebSite\",\"@id\":\"https:\/\/cidsr.md\/#website\",\"url\":\"https:\/\/cidsr.md\/\",\"name\":\"Centrul de Instruire \u00een Domeniul S\u0103n\u0103t\u0103\u0163ii Reproductive\",\"description\":\"Promov\u0103m s\u0103n\u0103tatea \u0219i drepturile sexuale \u0219i reproductive!\",\"potentialAction\":[{\"@type\":\"SearchAction\",\"target\":{\"@type\":\"EntryPoint\",\"urlTemplate\":\"https:\/\/cidsr.md\/?s={search_term_string}\"},\"query-input\":\"required name=search_term_string\"}],\"inLanguage\":\"en-US\"}]}<\/script>\n<!-- \/ Yoast SEO plugin. -->","yoast_head_json":{"title":"Cadrul legal si acte normative - Centrul de Instruire \u00een Domeniul S\u0103n\u0103t\u0103\u0163ii Reproductive","robots":{"index":"index","follow":"follow","max-snippet":"max-snippet:-1","max-image-preview":"max-image-preview:large","max-video-preview":"max-video-preview:-1"},"canonical":"https:\/\/cidsr.md\/resurses\/planificarea-familiala\/cadrul-legal-si-acte-normative\/","og_locale":"en_US","og_type":"article","og_title":"Cadrul legal si acte normative - Centrul de Instruire \u00een Domeniul S\u0103n\u0103t\u0103\u0163ii Reproductive","og_description":"Legea nr. 138 din 15.06.2012 privind s\u0103n\u0103tatea reproducerii\u00a0(Publicat :\u00a028.09.2012 \u00een Monitorul Oficial Nr. 205-207 \u00a0 \u00a0 art Nr : 673 \u00a0 \u00a0 Data intrarii in vigoare : 28.10.2012\u00a0http:\/\/lex.justice.md\/index.php?action=view&amp;view=doc&amp;lang=1&amp;id=344838\u00a0) Legea nr. 185-XV din 24 mai 2001 cu privire la ocrotirea s\u0103n\u0103t\u0103\u0163ii reproductive \u015fi planificarea familial\u0103 (Monitorul Oficial al Republicii Moldova, 2001, nr. 90 \u2013 91, art. [&hellip;]","og_url":"https:\/\/cidsr.md\/resurses\/planificarea-familiala\/cadrul-legal-si-acte-normative\/","og_site_name":"Centrul de Instruire \u00een Domeniul S\u0103n\u0103t\u0103\u0163ii Reproductive","article_modified_time":"2023-11-08T12:27:44+00:00","og_image":[{"url":"https:\/\/cidsr.md\/wp-content\/uploads\/2015\/02\/LAW1-1024x478.jpg"}],"twitter_card":"summary_large_image","twitter_misc":{"Est. reading time":"2 minutes"},"schema":{"@context":"https:\/\/schema.org","@graph":[{"@type":"WebPage","@id":"https:\/\/cidsr.md\/resurses\/planificarea-familiala\/cadrul-legal-si-acte-normative\/","url":"https:\/\/cidsr.md\/resurses\/planificarea-familiala\/cadrul-legal-si-acte-normative\/","name":"Cadrul legal si acte normative - Centrul de Instruire \u00een Domeniul S\u0103n\u0103t\u0103\u0163ii Reproductive","isPartOf":{"@id":"https:\/\/cidsr.md\/#website"},"datePublished":"2023-11-03T16:15:36+00:00","dateModified":"2023-11-08T12:27:44+00:00","breadcrumb":{"@id":"https:\/\/cidsr.md\/resurses\/planificarea-familiala\/cadrul-legal-si-acte-normative\/#breadcrumb"},"inLanguage":"en-US","potentialAction":[{"@type":"ReadAction","target":["https:\/\/cidsr.md\/resurses\/planificarea-familiala\/cadrul-legal-si-acte-normative\/"]}]},{"@type":"BreadcrumbList","@id":"https:\/\/cidsr.md\/resurses\/planificarea-familiala\/cadrul-legal-si-acte-normative\/#breadcrumb","itemListElement":[{"@type":"ListItem","position":1,"name":"\u0413\u043b\u0430\u0432\u043d\u0430\u044f \u0441\u0442\u0440\u0430\u043d\u0438\u0446\u0430","item":"https:\/\/new.cidsr.md\/"},{"@type":"ListItem","position":2,"name":"Resurse","item":"https:\/\/cidsr.md\/resurses\/"},{"@type":"ListItem","position":3,"name":"\u041f\u043b\u0430\u043d\u0438\u0440\u043e\u0432\u0430\u043d\u0438\u0435 \u0441\u0435\u043c\u044c\u0438","item":"https:\/\/cidsr.md\/ru\/%d1%80%d0%b5%d1%81%d1%83%d1%80%d1%81%d1%8b\/planificarea-familiala\/"},{"@type":"ListItem","position":4,"name":"Cadrul legal si acte normative"}]},{"@type":"WebSite","@id":"https:\/\/cidsr.md\/#website","url":"https:\/\/cidsr.md\/","name":"Centrul de Instruire \u00een Domeniul S\u0103n\u0103t\u0103\u0163ii Reproductive","description":"Promov\u0103m s\u0103n\u0103tatea \u0219i drepturile sexuale \u0219i reproductive!","potentialAction":[{"@type":"SearchAction","target":{"@type":"EntryPoint","urlTemplate":"https:\/\/cidsr.md\/?s={search_term_string}"},"query-input":"required name=search_term_string"}],"inLanguage":"en-US"}]}},"_links":{"self":[{"href":"https:\/\/cidsr.md\/en\/wp-json\/wp\/v2\/pages\/10883","targetHints":{"allow":["GET"]}}],"collection":[{"href":"https:\/\/cidsr.md\/en\/wp-json\/wp\/v2\/pages"}],"about":[{"href":"https:\/\/cidsr.md\/en\/wp-json\/wp\/v2\/types\/page"}],"author":[{"embeddable":true,"href":"https:\/\/cidsr.md\/en\/wp-json\/wp\/v2\/users\/4"}],"replies":[{"embeddable":true,"href":"https:\/\/cidsr.md\/en\/wp-json\/wp\/v2\/comments?post=10883"}],"version-history":[{"count":2,"href":"https:\/\/cidsr.md\/en\/wp-json\/wp\/v2\/pages\/10883\/revisions"}],"predecessor-version":[{"id":11091,"href":"https:\/\/cidsr.md\/en\/wp-json\/wp\/v2\/pages\/10883\/revisions\/11091"}],"up":[{"embeddable":true,"href":"https:\/\/cidsr.md\/en\/wp-json\/wp\/v2\/pages\/983"}],"wp:attachment":[{"href":"https:\/\/cidsr.md\/en\/wp-json\/wp\/v2\/media?parent=10883"}],"curies":[{"name":"wp","href":"https:\/\/api.w.org\/{rel}","templated":true}]}}