{"id":10878,"date":"2023-11-03T16:15:36","date_gmt":"2023-11-03T16:15:36","guid":{"rendered":"http:\/\/www.sanatateafemeii.md\/?page_id=508"},"modified":"2023-11-09T13:50:23","modified_gmt":"2023-11-09T10:50:23","slug":"proiectul-cresterea-gradului-de-constientizare-in-prevenirea-cancerului-de-col-uterin-prin-accentuarea-importantei-vaccinarii-hpv-prin-efectuarea-activitatilor-educationale-in-randul-grupurilor-tint","status":"publish","type":"page","link":"https:\/\/cidsr.md\/en\/portofolio\/proiecte\/projects-implemented-2010-2011\/proiectul-cresterea-gradului-de-constientizare-in-prevenirea-cancerului-de-col-uterin-prin-accentuarea-importantei-vaccinarii-hpv-prin-efectuarea-activitatilor-educationale-in-randul-grupurilor-tint\/","title":{"rendered":"Project \"Increasing awareness of Moldova\u2019s medical providers regarding cervical cancer screening importance and HPV vaccine necessity, as one of the most important issue in the cervical cancer prevention\"","raw":"Project \"Increasing awareness of Moldova\u2019s medical providers regarding cervical cancer screening importance and HPV vaccine necessity, as one of the most important issue in the cervical cancer prevention\""},"content":{"rendered":"","protected":false,"raw":""},"excerpt":{"rendered":"","protected":false,"raw":""},"author":4,"featured_media":0,"parent":10998,"menu_order":999,"comment_status":"open","ping_status":"open","template":"page-text.php","meta":{"_acf_changed":false,"_ru_post_content":"<strong>\u0421\u0420\u041e\u041a \u0420\u0415\u0410\u041b\u0418\u0417\u0410\u0426\u0418\u0418<\/strong>: 1 \u0441\u0435\u043d\u0442\u044f\u0431\u0440\u044f, 2010 - 28 \u0444\u0435\u0432\u0440\u0430\u043b\u044f, 2011\n\n<strong>\u0414\u041e\u041d\u041e\u0420<\/strong>:\u00a0<a href=\"http:\/\/www.uicc.org\/\" target=\"_blank\" rel=\"noopener\">International Union Against Cancer (UICC)<\/a>\n\n<strong>\u0426\u0415\u041b\u042c \u041f\u0420\u041e\u0415\u041a\u0422\u0410<\/strong>: \u00a0\u0423\u043b\u0443\u0447\u0448\u0435\u043d\u0438\u0435 \u043f\u043e\u043b\u043e\u0436\u0435\u043d\u0438\u044f \u043f\u0440\u043e\u0444\u0438\u043b\u0430\u043a\u0442\u0438\u043a\u0438 \u0440\u0430\u043a\u0430 \u0448\u0435\u0439\u043a\u0438 \u043c\u0430\u0442\u043a\u0438 \u043f\u0443\u0442\u0435\u043c \u043f\u043e\u0432\u044b\u0448\u0435\u043d\u0438\u044f \u043e\u0441\u0432\u0435\u0434\u043e\u043c\u043b\u0435\u043d\u043d\u043e\u0441\u0442\u0438 \u043e \u0432\u0430\u0436\u043d\u043e\u0441\u0442\u0438 \u043f\u0440\u0435\u0434\u043e\u0442\u0432\u0440\u0430\u0449\u0435\u043d\u0438\u044f \u044d\u0442\u043e\u0433\u043e \u043f\u0430\u0442\u043e\u043b\u043e\u0433\u0438\u0447\u0435\u0441\u043a\u043e\u0433\u043e \u0441\u043e\u0441\u0442\u043e\u044f\u043d\u0438\u044f \u0432 \u0446\u0435\u043b\u0435\u0432\u044b\u0445 \u0433\u0440\u0443\u043f\u043f\u0430\u0445 (\u0436\u0435\u043d\u0441\u043a\u043e\u0433\u043e \u043d\u0430\u0441\u0435\u043b\u0435\u043d\u0438\u044f \u0438 \u043c\u0435\u0434\u0438\u0446\u0438\u043d\u0441\u043a\u0438\u0445 \u0440\u0430\u0431\u043e\u0442\u043d\u0438\u043a\u043e\u0432), \u0432 \u0442\u043e\u043c \u0447\u0438\u0441\u043b\u0435 \u0432\u0430\u043a\u0446\u0438\u043d\u0430\u0446\u0438\u0438 \u043f\u0440\u043e\u0442\u0438\u0432 \u0412\u041f\u0427 \u0432 \u0440\u0435\u0433\u0438\u043e\u043d\u0435 \u043f\u0438\u043b\u043e\u0442 \u2013 \u0446\u0435\u043d\u0442\u0440\u0430\u043b\u044c\u043d\u0430\u044f \u0447\u0430\u0441\u0442\u044c \u0420\u0435\u0441\u043f\u0443\u0431\u043b\u0438\u043a\u0438 \u041c\u043e\u043b\u0434\u043e\u0432\u044b\n\n<strong>\u0420\u0415\u0417\u0423\u041b\u042c\u0422\u0410\u0422\u042b \u041f\u0420\u041e\u0415\u041a\u0422\u0410<\/strong>:\n<ul>\n \t<li>\u0411\u043e\u043b\u0435\u0435 60 \u0441\u0435\u043c\u0435\u0439\u043d\u044b\u0445 \u0432\u0440\u0430\u0447\u0435\u0439 \u0438 \u0430\u043a\u0443\u0448\u0435\u0440\u043e\u0432-\u0433\u0438\u043d\u0435\u043a\u043e\u043b\u043e\u0433\u043e\u0432 \u043f\u0440\u0438\u043d\u044f\u043b\u0438 \u0443\u0447\u0430\u0441\u0442\u0438\u0435 \u0432 \u0441\u0435\u043c\u0438\u043d\u0430\u0440\u0430\u0445 \u00a0\"\u041f\u043e\u0432\u044b\u0448\u0435\u043d\u0438\u0435 \u043e\u0441\u0432\u0435\u0434\u043e\u043c\u043b\u0435\u043d\u043d\u043e\u0441\u0442\u0438 \u043c\u0435\u0434\u0438\u0446\u0438\u043d\u0441\u043a\u0438\u0445 \u0440\u0430\u0431\u043e\u0442\u043d\u0438\u043a\u043e\u0432 \u041c\u043e\u043b\u0434\u043e\u0432\u044b \u043e\u0442\u043d\u043e\u0441\u0438\u0442\u0435\u043b\u044c\u043d\u043e \u0432\u0430\u0436\u043d\u043e\u0441\u0442\u0438 \u0441\u043a\u0440\u0438\u043d\u043d\u0438\u043d\u0433\u0430 \u0440\u0430\u043a\u0430 \u0448\u0435\u0439\u043a\u0438 \u043c\u0430\u0442\u043a\u0438 \u0438 \u043d\u0435\u043e\u0431\u0445\u043e\u0434\u0438\u043c\u043e\u0441\u0442\u0438 \u0432\u0430\u043a\u0446\u0438\u043d\u0430\u0446\u0438\u0438 \u0412\u041f\u0427, \u043a\u0430\u043a \u043e\u0434\u0438\u043d \u0438\u0437 \u043d\u0430\u0438\u0431\u043e\u043b\u0435\u0435 \u0432\u0430\u0436\u043d\u044b\u0445 \u0432\u043e\u043f\u0440\u043e\u0441\u043e\u0432 \u0432 \u043f\u0440\u043e\u0444\u0438\u043b\u0430\u043a\u0442\u0438\u043a\u0435 \u0440\u0430\u043a\u0430 \u0448\u0435\u0439\u043a\u0438 \u043c\u0430\u0442\u043a\u0438\", \u043e\u0440\u0433\u0430\u043d\u0438\u0437\u043e\u0432\u0430\u043d\u043d\u044b\u0435 \u0438 \u043f\u0440\u043e\u0432\u0435\u0434\u0435\u043d\u043d\u044b\u0435 CIDSR \u043f\u0440\u0438 \u043f\u043e\u0434\u0434\u0435\u0440\u0436\u043a\u0435 <a href=\"http:\/\/ms.gov.md\" target=\"_blank\" rel=\"noopener\">\u041c\u0438\u043d\u0438\u0441\u0442\u0435\u0440\u0441\u0442\u0432\u0430 \u0437\u0434\u0440\u0430\u0432\u043e\u043e\u0445\u0440\u0430\u043d\u0435\u043d\u0438\u044f \u0420.\u00a0\u041c\u043e\u043b\u0434\u043e\u0432\u0430<\/a> \u0438 \u0444\u0438\u043d\u0430\u043d\u0441\u043e\u0432\u043e\u0439 \u043f\u043e\u0434\u0434\u0435\u0440\u0436\u043a\u0435\u00a0<a style=\"font-weight: inherit; font-style: inherit;\" href=\"http:\/\/www.uicc.org\/\">UICC<\/a>\u00a0(\u0441\u043c. <strong><a href=\"https:\/\/cidsr.md\/news\/seminar-povysheniya-urovnya-professionalnojj-podgotovki-medicinskikh-rabotnikov-po-voprosu-neobkhodimosti-skrinninga-na-rak-shhejjki-matki-i-vakcinacii-protiv-papilloma-virusnojj-infekcii-kak-vazhn\/\" target=\"_blank\" rel=\"noopener\">\u0437\u0434\u0435\u0441\u044c<\/a><\/strong>).<\/li>\n<\/ul>","_ru_post_name":"proiectul-cresterea-gradului-de-constientizare-in-prevenirea-cancerului-de-col-uterin-prin-accentuarea-importantei-vaccinarii-hpv-prin-efectuarea-activitatilor-educationale-in-randul-grupurilor-tint","_ru_post_excerpt":"","_ru_post_title":"\u041f\u0440\u043e\u0435\u043a\u0442 \"\u041f\u043e\u0432\u044b\u0448\u0435\u043d\u0438\u0435 \u043e\u0441\u0432\u0435\u0434\u043e\u043c\u043b\u0435\u043d\u043d\u043e\u0441\u0442\u0438 \u043c\u0435\u0434\u0438\u0446\u0438\u043d\u0441\u043a\u0438\u0445 \u0440\u0430\u0431\u043e\u0442\u043d\u0438\u043a\u043e\u0432 \u041c\u043e\u043b\u0434\u043e\u0432\u044b \u043e\u0442\u043d\u043e\u0441\u0438\u0442\u0435\u043b\u044c\u043d\u043e \u0432\u0430\u0436\u043d\u043e\u0441\u0442\u0438 \u0441\u043a\u0440\u0438\u043d\u043d\u0438\u043d\u0433\u0443 \u0440\u0430\u043a\u0430 \u0448\u0435\u0439\u043a\u0438 \u043c\u0430\u0442\u043a\u0438 \u0438 \u043d\u0435\u043e\u0431\u0445\u043e\u0434\u0438\u043c\u043e\u0441\u0442\u0438 \u0432\u0430\u043a\u0446\u0438\u043d\u0430\u0446\u0438\u0438 \u0412\u041f\u0427, \u043a\u0430\u043a \u043e\u0434\u0438\u043d \u0438\u0437 \u043d\u0430\u0438\u0431\u043e\u043b\u0435\u0435 \u0432\u0430\u0436\u043d\u044b\u0445 \u0432\u043e\u043f\u0440\u043e\u0441\u043e\u0432 \u0432 \u043f\u0440\u043e\u0444\u0438\u043b\u0430\u043a\u0442\u0438\u043a\u0435 \u0440\u0430\u043a\u0430 \u0448\u0435\u0439\u043a\u0438 \u043c\u0430\u0442\u043a\u0438\"","_en_post_content":"","_en_post_name":"proiectul-cresterea-gradului-de-constientizare-in-prevenirea-cancerului-de-col-uterin-prin-accentuarea-importantei-vaccinarii-hpv-prin-efectuarea-activitatilor-educationale-in-randul-grupurilor-tint","_en_post_excerpt":"","_en_post_title":"Project \"Increasing awareness of Moldova\u2019s medical providers regarding cervical cancer screening importance and HPV vaccine necessity, as one of the most important issue in the cervical cancer prevention\"","_ro_post_content":"<strong>PERIOADA DE IMPLEMENTARE<\/strong>: 1 septembrie, 2010 - 28 februarie, 2011\r\n\r\n<strong>FINAN\u021aATOR<\/strong>:\u00a0<a href=\"http:\/\/www.uicc.org\/\" target=\"_blank\" rel=\"noopener\">International Union Against Cancer (UICC)<\/a>\r\n\r\n<strong>SCOPUL PROIECTULUI<\/strong>: \u00a0\u00cembun\u0103t\u0103\u0163irea situa\u0163iei de prevenire a cancerului de col uterin prin cre\u015fterea gradului de con\u015ftientizare a importan\u0163ei prevenirii acestei st\u0103ri patologice \u00een grupurile \u0163int\u0103 (popula\u0163ia de sex feminin \u015fi prestatorii de servicii medicale), inclusiv pentru vaccinarea HPV \u00een regiunea pilot \u2013 partea central\u0103 a Republicii Moldova\r\n\r\n<strong>IMPACTUL PROIECTULUI<\/strong>:\r\n<ul>\r\n \t<li>Mai mult de 60 de medici de familie \u015fi obstetricieni- ginecologi au participat la seminarele \u201cSporirea calific\u0103rii profesionale a medicilor instrui\u0163i \u00een problema importan\u0163ei screeningului cancerului de col uterin \u015fi a necest\u0103\u0163ii vaccin\u0103rii \u00eempotriva HPV, ca unul din cele mai importante componente \u00een profilaxia cancerului de col uterin\u201d, organizate \u0219i sus\u021binute de c\u0103tre CIDSR sub egida <a href=\"http:\/\/ms.gov.md\" target=\"_blank\" rel=\"noopener\">Ministerului S\u0103n\u0103t\u0103\u0163ii al Republicii Moldova<\/a> \u0219i\u00a0cu sus\u0163inerea financiar\u0103 a\u00a0<a style=\"font-weight: inherit; font-style: inherit;\" href=\"http:\/\/www.uicc.org\/\">UICC<\/a>\u00a0(vezi <strong><a href=\"https:\/\/cidsr.md\/news\/seminar-povysheniya-urovnya-professionalnojj-podgotovki-medicinskikh-rabotnikov-po-voprosu-neobkhodimosti-skrinninga-na-rak-shhejjki-matki-i-vakcinacii-protiv-papilloma-virusnojj-infekcii-kak-vazhn\/\" target=\"_blank\" rel=\"noopener\">aici<\/a><\/strong>).<\/li>\r\n<\/ul>\r\n&amp;nbsp","_ro_post_name":"proiectul-cresterea-gradului-de-constientizare-in-prevenirea-cancerului-de-col-uterin-prin-accentuarea-importantei-vaccinarii-hpv-prin-efectuarea-activitatilor-educationale-in-randul-grupurilor-tint","_ro_post_excerpt":"","_ro_post_title":"Proiectul \"Cre\u015fterea gradului de con\u015ftientizare \u00een prevenirea cancerului de col uterin prin accentuarea importan\u0163ei vaccin\u0103rii HPV prin efectuarea activit\u0103\u0163ilor educa\u0163ionale \u00een r\u00e2ndul grupurilor \u0163int\u0103 \u00een regiunea pilot din Moldova\"","edit_language":"en","footnotes":""},"class_list":["post-10878","page","type-page","status-publish","hentry"],"acf":[],"yoast_head":"<!-- This site is optimized with the Yoast SEO plugin v22.0 - https:\/\/yoast.com\/wordpress\/plugins\/seo\/ -->\n<title>Proiectul &quot;Cre\u015fterea gradului de con\u015ftientizare \u00een prevenirea cancerului de col uterin prin accentuarea importan\u0163ei vaccin\u0103rii HPV prin efectuarea activit\u0103\u0163ilor educa\u0163ionale \u00een r\u00e2ndul grupurilor \u0163int\u0103 \u00een regiunea pilot din Moldova&quot; - Centrul de Instruire \u00een Domeniul S\u0103n\u0103t\u0103\u0163ii Reproductive<\/title>\n<meta name=\"robots\" content=\"index, follow, max-snippet:-1, max-image-preview:large, max-video-preview:-1\" \/>\n<link rel=\"canonical\" href=\"https:\/\/cidsr.md\/portofolio\/proiecte\/projects-implemented-2010-2011\/proiectul-cresterea-gradului-de-constientizare-in-prevenirea-cancerului-de-col-uterin-prin-accentuarea-importantei-vaccinarii-hpv-prin-efectuarea-activitatilor-educationale-in-randul-grupurilor-tint\/\" \/>\n<meta property=\"og:locale\" content=\"en_US\" \/>\n<meta property=\"og:type\" content=\"article\" \/>\n<meta property=\"og:title\" content=\"Proiectul &quot;Cre\u015fterea gradului de con\u015ftientizare \u00een prevenirea cancerului de col uterin prin accentuarea importan\u0163ei vaccin\u0103rii HPV prin efectuarea activit\u0103\u0163ilor educa\u0163ionale \u00een r\u00e2ndul grupurilor \u0163int\u0103 \u00een regiunea pilot din Moldova&quot; - Centrul de Instruire \u00een Domeniul S\u0103n\u0103t\u0103\u0163ii Reproductive\" \/>\n<meta property=\"og:description\" content=\"PERIOADA DE IMPLEMENTARE: 1 septembrie, 2010 &#8211; 28 februarie, 2011 FINAN\u021aATOR:\u00a0International Union Against Cancer (UICC) SCOPUL PROIECTULUI: \u00a0\u00cembun\u0103t\u0103\u0163irea situa\u0163iei de prevenire a cancerului de col uterin prin cre\u015fterea gradului de con\u015ftientizare a importan\u0163ei prevenirii acestei st\u0103ri patologice \u00een grupurile \u0163int\u0103 (popula\u0163ia de sex feminin \u015fi prestatorii de servicii medicale), inclusiv pentru vaccinarea HPV \u00een regiunea [&hellip;]\" \/>\n<meta property=\"og:url\" content=\"https:\/\/cidsr.md\/portofolio\/proiecte\/projects-implemented-2010-2011\/proiectul-cresterea-gradului-de-constientizare-in-prevenirea-cancerului-de-col-uterin-prin-accentuarea-importantei-vaccinarii-hpv-prin-efectuarea-activitatilor-educationale-in-randul-grupurilor-tint\/\" \/>\n<meta property=\"og:site_name\" content=\"Centrul de Instruire \u00een Domeniul S\u0103n\u0103t\u0103\u0163ii Reproductive\" \/>\n<meta property=\"article:modified_time\" content=\"2023-11-09T10:50:23+00:00\" \/>\n<meta name=\"twitter:card\" content=\"summary_large_image\" \/>\n<meta name=\"twitter:label1\" content=\"Est. reading time\" \/>\n\t<meta name=\"twitter:data1\" content=\"1 minute\" \/>\n<script type=\"application\/ld+json\" class=\"yoast-schema-graph\">{\"@context\":\"https:\/\/schema.org\",\"@graph\":[{\"@type\":\"WebPage\",\"@id\":\"https:\/\/cidsr.md\/portofolio\/proiecte\/projects-implemented-2010-2011\/proiectul-cresterea-gradului-de-constientizare-in-prevenirea-cancerului-de-col-uterin-prin-accentuarea-importantei-vaccinarii-hpv-prin-efectuarea-activitatilor-educationale-in-randul-grupurilor-tint\/\",\"url\":\"https:\/\/cidsr.md\/portofolio\/proiecte\/projects-implemented-2010-2011\/proiectul-cresterea-gradului-de-constientizare-in-prevenirea-cancerului-de-col-uterin-prin-accentuarea-importantei-vaccinarii-hpv-prin-efectuarea-activitatilor-educationale-in-randul-grupurilor-tint\/\",\"name\":\"Proiectul \\\"Cre\u015fterea gradului de con\u015ftientizare \u00een prevenirea cancerului de col uterin prin accentuarea importan\u0163ei vaccin\u0103rii HPV prin efectuarea activit\u0103\u0163ilor educa\u0163ionale \u00een r\u00e2ndul grupurilor \u0163int\u0103 \u00een regiunea pilot din Moldova\\\" - Centrul de Instruire \u00een Domeniul S\u0103n\u0103t\u0103\u0163ii Reproductive\",\"isPartOf\":{\"@id\":\"https:\/\/cidsr.md\/#website\"},\"datePublished\":\"2023-11-03T16:15:36+00:00\",\"dateModified\":\"2023-11-09T10:50:23+00:00\",\"breadcrumb\":{\"@id\":\"https:\/\/cidsr.md\/portofolio\/proiecte\/projects-implemented-2010-2011\/proiectul-cresterea-gradului-de-constientizare-in-prevenirea-cancerului-de-col-uterin-prin-accentuarea-importantei-vaccinarii-hpv-prin-efectuarea-activitatilor-educationale-in-randul-grupurilor-tint\/#breadcrumb\"},\"inLanguage\":\"en-US\",\"potentialAction\":[{\"@type\":\"ReadAction\",\"target\":[\"https:\/\/cidsr.md\/portofolio\/proiecte\/projects-implemented-2010-2011\/proiectul-cresterea-gradului-de-constientizare-in-prevenirea-cancerului-de-col-uterin-prin-accentuarea-importantei-vaccinarii-hpv-prin-efectuarea-activitatilor-educationale-in-randul-grupurilor-tint\/\"]}]},{\"@type\":\"BreadcrumbList\",\"@id\":\"https:\/\/cidsr.md\/portofolio\/proiecte\/projects-implemented-2010-2011\/proiectul-cresterea-gradului-de-constientizare-in-prevenirea-cancerului-de-col-uterin-prin-accentuarea-importantei-vaccinarii-hpv-prin-efectuarea-activitatilor-educationale-in-randul-grupurilor-tint\/#breadcrumb\",\"itemListElement\":[{\"@type\":\"ListItem\",\"position\":1,\"name\":\"\u0413\u043b\u0430\u0432\u043d\u0430\u044f \u0441\u0442\u0440\u0430\u043d\u0438\u0446\u0430\",\"item\":\"https:\/\/new.cidsr.md\/\"},{\"@type\":\"ListItem\",\"position\":2,\"name\":\"Portofoliu\",\"item\":\"https:\/\/cidsr.md\/portofolio\/\"},{\"@type\":\"ListItem\",\"position\":3,\"name\":\"Proiecte\",\"item\":\"https:\/\/cidsr.md\/portofolio\/proiecte\/\"},{\"@type\":\"ListItem\",\"position\":4,\"name\":\"Proiecte implementate anul 2010-2011\",\"item\":\"https:\/\/cidsr.md\/portofolio\/proiecte\/projects-implemented-2010-2011\/\"},{\"@type\":\"ListItem\",\"position\":5,\"name\":\"Proiectul &#8222;Cre\u015fterea gradului de con\u015ftientizare \u00een prevenirea cancerului de col uterin prin accentuarea importan\u0163ei vaccin\u0103rii HPV prin efectuarea activit\u0103\u0163ilor educa\u0163ionale \u00een r\u00e2ndul grupurilor \u0163int\u0103 \u00een regiunea pilot din Moldova&#8221;\"}]},{\"@type\":\"WebSite\",\"@id\":\"https:\/\/cidsr.md\/#website\",\"url\":\"https:\/\/cidsr.md\/\",\"name\":\"Centrul de Instruire \u00een Domeniul S\u0103n\u0103t\u0103\u0163ii Reproductive\",\"description\":\"Promov\u0103m s\u0103n\u0103tatea \u0219i drepturile sexuale \u0219i reproductive!\",\"potentialAction\":[{\"@type\":\"SearchAction\",\"target\":{\"@type\":\"EntryPoint\",\"urlTemplate\":\"https:\/\/cidsr.md\/?s={search_term_string}\"},\"query-input\":\"required name=search_term_string\"}],\"inLanguage\":\"en-US\"}]}<\/script>\n<!-- \/ Yoast SEO plugin. -->","yoast_head_json":{"title":"Proiectul \"Cre\u015fterea gradului de con\u015ftientizare \u00een prevenirea cancerului de col uterin prin accentuarea importan\u0163ei vaccin\u0103rii HPV prin efectuarea activit\u0103\u0163ilor educa\u0163ionale \u00een r\u00e2ndul grupurilor \u0163int\u0103 \u00een regiunea pilot din Moldova\" - Centrul de Instruire \u00een Domeniul S\u0103n\u0103t\u0103\u0163ii Reproductive","robots":{"index":"index","follow":"follow","max-snippet":"max-snippet:-1","max-image-preview":"max-image-preview:large","max-video-preview":"max-video-preview:-1"},"canonical":"https:\/\/cidsr.md\/portofolio\/proiecte\/projects-implemented-2010-2011\/proiectul-cresterea-gradului-de-constientizare-in-prevenirea-cancerului-de-col-uterin-prin-accentuarea-importantei-vaccinarii-hpv-prin-efectuarea-activitatilor-educationale-in-randul-grupurilor-tint\/","og_locale":"en_US","og_type":"article","og_title":"Proiectul \"Cre\u015fterea gradului de con\u015ftientizare \u00een prevenirea cancerului de col uterin prin accentuarea importan\u0163ei vaccin\u0103rii HPV prin efectuarea activit\u0103\u0163ilor educa\u0163ionale \u00een r\u00e2ndul grupurilor \u0163int\u0103 \u00een regiunea pilot din Moldova\" - Centrul de Instruire \u00een Domeniul S\u0103n\u0103t\u0103\u0163ii Reproductive","og_description":"PERIOADA DE IMPLEMENTARE: 1 septembrie, 2010 &#8211; 28 februarie, 2011 FINAN\u021aATOR:\u00a0International Union Against Cancer (UICC) SCOPUL PROIECTULUI: \u00a0\u00cembun\u0103t\u0103\u0163irea situa\u0163iei de prevenire a cancerului de col uterin prin cre\u015fterea gradului de con\u015ftientizare a importan\u0163ei prevenirii acestei st\u0103ri patologice \u00een grupurile \u0163int\u0103 (popula\u0163ia de sex feminin \u015fi prestatorii de servicii medicale), inclusiv pentru vaccinarea HPV \u00een regiunea [&hellip;]","og_url":"https:\/\/cidsr.md\/portofolio\/proiecte\/projects-implemented-2010-2011\/proiectul-cresterea-gradului-de-constientizare-in-prevenirea-cancerului-de-col-uterin-prin-accentuarea-importantei-vaccinarii-hpv-prin-efectuarea-activitatilor-educationale-in-randul-grupurilor-tint\/","og_site_name":"Centrul de Instruire \u00een Domeniul S\u0103n\u0103t\u0103\u0163ii Reproductive","article_modified_time":"2023-11-09T10:50:23+00:00","twitter_card":"summary_large_image","twitter_misc":{"Est. reading time":"1 minute"},"schema":{"@context":"https:\/\/schema.org","@graph":[{"@type":"WebPage","@id":"https:\/\/cidsr.md\/portofolio\/proiecte\/projects-implemented-2010-2011\/proiectul-cresterea-gradului-de-constientizare-in-prevenirea-cancerului-de-col-uterin-prin-accentuarea-importantei-vaccinarii-hpv-prin-efectuarea-activitatilor-educationale-in-randul-grupurilor-tint\/","url":"https:\/\/cidsr.md\/portofolio\/proiecte\/projects-implemented-2010-2011\/proiectul-cresterea-gradului-de-constientizare-in-prevenirea-cancerului-de-col-uterin-prin-accentuarea-importantei-vaccinarii-hpv-prin-efectuarea-activitatilor-educationale-in-randul-grupurilor-tint\/","name":"Proiectul \"Cre\u015fterea gradului de con\u015ftientizare \u00een prevenirea cancerului de col uterin prin accentuarea importan\u0163ei vaccin\u0103rii HPV prin efectuarea activit\u0103\u0163ilor educa\u0163ionale \u00een r\u00e2ndul grupurilor \u0163int\u0103 \u00een regiunea pilot din Moldova\" - Centrul de Instruire \u00een Domeniul S\u0103n\u0103t\u0103\u0163ii Reproductive","isPartOf":{"@id":"https:\/\/cidsr.md\/#website"},"datePublished":"2023-11-03T16:15:36+00:00","dateModified":"2023-11-09T10:50:23+00:00","breadcrumb":{"@id":"https:\/\/cidsr.md\/portofolio\/proiecte\/projects-implemented-2010-2011\/proiectul-cresterea-gradului-de-constientizare-in-prevenirea-cancerului-de-col-uterin-prin-accentuarea-importantei-vaccinarii-hpv-prin-efectuarea-activitatilor-educationale-in-randul-grupurilor-tint\/#breadcrumb"},"inLanguage":"en-US","potentialAction":[{"@type":"ReadAction","target":["https:\/\/cidsr.md\/portofolio\/proiecte\/projects-implemented-2010-2011\/proiectul-cresterea-gradului-de-constientizare-in-prevenirea-cancerului-de-col-uterin-prin-accentuarea-importantei-vaccinarii-hpv-prin-efectuarea-activitatilor-educationale-in-randul-grupurilor-tint\/"]}]},{"@type":"BreadcrumbList","@id":"https:\/\/cidsr.md\/portofolio\/proiecte\/projects-implemented-2010-2011\/proiectul-cresterea-gradului-de-constientizare-in-prevenirea-cancerului-de-col-uterin-prin-accentuarea-importantei-vaccinarii-hpv-prin-efectuarea-activitatilor-educationale-in-randul-grupurilor-tint\/#breadcrumb","itemListElement":[{"@type":"ListItem","position":1,"name":"\u0413\u043b\u0430\u0432\u043d\u0430\u044f \u0441\u0442\u0440\u0430\u043d\u0438\u0446\u0430","item":"https:\/\/new.cidsr.md\/"},{"@type":"ListItem","position":2,"name":"Portofoliu","item":"https:\/\/cidsr.md\/portofolio\/"},{"@type":"ListItem","position":3,"name":"Proiecte","item":"https:\/\/cidsr.md\/portofolio\/proiecte\/"},{"@type":"ListItem","position":4,"name":"Proiecte implementate anul 2010-2011","item":"https:\/\/cidsr.md\/portofolio\/proiecte\/projects-implemented-2010-2011\/"},{"@type":"ListItem","position":5,"name":"Proiectul &#8222;Cre\u015fterea gradului de con\u015ftientizare \u00een prevenirea cancerului de col uterin prin accentuarea importan\u0163ei vaccin\u0103rii HPV prin efectuarea activit\u0103\u0163ilor educa\u0163ionale \u00een r\u00e2ndul grupurilor \u0163int\u0103 \u00een regiunea pilot din Moldova&#8221;"}]},{"@type":"WebSite","@id":"https:\/\/cidsr.md\/#website","url":"https:\/\/cidsr.md\/","name":"Centrul de Instruire \u00een Domeniul S\u0103n\u0103t\u0103\u0163ii Reproductive","description":"Promov\u0103m s\u0103n\u0103tatea \u0219i drepturile sexuale \u0219i reproductive!","potentialAction":[{"@type":"SearchAction","target":{"@type":"EntryPoint","urlTemplate":"https:\/\/cidsr.md\/?s={search_term_string}"},"query-input":"required name=search_term_string"}],"inLanguage":"en-US"}]}},"_links":{"self":[{"href":"https:\/\/cidsr.md\/en\/wp-json\/wp\/v2\/pages\/10878","targetHints":{"allow":["GET"]}}],"collection":[{"href":"https:\/\/cidsr.md\/en\/wp-json\/wp\/v2\/pages"}],"about":[{"href":"https:\/\/cidsr.md\/en\/wp-json\/wp\/v2\/types\/page"}],"author":[{"embeddable":true,"href":"https:\/\/cidsr.md\/en\/wp-json\/wp\/v2\/users\/4"}],"replies":[{"embeddable":true,"href":"https:\/\/cidsr.md\/en\/wp-json\/wp\/v2\/comments?post=10878"}],"version-history":[{"count":3,"href":"https:\/\/cidsr.md\/en\/wp-json\/wp\/v2\/pages\/10878\/revisions"}],"predecessor-version":[{"id":11318,"href":"https:\/\/cidsr.md\/en\/wp-json\/wp\/v2\/pages\/10878\/revisions\/11318"}],"up":[{"embeddable":true,"href":"https:\/\/cidsr.md\/en\/wp-json\/wp\/v2\/pages\/10998"}],"wp:attachment":[{"href":"https:\/\/cidsr.md\/en\/wp-json\/wp\/v2\/media?parent=10878"}],"curies":[{"name":"wp","href":"https:\/\/api.w.org\/{rel}","templated":true}]}}